{"id":120,"date":"2023-02-21T14:37:11","date_gmt":"2023-02-21T10:37:11","guid":{"rendered":"http:\/\/tipanierdeshauts.re\/?post_type=product&#038;p=120"},"modified":"2024-02-22T15:00:08","modified_gmt":"2024-02-22T11:00:08","slug":"ails","status":"publish","type":"product","link":"https:\/\/tipanierdeshauts.re\/index.php\/product\/ails\/","title":{"rendered":"Ail de Chine"},"content":{"rendered":"<p>L&rsquo;ail, est un ingr\u00e9dient de base dans la cuisine r\u00e9unionnaise. \u00a0Pour cause, sa saveur puissante n\u2019a pas d\u2019\u00e9gal pour relever le go\u00fbt de nos plats favoris. C\u00f4t\u00e9 nutrition l\u2019ail n\u2019est pas en reste puisqu\u2019il poss\u00e8de des propri\u00e9t\u00e9s lui valant d\u2019\u00eatre consid\u00e9r\u00e9 comme un v\u00e9ritable alli\u00e9 sant\u00e9, notamment dans le renforcement du syst\u00e8me immunitaire et la r\u00e9duction de l&rsquo;inflammation. Que ce soit dans les carry, les salades, les marinades, cru ou cuit l&rsquo;ail est un produit star de nos paniers.<\/p>\n","protected":false},"excerpt":{"rendered":"<p>L&rsquo;ail, est un ingr\u00e9dient de base dans la cuisine r\u00e9unionnaise. \u00a0Pour cause, sa saveur puissante n\u2019a pas d\u2019\u00e9gal pour relever le go\u00fbt de nos plats favoris. C\u00f4t\u00e9 nutrition l\u2019ail n\u2019est pas en reste puisqu\u2019il poss\u00e8de des propri\u00e9t\u00e9s lui valant d\u2019\u00eatre consid\u00e9r\u00e9 comme un v\u00e9ritable alli\u00e9 sant\u00e9, notamment dans le renforcement du syst\u00e8me immunitaire et la [&hellip;]<\/p>\n","protected":false},"featured_media":121,"comment_status":"open","ping_status":"closed","template":"","meta":[],"product_cat":[26],"product_tag":[],"class_list":["post-120","product","type-product","status-publish","has-post-thumbnail","hentry","product_cat-aromate"],"yoast_head":"<!-- This site is optimized with the Yoast SEO plugin v20.4 - https:\/\/yoast.com\/wordpress\/plugins\/seo\/ -->\n<title>Ail de Chine - Ti panier des hauts<\/title>\n<meta name=\"robots\" content=\"index, follow, max-snippet:-1, max-image-preview:large, max-video-preview:-1\" \/>\n<link rel=\"canonical\" href=\"https:\/\/tipanierdeshauts.re\/index.php\/product\/ails\/\" \/>\n<meta property=\"og:locale\" content=\"fr_FR\" \/>\n<meta property=\"og:type\" content=\"article\" \/>\n<meta property=\"og:title\" content=\"Ail de Chine - Ti panier des hauts\" \/>\n<meta property=\"og:description\" content=\"L&rsquo;ail, est un ingr\u00e9dient de base dans la cuisine r\u00e9unionnaise. \u00a0Pour cause, sa saveur puissante n\u2019a pas d\u2019\u00e9gal pour relever le go\u00fbt de nos plats favoris. C\u00f4t\u00e9 nutrition l\u2019ail n\u2019est pas en reste puisqu\u2019il poss\u00e8de des propri\u00e9t\u00e9s lui valant d\u2019\u00eatre consid\u00e9r\u00e9 comme un v\u00e9ritable alli\u00e9 sant\u00e9, notamment dans le renforcement du syst\u00e8me immunitaire et la [&hellip;]\" \/>\n<meta property=\"og:url\" content=\"https:\/\/tipanierdeshauts.re\/index.php\/product\/ails\/\" \/>\n<meta property=\"og:site_name\" content=\"Ti panier des hauts\" \/>\n<meta property=\"article:modified_time\" content=\"2024-02-22T11:00:08+00:00\" \/>\n<meta property=\"og:image\" content=\"https:\/\/tipanierdeshauts.re\/wp-content\/uploads\/2023\/02\/fresh-garlic-bulbs-isolated-on-white-background-2021-09-02-21-35-54-utc-removebg-preview.png\" \/>\n\t<meta property=\"og:image:width\" content=\"612\" \/>\n\t<meta property=\"og:image:height\" content=\"408\" \/>\n\t<meta property=\"og:image:type\" content=\"image\/png\" \/>\n<meta name=\"twitter:card\" content=\"summary_large_image\" \/>\n<meta name=\"twitter:label1\" content=\"Dur\u00e9e de lecture estim\u00e9e\" \/>\n\t<meta name=\"twitter:data1\" content=\"1 minute\" \/>\n<script type=\"application\/ld+json\" class=\"yoast-schema-graph\">{\"@context\":\"https:\/\/schema.org\",\"@graph\":[{\"@type\":\"WebPage\",\"@id\":\"https:\/\/tipanierdeshauts.re\/index.php\/product\/ails\/\",\"url\":\"https:\/\/tipanierdeshauts.re\/index.php\/product\/ails\/\",\"name\":\"Ail de Chine - Ti panier des hauts\",\"isPartOf\":{\"@id\":\"https:\/\/tipanierdeshauts.re\/#website\"},\"datePublished\":\"2023-02-21T10:37:11+00:00\",\"dateModified\":\"2024-02-22T11:00:08+00:00\",\"breadcrumb\":{\"@id\":\"https:\/\/tipanierdeshauts.re\/index.php\/product\/ails\/#breadcrumb\"},\"inLanguage\":\"fr-FR\",\"potentialAction\":[{\"@type\":\"ReadAction\",\"target\":[\"https:\/\/tipanierdeshauts.re\/index.php\/product\/ails\/\"]}]},{\"@type\":\"BreadcrumbList\",\"@id\":\"https:\/\/tipanierdeshauts.re\/index.php\/product\/ails\/#breadcrumb\",\"itemListElement\":[{\"@type\":\"ListItem\",\"position\":1,\"name\":\"Accueil\",\"item\":\"https:\/\/tipanierdeshauts.re\/\"},{\"@type\":\"ListItem\",\"position\":2,\"name\":\"Products\",\"item\":\"https:\/\/tipanierdeshauts.re\/index.php\/shop\/\"},{\"@type\":\"ListItem\",\"position\":3,\"name\":\"Ail de Chine\"}]},{\"@type\":\"WebSite\",\"@id\":\"https:\/\/tipanierdeshauts.re\/#website\",\"url\":\"https:\/\/tipanierdeshauts.re\/\",\"name\":\"Ti panier des hauts\",\"description\":\"Fruits, L\u00e9gumes frais et charcuterie\",\"publisher\":{\"@id\":\"https:\/\/tipanierdeshauts.re\/#organization\"},\"potentialAction\":[{\"@type\":\"SearchAction\",\"target\":{\"@type\":\"EntryPoint\",\"urlTemplate\":\"https:\/\/tipanierdeshauts.re\/?s={search_term_string}\"},\"query-input\":\"required name=search_term_string\"}],\"inLanguage\":\"fr-FR\"},{\"@type\":\"Organization\",\"@id\":\"https:\/\/tipanierdeshauts.re\/#organization\",\"name\":\"Ti panier des hauts\",\"url\":\"https:\/\/tipanierdeshauts.re\/\",\"logo\":{\"@type\":\"ImageObject\",\"inLanguage\":\"fr-FR\",\"@id\":\"https:\/\/tipanierdeshauts.re\/#\/schema\/logo\/image\/\",\"url\":\"https:\/\/tipanierdeshauts.re\/wp-content\/uploads\/2023\/03\/Ti-panier-des-hauts-logo-1.png\",\"contentUrl\":\"https:\/\/tipanierdeshauts.re\/wp-content\/uploads\/2023\/03\/Ti-panier-des-hauts-logo-1.png\",\"width\":1834,\"height\":962,\"caption\":\"Ti panier des hauts\"},\"image\":{\"@id\":\"https:\/\/tipanierdeshauts.re\/#\/schema\/logo\/image\/\"}}]}<\/script>\n<!-- \/ Yoast SEO plugin. -->","yoast_head_json":{"title":"Ail de Chine - Ti panier des hauts","robots":{"index":"index","follow":"follow","max-snippet":"max-snippet:-1","max-image-preview":"max-image-preview:large","max-video-preview":"max-video-preview:-1"},"canonical":"https:\/\/tipanierdeshauts.re\/index.php\/product\/ails\/","og_locale":"fr_FR","og_type":"article","og_title":"Ail de Chine - Ti panier des hauts","og_description":"L&rsquo;ail, est un ingr\u00e9dient de base dans la cuisine r\u00e9unionnaise. \u00a0Pour cause, sa saveur puissante n\u2019a pas d\u2019\u00e9gal pour relever le go\u00fbt de nos plats favoris. C\u00f4t\u00e9 nutrition l\u2019ail n\u2019est pas en reste puisqu\u2019il poss\u00e8de des propri\u00e9t\u00e9s lui valant d\u2019\u00eatre consid\u00e9r\u00e9 comme un v\u00e9ritable alli\u00e9 sant\u00e9, notamment dans le renforcement du syst\u00e8me immunitaire et la [&hellip;]","og_url":"https:\/\/tipanierdeshauts.re\/index.php\/product\/ails\/","og_site_name":"Ti panier des hauts","article_modified_time":"2024-02-22T11:00:08+00:00","og_image":[{"width":612,"height":408,"url":"https:\/\/tipanierdeshauts.re\/wp-content\/uploads\/2023\/02\/fresh-garlic-bulbs-isolated-on-white-background-2021-09-02-21-35-54-utc-removebg-preview.png","type":"image\/png"}],"twitter_card":"summary_large_image","twitter_misc":{"Dur\u00e9e de lecture estim\u00e9e":"1 minute"},"schema":{"@context":"https:\/\/schema.org","@graph":[{"@type":"WebPage","@id":"https:\/\/tipanierdeshauts.re\/index.php\/product\/ails\/","url":"https:\/\/tipanierdeshauts.re\/index.php\/product\/ails\/","name":"Ail de Chine - Ti panier des hauts","isPartOf":{"@id":"https:\/\/tipanierdeshauts.re\/#website"},"datePublished":"2023-02-21T10:37:11+00:00","dateModified":"2024-02-22T11:00:08+00:00","breadcrumb":{"@id":"https:\/\/tipanierdeshauts.re\/index.php\/product\/ails\/#breadcrumb"},"inLanguage":"fr-FR","potentialAction":[{"@type":"ReadAction","target":["https:\/\/tipanierdeshauts.re\/index.php\/product\/ails\/"]}]},{"@type":"BreadcrumbList","@id":"https:\/\/tipanierdeshauts.re\/index.php\/product\/ails\/#breadcrumb","itemListElement":[{"@type":"ListItem","position":1,"name":"Accueil","item":"https:\/\/tipanierdeshauts.re\/"},{"@type":"ListItem","position":2,"name":"Products","item":"https:\/\/tipanierdeshauts.re\/index.php\/shop\/"},{"@type":"ListItem","position":3,"name":"Ail de Chine"}]},{"@type":"WebSite","@id":"https:\/\/tipanierdeshauts.re\/#website","url":"https:\/\/tipanierdeshauts.re\/","name":"Ti panier des hauts","description":"Fruits, L\u00e9gumes frais et charcuterie","publisher":{"@id":"https:\/\/tipanierdeshauts.re\/#organization"},"potentialAction":[{"@type":"SearchAction","target":{"@type":"EntryPoint","urlTemplate":"https:\/\/tipanierdeshauts.re\/?s={search_term_string}"},"query-input":"required name=search_term_string"}],"inLanguage":"fr-FR"},{"@type":"Organization","@id":"https:\/\/tipanierdeshauts.re\/#organization","name":"Ti panier des hauts","url":"https:\/\/tipanierdeshauts.re\/","logo":{"@type":"ImageObject","inLanguage":"fr-FR","@id":"https:\/\/tipanierdeshauts.re\/#\/schema\/logo\/image\/","url":"https:\/\/tipanierdeshauts.re\/wp-content\/uploads\/2023\/03\/Ti-panier-des-hauts-logo-1.png","contentUrl":"https:\/\/tipanierdeshauts.re\/wp-content\/uploads\/2023\/03\/Ti-panier-des-hauts-logo-1.png","width":1834,"height":962,"caption":"Ti panier des hauts"},"image":{"@id":"https:\/\/tipanierdeshauts.re\/#\/schema\/logo\/image\/"}}]}},"_links":{"self":[{"href":"https:\/\/tipanierdeshauts.re\/index.php\/wp-json\/wp\/v2\/product\/120","targetHints":{"allow":["GET"]}}],"collection":[{"href":"https:\/\/tipanierdeshauts.re\/index.php\/wp-json\/wp\/v2\/product"}],"about":[{"href":"https:\/\/tipanierdeshauts.re\/index.php\/wp-json\/wp\/v2\/types\/product"}],"replies":[{"embeddable":true,"href":"https:\/\/tipanierdeshauts.re\/index.php\/wp-json\/wp\/v2\/comments?post=120"}],"version-history":[{"count":3,"href":"https:\/\/tipanierdeshauts.re\/index.php\/wp-json\/wp\/v2\/product\/120\/revisions"}],"predecessor-version":[{"id":1030,"href":"https:\/\/tipanierdeshauts.re\/index.php\/wp-json\/wp\/v2\/product\/120\/revisions\/1030"}],"wp:featuredmedia":[{"embeddable":true,"href":"https:\/\/tipanierdeshauts.re\/index.php\/wp-json\/wp\/v2\/media\/121"}],"wp:attachment":[{"href":"https:\/\/tipanierdeshauts.re\/index.php\/wp-json\/wp\/v2\/media?parent=120"}],"wp:term":[{"taxonomy":"product_cat","embeddable":true,"href":"https:\/\/tipanierdeshauts.re\/index.php\/wp-json\/wp\/v2\/product_cat?post=120"},{"taxonomy":"product_tag","embeddable":true,"href":"https:\/\/tipanierdeshauts.re\/index.php\/wp-json\/wp\/v2\/product_tag?post=120"}],"curies":[{"name":"wp","href":"https:\/\/api.w.org\/{rel}","templated":true}]}}