{"id":128,"date":"2023-02-21T14:56:45","date_gmt":"2023-02-21T10:56:45","guid":{"rendered":"http:\/\/tipanierdeshauts.re\/?post_type=product&#038;p=128"},"modified":"2024-02-22T14:59:12","modified_gmt":"2024-02-22T10:59:12","slug":"gros-piment","status":"publish","type":"product","link":"https:\/\/tipanierdeshauts.re\/index.php\/product\/gros-piment\/","title":{"rendered":"Gros piment"},"content":{"rendered":"<p>Succombez aux gros piments de Ti Panier des Hauts, ce l\u00e9gume aux propri\u00e9t\u00e9s antibact\u00e9riennes se consomme cru ou cuit, <span id=\"ezoic-pub-ad-placeholder-662\" class=\"ezoic-adpicker-ad\"><\/span>On utilise le <span class=\"Apple-style-span\">gros piment<\/span>\u00a0en salade, dans les\u00a0<span class=\"Apple-style-span\">achards de l\u00e9gumes<\/span>, farci ou cuit avec de l\u2019ail et du cumin.<\/p>\n<p>Il se marie \u00e0 merveille avec le rougail saucisse ou le rougail morue et les plats de poisson, notamment dans la d\u00e9licieuse recette du poisson au gingembre. Ces piments apportent une touche cr\u00e9ole et du caract\u00e8re \u00e0 vos plats.<\/p>\n<p>&nbsp;<\/p>\n<p>&nbsp;<\/p>\n<div id=\"google_ads_iframe_\/1254144,22680967228\/reunionsaveurs_com-box-3_0__container__\"><\/div>\n","protected":false},"excerpt":{"rendered":"<p>Succombez aux gros piments de Ti Panier des Hauts, ce l\u00e9gume aux propri\u00e9t\u00e9s antibact\u00e9riennes se consomme cru ou cuit, On utilise le gros piment\u00a0en salade, dans les\u00a0achards de l\u00e9gumes, farci ou cuit avec de l\u2019ail et du cumin. Il se marie \u00e0 merveille avec le rougail saucisse ou le rougail morue et les plats de [&hellip;]<\/p>\n","protected":false},"featured_media":129,"comment_status":"open","ping_status":"closed","template":"","meta":[],"product_cat":[19],"product_tag":[],"class_list":["post-128","product","type-product","status-publish","has-post-thumbnail","hentry","product_cat-legumes"],"yoast_head":"<!-- This site is optimized with the Yoast SEO plugin v20.4 - https:\/\/yoast.com\/wordpress\/plugins\/seo\/ -->\n<title>Gros piment - Ti panier des hauts<\/title>\n<meta name=\"robots\" content=\"index, follow, max-snippet:-1, max-image-preview:large, max-video-preview:-1\" \/>\n<link rel=\"canonical\" href=\"https:\/\/tipanierdeshauts.re\/index.php\/product\/gros-piment\/\" \/>\n<meta property=\"og:locale\" content=\"fr_FR\" \/>\n<meta property=\"og:type\" content=\"article\" \/>\n<meta property=\"og:title\" content=\"Gros piment - Ti panier des hauts\" \/>\n<meta property=\"og:description\" content=\"Succombez aux gros piments de Ti Panier des Hauts, ce l\u00e9gume aux propri\u00e9t\u00e9s antibact\u00e9riennes se consomme cru ou cuit, On utilise le gros piment\u00a0en salade, dans les\u00a0achards de l\u00e9gumes, farci ou cuit avec de l\u2019ail et du cumin. Il se marie \u00e0 merveille avec le rougail saucisse ou le rougail morue et les plats de [&hellip;]\" \/>\n<meta property=\"og:url\" content=\"https:\/\/tipanierdeshauts.re\/index.php\/product\/gros-piment\/\" \/>\n<meta property=\"og:site_name\" content=\"Ti panier des hauts\" \/>\n<meta property=\"article:modified_time\" content=\"2024-02-22T10:59:12+00:00\" \/>\n<meta property=\"og:image\" content=\"https:\/\/tipanierdeshauts.re\/wp-content\/uploads\/2023\/02\/numex-joe-parker-chile-peppers-2021-08-26-22-33-41-utc-removebg-preview.png\" \/>\n\t<meta property=\"og:image:width\" content=\"612\" \/>\n\t<meta property=\"og:image:height\" content=\"408\" \/>\n\t<meta property=\"og:image:type\" content=\"image\/png\" \/>\n<meta name=\"twitter:card\" content=\"summary_large_image\" \/>\n<meta name=\"twitter:label1\" content=\"Dur\u00e9e de lecture estim\u00e9e\" \/>\n\t<meta name=\"twitter:data1\" content=\"1 minute\" \/>\n<script type=\"application\/ld+json\" class=\"yoast-schema-graph\">{\"@context\":\"https:\/\/schema.org\",\"@graph\":[{\"@type\":\"WebPage\",\"@id\":\"https:\/\/tipanierdeshauts.re\/index.php\/product\/gros-piment\/\",\"url\":\"https:\/\/tipanierdeshauts.re\/index.php\/product\/gros-piment\/\",\"name\":\"Gros piment - Ti panier des hauts\",\"isPartOf\":{\"@id\":\"https:\/\/tipanierdeshauts.re\/#website\"},\"datePublished\":\"2023-02-21T10:56:45+00:00\",\"dateModified\":\"2024-02-22T10:59:12+00:00\",\"breadcrumb\":{\"@id\":\"https:\/\/tipanierdeshauts.re\/index.php\/product\/gros-piment\/#breadcrumb\"},\"inLanguage\":\"fr-FR\",\"potentialAction\":[{\"@type\":\"ReadAction\",\"target\":[\"https:\/\/tipanierdeshauts.re\/index.php\/product\/gros-piment\/\"]}]},{\"@type\":\"BreadcrumbList\",\"@id\":\"https:\/\/tipanierdeshauts.re\/index.php\/product\/gros-piment\/#breadcrumb\",\"itemListElement\":[{\"@type\":\"ListItem\",\"position\":1,\"name\":\"Accueil\",\"item\":\"https:\/\/tipanierdeshauts.re\/\"},{\"@type\":\"ListItem\",\"position\":2,\"name\":\"Products\",\"item\":\"https:\/\/tipanierdeshauts.re\/index.php\/shop\/\"},{\"@type\":\"ListItem\",\"position\":3,\"name\":\"Gros piment\"}]},{\"@type\":\"WebSite\",\"@id\":\"https:\/\/tipanierdeshauts.re\/#website\",\"url\":\"https:\/\/tipanierdeshauts.re\/\",\"name\":\"Ti panier des hauts\",\"description\":\"Fruits, L\u00e9gumes frais et charcuterie\",\"publisher\":{\"@id\":\"https:\/\/tipanierdeshauts.re\/#organization\"},\"potentialAction\":[{\"@type\":\"SearchAction\",\"target\":{\"@type\":\"EntryPoint\",\"urlTemplate\":\"https:\/\/tipanierdeshauts.re\/?s={search_term_string}\"},\"query-input\":\"required name=search_term_string\"}],\"inLanguage\":\"fr-FR\"},{\"@type\":\"Organization\",\"@id\":\"https:\/\/tipanierdeshauts.re\/#organization\",\"name\":\"Ti panier des hauts\",\"url\":\"https:\/\/tipanierdeshauts.re\/\",\"logo\":{\"@type\":\"ImageObject\",\"inLanguage\":\"fr-FR\",\"@id\":\"https:\/\/tipanierdeshauts.re\/#\/schema\/logo\/image\/\",\"url\":\"https:\/\/tipanierdeshauts.re\/wp-content\/uploads\/2023\/03\/Ti-panier-des-hauts-logo-1.png\",\"contentUrl\":\"https:\/\/tipanierdeshauts.re\/wp-content\/uploads\/2023\/03\/Ti-panier-des-hauts-logo-1.png\",\"width\":1834,\"height\":962,\"caption\":\"Ti panier des hauts\"},\"image\":{\"@id\":\"https:\/\/tipanierdeshauts.re\/#\/schema\/logo\/image\/\"}}]}<\/script>\n<!-- \/ Yoast SEO plugin. -->","yoast_head_json":{"title":"Gros piment - Ti panier des hauts","robots":{"index":"index","follow":"follow","max-snippet":"max-snippet:-1","max-image-preview":"max-image-preview:large","max-video-preview":"max-video-preview:-1"},"canonical":"https:\/\/tipanierdeshauts.re\/index.php\/product\/gros-piment\/","og_locale":"fr_FR","og_type":"article","og_title":"Gros piment - Ti panier des hauts","og_description":"Succombez aux gros piments de Ti Panier des Hauts, ce l\u00e9gume aux propri\u00e9t\u00e9s antibact\u00e9riennes se consomme cru ou cuit, On utilise le gros piment\u00a0en salade, dans les\u00a0achards de l\u00e9gumes, farci ou cuit avec de l\u2019ail et du cumin. Il se marie \u00e0 merveille avec le rougail saucisse ou le rougail morue et les plats de [&hellip;]","og_url":"https:\/\/tipanierdeshauts.re\/index.php\/product\/gros-piment\/","og_site_name":"Ti panier des hauts","article_modified_time":"2024-02-22T10:59:12+00:00","og_image":[{"width":612,"height":408,"url":"https:\/\/tipanierdeshauts.re\/wp-content\/uploads\/2023\/02\/numex-joe-parker-chile-peppers-2021-08-26-22-33-41-utc-removebg-preview.png","type":"image\/png"}],"twitter_card":"summary_large_image","twitter_misc":{"Dur\u00e9e de lecture estim\u00e9e":"1 minute"},"schema":{"@context":"https:\/\/schema.org","@graph":[{"@type":"WebPage","@id":"https:\/\/tipanierdeshauts.re\/index.php\/product\/gros-piment\/","url":"https:\/\/tipanierdeshauts.re\/index.php\/product\/gros-piment\/","name":"Gros piment - Ti panier des hauts","isPartOf":{"@id":"https:\/\/tipanierdeshauts.re\/#website"},"datePublished":"2023-02-21T10:56:45+00:00","dateModified":"2024-02-22T10:59:12+00:00","breadcrumb":{"@id":"https:\/\/tipanierdeshauts.re\/index.php\/product\/gros-piment\/#breadcrumb"},"inLanguage":"fr-FR","potentialAction":[{"@type":"ReadAction","target":["https:\/\/tipanierdeshauts.re\/index.php\/product\/gros-piment\/"]}]},{"@type":"BreadcrumbList","@id":"https:\/\/tipanierdeshauts.re\/index.php\/product\/gros-piment\/#breadcrumb","itemListElement":[{"@type":"ListItem","position":1,"name":"Accueil","item":"https:\/\/tipanierdeshauts.re\/"},{"@type":"ListItem","position":2,"name":"Products","item":"https:\/\/tipanierdeshauts.re\/index.php\/shop\/"},{"@type":"ListItem","position":3,"name":"Gros piment"}]},{"@type":"WebSite","@id":"https:\/\/tipanierdeshauts.re\/#website","url":"https:\/\/tipanierdeshauts.re\/","name":"Ti panier des hauts","description":"Fruits, L\u00e9gumes frais et charcuterie","publisher":{"@id":"https:\/\/tipanierdeshauts.re\/#organization"},"potentialAction":[{"@type":"SearchAction","target":{"@type":"EntryPoint","urlTemplate":"https:\/\/tipanierdeshauts.re\/?s={search_term_string}"},"query-input":"required name=search_term_string"}],"inLanguage":"fr-FR"},{"@type":"Organization","@id":"https:\/\/tipanierdeshauts.re\/#organization","name":"Ti panier des hauts","url":"https:\/\/tipanierdeshauts.re\/","logo":{"@type":"ImageObject","inLanguage":"fr-FR","@id":"https:\/\/tipanierdeshauts.re\/#\/schema\/logo\/image\/","url":"https:\/\/tipanierdeshauts.re\/wp-content\/uploads\/2023\/03\/Ti-panier-des-hauts-logo-1.png","contentUrl":"https:\/\/tipanierdeshauts.re\/wp-content\/uploads\/2023\/03\/Ti-panier-des-hauts-logo-1.png","width":1834,"height":962,"caption":"Ti panier des hauts"},"image":{"@id":"https:\/\/tipanierdeshauts.re\/#\/schema\/logo\/image\/"}}]}},"_links":{"self":[{"href":"https:\/\/tipanierdeshauts.re\/index.php\/wp-json\/wp\/v2\/product\/128","targetHints":{"allow":["GET"]}}],"collection":[{"href":"https:\/\/tipanierdeshauts.re\/index.php\/wp-json\/wp\/v2\/product"}],"about":[{"href":"https:\/\/tipanierdeshauts.re\/index.php\/wp-json\/wp\/v2\/types\/product"}],"replies":[{"embeddable":true,"href":"https:\/\/tipanierdeshauts.re\/index.php\/wp-json\/wp\/v2\/comments?post=128"}],"version-history":[{"count":5,"href":"https:\/\/tipanierdeshauts.re\/index.php\/wp-json\/wp\/v2\/product\/128\/revisions"}],"predecessor-version":[{"id":1065,"href":"https:\/\/tipanierdeshauts.re\/index.php\/wp-json\/wp\/v2\/product\/128\/revisions\/1065"}],"wp:featuredmedia":[{"embeddable":true,"href":"https:\/\/tipanierdeshauts.re\/index.php\/wp-json\/wp\/v2\/media\/129"}],"wp:attachment":[{"href":"https:\/\/tipanierdeshauts.re\/index.php\/wp-json\/wp\/v2\/media?parent=128"}],"wp:term":[{"taxonomy":"product_cat","embeddable":true,"href":"https:\/\/tipanierdeshauts.re\/index.php\/wp-json\/wp\/v2\/product_cat?post=128"},{"taxonomy":"product_tag","embeddable":true,"href":"https:\/\/tipanierdeshauts.re\/index.php\/wp-json\/wp\/v2\/product_tag?post=128"}],"curies":[{"name":"wp","href":"https:\/\/api.w.org\/{rel}","templated":true}]}}