{"id":130,"date":"2023-02-21T15:00:08","date_gmt":"2023-02-21T11:00:08","guid":{"rendered":"http:\/\/tipanierdeshauts.re\/?post_type=product&#038;p=130"},"modified":"2024-02-22T14:59:00","modified_gmt":"2024-02-22T10:59:00","slug":"margose","status":"publish","type":"product","link":"https:\/\/tipanierdeshauts.re\/index.php\/product\/margose\/","title":{"rendered":"Margoze"},"content":{"rendered":"<p>D\u00e9couvrez le Margoze de Ti Panier des Hauts, ce l\u00e9gume au go\u00fbt unique poss\u00e8de \u00e9galement des vertus m\u00e9dicinales.\u00a0 Le margoze\u00a0 peut \u00eatre une solution efficace contre les naus\u00e9es, les diarrh\u00e9es et aussi les probl\u00e8mes intestinaux, il est connu \u00e9galement pour faire baisser la glyc\u00e9mie. Ce l\u00e9gume est une sp\u00e9cialit\u00e9 r\u00e9unionnaise pris\u00e9e pour ses bienfaits et sa saveur singuli\u00e8re.<\/p>\n<p>Vous pouvez le consommer aussi bien cru ou cuit, pr\u00e9parer de diff\u00e9rentes fa\u00e7ons en salade, comme condiment dans le poisson ou en rougail. Essayez une recette traditionnelle de cari margoze pour surprendre vos papilles et impressionner vos invit\u00e9s.<\/p>\n","protected":false},"excerpt":{"rendered":"<p>D\u00e9couvrez le Margoze de Ti Panier des Hauts, ce l\u00e9gume au go\u00fbt unique poss\u00e8de \u00e9galement des vertus m\u00e9dicinales.\u00a0 Le margoze\u00a0 peut \u00eatre une solution efficace contre les naus\u00e9es, les diarrh\u00e9es et aussi les probl\u00e8mes intestinaux, il est connu \u00e9galement pour faire baisser la glyc\u00e9mie. Ce l\u00e9gume est une sp\u00e9cialit\u00e9 r\u00e9unionnaise pris\u00e9e pour ses bienfaits et [&hellip;]<\/p>\n","protected":false},"featured_media":131,"comment_status":"open","ping_status":"closed","template":"","meta":[],"product_cat":[19],"product_tag":[],"class_list":["post-130","product","type-product","status-publish","has-post-thumbnail","hentry","product_cat-legumes"],"yoast_head":"<!-- This site is optimized with the Yoast SEO plugin v20.4 - https:\/\/yoast.com\/wordpress\/plugins\/seo\/ -->\n<title>Margoze - Ti panier des hauts<\/title>\n<meta name=\"robots\" content=\"index, follow, max-snippet:-1, max-image-preview:large, max-video-preview:-1\" \/>\n<link rel=\"canonical\" href=\"https:\/\/tipanierdeshauts.re\/index.php\/product\/margose\/\" \/>\n<meta property=\"og:locale\" content=\"fr_FR\" \/>\n<meta property=\"og:type\" content=\"article\" \/>\n<meta property=\"og:title\" content=\"Margoze - Ti panier des hauts\" \/>\n<meta property=\"og:description\" content=\"D\u00e9couvrez le Margoze de Ti Panier des Hauts, ce l\u00e9gume au go\u00fbt unique poss\u00e8de \u00e9galement des vertus m\u00e9dicinales.\u00a0 Le margoze\u00a0 peut \u00eatre une solution efficace contre les naus\u00e9es, les diarrh\u00e9es et aussi les probl\u00e8mes intestinaux, il est connu \u00e9galement pour faire baisser la glyc\u00e9mie. Ce l\u00e9gume est une sp\u00e9cialit\u00e9 r\u00e9unionnaise pris\u00e9e pour ses bienfaits et [&hellip;]\" \/>\n<meta property=\"og:url\" content=\"https:\/\/tipanierdeshauts.re\/index.php\/product\/margose\/\" \/>\n<meta property=\"og:site_name\" content=\"Ti panier des hauts\" \/>\n<meta property=\"article:modified_time\" content=\"2024-02-22T10:59:00+00:00\" \/>\n<meta property=\"og:image\" content=\"https:\/\/tipanierdeshauts.re\/wp-content\/uploads\/2023\/02\/fresh-bitter-melons-isolated-on-black-background-w-2022-11-05-03-20-36-utc-removebg-preview.png\" \/>\n\t<meta property=\"og:image:width\" content=\"609\" \/>\n\t<meta property=\"og:image:height\" content=\"410\" \/>\n\t<meta property=\"og:image:type\" content=\"image\/png\" \/>\n<meta name=\"twitter:card\" content=\"summary_large_image\" \/>\n<meta name=\"twitter:label1\" content=\"Dur\u00e9e de lecture estim\u00e9e\" \/>\n\t<meta name=\"twitter:data1\" content=\"1 minute\" \/>\n<script type=\"application\/ld+json\" class=\"yoast-schema-graph\">{\"@context\":\"https:\/\/schema.org\",\"@graph\":[{\"@type\":\"WebPage\",\"@id\":\"https:\/\/tipanierdeshauts.re\/index.php\/product\/margose\/\",\"url\":\"https:\/\/tipanierdeshauts.re\/index.php\/product\/margose\/\",\"name\":\"Margoze - Ti panier des hauts\",\"isPartOf\":{\"@id\":\"https:\/\/tipanierdeshauts.re\/#website\"},\"datePublished\":\"2023-02-21T11:00:08+00:00\",\"dateModified\":\"2024-02-22T10:59:00+00:00\",\"breadcrumb\":{\"@id\":\"https:\/\/tipanierdeshauts.re\/index.php\/product\/margose\/#breadcrumb\"},\"inLanguage\":\"fr-FR\",\"potentialAction\":[{\"@type\":\"ReadAction\",\"target\":[\"https:\/\/tipanierdeshauts.re\/index.php\/product\/margose\/\"]}]},{\"@type\":\"BreadcrumbList\",\"@id\":\"https:\/\/tipanierdeshauts.re\/index.php\/product\/margose\/#breadcrumb\",\"itemListElement\":[{\"@type\":\"ListItem\",\"position\":1,\"name\":\"Accueil\",\"item\":\"https:\/\/tipanierdeshauts.re\/\"},{\"@type\":\"ListItem\",\"position\":2,\"name\":\"Products\",\"item\":\"https:\/\/tipanierdeshauts.re\/index.php\/shop\/\"},{\"@type\":\"ListItem\",\"position\":3,\"name\":\"Margoze\"}]},{\"@type\":\"WebSite\",\"@id\":\"https:\/\/tipanierdeshauts.re\/#website\",\"url\":\"https:\/\/tipanierdeshauts.re\/\",\"name\":\"Ti panier des hauts\",\"description\":\"Fruits, L\u00e9gumes frais et charcuterie\",\"publisher\":{\"@id\":\"https:\/\/tipanierdeshauts.re\/#organization\"},\"potentialAction\":[{\"@type\":\"SearchAction\",\"target\":{\"@type\":\"EntryPoint\",\"urlTemplate\":\"https:\/\/tipanierdeshauts.re\/?s={search_term_string}\"},\"query-input\":\"required name=search_term_string\"}],\"inLanguage\":\"fr-FR\"},{\"@type\":\"Organization\",\"@id\":\"https:\/\/tipanierdeshauts.re\/#organization\",\"name\":\"Ti panier des hauts\",\"url\":\"https:\/\/tipanierdeshauts.re\/\",\"logo\":{\"@type\":\"ImageObject\",\"inLanguage\":\"fr-FR\",\"@id\":\"https:\/\/tipanierdeshauts.re\/#\/schema\/logo\/image\/\",\"url\":\"https:\/\/tipanierdeshauts.re\/wp-content\/uploads\/2023\/03\/Ti-panier-des-hauts-logo-1.png\",\"contentUrl\":\"https:\/\/tipanierdeshauts.re\/wp-content\/uploads\/2023\/03\/Ti-panier-des-hauts-logo-1.png\",\"width\":1834,\"height\":962,\"caption\":\"Ti panier des hauts\"},\"image\":{\"@id\":\"https:\/\/tipanierdeshauts.re\/#\/schema\/logo\/image\/\"}}]}<\/script>\n<!-- \/ Yoast SEO plugin. -->","yoast_head_json":{"title":"Margoze - Ti panier des hauts","robots":{"index":"index","follow":"follow","max-snippet":"max-snippet:-1","max-image-preview":"max-image-preview:large","max-video-preview":"max-video-preview:-1"},"canonical":"https:\/\/tipanierdeshauts.re\/index.php\/product\/margose\/","og_locale":"fr_FR","og_type":"article","og_title":"Margoze - Ti panier des hauts","og_description":"D\u00e9couvrez le Margoze de Ti Panier des Hauts, ce l\u00e9gume au go\u00fbt unique poss\u00e8de \u00e9galement des vertus m\u00e9dicinales.\u00a0 Le margoze\u00a0 peut \u00eatre une solution efficace contre les naus\u00e9es, les diarrh\u00e9es et aussi les probl\u00e8mes intestinaux, il est connu \u00e9galement pour faire baisser la glyc\u00e9mie. Ce l\u00e9gume est une sp\u00e9cialit\u00e9 r\u00e9unionnaise pris\u00e9e pour ses bienfaits et [&hellip;]","og_url":"https:\/\/tipanierdeshauts.re\/index.php\/product\/margose\/","og_site_name":"Ti panier des hauts","article_modified_time":"2024-02-22T10:59:00+00:00","og_image":[{"width":609,"height":410,"url":"https:\/\/tipanierdeshauts.re\/wp-content\/uploads\/2023\/02\/fresh-bitter-melons-isolated-on-black-background-w-2022-11-05-03-20-36-utc-removebg-preview.png","type":"image\/png"}],"twitter_card":"summary_large_image","twitter_misc":{"Dur\u00e9e de lecture estim\u00e9e":"1 minute"},"schema":{"@context":"https:\/\/schema.org","@graph":[{"@type":"WebPage","@id":"https:\/\/tipanierdeshauts.re\/index.php\/product\/margose\/","url":"https:\/\/tipanierdeshauts.re\/index.php\/product\/margose\/","name":"Margoze - Ti panier des hauts","isPartOf":{"@id":"https:\/\/tipanierdeshauts.re\/#website"},"datePublished":"2023-02-21T11:00:08+00:00","dateModified":"2024-02-22T10:59:00+00:00","breadcrumb":{"@id":"https:\/\/tipanierdeshauts.re\/index.php\/product\/margose\/#breadcrumb"},"inLanguage":"fr-FR","potentialAction":[{"@type":"ReadAction","target":["https:\/\/tipanierdeshauts.re\/index.php\/product\/margose\/"]}]},{"@type":"BreadcrumbList","@id":"https:\/\/tipanierdeshauts.re\/index.php\/product\/margose\/#breadcrumb","itemListElement":[{"@type":"ListItem","position":1,"name":"Accueil","item":"https:\/\/tipanierdeshauts.re\/"},{"@type":"ListItem","position":2,"name":"Products","item":"https:\/\/tipanierdeshauts.re\/index.php\/shop\/"},{"@type":"ListItem","position":3,"name":"Margoze"}]},{"@type":"WebSite","@id":"https:\/\/tipanierdeshauts.re\/#website","url":"https:\/\/tipanierdeshauts.re\/","name":"Ti panier des hauts","description":"Fruits, L\u00e9gumes frais et charcuterie","publisher":{"@id":"https:\/\/tipanierdeshauts.re\/#organization"},"potentialAction":[{"@type":"SearchAction","target":{"@type":"EntryPoint","urlTemplate":"https:\/\/tipanierdeshauts.re\/?s={search_term_string}"},"query-input":"required name=search_term_string"}],"inLanguage":"fr-FR"},{"@type":"Organization","@id":"https:\/\/tipanierdeshauts.re\/#organization","name":"Ti panier des hauts","url":"https:\/\/tipanierdeshauts.re\/","logo":{"@type":"ImageObject","inLanguage":"fr-FR","@id":"https:\/\/tipanierdeshauts.re\/#\/schema\/logo\/image\/","url":"https:\/\/tipanierdeshauts.re\/wp-content\/uploads\/2023\/03\/Ti-panier-des-hauts-logo-1.png","contentUrl":"https:\/\/tipanierdeshauts.re\/wp-content\/uploads\/2023\/03\/Ti-panier-des-hauts-logo-1.png","width":1834,"height":962,"caption":"Ti panier des hauts"},"image":{"@id":"https:\/\/tipanierdeshauts.re\/#\/schema\/logo\/image\/"}}]}},"_links":{"self":[{"href":"https:\/\/tipanierdeshauts.re\/index.php\/wp-json\/wp\/v2\/product\/130","targetHints":{"allow":["GET"]}}],"collection":[{"href":"https:\/\/tipanierdeshauts.re\/index.php\/wp-json\/wp\/v2\/product"}],"about":[{"href":"https:\/\/tipanierdeshauts.re\/index.php\/wp-json\/wp\/v2\/types\/product"}],"replies":[{"embeddable":true,"href":"https:\/\/tipanierdeshauts.re\/index.php\/wp-json\/wp\/v2\/comments?post=130"}],"version-history":[{"count":3,"href":"https:\/\/tipanierdeshauts.re\/index.php\/wp-json\/wp\/v2\/product\/130\/revisions"}],"predecessor-version":[{"id":1062,"href":"https:\/\/tipanierdeshauts.re\/index.php\/wp-json\/wp\/v2\/product\/130\/revisions\/1062"}],"wp:featuredmedia":[{"embeddable":true,"href":"https:\/\/tipanierdeshauts.re\/index.php\/wp-json\/wp\/v2\/media\/131"}],"wp:attachment":[{"href":"https:\/\/tipanierdeshauts.re\/index.php\/wp-json\/wp\/v2\/media?parent=130"}],"wp:term":[{"taxonomy":"product_cat","embeddable":true,"href":"https:\/\/tipanierdeshauts.re\/index.php\/wp-json\/wp\/v2\/product_cat?post=130"},{"taxonomy":"product_tag","embeddable":true,"href":"https:\/\/tipanierdeshauts.re\/index.php\/wp-json\/wp\/v2\/product_tag?post=130"}],"curies":[{"name":"wp","href":"https:\/\/api.w.org\/{rel}","templated":true}]}}