{"id":134,"date":"2023-02-21T15:11:50","date_gmt":"2023-02-21T11:11:50","guid":{"rendered":"http:\/\/tipanierdeshauts.re\/?post_type=product&#038;p=134"},"modified":"2024-02-22T14:58:26","modified_gmt":"2024-02-22T10:58:26","slug":"carotte","status":"publish","type":"product","link":"https:\/\/tipanierdeshauts.re\/index.php\/product\/carotte\/","title":{"rendered":"Carotte"},"content":{"rendered":"<p>La carotte\u00a0 un des l\u00e9gumes les plus populaires dans nos assiettes, elle est\u00a0 aussi une alli\u00e9e pr\u00e9cieuse pour la beaut\u00e9 de la peau et le bien-\u00eatre. Son pigment naturel, le b\u00eata-carot\u00e8ne, est connu pour pr\u00e9senter de multiples atouts au niveau de la peau. Il est \u00e0 la fois un puissant antioxydant capable de lutter contre les dommages caus\u00e9s aux cellules de la peau, et un pr\u00e9curseur de vitamine A b\u00e9n\u00e9fique pour la beaut\u00e9 de la peau.<\/p>\n<p>Les carottes peuvent \u00eatre consomm\u00e9s crues ou cuites, r\u00e2p\u00e9e ou m\u00eame sous forme de jus et sont souvent utilis\u00e9s comme ingr\u00e9dient dans les salades, les soupes, les carry et les plats d&rsquo;accompagnement. En cuisine, son go\u00fbt sucr\u00e9 permet la r\u00e9alisation de recettes aussi gourmandes qu\u2019originales. Pour les cuisiniers les plus audacieux, la carotte permet aussi de cr\u00e9er des desserts \u00e0 la fois sains et surprenants.<\/p>\n<p>Surprenez vous en testant des recettes originales avec les carottes de Ti panier !<\/p>\n<p>&nbsp;<\/p>\n<p>&nbsp;<\/p>\n","protected":false},"excerpt":{"rendered":"<p>La carotte\u00a0 un des l\u00e9gumes les plus populaires dans nos assiettes, elle est\u00a0 aussi une alli\u00e9e pr\u00e9cieuse pour la beaut\u00e9 de la peau et le bien-\u00eatre. Son pigment naturel, le b\u00eata-carot\u00e8ne, est connu pour pr\u00e9senter de multiples atouts au niveau de la peau. Il est \u00e0 la fois un puissant antioxydant capable de lutter contre [&hellip;]<\/p>\n","protected":false},"featured_media":135,"comment_status":"open","ping_status":"closed","template":"","meta":[],"product_cat":[19],"product_tag":[],"class_list":["post-134","product","type-product","status-publish","has-post-thumbnail","hentry","product_cat-legumes"],"yoast_head":"<!-- This site is optimized with the Yoast SEO plugin v20.4 - https:\/\/yoast.com\/wordpress\/plugins\/seo\/ -->\n<title>Carotte - Ti panier des hauts<\/title>\n<meta name=\"robots\" content=\"index, follow, max-snippet:-1, max-image-preview:large, max-video-preview:-1\" \/>\n<link rel=\"canonical\" href=\"https:\/\/tipanierdeshauts.re\/index.php\/product\/carotte\/\" \/>\n<meta property=\"og:locale\" content=\"fr_FR\" \/>\n<meta property=\"og:type\" content=\"article\" \/>\n<meta property=\"og:title\" content=\"Carotte - Ti panier des hauts\" \/>\n<meta property=\"og:description\" content=\"La carotte\u00a0 un des l\u00e9gumes les plus populaires dans nos assiettes, elle est\u00a0 aussi une alli\u00e9e pr\u00e9cieuse pour la beaut\u00e9 de la peau et le bien-\u00eatre. Son pigment naturel, le b\u00eata-carot\u00e8ne, est connu pour pr\u00e9senter de multiples atouts au niveau de la peau. Il est \u00e0 la fois un puissant antioxydant capable de lutter contre [&hellip;]\" \/>\n<meta property=\"og:url\" content=\"https:\/\/tipanierdeshauts.re\/index.php\/product\/carotte\/\" \/>\n<meta property=\"og:site_name\" content=\"Ti panier des hauts\" \/>\n<meta property=\"article:modified_time\" content=\"2024-02-22T10:58:26+00:00\" \/>\n<meta property=\"og:image\" content=\"https:\/\/tipanierdeshauts.re\/wp-content\/uploads\/2023\/02\/carrot-vegetable-with-leaves-isolated-on-white-bac-2021-08-31-09-34-42-utc-removebg-preview.png\" \/>\n\t<meta property=\"og:image:width\" content=\"632\" \/>\n\t<meta property=\"og:image:height\" content=\"395\" \/>\n\t<meta property=\"og:image:type\" content=\"image\/png\" \/>\n<meta name=\"twitter:card\" content=\"summary_large_image\" \/>\n<meta name=\"twitter:label1\" content=\"Dur\u00e9e de lecture estim\u00e9e\" \/>\n\t<meta name=\"twitter:data1\" content=\"1 minute\" \/>\n<script type=\"application\/ld+json\" class=\"yoast-schema-graph\">{\"@context\":\"https:\/\/schema.org\",\"@graph\":[{\"@type\":\"WebPage\",\"@id\":\"https:\/\/tipanierdeshauts.re\/index.php\/product\/carotte\/\",\"url\":\"https:\/\/tipanierdeshauts.re\/index.php\/product\/carotte\/\",\"name\":\"Carotte - Ti panier des hauts\",\"isPartOf\":{\"@id\":\"https:\/\/tipanierdeshauts.re\/#website\"},\"datePublished\":\"2023-02-21T11:11:50+00:00\",\"dateModified\":\"2024-02-22T10:58:26+00:00\",\"breadcrumb\":{\"@id\":\"https:\/\/tipanierdeshauts.re\/index.php\/product\/carotte\/#breadcrumb\"},\"inLanguage\":\"fr-FR\",\"potentialAction\":[{\"@type\":\"ReadAction\",\"target\":[\"https:\/\/tipanierdeshauts.re\/index.php\/product\/carotte\/\"]}]},{\"@type\":\"BreadcrumbList\",\"@id\":\"https:\/\/tipanierdeshauts.re\/index.php\/product\/carotte\/#breadcrumb\",\"itemListElement\":[{\"@type\":\"ListItem\",\"position\":1,\"name\":\"Accueil\",\"item\":\"https:\/\/tipanierdeshauts.re\/\"},{\"@type\":\"ListItem\",\"position\":2,\"name\":\"Products\",\"item\":\"https:\/\/tipanierdeshauts.re\/index.php\/shop\/\"},{\"@type\":\"ListItem\",\"position\":3,\"name\":\"Carotte\"}]},{\"@type\":\"WebSite\",\"@id\":\"https:\/\/tipanierdeshauts.re\/#website\",\"url\":\"https:\/\/tipanierdeshauts.re\/\",\"name\":\"Ti panier des hauts\",\"description\":\"Fruits, L\u00e9gumes frais et charcuterie\",\"publisher\":{\"@id\":\"https:\/\/tipanierdeshauts.re\/#organization\"},\"potentialAction\":[{\"@type\":\"SearchAction\",\"target\":{\"@type\":\"EntryPoint\",\"urlTemplate\":\"https:\/\/tipanierdeshauts.re\/?s={search_term_string}\"},\"query-input\":\"required name=search_term_string\"}],\"inLanguage\":\"fr-FR\"},{\"@type\":\"Organization\",\"@id\":\"https:\/\/tipanierdeshauts.re\/#organization\",\"name\":\"Ti panier des hauts\",\"url\":\"https:\/\/tipanierdeshauts.re\/\",\"logo\":{\"@type\":\"ImageObject\",\"inLanguage\":\"fr-FR\",\"@id\":\"https:\/\/tipanierdeshauts.re\/#\/schema\/logo\/image\/\",\"url\":\"https:\/\/tipanierdeshauts.re\/wp-content\/uploads\/2023\/03\/Ti-panier-des-hauts-logo-1.png\",\"contentUrl\":\"https:\/\/tipanierdeshauts.re\/wp-content\/uploads\/2023\/03\/Ti-panier-des-hauts-logo-1.png\",\"width\":1834,\"height\":962,\"caption\":\"Ti panier des hauts\"},\"image\":{\"@id\":\"https:\/\/tipanierdeshauts.re\/#\/schema\/logo\/image\/\"}}]}<\/script>\n<!-- \/ Yoast SEO plugin. -->","yoast_head_json":{"title":"Carotte - Ti panier des hauts","robots":{"index":"index","follow":"follow","max-snippet":"max-snippet:-1","max-image-preview":"max-image-preview:large","max-video-preview":"max-video-preview:-1"},"canonical":"https:\/\/tipanierdeshauts.re\/index.php\/product\/carotte\/","og_locale":"fr_FR","og_type":"article","og_title":"Carotte - Ti panier des hauts","og_description":"La carotte\u00a0 un des l\u00e9gumes les plus populaires dans nos assiettes, elle est\u00a0 aussi une alli\u00e9e pr\u00e9cieuse pour la beaut\u00e9 de la peau et le bien-\u00eatre. Son pigment naturel, le b\u00eata-carot\u00e8ne, est connu pour pr\u00e9senter de multiples atouts au niveau de la peau. Il est \u00e0 la fois un puissant antioxydant capable de lutter contre [&hellip;]","og_url":"https:\/\/tipanierdeshauts.re\/index.php\/product\/carotte\/","og_site_name":"Ti panier des hauts","article_modified_time":"2024-02-22T10:58:26+00:00","og_image":[{"width":632,"height":395,"url":"https:\/\/tipanierdeshauts.re\/wp-content\/uploads\/2023\/02\/carrot-vegetable-with-leaves-isolated-on-white-bac-2021-08-31-09-34-42-utc-removebg-preview.png","type":"image\/png"}],"twitter_card":"summary_large_image","twitter_misc":{"Dur\u00e9e de lecture estim\u00e9e":"1 minute"},"schema":{"@context":"https:\/\/schema.org","@graph":[{"@type":"WebPage","@id":"https:\/\/tipanierdeshauts.re\/index.php\/product\/carotte\/","url":"https:\/\/tipanierdeshauts.re\/index.php\/product\/carotte\/","name":"Carotte - Ti panier des hauts","isPartOf":{"@id":"https:\/\/tipanierdeshauts.re\/#website"},"datePublished":"2023-02-21T11:11:50+00:00","dateModified":"2024-02-22T10:58:26+00:00","breadcrumb":{"@id":"https:\/\/tipanierdeshauts.re\/index.php\/product\/carotte\/#breadcrumb"},"inLanguage":"fr-FR","potentialAction":[{"@type":"ReadAction","target":["https:\/\/tipanierdeshauts.re\/index.php\/product\/carotte\/"]}]},{"@type":"BreadcrumbList","@id":"https:\/\/tipanierdeshauts.re\/index.php\/product\/carotte\/#breadcrumb","itemListElement":[{"@type":"ListItem","position":1,"name":"Accueil","item":"https:\/\/tipanierdeshauts.re\/"},{"@type":"ListItem","position":2,"name":"Products","item":"https:\/\/tipanierdeshauts.re\/index.php\/shop\/"},{"@type":"ListItem","position":3,"name":"Carotte"}]},{"@type":"WebSite","@id":"https:\/\/tipanierdeshauts.re\/#website","url":"https:\/\/tipanierdeshauts.re\/","name":"Ti panier des hauts","description":"Fruits, L\u00e9gumes frais et charcuterie","publisher":{"@id":"https:\/\/tipanierdeshauts.re\/#organization"},"potentialAction":[{"@type":"SearchAction","target":{"@type":"EntryPoint","urlTemplate":"https:\/\/tipanierdeshauts.re\/?s={search_term_string}"},"query-input":"required name=search_term_string"}],"inLanguage":"fr-FR"},{"@type":"Organization","@id":"https:\/\/tipanierdeshauts.re\/#organization","name":"Ti panier des hauts","url":"https:\/\/tipanierdeshauts.re\/","logo":{"@type":"ImageObject","inLanguage":"fr-FR","@id":"https:\/\/tipanierdeshauts.re\/#\/schema\/logo\/image\/","url":"https:\/\/tipanierdeshauts.re\/wp-content\/uploads\/2023\/03\/Ti-panier-des-hauts-logo-1.png","contentUrl":"https:\/\/tipanierdeshauts.re\/wp-content\/uploads\/2023\/03\/Ti-panier-des-hauts-logo-1.png","width":1834,"height":962,"caption":"Ti panier des hauts"},"image":{"@id":"https:\/\/tipanierdeshauts.re\/#\/schema\/logo\/image\/"}}]}},"_links":{"self":[{"href":"https:\/\/tipanierdeshauts.re\/index.php\/wp-json\/wp\/v2\/product\/134","targetHints":{"allow":["GET"]}}],"collection":[{"href":"https:\/\/tipanierdeshauts.re\/index.php\/wp-json\/wp\/v2\/product"}],"about":[{"href":"https:\/\/tipanierdeshauts.re\/index.php\/wp-json\/wp\/v2\/types\/product"}],"replies":[{"embeddable":true,"href":"https:\/\/tipanierdeshauts.re\/index.php\/wp-json\/wp\/v2\/comments?post=134"}],"version-history":[{"count":3,"href":"https:\/\/tipanierdeshauts.re\/index.php\/wp-json\/wp\/v2\/product\/134\/revisions"}],"predecessor-version":[{"id":1059,"href":"https:\/\/tipanierdeshauts.re\/index.php\/wp-json\/wp\/v2\/product\/134\/revisions\/1059"}],"wp:featuredmedia":[{"embeddable":true,"href":"https:\/\/tipanierdeshauts.re\/index.php\/wp-json\/wp\/v2\/media\/135"}],"wp:attachment":[{"href":"https:\/\/tipanierdeshauts.re\/index.php\/wp-json\/wp\/v2\/media?parent=134"}],"wp:term":[{"taxonomy":"product_cat","embeddable":true,"href":"https:\/\/tipanierdeshauts.re\/index.php\/wp-json\/wp\/v2\/product_cat?post=134"},{"taxonomy":"product_tag","embeddable":true,"href":"https:\/\/tipanierdeshauts.re\/index.php\/wp-json\/wp\/v2\/product_tag?post=134"}],"curies":[{"name":"wp","href":"https:\/\/api.w.org\/{rel}","templated":true}]}}