{"id":138,"date":"2023-02-21T15:22:47","date_gmt":"2023-02-21T11:22:47","guid":{"rendered":"http:\/\/tipanierdeshauts.re\/?post_type=product&#038;p=138"},"modified":"2024-02-22T14:58:12","modified_gmt":"2024-02-22T10:58:12","slug":"pomme","status":"publish","type":"product","link":"https:\/\/tipanierdeshauts.re\/index.php\/product\/pomme\/","title":{"rendered":"Pomme Pink Lady"},"content":{"rendered":"<p>La Pink Lady est une pomme tr\u00e8s ronde, \u00e0 la couleur\u00a0 entre le rouge et le rose. Sa chair est fine et juteuse. Elle a un go\u00fbt tr\u00e8s sucr\u00e9, d\u00fb \u00e0 sa teneur particuli\u00e8rement \u00e9lev\u00e9e en fructose, et elle est l\u00e9g\u00e8rement acidul\u00e9e. Elle regorge de nutriments tr\u00e8s bons pour le fonctionnement de notre corps, potassium, vitamine C, glucides et fibres ayant un effet positif sur la sati\u00e9t\u00e9.<\/p>\n<p>Elle peut se consommer de diverses fa\u00e7ons : elle peut \u00eatre d\u00e9gust\u00e9e crue, mais aussi en encas ou en dessert.\u00a0La Pink Lady s\u2019associe tr\u00e8s bien avec d\u2019autres aliments. Ainsi, vous pourrez la combiner avec des fruits secs ou m\u00eame encore avec des sp\u00e9culoos pour r\u00e9aliser un plat encore plus gastronomique.<\/p>\n<p>Commandez-en dans votre panier et essayez une recette gourmande de tarte aux pommes et \u00e0 la cannelle pour r\u00e9chauffer vos soir\u00e9es et faire plaisir \u00e0 toute la famille.<\/p>\n<p>&nbsp;<\/p>\n","protected":false},"excerpt":{"rendered":"<p>La Pink Lady est une pomme tr\u00e8s ronde, \u00e0 la couleur\u00a0 entre le rouge et le rose. Sa chair est fine et juteuse. Elle a un go\u00fbt tr\u00e8s sucr\u00e9, d\u00fb \u00e0 sa teneur particuli\u00e8rement \u00e9lev\u00e9e en fructose, et elle est l\u00e9g\u00e8rement acidul\u00e9e. Elle regorge de nutriments tr\u00e8s bons pour le fonctionnement de notre corps, potassium, [&hellip;]<\/p>\n","protected":false},"featured_media":139,"comment_status":"open","ping_status":"closed","template":"","meta":[],"product_cat":[20],"product_tag":[],"class_list":["post-138","product","type-product","status-publish","has-post-thumbnail","hentry","product_cat-fruits"],"yoast_head":"<!-- This site is optimized with the Yoast SEO plugin v20.4 - https:\/\/yoast.com\/wordpress\/plugins\/seo\/ -->\n<title>Pomme Pink Lady - Ti panier des hauts<\/title>\n<meta name=\"robots\" content=\"index, follow, max-snippet:-1, max-image-preview:large, max-video-preview:-1\" \/>\n<link rel=\"canonical\" href=\"https:\/\/tipanierdeshauts.re\/index.php\/product\/pomme\/\" \/>\n<meta property=\"og:locale\" content=\"fr_FR\" \/>\n<meta property=\"og:type\" content=\"article\" \/>\n<meta property=\"og:title\" content=\"Pomme Pink Lady - Ti panier des hauts\" \/>\n<meta property=\"og:description\" content=\"La Pink Lady est une pomme tr\u00e8s ronde, \u00e0 la couleur\u00a0 entre le rouge et le rose. Sa chair est fine et juteuse. Elle a un go\u00fbt tr\u00e8s sucr\u00e9, d\u00fb \u00e0 sa teneur particuli\u00e8rement \u00e9lev\u00e9e en fructose, et elle est l\u00e9g\u00e8rement acidul\u00e9e. Elle regorge de nutriments tr\u00e8s bons pour le fonctionnement de notre corps, potassium, [&hellip;]\" \/>\n<meta property=\"og:url\" content=\"https:\/\/tipanierdeshauts.re\/index.php\/product\/pomme\/\" \/>\n<meta property=\"og:site_name\" content=\"Ti panier des hauts\" \/>\n<meta property=\"article:modified_time\" content=\"2024-02-22T10:58:12+00:00\" \/>\n<meta property=\"og:image\" content=\"https:\/\/tipanierdeshauts.re\/wp-content\/uploads\/2023\/02\/belle-de-boskoop-apples-2021-08-26-16-56-30-utc-scaled.jpg\" \/>\n\t<meta property=\"og:image:width\" content=\"2560\" \/>\n\t<meta property=\"og:image:height\" content=\"1707\" \/>\n\t<meta property=\"og:image:type\" content=\"image\/jpeg\" \/>\n<meta name=\"twitter:card\" content=\"summary_large_image\" \/>\n<meta name=\"twitter:label1\" content=\"Dur\u00e9e de lecture estim\u00e9e\" \/>\n\t<meta name=\"twitter:data1\" content=\"1 minute\" \/>\n<script type=\"application\/ld+json\" class=\"yoast-schema-graph\">{\"@context\":\"https:\/\/schema.org\",\"@graph\":[{\"@type\":\"WebPage\",\"@id\":\"https:\/\/tipanierdeshauts.re\/index.php\/product\/pomme\/\",\"url\":\"https:\/\/tipanierdeshauts.re\/index.php\/product\/pomme\/\",\"name\":\"Pomme Pink Lady - Ti panier des hauts\",\"isPartOf\":{\"@id\":\"https:\/\/tipanierdeshauts.re\/#website\"},\"datePublished\":\"2023-02-21T11:22:47+00:00\",\"dateModified\":\"2024-02-22T10:58:12+00:00\",\"breadcrumb\":{\"@id\":\"https:\/\/tipanierdeshauts.re\/index.php\/product\/pomme\/#breadcrumb\"},\"inLanguage\":\"fr-FR\",\"potentialAction\":[{\"@type\":\"ReadAction\",\"target\":[\"https:\/\/tipanierdeshauts.re\/index.php\/product\/pomme\/\"]}]},{\"@type\":\"BreadcrumbList\",\"@id\":\"https:\/\/tipanierdeshauts.re\/index.php\/product\/pomme\/#breadcrumb\",\"itemListElement\":[{\"@type\":\"ListItem\",\"position\":1,\"name\":\"Accueil\",\"item\":\"https:\/\/tipanierdeshauts.re\/\"},{\"@type\":\"ListItem\",\"position\":2,\"name\":\"Products\",\"item\":\"https:\/\/tipanierdeshauts.re\/index.php\/shop\/\"},{\"@type\":\"ListItem\",\"position\":3,\"name\":\"Pomme Pink Lady\"}]},{\"@type\":\"WebSite\",\"@id\":\"https:\/\/tipanierdeshauts.re\/#website\",\"url\":\"https:\/\/tipanierdeshauts.re\/\",\"name\":\"Ti panier des hauts\",\"description\":\"Fruits, L\u00e9gumes frais et charcuterie\",\"publisher\":{\"@id\":\"https:\/\/tipanierdeshauts.re\/#organization\"},\"potentialAction\":[{\"@type\":\"SearchAction\",\"target\":{\"@type\":\"EntryPoint\",\"urlTemplate\":\"https:\/\/tipanierdeshauts.re\/?s={search_term_string}\"},\"query-input\":\"required name=search_term_string\"}],\"inLanguage\":\"fr-FR\"},{\"@type\":\"Organization\",\"@id\":\"https:\/\/tipanierdeshauts.re\/#organization\",\"name\":\"Ti panier des hauts\",\"url\":\"https:\/\/tipanierdeshauts.re\/\",\"logo\":{\"@type\":\"ImageObject\",\"inLanguage\":\"fr-FR\",\"@id\":\"https:\/\/tipanierdeshauts.re\/#\/schema\/logo\/image\/\",\"url\":\"https:\/\/tipanierdeshauts.re\/wp-content\/uploads\/2023\/03\/Ti-panier-des-hauts-logo-1.png\",\"contentUrl\":\"https:\/\/tipanierdeshauts.re\/wp-content\/uploads\/2023\/03\/Ti-panier-des-hauts-logo-1.png\",\"width\":1834,\"height\":962,\"caption\":\"Ti panier des hauts\"},\"image\":{\"@id\":\"https:\/\/tipanierdeshauts.re\/#\/schema\/logo\/image\/\"}}]}<\/script>\n<!-- \/ Yoast SEO plugin. -->","yoast_head_json":{"title":"Pomme Pink Lady - Ti panier des hauts","robots":{"index":"index","follow":"follow","max-snippet":"max-snippet:-1","max-image-preview":"max-image-preview:large","max-video-preview":"max-video-preview:-1"},"canonical":"https:\/\/tipanierdeshauts.re\/index.php\/product\/pomme\/","og_locale":"fr_FR","og_type":"article","og_title":"Pomme Pink Lady - Ti panier des hauts","og_description":"La Pink Lady est une pomme tr\u00e8s ronde, \u00e0 la couleur\u00a0 entre le rouge et le rose. Sa chair est fine et juteuse. Elle a un go\u00fbt tr\u00e8s sucr\u00e9, d\u00fb \u00e0 sa teneur particuli\u00e8rement \u00e9lev\u00e9e en fructose, et elle est l\u00e9g\u00e8rement acidul\u00e9e. Elle regorge de nutriments tr\u00e8s bons pour le fonctionnement de notre corps, potassium, [&hellip;]","og_url":"https:\/\/tipanierdeshauts.re\/index.php\/product\/pomme\/","og_site_name":"Ti panier des hauts","article_modified_time":"2024-02-22T10:58:12+00:00","og_image":[{"width":2560,"height":1707,"url":"https:\/\/tipanierdeshauts.re\/wp-content\/uploads\/2023\/02\/belle-de-boskoop-apples-2021-08-26-16-56-30-utc-scaled.jpg","type":"image\/jpeg"}],"twitter_card":"summary_large_image","twitter_misc":{"Dur\u00e9e de lecture estim\u00e9e":"1 minute"},"schema":{"@context":"https:\/\/schema.org","@graph":[{"@type":"WebPage","@id":"https:\/\/tipanierdeshauts.re\/index.php\/product\/pomme\/","url":"https:\/\/tipanierdeshauts.re\/index.php\/product\/pomme\/","name":"Pomme Pink Lady - Ti panier des hauts","isPartOf":{"@id":"https:\/\/tipanierdeshauts.re\/#website"},"datePublished":"2023-02-21T11:22:47+00:00","dateModified":"2024-02-22T10:58:12+00:00","breadcrumb":{"@id":"https:\/\/tipanierdeshauts.re\/index.php\/product\/pomme\/#breadcrumb"},"inLanguage":"fr-FR","potentialAction":[{"@type":"ReadAction","target":["https:\/\/tipanierdeshauts.re\/index.php\/product\/pomme\/"]}]},{"@type":"BreadcrumbList","@id":"https:\/\/tipanierdeshauts.re\/index.php\/product\/pomme\/#breadcrumb","itemListElement":[{"@type":"ListItem","position":1,"name":"Accueil","item":"https:\/\/tipanierdeshauts.re\/"},{"@type":"ListItem","position":2,"name":"Products","item":"https:\/\/tipanierdeshauts.re\/index.php\/shop\/"},{"@type":"ListItem","position":3,"name":"Pomme Pink Lady"}]},{"@type":"WebSite","@id":"https:\/\/tipanierdeshauts.re\/#website","url":"https:\/\/tipanierdeshauts.re\/","name":"Ti panier des hauts","description":"Fruits, L\u00e9gumes frais et charcuterie","publisher":{"@id":"https:\/\/tipanierdeshauts.re\/#organization"},"potentialAction":[{"@type":"SearchAction","target":{"@type":"EntryPoint","urlTemplate":"https:\/\/tipanierdeshauts.re\/?s={search_term_string}"},"query-input":"required name=search_term_string"}],"inLanguage":"fr-FR"},{"@type":"Organization","@id":"https:\/\/tipanierdeshauts.re\/#organization","name":"Ti panier des hauts","url":"https:\/\/tipanierdeshauts.re\/","logo":{"@type":"ImageObject","inLanguage":"fr-FR","@id":"https:\/\/tipanierdeshauts.re\/#\/schema\/logo\/image\/","url":"https:\/\/tipanierdeshauts.re\/wp-content\/uploads\/2023\/03\/Ti-panier-des-hauts-logo-1.png","contentUrl":"https:\/\/tipanierdeshauts.re\/wp-content\/uploads\/2023\/03\/Ti-panier-des-hauts-logo-1.png","width":1834,"height":962,"caption":"Ti panier des hauts"},"image":{"@id":"https:\/\/tipanierdeshauts.re\/#\/schema\/logo\/image\/"}}]}},"_links":{"self":[{"href":"https:\/\/tipanierdeshauts.re\/index.php\/wp-json\/wp\/v2\/product\/138","targetHints":{"allow":["GET"]}}],"collection":[{"href":"https:\/\/tipanierdeshauts.re\/index.php\/wp-json\/wp\/v2\/product"}],"about":[{"href":"https:\/\/tipanierdeshauts.re\/index.php\/wp-json\/wp\/v2\/types\/product"}],"replies":[{"embeddable":true,"href":"https:\/\/tipanierdeshauts.re\/index.php\/wp-json\/wp\/v2\/comments?post=138"}],"version-history":[{"count":3,"href":"https:\/\/tipanierdeshauts.re\/index.php\/wp-json\/wp\/v2\/product\/138\/revisions"}],"predecessor-version":[{"id":1057,"href":"https:\/\/tipanierdeshauts.re\/index.php\/wp-json\/wp\/v2\/product\/138\/revisions\/1057"}],"wp:featuredmedia":[{"embeddable":true,"href":"https:\/\/tipanierdeshauts.re\/index.php\/wp-json\/wp\/v2\/media\/139"}],"wp:attachment":[{"href":"https:\/\/tipanierdeshauts.re\/index.php\/wp-json\/wp\/v2\/media?parent=138"}],"wp:term":[{"taxonomy":"product_cat","embeddable":true,"href":"https:\/\/tipanierdeshauts.re\/index.php\/wp-json\/wp\/v2\/product_cat?post=138"},{"taxonomy":"product_tag","embeddable":true,"href":"https:\/\/tipanierdeshauts.re\/index.php\/wp-json\/wp\/v2\/product_tag?post=138"}],"curies":[{"name":"wp","href":"https:\/\/api.w.org\/{rel}","templated":true}]}}