{"id":140,"date":"2023-02-21T15:59:49","date_gmt":"2023-02-21T11:59:49","guid":{"rendered":"http:\/\/tipanierdeshauts.re\/?post_type=product&#038;p=140"},"modified":"2024-02-22T14:58:00","modified_gmt":"2024-02-22T10:58:00","slug":"banane","status":"publish","type":"product","link":"https:\/\/tipanierdeshauts.re\/index.php\/product\/banane\/","title":{"rendered":"Banane"},"content":{"rendered":"<p><span class=\"feature-title\">D&rsquo;une valeur nutritionnelle incontestable, la banane est votre alli\u00e9e bien-\u00eatre au quotidien. Glucides qui apportent de l\u2019\u00e9nergie, vitamines et min\u00e9raux qui lui conf\u00e8rent une forte densit\u00e9 nutritionnelle, une teneur notable en fibres, e<span class=\"s2\">xcellente source de vitamine B6 et de potassium. On y trouve \u00e9galement de la vitamine C, du magn\u00e9sium.<\/span> la banane a tout bon !<\/span><\/p>\n<div class=\"feature-description\">\n<p>Douce et rassasiante, pratique \u00e0 emporter et \u00e0 manger sur le pouce, pr\u00e9sente toute l&rsquo;ann\u00e9e sur les \u00e9tals de nos march\u00e9s, la banane est un fruit qui fait l&rsquo;unanimit\u00e9. Elle peut se d\u00e9guster cuite en tarte ou g\u00e2teaux, flamb\u00e9es, dans des smoothies ou au petit d\u00e9jeuner accompagn\u00e9e de flocons d&rsquo;avoine pour des recettes plus \u00ab\u00a0healthy\u00a0\u00bb. Qu&rsquo;elle que soit la recette que vous choisirez vous serez assur\u00e9 de choisir des bananes fraiches et gouteuses chez Ti Panier.<\/p>\n<p>&nbsp;<\/p>\n<p>&nbsp;<\/p>\n<\/div>\n","protected":false},"excerpt":{"rendered":"<p>D&rsquo;une valeur nutritionnelle incontestable, la banane est votre alli\u00e9e bien-\u00eatre au quotidien. Glucides qui apportent de l\u2019\u00e9nergie, vitamines et min\u00e9raux qui lui conf\u00e8rent une forte densit\u00e9 nutritionnelle, une teneur notable en fibres, excellente source de vitamine B6 et de potassium. On y trouve \u00e9galement de la vitamine C, du magn\u00e9sium. la banane a tout bon [&hellip;]<\/p>\n","protected":false},"featured_media":463,"comment_status":"open","ping_status":"closed","template":"","meta":[],"product_cat":[20],"product_tag":[],"class_list":["post-140","product","type-product","status-publish","has-post-thumbnail","hentry","product_cat-fruits"],"yoast_head":"<!-- This site is optimized with the Yoast SEO plugin v20.4 - https:\/\/yoast.com\/wordpress\/plugins\/seo\/ -->\n<title>Banane - Ti panier des hauts<\/title>\n<meta name=\"robots\" content=\"index, follow, max-snippet:-1, max-image-preview:large, max-video-preview:-1\" \/>\n<link rel=\"canonical\" href=\"https:\/\/tipanierdeshauts.re\/index.php\/product\/banane\/\" \/>\n<meta property=\"og:locale\" content=\"fr_FR\" \/>\n<meta property=\"og:type\" content=\"article\" \/>\n<meta property=\"og:title\" content=\"Banane - Ti panier des hauts\" \/>\n<meta property=\"og:description\" content=\"D&rsquo;une valeur nutritionnelle incontestable, la banane est votre alli\u00e9e bien-\u00eatre au quotidien. Glucides qui apportent de l\u2019\u00e9nergie, vitamines et min\u00e9raux qui lui conf\u00e8rent une forte densit\u00e9 nutritionnelle, une teneur notable en fibres, excellente source de vitamine B6 et de potassium. On y trouve \u00e9galement de la vitamine C, du magn\u00e9sium. la banane a tout bon [&hellip;]\" \/>\n<meta property=\"og:url\" content=\"https:\/\/tipanierdeshauts.re\/index.php\/product\/banane\/\" \/>\n<meta property=\"og:site_name\" content=\"Ti panier des hauts\" \/>\n<meta property=\"article:modified_time\" content=\"2024-02-22T10:58:00+00:00\" \/>\n<meta property=\"og:image\" content=\"https:\/\/tipanierdeshauts.re\/wp-content\/uploads\/2023\/02\/Banane-scaled.jpg\" \/>\n\t<meta property=\"og:image:width\" content=\"1920\" \/>\n\t<meta property=\"og:image:height\" content=\"2560\" \/>\n\t<meta property=\"og:image:type\" content=\"image\/jpeg\" \/>\n<meta name=\"twitter:card\" content=\"summary_large_image\" \/>\n<meta name=\"twitter:label1\" content=\"Dur\u00e9e de lecture estim\u00e9e\" \/>\n\t<meta name=\"twitter:data1\" content=\"1 minute\" \/>\n<script type=\"application\/ld+json\" class=\"yoast-schema-graph\">{\"@context\":\"https:\/\/schema.org\",\"@graph\":[{\"@type\":\"WebPage\",\"@id\":\"https:\/\/tipanierdeshauts.re\/index.php\/product\/banane\/\",\"url\":\"https:\/\/tipanierdeshauts.re\/index.php\/product\/banane\/\",\"name\":\"Banane - Ti panier des hauts\",\"isPartOf\":{\"@id\":\"https:\/\/tipanierdeshauts.re\/#website\"},\"datePublished\":\"2023-02-21T11:59:49+00:00\",\"dateModified\":\"2024-02-22T10:58:00+00:00\",\"breadcrumb\":{\"@id\":\"https:\/\/tipanierdeshauts.re\/index.php\/product\/banane\/#breadcrumb\"},\"inLanguage\":\"fr-FR\",\"potentialAction\":[{\"@type\":\"ReadAction\",\"target\":[\"https:\/\/tipanierdeshauts.re\/index.php\/product\/banane\/\"]}]},{\"@type\":\"BreadcrumbList\",\"@id\":\"https:\/\/tipanierdeshauts.re\/index.php\/product\/banane\/#breadcrumb\",\"itemListElement\":[{\"@type\":\"ListItem\",\"position\":1,\"name\":\"Accueil\",\"item\":\"https:\/\/tipanierdeshauts.re\/\"},{\"@type\":\"ListItem\",\"position\":2,\"name\":\"Products\",\"item\":\"https:\/\/tipanierdeshauts.re\/index.php\/shop\/\"},{\"@type\":\"ListItem\",\"position\":3,\"name\":\"Banane\"}]},{\"@type\":\"WebSite\",\"@id\":\"https:\/\/tipanierdeshauts.re\/#website\",\"url\":\"https:\/\/tipanierdeshauts.re\/\",\"name\":\"Ti panier des hauts\",\"description\":\"Fruits, L\u00e9gumes frais et charcuterie\",\"publisher\":{\"@id\":\"https:\/\/tipanierdeshauts.re\/#organization\"},\"potentialAction\":[{\"@type\":\"SearchAction\",\"target\":{\"@type\":\"EntryPoint\",\"urlTemplate\":\"https:\/\/tipanierdeshauts.re\/?s={search_term_string}\"},\"query-input\":\"required name=search_term_string\"}],\"inLanguage\":\"fr-FR\"},{\"@type\":\"Organization\",\"@id\":\"https:\/\/tipanierdeshauts.re\/#organization\",\"name\":\"Ti panier des hauts\",\"url\":\"https:\/\/tipanierdeshauts.re\/\",\"logo\":{\"@type\":\"ImageObject\",\"inLanguage\":\"fr-FR\",\"@id\":\"https:\/\/tipanierdeshauts.re\/#\/schema\/logo\/image\/\",\"url\":\"https:\/\/tipanierdeshauts.re\/wp-content\/uploads\/2023\/03\/Ti-panier-des-hauts-logo-1.png\",\"contentUrl\":\"https:\/\/tipanierdeshauts.re\/wp-content\/uploads\/2023\/03\/Ti-panier-des-hauts-logo-1.png\",\"width\":1834,\"height\":962,\"caption\":\"Ti panier des hauts\"},\"image\":{\"@id\":\"https:\/\/tipanierdeshauts.re\/#\/schema\/logo\/image\/\"}}]}<\/script>\n<!-- \/ Yoast SEO plugin. -->","yoast_head_json":{"title":"Banane - Ti panier des hauts","robots":{"index":"index","follow":"follow","max-snippet":"max-snippet:-1","max-image-preview":"max-image-preview:large","max-video-preview":"max-video-preview:-1"},"canonical":"https:\/\/tipanierdeshauts.re\/index.php\/product\/banane\/","og_locale":"fr_FR","og_type":"article","og_title":"Banane - Ti panier des hauts","og_description":"D&rsquo;une valeur nutritionnelle incontestable, la banane est votre alli\u00e9e bien-\u00eatre au quotidien. Glucides qui apportent de l\u2019\u00e9nergie, vitamines et min\u00e9raux qui lui conf\u00e8rent une forte densit\u00e9 nutritionnelle, une teneur notable en fibres, excellente source de vitamine B6 et de potassium. On y trouve \u00e9galement de la vitamine C, du magn\u00e9sium. la banane a tout bon [&hellip;]","og_url":"https:\/\/tipanierdeshauts.re\/index.php\/product\/banane\/","og_site_name":"Ti panier des hauts","article_modified_time":"2024-02-22T10:58:00+00:00","og_image":[{"width":1920,"height":2560,"url":"https:\/\/tipanierdeshauts.re\/wp-content\/uploads\/2023\/02\/Banane-scaled.jpg","type":"image\/jpeg"}],"twitter_card":"summary_large_image","twitter_misc":{"Dur\u00e9e de lecture estim\u00e9e":"1 minute"},"schema":{"@context":"https:\/\/schema.org","@graph":[{"@type":"WebPage","@id":"https:\/\/tipanierdeshauts.re\/index.php\/product\/banane\/","url":"https:\/\/tipanierdeshauts.re\/index.php\/product\/banane\/","name":"Banane - Ti panier des hauts","isPartOf":{"@id":"https:\/\/tipanierdeshauts.re\/#website"},"datePublished":"2023-02-21T11:59:49+00:00","dateModified":"2024-02-22T10:58:00+00:00","breadcrumb":{"@id":"https:\/\/tipanierdeshauts.re\/index.php\/product\/banane\/#breadcrumb"},"inLanguage":"fr-FR","potentialAction":[{"@type":"ReadAction","target":["https:\/\/tipanierdeshauts.re\/index.php\/product\/banane\/"]}]},{"@type":"BreadcrumbList","@id":"https:\/\/tipanierdeshauts.re\/index.php\/product\/banane\/#breadcrumb","itemListElement":[{"@type":"ListItem","position":1,"name":"Accueil","item":"https:\/\/tipanierdeshauts.re\/"},{"@type":"ListItem","position":2,"name":"Products","item":"https:\/\/tipanierdeshauts.re\/index.php\/shop\/"},{"@type":"ListItem","position":3,"name":"Banane"}]},{"@type":"WebSite","@id":"https:\/\/tipanierdeshauts.re\/#website","url":"https:\/\/tipanierdeshauts.re\/","name":"Ti panier des hauts","description":"Fruits, L\u00e9gumes frais et charcuterie","publisher":{"@id":"https:\/\/tipanierdeshauts.re\/#organization"},"potentialAction":[{"@type":"SearchAction","target":{"@type":"EntryPoint","urlTemplate":"https:\/\/tipanierdeshauts.re\/?s={search_term_string}"},"query-input":"required name=search_term_string"}],"inLanguage":"fr-FR"},{"@type":"Organization","@id":"https:\/\/tipanierdeshauts.re\/#organization","name":"Ti panier des hauts","url":"https:\/\/tipanierdeshauts.re\/","logo":{"@type":"ImageObject","inLanguage":"fr-FR","@id":"https:\/\/tipanierdeshauts.re\/#\/schema\/logo\/image\/","url":"https:\/\/tipanierdeshauts.re\/wp-content\/uploads\/2023\/03\/Ti-panier-des-hauts-logo-1.png","contentUrl":"https:\/\/tipanierdeshauts.re\/wp-content\/uploads\/2023\/03\/Ti-panier-des-hauts-logo-1.png","width":1834,"height":962,"caption":"Ti panier des hauts"},"image":{"@id":"https:\/\/tipanierdeshauts.re\/#\/schema\/logo\/image\/"}}]}},"_links":{"self":[{"href":"https:\/\/tipanierdeshauts.re\/index.php\/wp-json\/wp\/v2\/product\/140","targetHints":{"allow":["GET"]}}],"collection":[{"href":"https:\/\/tipanierdeshauts.re\/index.php\/wp-json\/wp\/v2\/product"}],"about":[{"href":"https:\/\/tipanierdeshauts.re\/index.php\/wp-json\/wp\/v2\/types\/product"}],"replies":[{"embeddable":true,"href":"https:\/\/tipanierdeshauts.re\/index.php\/wp-json\/wp\/v2\/comments?post=140"}],"version-history":[{"count":3,"href":"https:\/\/tipanierdeshauts.re\/index.php\/wp-json\/wp\/v2\/product\/140\/revisions"}],"predecessor-version":[{"id":1056,"href":"https:\/\/tipanierdeshauts.re\/index.php\/wp-json\/wp\/v2\/product\/140\/revisions\/1056"}],"wp:featuredmedia":[{"embeddable":true,"href":"https:\/\/tipanierdeshauts.re\/index.php\/wp-json\/wp\/v2\/media\/463"}],"wp:attachment":[{"href":"https:\/\/tipanierdeshauts.re\/index.php\/wp-json\/wp\/v2\/media?parent=140"}],"wp:term":[{"taxonomy":"product_cat","embeddable":true,"href":"https:\/\/tipanierdeshauts.re\/index.php\/wp-json\/wp\/v2\/product_cat?post=140"},{"taxonomy":"product_tag","embeddable":true,"href":"https:\/\/tipanierdeshauts.re\/index.php\/wp-json\/wp\/v2\/product_tag?post=140"}],"curies":[{"name":"wp","href":"https:\/\/api.w.org\/{rel}","templated":true}]}}