{"id":189,"date":"2023-02-22T14:13:52","date_gmt":"2023-02-22T10:13:52","guid":{"rendered":"http:\/\/tipanierdeshauts.re\/?post_type=product&#038;p=189"},"modified":"2024-02-22T14:57:24","modified_gmt":"2024-02-22T10:57:24","slug":"courgette","status":"publish","type":"product","link":"https:\/\/tipanierdeshauts.re\/index.php\/product\/courgette\/","title":{"rendered":"Courgette"},"content":{"rendered":"<div>\n<p dir=\"ltr\">L\u00e9gume minceur par excellence, la courgette est l&rsquo;alli\u00e9e des personnes au r\u00e9gime. Tr\u00e8s peu calorique et riche en fibre, une belle portion contribue \u00e0 vous rassasier . Crues ou al dent\u00e9, elles sont encore plus rassasiantes et elles peuvent m\u00eame remplacer les p\u00e2tes lorsqu&rsquo;elles sont d\u00e9taill\u00e9es en tagliatelles \u00e0 l&rsquo;aide d&rsquo;un couteau \u00e9conome. Leur tr\u00e8s faible apport \u00e9nerg\u00e9tique autorise des assaisonnements vari\u00e9s : gratins, saut\u00e9es, r\u00f4ties\u2026 Son gout tr\u00e8s discret lui permet m\u00eame d&rsquo;entrer dans la composition de g\u00e2teaux sucr\u00e9s dans lesquels elle se substitue tr\u00e8s judicieusement au beurre.<\/p>\n<p dir=\"ltr\">Vous l&rsquo;aurez compris Ti Panier des hauts vous propose d&rsquo;allier plaisir et sant\u00e9 en ajoutant des courgettes dans votre panier.<\/p>\n<\/div>\n","protected":false},"excerpt":{"rendered":"<p>L\u00e9gume minceur par excellence, la courgette est l&rsquo;alli\u00e9e des personnes au r\u00e9gime. Tr\u00e8s peu calorique et riche en fibre, une belle portion contribue \u00e0 vous rassasier . Crues ou al dent\u00e9, elles sont encore plus rassasiantes et elles peuvent m\u00eame remplacer les p\u00e2tes lorsqu&rsquo;elles sont d\u00e9taill\u00e9es en tagliatelles \u00e0 l&rsquo;aide d&rsquo;un couteau \u00e9conome. Leur tr\u00e8s [&hellip;]<\/p>\n","protected":false},"featured_media":190,"comment_status":"open","ping_status":"closed","template":"","meta":[],"product_cat":[19],"product_tag":[],"class_list":["post-189","product","type-product","status-publish","has-post-thumbnail","hentry","product_cat-legumes"],"yoast_head":"<!-- This site is optimized with the Yoast SEO plugin v20.4 - https:\/\/yoast.com\/wordpress\/plugins\/seo\/ -->\n<title>Courgette - Ti panier des hauts<\/title>\n<meta name=\"robots\" content=\"index, follow, max-snippet:-1, max-image-preview:large, max-video-preview:-1\" \/>\n<link rel=\"canonical\" href=\"https:\/\/tipanierdeshauts.re\/index.php\/product\/courgette\/\" \/>\n<meta property=\"og:locale\" content=\"fr_FR\" \/>\n<meta property=\"og:type\" content=\"article\" \/>\n<meta property=\"og:title\" content=\"Courgette - Ti panier des hauts\" \/>\n<meta property=\"og:description\" content=\"L\u00e9gume minceur par excellence, la courgette est l&rsquo;alli\u00e9e des personnes au r\u00e9gime. Tr\u00e8s peu calorique et riche en fibre, une belle portion contribue \u00e0 vous rassasier . Crues ou al dent\u00e9, elles sont encore plus rassasiantes et elles peuvent m\u00eame remplacer les p\u00e2tes lorsqu&rsquo;elles sont d\u00e9taill\u00e9es en tagliatelles \u00e0 l&rsquo;aide d&rsquo;un couteau \u00e9conome. Leur tr\u00e8s [&hellip;]\" \/>\n<meta property=\"og:url\" content=\"https:\/\/tipanierdeshauts.re\/index.php\/product\/courgette\/\" \/>\n<meta property=\"og:site_name\" content=\"Ti panier des hauts\" \/>\n<meta property=\"article:modified_time\" content=\"2024-02-22T10:57:24+00:00\" \/>\n<meta property=\"og:image\" content=\"https:\/\/tipanierdeshauts.re\/wp-content\/uploads\/2023\/02\/zucchini-with-slice-isolated-on-white-2022-08-16-22-14-40-utc-1024x568.png\" \/>\n\t<meta property=\"og:image:width\" content=\"1024\" \/>\n\t<meta property=\"og:image:height\" content=\"568\" \/>\n\t<meta property=\"og:image:type\" content=\"image\/png\" \/>\n<meta name=\"twitter:card\" content=\"summary_large_image\" \/>\n<meta name=\"twitter:label1\" content=\"Dur\u00e9e de lecture estim\u00e9e\" \/>\n\t<meta name=\"twitter:data1\" content=\"1 minute\" \/>\n<script type=\"application\/ld+json\" class=\"yoast-schema-graph\">{\"@context\":\"https:\/\/schema.org\",\"@graph\":[{\"@type\":\"WebPage\",\"@id\":\"https:\/\/tipanierdeshauts.re\/index.php\/product\/courgette\/\",\"url\":\"https:\/\/tipanierdeshauts.re\/index.php\/product\/courgette\/\",\"name\":\"Courgette - Ti panier des hauts\",\"isPartOf\":{\"@id\":\"https:\/\/tipanierdeshauts.re\/#website\"},\"datePublished\":\"2023-02-22T10:13:52+00:00\",\"dateModified\":\"2024-02-22T10:57:24+00:00\",\"breadcrumb\":{\"@id\":\"https:\/\/tipanierdeshauts.re\/index.php\/product\/courgette\/#breadcrumb\"},\"inLanguage\":\"fr-FR\",\"potentialAction\":[{\"@type\":\"ReadAction\",\"target\":[\"https:\/\/tipanierdeshauts.re\/index.php\/product\/courgette\/\"]}]},{\"@type\":\"BreadcrumbList\",\"@id\":\"https:\/\/tipanierdeshauts.re\/index.php\/product\/courgette\/#breadcrumb\",\"itemListElement\":[{\"@type\":\"ListItem\",\"position\":1,\"name\":\"Accueil\",\"item\":\"https:\/\/tipanierdeshauts.re\/\"},{\"@type\":\"ListItem\",\"position\":2,\"name\":\"Products\",\"item\":\"https:\/\/tipanierdeshauts.re\/index.php\/shop\/\"},{\"@type\":\"ListItem\",\"position\":3,\"name\":\"Courgette\"}]},{\"@type\":\"WebSite\",\"@id\":\"https:\/\/tipanierdeshauts.re\/#website\",\"url\":\"https:\/\/tipanierdeshauts.re\/\",\"name\":\"Ti panier des hauts\",\"description\":\"Fruits, L\u00e9gumes frais et charcuterie\",\"publisher\":{\"@id\":\"https:\/\/tipanierdeshauts.re\/#organization\"},\"potentialAction\":[{\"@type\":\"SearchAction\",\"target\":{\"@type\":\"EntryPoint\",\"urlTemplate\":\"https:\/\/tipanierdeshauts.re\/?s={search_term_string}\"},\"query-input\":\"required name=search_term_string\"}],\"inLanguage\":\"fr-FR\"},{\"@type\":\"Organization\",\"@id\":\"https:\/\/tipanierdeshauts.re\/#organization\",\"name\":\"Ti panier des hauts\",\"url\":\"https:\/\/tipanierdeshauts.re\/\",\"logo\":{\"@type\":\"ImageObject\",\"inLanguage\":\"fr-FR\",\"@id\":\"https:\/\/tipanierdeshauts.re\/#\/schema\/logo\/image\/\",\"url\":\"https:\/\/tipanierdeshauts.re\/wp-content\/uploads\/2023\/03\/Ti-panier-des-hauts-logo-1.png\",\"contentUrl\":\"https:\/\/tipanierdeshauts.re\/wp-content\/uploads\/2023\/03\/Ti-panier-des-hauts-logo-1.png\",\"width\":1834,\"height\":962,\"caption\":\"Ti panier des hauts\"},\"image\":{\"@id\":\"https:\/\/tipanierdeshauts.re\/#\/schema\/logo\/image\/\"}}]}<\/script>\n<!-- \/ Yoast SEO plugin. -->","yoast_head_json":{"title":"Courgette - Ti panier des hauts","robots":{"index":"index","follow":"follow","max-snippet":"max-snippet:-1","max-image-preview":"max-image-preview:large","max-video-preview":"max-video-preview:-1"},"canonical":"https:\/\/tipanierdeshauts.re\/index.php\/product\/courgette\/","og_locale":"fr_FR","og_type":"article","og_title":"Courgette - Ti panier des hauts","og_description":"L\u00e9gume minceur par excellence, la courgette est l&rsquo;alli\u00e9e des personnes au r\u00e9gime. Tr\u00e8s peu calorique et riche en fibre, une belle portion contribue \u00e0 vous rassasier . Crues ou al dent\u00e9, elles sont encore plus rassasiantes et elles peuvent m\u00eame remplacer les p\u00e2tes lorsqu&rsquo;elles sont d\u00e9taill\u00e9es en tagliatelles \u00e0 l&rsquo;aide d&rsquo;un couteau \u00e9conome. Leur tr\u00e8s [&hellip;]","og_url":"https:\/\/tipanierdeshauts.re\/index.php\/product\/courgette\/","og_site_name":"Ti panier des hauts","article_modified_time":"2024-02-22T10:57:24+00:00","og_image":[{"width":1024,"height":568,"url":"https:\/\/tipanierdeshauts.re\/wp-content\/uploads\/2023\/02\/zucchini-with-slice-isolated-on-white-2022-08-16-22-14-40-utc-1024x568.png","type":"image\/png"}],"twitter_card":"summary_large_image","twitter_misc":{"Dur\u00e9e de lecture estim\u00e9e":"1 minute"},"schema":{"@context":"https:\/\/schema.org","@graph":[{"@type":"WebPage","@id":"https:\/\/tipanierdeshauts.re\/index.php\/product\/courgette\/","url":"https:\/\/tipanierdeshauts.re\/index.php\/product\/courgette\/","name":"Courgette - Ti panier des hauts","isPartOf":{"@id":"https:\/\/tipanierdeshauts.re\/#website"},"datePublished":"2023-02-22T10:13:52+00:00","dateModified":"2024-02-22T10:57:24+00:00","breadcrumb":{"@id":"https:\/\/tipanierdeshauts.re\/index.php\/product\/courgette\/#breadcrumb"},"inLanguage":"fr-FR","potentialAction":[{"@type":"ReadAction","target":["https:\/\/tipanierdeshauts.re\/index.php\/product\/courgette\/"]}]},{"@type":"BreadcrumbList","@id":"https:\/\/tipanierdeshauts.re\/index.php\/product\/courgette\/#breadcrumb","itemListElement":[{"@type":"ListItem","position":1,"name":"Accueil","item":"https:\/\/tipanierdeshauts.re\/"},{"@type":"ListItem","position":2,"name":"Products","item":"https:\/\/tipanierdeshauts.re\/index.php\/shop\/"},{"@type":"ListItem","position":3,"name":"Courgette"}]},{"@type":"WebSite","@id":"https:\/\/tipanierdeshauts.re\/#website","url":"https:\/\/tipanierdeshauts.re\/","name":"Ti panier des hauts","description":"Fruits, L\u00e9gumes frais et charcuterie","publisher":{"@id":"https:\/\/tipanierdeshauts.re\/#organization"},"potentialAction":[{"@type":"SearchAction","target":{"@type":"EntryPoint","urlTemplate":"https:\/\/tipanierdeshauts.re\/?s={search_term_string}"},"query-input":"required name=search_term_string"}],"inLanguage":"fr-FR"},{"@type":"Organization","@id":"https:\/\/tipanierdeshauts.re\/#organization","name":"Ti panier des hauts","url":"https:\/\/tipanierdeshauts.re\/","logo":{"@type":"ImageObject","inLanguage":"fr-FR","@id":"https:\/\/tipanierdeshauts.re\/#\/schema\/logo\/image\/","url":"https:\/\/tipanierdeshauts.re\/wp-content\/uploads\/2023\/03\/Ti-panier-des-hauts-logo-1.png","contentUrl":"https:\/\/tipanierdeshauts.re\/wp-content\/uploads\/2023\/03\/Ti-panier-des-hauts-logo-1.png","width":1834,"height":962,"caption":"Ti panier des hauts"},"image":{"@id":"https:\/\/tipanierdeshauts.re\/#\/schema\/logo\/image\/"}}]}},"_links":{"self":[{"href":"https:\/\/tipanierdeshauts.re\/index.php\/wp-json\/wp\/v2\/product\/189","targetHints":{"allow":["GET"]}}],"collection":[{"href":"https:\/\/tipanierdeshauts.re\/index.php\/wp-json\/wp\/v2\/product"}],"about":[{"href":"https:\/\/tipanierdeshauts.re\/index.php\/wp-json\/wp\/v2\/types\/product"}],"replies":[{"embeddable":true,"href":"https:\/\/tipanierdeshauts.re\/index.php\/wp-json\/wp\/v2\/comments?post=189"}],"version-history":[{"count":4,"href":"https:\/\/tipanierdeshauts.re\/index.php\/wp-json\/wp\/v2\/product\/189\/revisions"}],"predecessor-version":[{"id":1054,"href":"https:\/\/tipanierdeshauts.re\/index.php\/wp-json\/wp\/v2\/product\/189\/revisions\/1054"}],"wp:featuredmedia":[{"embeddable":true,"href":"https:\/\/tipanierdeshauts.re\/index.php\/wp-json\/wp\/v2\/media\/190"}],"wp:attachment":[{"href":"https:\/\/tipanierdeshauts.re\/index.php\/wp-json\/wp\/v2\/media?parent=189"}],"wp:term":[{"taxonomy":"product_cat","embeddable":true,"href":"https:\/\/tipanierdeshauts.re\/index.php\/wp-json\/wp\/v2\/product_cat?post=189"},{"taxonomy":"product_tag","embeddable":true,"href":"https:\/\/tipanierdeshauts.re\/index.php\/wp-json\/wp\/v2\/product_tag?post=189"}],"curies":[{"name":"wp","href":"https:\/\/api.w.org\/{rel}","templated":true}]}}