{"id":191,"date":"2023-02-22T14:20:56","date_gmt":"2023-02-22T10:20:56","guid":{"rendered":"http:\/\/tipanierdeshauts.re\/?post_type=product&#038;p=191"},"modified":"2024-02-22T14:57:14","modified_gmt":"2024-02-22T10:57:14","slug":"aubergine","status":"publish","type":"product","link":"https:\/\/tipanierdeshauts.re\/index.php\/product\/aubergine\/","title":{"rendered":"Aubergine"},"content":{"rendered":"<p>L&rsquo;aubergine, \u00e9galement connue sous le nom Bring\u00e8le, est un l\u00e9gume faible en calories et riche en fibres, les fibres sont connues pour jouer un r\u00f4le important dans le contr\u00f4le du poids. Peu calorique, avec un index glyc\u00e9mique bas, l&rsquo;aubergine est un aliment minceur par excellence.<\/p>\n<p>Chez Ti Panier des Hauts, nos aubergines sont fra\u00eechement cueillies et sont parfaites pour \u00eatre grill\u00e9es, r\u00f4ties, frites ou pour pr\u00e9parer un bon rougail. Les aubergines, gr\u00e2ce \u00e0 leurs vertus sant\u00e9 peuvent contribuer \u00e0 votre bien-\u00eatre g\u00e9n\u00e9ral. Ajoutez les aubergines \u00e0 votre panier d\u00e8s aujourd&rsquo;hui pour un ajout savoureux et sain \u00e0 vos repas !<\/p>\n<p>&nbsp;<\/p>\n","protected":false},"excerpt":{"rendered":"<p>L&rsquo;aubergine, \u00e9galement connue sous le nom Bring\u00e8le, est un l\u00e9gume faible en calories et riche en fibres, les fibres sont connues pour jouer un r\u00f4le important dans le contr\u00f4le du poids. Peu calorique, avec un index glyc\u00e9mique bas, l&rsquo;aubergine est un aliment minceur par excellence. Chez Ti Panier des Hauts, nos aubergines sont fra\u00eechement cueillies [&hellip;]<\/p>\n","protected":false},"featured_media":192,"comment_status":"open","ping_status":"closed","template":"","meta":[],"product_cat":[19],"product_tag":[],"class_list":["post-191","product","type-product","status-publish","has-post-thumbnail","hentry","product_cat-legumes"],"yoast_head":"<!-- This site is optimized with the Yoast SEO plugin v20.4 - https:\/\/yoast.com\/wordpress\/plugins\/seo\/ -->\n<title>Aubergine - Ti panier des hauts<\/title>\n<meta name=\"description\" content=\"L&#039;aubergine, \u00e9galement connue sous le nom Bring\u00e8le, est un l\u00e9gume nutritif et polyvalent, faible en calories et riche en fibres. Chez Ti Panier des Hauts, nos aubergines sont fra\u00eechement cueillies dans les fermes locales et sont parfaites pour \u00eatre grill\u00e9es, r\u00f4ties ou frites. Une recette d\u00e9licieuse consiste \u00e0 couper les aubergines en rondelles, \u00e0 les tremper dans un m\u00e9lange d&#039;\u0153uf et de chapelure et \u00e0 les faire frire jusqu&#039;\u00e0 ce qu&#039;elles soient dor\u00e9es. Les aubergines sont une bonne source de fibres alimentaires, de potassium et d&#039;antioxydants, qui peuvent contribuer \u00e0 la sant\u00e9 cardiaque et au bien-\u00eatre g\u00e9n\u00e9ral. Ajoutez les aubergines \u00e0 votre r\u00e9gime alimentaire d\u00e8s aujourd&#039;hui pour un ajout savoureux et sain \u00e0 vos repas !\" \/>\n<meta name=\"robots\" content=\"index, follow, max-snippet:-1, max-image-preview:large, max-video-preview:-1\" \/>\n<link rel=\"canonical\" href=\"https:\/\/tipanierdeshauts.re\/index.php\/product\/aubergine\/\" \/>\n<meta property=\"og:locale\" content=\"fr_FR\" \/>\n<meta property=\"og:type\" content=\"article\" \/>\n<meta property=\"og:title\" content=\"Aubergine - Ti panier des hauts\" \/>\n<meta property=\"og:description\" content=\"L&#039;aubergine, \u00e9galement connue sous le nom Bring\u00e8le, est un l\u00e9gume nutritif et polyvalent, faible en calories et riche en fibres. Chez Ti Panier des Hauts, nos aubergines sont fra\u00eechement cueillies dans les fermes locales et sont parfaites pour \u00eatre grill\u00e9es, r\u00f4ties ou frites. Une recette d\u00e9licieuse consiste \u00e0 couper les aubergines en rondelles, \u00e0 les tremper dans un m\u00e9lange d&#039;\u0153uf et de chapelure et \u00e0 les faire frire jusqu&#039;\u00e0 ce qu&#039;elles soient dor\u00e9es. Les aubergines sont une bonne source de fibres alimentaires, de potassium et d&#039;antioxydants, qui peuvent contribuer \u00e0 la sant\u00e9 cardiaque et au bien-\u00eatre g\u00e9n\u00e9ral. Ajoutez les aubergines \u00e0 votre r\u00e9gime alimentaire d\u00e8s aujourd&#039;hui pour un ajout savoureux et sain \u00e0 vos repas !\" \/>\n<meta property=\"og:url\" content=\"https:\/\/tipanierdeshauts.re\/index.php\/product\/aubergine\/\" \/>\n<meta property=\"og:site_name\" content=\"Ti panier des hauts\" \/>\n<meta property=\"article:modified_time\" content=\"2024-02-22T10:57:14+00:00\" \/>\n<meta property=\"og:image\" content=\"https:\/\/tipanierdeshauts.re\/wp-content\/uploads\/2023\/02\/eggplants-2023-01-23-23-21-57-utc-removebg-preview.png\" \/>\n\t<meta property=\"og:image:width\" content=\"483\" \/>\n\t<meta property=\"og:image:height\" content=\"516\" \/>\n\t<meta property=\"og:image:type\" content=\"image\/png\" \/>\n<meta name=\"twitter:card\" content=\"summary_large_image\" \/>\n<meta name=\"twitter:label1\" content=\"Dur\u00e9e de lecture estim\u00e9e\" \/>\n\t<meta name=\"twitter:data1\" content=\"1 minute\" \/>\n<script type=\"application\/ld+json\" class=\"yoast-schema-graph\">{\"@context\":\"https:\/\/schema.org\",\"@graph\":[{\"@type\":\"WebPage\",\"@id\":\"https:\/\/tipanierdeshauts.re\/index.php\/product\/aubergine\/\",\"url\":\"https:\/\/tipanierdeshauts.re\/index.php\/product\/aubergine\/\",\"name\":\"Aubergine - Ti panier des hauts\",\"isPartOf\":{\"@id\":\"https:\/\/tipanierdeshauts.re\/#website\"},\"datePublished\":\"2023-02-22T10:20:56+00:00\",\"dateModified\":\"2024-02-22T10:57:14+00:00\",\"description\":\"L'aubergine, \u00e9galement connue sous le nom Bring\u00e8le, est un l\u00e9gume nutritif et polyvalent, faible en calories et riche en fibres. Chez Ti Panier des Hauts, nos aubergines sont fra\u00eechement cueillies dans les fermes locales et sont parfaites pour \u00eatre grill\u00e9es, r\u00f4ties ou frites. Une recette d\u00e9licieuse consiste \u00e0 couper les aubergines en rondelles, \u00e0 les tremper dans un m\u00e9lange d'\u0153uf et de chapelure et \u00e0 les faire frire jusqu'\u00e0 ce qu'elles soient dor\u00e9es. Les aubergines sont une bonne source de fibres alimentaires, de potassium et d'antioxydants, qui peuvent contribuer \u00e0 la sant\u00e9 cardiaque et au bien-\u00eatre g\u00e9n\u00e9ral. Ajoutez les aubergines \u00e0 votre r\u00e9gime alimentaire d\u00e8s aujourd'hui pour un ajout savoureux et sain \u00e0 vos repas !\",\"breadcrumb\":{\"@id\":\"https:\/\/tipanierdeshauts.re\/index.php\/product\/aubergine\/#breadcrumb\"},\"inLanguage\":\"fr-FR\",\"potentialAction\":[{\"@type\":\"ReadAction\",\"target\":[\"https:\/\/tipanierdeshauts.re\/index.php\/product\/aubergine\/\"]}]},{\"@type\":\"BreadcrumbList\",\"@id\":\"https:\/\/tipanierdeshauts.re\/index.php\/product\/aubergine\/#breadcrumb\",\"itemListElement\":[{\"@type\":\"ListItem\",\"position\":1,\"name\":\"Accueil\",\"item\":\"https:\/\/tipanierdeshauts.re\/\"},{\"@type\":\"ListItem\",\"position\":2,\"name\":\"Products\",\"item\":\"https:\/\/tipanierdeshauts.re\/index.php\/shop\/\"},{\"@type\":\"ListItem\",\"position\":3,\"name\":\"Aubergine\"}]},{\"@type\":\"WebSite\",\"@id\":\"https:\/\/tipanierdeshauts.re\/#website\",\"url\":\"https:\/\/tipanierdeshauts.re\/\",\"name\":\"Ti panier des hauts\",\"description\":\"Fruits, L\u00e9gumes frais et charcuterie\",\"publisher\":{\"@id\":\"https:\/\/tipanierdeshauts.re\/#organization\"},\"potentialAction\":[{\"@type\":\"SearchAction\",\"target\":{\"@type\":\"EntryPoint\",\"urlTemplate\":\"https:\/\/tipanierdeshauts.re\/?s={search_term_string}\"},\"query-input\":\"required name=search_term_string\"}],\"inLanguage\":\"fr-FR\"},{\"@type\":\"Organization\",\"@id\":\"https:\/\/tipanierdeshauts.re\/#organization\",\"name\":\"Ti panier des hauts\",\"url\":\"https:\/\/tipanierdeshauts.re\/\",\"logo\":{\"@type\":\"ImageObject\",\"inLanguage\":\"fr-FR\",\"@id\":\"https:\/\/tipanierdeshauts.re\/#\/schema\/logo\/image\/\",\"url\":\"https:\/\/tipanierdeshauts.re\/wp-content\/uploads\/2023\/03\/Ti-panier-des-hauts-logo-1.png\",\"contentUrl\":\"https:\/\/tipanierdeshauts.re\/wp-content\/uploads\/2023\/03\/Ti-panier-des-hauts-logo-1.png\",\"width\":1834,\"height\":962,\"caption\":\"Ti panier des hauts\"},\"image\":{\"@id\":\"https:\/\/tipanierdeshauts.re\/#\/schema\/logo\/image\/\"}}]}<\/script>\n<!-- \/ Yoast SEO plugin. -->","yoast_head_json":{"title":"Aubergine - Ti panier des hauts","description":"L'aubergine, \u00e9galement connue sous le nom Bring\u00e8le, est un l\u00e9gume nutritif et polyvalent, faible en calories et riche en fibres. Chez Ti Panier des Hauts, nos aubergines sont fra\u00eechement cueillies dans les fermes locales et sont parfaites pour \u00eatre grill\u00e9es, r\u00f4ties ou frites. Une recette d\u00e9licieuse consiste \u00e0 couper les aubergines en rondelles, \u00e0 les tremper dans un m\u00e9lange d'\u0153uf et de chapelure et \u00e0 les faire frire jusqu'\u00e0 ce qu'elles soient dor\u00e9es. Les aubergines sont une bonne source de fibres alimentaires, de potassium et d'antioxydants, qui peuvent contribuer \u00e0 la sant\u00e9 cardiaque et au bien-\u00eatre g\u00e9n\u00e9ral. Ajoutez les aubergines \u00e0 votre r\u00e9gime alimentaire d\u00e8s aujourd'hui pour un ajout savoureux et sain \u00e0 vos repas !","robots":{"index":"index","follow":"follow","max-snippet":"max-snippet:-1","max-image-preview":"max-image-preview:large","max-video-preview":"max-video-preview:-1"},"canonical":"https:\/\/tipanierdeshauts.re\/index.php\/product\/aubergine\/","og_locale":"fr_FR","og_type":"article","og_title":"Aubergine - Ti panier des hauts","og_description":"L'aubergine, \u00e9galement connue sous le nom Bring\u00e8le, est un l\u00e9gume nutritif et polyvalent, faible en calories et riche en fibres. Chez Ti Panier des Hauts, nos aubergines sont fra\u00eechement cueillies dans les fermes locales et sont parfaites pour \u00eatre grill\u00e9es, r\u00f4ties ou frites. Une recette d\u00e9licieuse consiste \u00e0 couper les aubergines en rondelles, \u00e0 les tremper dans un m\u00e9lange d'\u0153uf et de chapelure et \u00e0 les faire frire jusqu'\u00e0 ce qu'elles soient dor\u00e9es. Les aubergines sont une bonne source de fibres alimentaires, de potassium et d'antioxydants, qui peuvent contribuer \u00e0 la sant\u00e9 cardiaque et au bien-\u00eatre g\u00e9n\u00e9ral. Ajoutez les aubergines \u00e0 votre r\u00e9gime alimentaire d\u00e8s aujourd'hui pour un ajout savoureux et sain \u00e0 vos repas !","og_url":"https:\/\/tipanierdeshauts.re\/index.php\/product\/aubergine\/","og_site_name":"Ti panier des hauts","article_modified_time":"2024-02-22T10:57:14+00:00","og_image":[{"width":483,"height":516,"url":"https:\/\/tipanierdeshauts.re\/wp-content\/uploads\/2023\/02\/eggplants-2023-01-23-23-21-57-utc-removebg-preview.png","type":"image\/png"}],"twitter_card":"summary_large_image","twitter_misc":{"Dur\u00e9e de lecture estim\u00e9e":"1 minute"},"schema":{"@context":"https:\/\/schema.org","@graph":[{"@type":"WebPage","@id":"https:\/\/tipanierdeshauts.re\/index.php\/product\/aubergine\/","url":"https:\/\/tipanierdeshauts.re\/index.php\/product\/aubergine\/","name":"Aubergine - Ti panier des hauts","isPartOf":{"@id":"https:\/\/tipanierdeshauts.re\/#website"},"datePublished":"2023-02-22T10:20:56+00:00","dateModified":"2024-02-22T10:57:14+00:00","description":"L'aubergine, \u00e9galement connue sous le nom Bring\u00e8le, est un l\u00e9gume nutritif et polyvalent, faible en calories et riche en fibres. Chez Ti Panier des Hauts, nos aubergines sont fra\u00eechement cueillies dans les fermes locales et sont parfaites pour \u00eatre grill\u00e9es, r\u00f4ties ou frites. Une recette d\u00e9licieuse consiste \u00e0 couper les aubergines en rondelles, \u00e0 les tremper dans un m\u00e9lange d'\u0153uf et de chapelure et \u00e0 les faire frire jusqu'\u00e0 ce qu'elles soient dor\u00e9es. Les aubergines sont une bonne source de fibres alimentaires, de potassium et d'antioxydants, qui peuvent contribuer \u00e0 la sant\u00e9 cardiaque et au bien-\u00eatre g\u00e9n\u00e9ral. Ajoutez les aubergines \u00e0 votre r\u00e9gime alimentaire d\u00e8s aujourd'hui pour un ajout savoureux et sain \u00e0 vos repas !","breadcrumb":{"@id":"https:\/\/tipanierdeshauts.re\/index.php\/product\/aubergine\/#breadcrumb"},"inLanguage":"fr-FR","potentialAction":[{"@type":"ReadAction","target":["https:\/\/tipanierdeshauts.re\/index.php\/product\/aubergine\/"]}]},{"@type":"BreadcrumbList","@id":"https:\/\/tipanierdeshauts.re\/index.php\/product\/aubergine\/#breadcrumb","itemListElement":[{"@type":"ListItem","position":1,"name":"Accueil","item":"https:\/\/tipanierdeshauts.re\/"},{"@type":"ListItem","position":2,"name":"Products","item":"https:\/\/tipanierdeshauts.re\/index.php\/shop\/"},{"@type":"ListItem","position":3,"name":"Aubergine"}]},{"@type":"WebSite","@id":"https:\/\/tipanierdeshauts.re\/#website","url":"https:\/\/tipanierdeshauts.re\/","name":"Ti panier des hauts","description":"Fruits, L\u00e9gumes frais et charcuterie","publisher":{"@id":"https:\/\/tipanierdeshauts.re\/#organization"},"potentialAction":[{"@type":"SearchAction","target":{"@type":"EntryPoint","urlTemplate":"https:\/\/tipanierdeshauts.re\/?s={search_term_string}"},"query-input":"required name=search_term_string"}],"inLanguage":"fr-FR"},{"@type":"Organization","@id":"https:\/\/tipanierdeshauts.re\/#organization","name":"Ti panier des hauts","url":"https:\/\/tipanierdeshauts.re\/","logo":{"@type":"ImageObject","inLanguage":"fr-FR","@id":"https:\/\/tipanierdeshauts.re\/#\/schema\/logo\/image\/","url":"https:\/\/tipanierdeshauts.re\/wp-content\/uploads\/2023\/03\/Ti-panier-des-hauts-logo-1.png","contentUrl":"https:\/\/tipanierdeshauts.re\/wp-content\/uploads\/2023\/03\/Ti-panier-des-hauts-logo-1.png","width":1834,"height":962,"caption":"Ti panier des hauts"},"image":{"@id":"https:\/\/tipanierdeshauts.re\/#\/schema\/logo\/image\/"}}]}},"_links":{"self":[{"href":"https:\/\/tipanierdeshauts.re\/index.php\/wp-json\/wp\/v2\/product\/191","targetHints":{"allow":["GET"]}}],"collection":[{"href":"https:\/\/tipanierdeshauts.re\/index.php\/wp-json\/wp\/v2\/product"}],"about":[{"href":"https:\/\/tipanierdeshauts.re\/index.php\/wp-json\/wp\/v2\/types\/product"}],"replies":[{"embeddable":true,"href":"https:\/\/tipanierdeshauts.re\/index.php\/wp-json\/wp\/v2\/comments?post=191"}],"version-history":[{"count":4,"href":"https:\/\/tipanierdeshauts.re\/index.php\/wp-json\/wp\/v2\/product\/191\/revisions"}],"predecessor-version":[{"id":1052,"href":"https:\/\/tipanierdeshauts.re\/index.php\/wp-json\/wp\/v2\/product\/191\/revisions\/1052"}],"wp:featuredmedia":[{"embeddable":true,"href":"https:\/\/tipanierdeshauts.re\/index.php\/wp-json\/wp\/v2\/media\/192"}],"wp:attachment":[{"href":"https:\/\/tipanierdeshauts.re\/index.php\/wp-json\/wp\/v2\/media?parent=191"}],"wp:term":[{"taxonomy":"product_cat","embeddable":true,"href":"https:\/\/tipanierdeshauts.re\/index.php\/wp-json\/wp\/v2\/product_cat?post=191"},{"taxonomy":"product_tag","embeddable":true,"href":"https:\/\/tipanierdeshauts.re\/index.php\/wp-json\/wp\/v2\/product_tag?post=191"}],"curies":[{"name":"wp","href":"https:\/\/api.w.org\/{rel}","templated":true}]}}