{"id":193,"date":"2023-02-22T14:28:19","date_gmt":"2023-02-22T10:28:19","guid":{"rendered":"http:\/\/tipanierdeshauts.re\/?post_type=product&#038;p=193"},"modified":"2024-02-22T14:57:04","modified_gmt":"2024-02-22T10:57:04","slug":"citron","status":"publish","type":"product","link":"https:\/\/tipanierdeshauts.re\/index.php\/product\/citron\/","title":{"rendered":"Citron"},"content":{"rendered":"<p>Avec sa jolie couleur jaune et son go\u00fbt acide, le citron est reconnaissable entre mille. Qui n\u2019a jamais eu envie d\u2019une citronnade rafra\u00eechissante et d\u00e9salt\u00e9rante\u00a0 ? Le citron est notamment connu pour sa teneur en vitamine C et sa capacit\u00e9 \u00e0 favoriser une bonne digestion gr\u00e2ce \u00e0 sa concentration en acide citrique. Il est d\u2019ailleurs souvent conseill\u00e9 de consommer cet agrume \u00e0 jeun, le matin, pour nettoyer l\u2019organisme et en particulier le foie mais il peut \u00e9galement \u00eatre utilis\u00e9 dans une vari\u00e9t\u00e9 de recettes car c\u00f4t\u00e9 cuisine, il se glisse absolument partout, de l\u2019entr\u00e9e au dessert, pour notre plus grand bonheur.<\/p>\n<p>Que ce soit pour un jus, un dessert ou agr\u00e9menter un plat, ti panier des hauts vous propose chaque semaine des citrons juteux et parfum\u00e9s \u00e0 ajouter \u00e0 votre panier.<\/p>\n<p>&nbsp;<\/p>\n","protected":false},"excerpt":{"rendered":"<p>Avec sa jolie couleur jaune et son go\u00fbt acide, le citron est reconnaissable entre mille. Qui n\u2019a jamais eu envie d\u2019une citronnade rafra\u00eechissante et d\u00e9salt\u00e9rante\u00a0 ? Le citron est notamment connu pour sa teneur en vitamine C et sa capacit\u00e9 \u00e0 favoriser une bonne digestion gr\u00e2ce \u00e0 sa concentration en acide citrique. Il est d\u2019ailleurs [&hellip;]<\/p>\n","protected":false},"featured_media":194,"comment_status":"open","ping_status":"closed","template":"","meta":[],"product_cat":[20],"product_tag":[],"class_list":["post-193","product","type-product","status-publish","has-post-thumbnail","hentry","product_cat-fruits"],"yoast_head":"<!-- This site is optimized with the Yoast SEO plugin v20.4 - https:\/\/yoast.com\/wordpress\/plugins\/seo\/ -->\n<title>Citron - Ti panier des hauts<\/title>\n<meta name=\"robots\" content=\"index, follow, max-snippet:-1, max-image-preview:large, max-video-preview:-1\" \/>\n<link rel=\"canonical\" href=\"https:\/\/tipanierdeshauts.re\/index.php\/product\/citron\/\" \/>\n<meta property=\"og:locale\" content=\"fr_FR\" \/>\n<meta property=\"og:type\" content=\"article\" \/>\n<meta property=\"og:title\" content=\"Citron - Ti panier des hauts\" \/>\n<meta property=\"og:description\" content=\"Avec sa jolie couleur jaune et son go\u00fbt acide, le citron est reconnaissable entre mille. Qui n\u2019a jamais eu envie d\u2019une citronnade rafra\u00eechissante et d\u00e9salt\u00e9rante\u00a0 ? Le citron est notamment connu pour sa teneur en vitamine C et sa capacit\u00e9 \u00e0 favoriser une bonne digestion gr\u00e2ce \u00e0 sa concentration en acide citrique. Il est d\u2019ailleurs [&hellip;]\" \/>\n<meta property=\"og:url\" content=\"https:\/\/tipanierdeshauts.re\/index.php\/product\/citron\/\" \/>\n<meta property=\"og:site_name\" content=\"Ti panier des hauts\" \/>\n<meta property=\"article:modified_time\" content=\"2024-02-22T10:57:04+00:00\" \/>\n<meta property=\"og:image\" content=\"https:\/\/tipanierdeshauts.re\/wp-content\/uploads\/2023\/02\/lemon-isolated-on-white-background-tropical-fruit-2022-12-16-02-34-08-utc-removebg-preview.png\" \/>\n\t<meta property=\"og:image:width\" content=\"611\" \/>\n\t<meta property=\"og:image:height\" content=\"408\" \/>\n\t<meta property=\"og:image:type\" content=\"image\/png\" \/>\n<meta name=\"twitter:card\" content=\"summary_large_image\" \/>\n<meta name=\"twitter:label1\" content=\"Dur\u00e9e de lecture estim\u00e9e\" \/>\n\t<meta name=\"twitter:data1\" content=\"1 minute\" \/>\n<script type=\"application\/ld+json\" class=\"yoast-schema-graph\">{\"@context\":\"https:\/\/schema.org\",\"@graph\":[{\"@type\":\"WebPage\",\"@id\":\"https:\/\/tipanierdeshauts.re\/index.php\/product\/citron\/\",\"url\":\"https:\/\/tipanierdeshauts.re\/index.php\/product\/citron\/\",\"name\":\"Citron - Ti panier des hauts\",\"isPartOf\":{\"@id\":\"https:\/\/tipanierdeshauts.re\/#website\"},\"datePublished\":\"2023-02-22T10:28:19+00:00\",\"dateModified\":\"2024-02-22T10:57:04+00:00\",\"breadcrumb\":{\"@id\":\"https:\/\/tipanierdeshauts.re\/index.php\/product\/citron\/#breadcrumb\"},\"inLanguage\":\"fr-FR\",\"potentialAction\":[{\"@type\":\"ReadAction\",\"target\":[\"https:\/\/tipanierdeshauts.re\/index.php\/product\/citron\/\"]}]},{\"@type\":\"BreadcrumbList\",\"@id\":\"https:\/\/tipanierdeshauts.re\/index.php\/product\/citron\/#breadcrumb\",\"itemListElement\":[{\"@type\":\"ListItem\",\"position\":1,\"name\":\"Accueil\",\"item\":\"https:\/\/tipanierdeshauts.re\/\"},{\"@type\":\"ListItem\",\"position\":2,\"name\":\"Products\",\"item\":\"https:\/\/tipanierdeshauts.re\/index.php\/shop\/\"},{\"@type\":\"ListItem\",\"position\":3,\"name\":\"Citron\"}]},{\"@type\":\"WebSite\",\"@id\":\"https:\/\/tipanierdeshauts.re\/#website\",\"url\":\"https:\/\/tipanierdeshauts.re\/\",\"name\":\"Ti panier des hauts\",\"description\":\"Fruits, L\u00e9gumes frais et charcuterie\",\"publisher\":{\"@id\":\"https:\/\/tipanierdeshauts.re\/#organization\"},\"potentialAction\":[{\"@type\":\"SearchAction\",\"target\":{\"@type\":\"EntryPoint\",\"urlTemplate\":\"https:\/\/tipanierdeshauts.re\/?s={search_term_string}\"},\"query-input\":\"required name=search_term_string\"}],\"inLanguage\":\"fr-FR\"},{\"@type\":\"Organization\",\"@id\":\"https:\/\/tipanierdeshauts.re\/#organization\",\"name\":\"Ti panier des hauts\",\"url\":\"https:\/\/tipanierdeshauts.re\/\",\"logo\":{\"@type\":\"ImageObject\",\"inLanguage\":\"fr-FR\",\"@id\":\"https:\/\/tipanierdeshauts.re\/#\/schema\/logo\/image\/\",\"url\":\"https:\/\/tipanierdeshauts.re\/wp-content\/uploads\/2023\/03\/Ti-panier-des-hauts-logo-1.png\",\"contentUrl\":\"https:\/\/tipanierdeshauts.re\/wp-content\/uploads\/2023\/03\/Ti-panier-des-hauts-logo-1.png\",\"width\":1834,\"height\":962,\"caption\":\"Ti panier des hauts\"},\"image\":{\"@id\":\"https:\/\/tipanierdeshauts.re\/#\/schema\/logo\/image\/\"}}]}<\/script>\n<!-- \/ Yoast SEO plugin. -->","yoast_head_json":{"title":"Citron - Ti panier des hauts","robots":{"index":"index","follow":"follow","max-snippet":"max-snippet:-1","max-image-preview":"max-image-preview:large","max-video-preview":"max-video-preview:-1"},"canonical":"https:\/\/tipanierdeshauts.re\/index.php\/product\/citron\/","og_locale":"fr_FR","og_type":"article","og_title":"Citron - Ti panier des hauts","og_description":"Avec sa jolie couleur jaune et son go\u00fbt acide, le citron est reconnaissable entre mille. Qui n\u2019a jamais eu envie d\u2019une citronnade rafra\u00eechissante et d\u00e9salt\u00e9rante\u00a0 ? Le citron est notamment connu pour sa teneur en vitamine C et sa capacit\u00e9 \u00e0 favoriser une bonne digestion gr\u00e2ce \u00e0 sa concentration en acide citrique. Il est d\u2019ailleurs [&hellip;]","og_url":"https:\/\/tipanierdeshauts.re\/index.php\/product\/citron\/","og_site_name":"Ti panier des hauts","article_modified_time":"2024-02-22T10:57:04+00:00","og_image":[{"width":611,"height":408,"url":"https:\/\/tipanierdeshauts.re\/wp-content\/uploads\/2023\/02\/lemon-isolated-on-white-background-tropical-fruit-2022-12-16-02-34-08-utc-removebg-preview.png","type":"image\/png"}],"twitter_card":"summary_large_image","twitter_misc":{"Dur\u00e9e de lecture estim\u00e9e":"1 minute"},"schema":{"@context":"https:\/\/schema.org","@graph":[{"@type":"WebPage","@id":"https:\/\/tipanierdeshauts.re\/index.php\/product\/citron\/","url":"https:\/\/tipanierdeshauts.re\/index.php\/product\/citron\/","name":"Citron - Ti panier des hauts","isPartOf":{"@id":"https:\/\/tipanierdeshauts.re\/#website"},"datePublished":"2023-02-22T10:28:19+00:00","dateModified":"2024-02-22T10:57:04+00:00","breadcrumb":{"@id":"https:\/\/tipanierdeshauts.re\/index.php\/product\/citron\/#breadcrumb"},"inLanguage":"fr-FR","potentialAction":[{"@type":"ReadAction","target":["https:\/\/tipanierdeshauts.re\/index.php\/product\/citron\/"]}]},{"@type":"BreadcrumbList","@id":"https:\/\/tipanierdeshauts.re\/index.php\/product\/citron\/#breadcrumb","itemListElement":[{"@type":"ListItem","position":1,"name":"Accueil","item":"https:\/\/tipanierdeshauts.re\/"},{"@type":"ListItem","position":2,"name":"Products","item":"https:\/\/tipanierdeshauts.re\/index.php\/shop\/"},{"@type":"ListItem","position":3,"name":"Citron"}]},{"@type":"WebSite","@id":"https:\/\/tipanierdeshauts.re\/#website","url":"https:\/\/tipanierdeshauts.re\/","name":"Ti panier des hauts","description":"Fruits, L\u00e9gumes frais et charcuterie","publisher":{"@id":"https:\/\/tipanierdeshauts.re\/#organization"},"potentialAction":[{"@type":"SearchAction","target":{"@type":"EntryPoint","urlTemplate":"https:\/\/tipanierdeshauts.re\/?s={search_term_string}"},"query-input":"required name=search_term_string"}],"inLanguage":"fr-FR"},{"@type":"Organization","@id":"https:\/\/tipanierdeshauts.re\/#organization","name":"Ti panier des hauts","url":"https:\/\/tipanierdeshauts.re\/","logo":{"@type":"ImageObject","inLanguage":"fr-FR","@id":"https:\/\/tipanierdeshauts.re\/#\/schema\/logo\/image\/","url":"https:\/\/tipanierdeshauts.re\/wp-content\/uploads\/2023\/03\/Ti-panier-des-hauts-logo-1.png","contentUrl":"https:\/\/tipanierdeshauts.re\/wp-content\/uploads\/2023\/03\/Ti-panier-des-hauts-logo-1.png","width":1834,"height":962,"caption":"Ti panier des hauts"},"image":{"@id":"https:\/\/tipanierdeshauts.re\/#\/schema\/logo\/image\/"}}]}},"_links":{"self":[{"href":"https:\/\/tipanierdeshauts.re\/index.php\/wp-json\/wp\/v2\/product\/193","targetHints":{"allow":["GET"]}}],"collection":[{"href":"https:\/\/tipanierdeshauts.re\/index.php\/wp-json\/wp\/v2\/product"}],"about":[{"href":"https:\/\/tipanierdeshauts.re\/index.php\/wp-json\/wp\/v2\/types\/product"}],"replies":[{"embeddable":true,"href":"https:\/\/tipanierdeshauts.re\/index.php\/wp-json\/wp\/v2\/comments?post=193"}],"version-history":[{"count":4,"href":"https:\/\/tipanierdeshauts.re\/index.php\/wp-json\/wp\/v2\/product\/193\/revisions"}],"predecessor-version":[{"id":1050,"href":"https:\/\/tipanierdeshauts.re\/index.php\/wp-json\/wp\/v2\/product\/193\/revisions\/1050"}],"wp:featuredmedia":[{"embeddable":true,"href":"https:\/\/tipanierdeshauts.re\/index.php\/wp-json\/wp\/v2\/media\/194"}],"wp:attachment":[{"href":"https:\/\/tipanierdeshauts.re\/index.php\/wp-json\/wp\/v2\/media?parent=193"}],"wp:term":[{"taxonomy":"product_cat","embeddable":true,"href":"https:\/\/tipanierdeshauts.re\/index.php\/wp-json\/wp\/v2\/product_cat?post=193"},{"taxonomy":"product_tag","embeddable":true,"href":"https:\/\/tipanierdeshauts.re\/index.php\/wp-json\/wp\/v2\/product_tag?post=193"}],"curies":[{"name":"wp","href":"https:\/\/api.w.org\/{rel}","templated":true}]}}