{"id":198,"date":"2023-02-22T14:47:28","date_gmt":"2023-02-22T10:47:28","guid":{"rendered":"http:\/\/tipanierdeshauts.re\/?post_type=product&#038;p=198"},"modified":"2024-02-22T14:56:41","modified_gmt":"2024-02-22T10:56:41","slug":"ananas","status":"publish","type":"product","link":"https:\/\/tipanierdeshauts.re\/index.php\/product\/ananas\/","title":{"rendered":"Ananas"},"content":{"rendered":"<p>L&rsquo;Ananas Victoria est certifi\u00e9 \u00ab\u00a0meilleur ananas du monde\u00a0\u00bb dans le c\u0153ur de tous les R\u00e9unionnais ! petit et sucr\u00e9 , chez lui, tout se mange, m\u00eame le c\u0153ur\u00a0! Sa chair juteuse et tendre renferme une teneur en sucre parfaite, une l\u00e9g\u00e8re pointe d\u2019acidit\u00e9, un parfum fruit\u00e9,\u00a0un vrai d\u00e9lice pour un v\u00e9ritable voyage.<\/p>\n<p>Au-del\u00e0 de son incroyable go\u00fbt frais et sucr\u00e9, l\u2019Ananas pr\u00e9sente des vertus non n\u00e9gligeables sur notre sant\u00e9 ! Il est\u00a0riche en vitamine C\u00a0et booste l\u2019organisme en pr\u00e9venant des petites infections, tel qu\u2019un rhume. V\u00e9ritable alli\u00e9 de la digestion gr\u00e2ce \u00e0 sa teneur en eau et en fibres, il permet\u00a0une d\u00e9toxification naturelle\u00a0de l\u2019organisme.<\/p>\n<p>L&rsquo;ananas est un d\u00e9lice sous toutes les formes ! Il peut se consommer cru, flamb\u00e9, en g\u00e2teau, en glace ou en ti punch ! Laissez libre choix \u00e0 vos envies et apportez une touche d&rsquo;exotisme \u00e0 vos plats et dessert en choisissant de rajouter l&rsquo;ananas \u00e0 votre panier.<\/p>\n<p>&nbsp;<\/p>\n","protected":false},"excerpt":{"rendered":"<p>L&rsquo;Ananas Victoria est certifi\u00e9 \u00ab\u00a0meilleur ananas du monde\u00a0\u00bb dans le c\u0153ur de tous les R\u00e9unionnais ! petit et sucr\u00e9 , chez lui, tout se mange, m\u00eame le c\u0153ur\u00a0! Sa chair juteuse et tendre renferme une teneur en sucre parfaite, une l\u00e9g\u00e8re pointe d\u2019acidit\u00e9, un parfum fruit\u00e9,\u00a0un vrai d\u00e9lice pour un v\u00e9ritable voyage. Au-del\u00e0 de son [&hellip;]<\/p>\n","protected":false},"featured_media":199,"comment_status":"open","ping_status":"closed","template":"","meta":[],"product_cat":[20],"product_tag":[],"class_list":["post-198","product","type-product","status-publish","has-post-thumbnail","hentry","product_cat-fruits"],"yoast_head":"<!-- This site is optimized with the Yoast SEO plugin v20.4 - https:\/\/yoast.com\/wordpress\/plugins\/seo\/ -->\n<title>Ananas - Ti panier des hauts<\/title>\n<meta name=\"robots\" content=\"index, follow, max-snippet:-1, max-image-preview:large, max-video-preview:-1\" \/>\n<link rel=\"canonical\" href=\"https:\/\/tipanierdeshauts.re\/index.php\/product\/ananas\/\" \/>\n<meta property=\"og:locale\" content=\"fr_FR\" \/>\n<meta property=\"og:type\" content=\"article\" \/>\n<meta property=\"og:title\" content=\"Ananas - Ti panier des hauts\" \/>\n<meta property=\"og:description\" content=\"L&rsquo;Ananas Victoria est certifi\u00e9 \u00ab\u00a0meilleur ananas du monde\u00a0\u00bb dans le c\u0153ur de tous les R\u00e9unionnais ! petit et sucr\u00e9 , chez lui, tout se mange, m\u00eame le c\u0153ur\u00a0! Sa chair juteuse et tendre renferme une teneur en sucre parfaite, une l\u00e9g\u00e8re pointe d\u2019acidit\u00e9, un parfum fruit\u00e9,\u00a0un vrai d\u00e9lice pour un v\u00e9ritable voyage. Au-del\u00e0 de son [&hellip;]\" \/>\n<meta property=\"og:url\" content=\"https:\/\/tipanierdeshauts.re\/index.php\/product\/ananas\/\" \/>\n<meta property=\"og:site_name\" content=\"Ti panier des hauts\" \/>\n<meta property=\"article:modified_time\" content=\"2024-02-22T10:56:41+00:00\" \/>\n<meta property=\"og:image\" content=\"https:\/\/tipanierdeshauts.re\/wp-content\/uploads\/2023\/02\/pineapple-isolated-2022-08-11-19-07-02-utc-1024x879.png\" \/>\n\t<meta property=\"og:image:width\" content=\"1024\" \/>\n\t<meta property=\"og:image:height\" content=\"879\" \/>\n\t<meta property=\"og:image:type\" content=\"image\/png\" \/>\n<meta name=\"twitter:card\" content=\"summary_large_image\" \/>\n<meta name=\"twitter:label1\" content=\"Dur\u00e9e de lecture estim\u00e9e\" \/>\n\t<meta name=\"twitter:data1\" content=\"1 minute\" \/>\n<script type=\"application\/ld+json\" class=\"yoast-schema-graph\">{\"@context\":\"https:\/\/schema.org\",\"@graph\":[{\"@type\":\"WebPage\",\"@id\":\"https:\/\/tipanierdeshauts.re\/index.php\/product\/ananas\/\",\"url\":\"https:\/\/tipanierdeshauts.re\/index.php\/product\/ananas\/\",\"name\":\"Ananas - Ti panier des hauts\",\"isPartOf\":{\"@id\":\"https:\/\/tipanierdeshauts.re\/#website\"},\"datePublished\":\"2023-02-22T10:47:28+00:00\",\"dateModified\":\"2024-02-22T10:56:41+00:00\",\"breadcrumb\":{\"@id\":\"https:\/\/tipanierdeshauts.re\/index.php\/product\/ananas\/#breadcrumb\"},\"inLanguage\":\"fr-FR\",\"potentialAction\":[{\"@type\":\"ReadAction\",\"target\":[\"https:\/\/tipanierdeshauts.re\/index.php\/product\/ananas\/\"]}]},{\"@type\":\"BreadcrumbList\",\"@id\":\"https:\/\/tipanierdeshauts.re\/index.php\/product\/ananas\/#breadcrumb\",\"itemListElement\":[{\"@type\":\"ListItem\",\"position\":1,\"name\":\"Accueil\",\"item\":\"https:\/\/tipanierdeshauts.re\/\"},{\"@type\":\"ListItem\",\"position\":2,\"name\":\"Products\",\"item\":\"https:\/\/tipanierdeshauts.re\/index.php\/shop\/\"},{\"@type\":\"ListItem\",\"position\":3,\"name\":\"Ananas\"}]},{\"@type\":\"WebSite\",\"@id\":\"https:\/\/tipanierdeshauts.re\/#website\",\"url\":\"https:\/\/tipanierdeshauts.re\/\",\"name\":\"Ti panier des hauts\",\"description\":\"Fruits, L\u00e9gumes frais et charcuterie\",\"publisher\":{\"@id\":\"https:\/\/tipanierdeshauts.re\/#organization\"},\"potentialAction\":[{\"@type\":\"SearchAction\",\"target\":{\"@type\":\"EntryPoint\",\"urlTemplate\":\"https:\/\/tipanierdeshauts.re\/?s={search_term_string}\"},\"query-input\":\"required name=search_term_string\"}],\"inLanguage\":\"fr-FR\"},{\"@type\":\"Organization\",\"@id\":\"https:\/\/tipanierdeshauts.re\/#organization\",\"name\":\"Ti panier des hauts\",\"url\":\"https:\/\/tipanierdeshauts.re\/\",\"logo\":{\"@type\":\"ImageObject\",\"inLanguage\":\"fr-FR\",\"@id\":\"https:\/\/tipanierdeshauts.re\/#\/schema\/logo\/image\/\",\"url\":\"https:\/\/tipanierdeshauts.re\/wp-content\/uploads\/2023\/03\/Ti-panier-des-hauts-logo-1.png\",\"contentUrl\":\"https:\/\/tipanierdeshauts.re\/wp-content\/uploads\/2023\/03\/Ti-panier-des-hauts-logo-1.png\",\"width\":1834,\"height\":962,\"caption\":\"Ti panier des hauts\"},\"image\":{\"@id\":\"https:\/\/tipanierdeshauts.re\/#\/schema\/logo\/image\/\"}}]}<\/script>\n<!-- \/ Yoast SEO plugin. -->","yoast_head_json":{"title":"Ananas - Ti panier des hauts","robots":{"index":"index","follow":"follow","max-snippet":"max-snippet:-1","max-image-preview":"max-image-preview:large","max-video-preview":"max-video-preview:-1"},"canonical":"https:\/\/tipanierdeshauts.re\/index.php\/product\/ananas\/","og_locale":"fr_FR","og_type":"article","og_title":"Ananas - Ti panier des hauts","og_description":"L&rsquo;Ananas Victoria est certifi\u00e9 \u00ab\u00a0meilleur ananas du monde\u00a0\u00bb dans le c\u0153ur de tous les R\u00e9unionnais ! petit et sucr\u00e9 , chez lui, tout se mange, m\u00eame le c\u0153ur\u00a0! Sa chair juteuse et tendre renferme une teneur en sucre parfaite, une l\u00e9g\u00e8re pointe d\u2019acidit\u00e9, un parfum fruit\u00e9,\u00a0un vrai d\u00e9lice pour un v\u00e9ritable voyage. Au-del\u00e0 de son [&hellip;]","og_url":"https:\/\/tipanierdeshauts.re\/index.php\/product\/ananas\/","og_site_name":"Ti panier des hauts","article_modified_time":"2024-02-22T10:56:41+00:00","og_image":[{"width":1024,"height":879,"url":"https:\/\/tipanierdeshauts.re\/wp-content\/uploads\/2023\/02\/pineapple-isolated-2022-08-11-19-07-02-utc-1024x879.png","type":"image\/png"}],"twitter_card":"summary_large_image","twitter_misc":{"Dur\u00e9e de lecture estim\u00e9e":"1 minute"},"schema":{"@context":"https:\/\/schema.org","@graph":[{"@type":"WebPage","@id":"https:\/\/tipanierdeshauts.re\/index.php\/product\/ananas\/","url":"https:\/\/tipanierdeshauts.re\/index.php\/product\/ananas\/","name":"Ananas - Ti panier des hauts","isPartOf":{"@id":"https:\/\/tipanierdeshauts.re\/#website"},"datePublished":"2023-02-22T10:47:28+00:00","dateModified":"2024-02-22T10:56:41+00:00","breadcrumb":{"@id":"https:\/\/tipanierdeshauts.re\/index.php\/product\/ananas\/#breadcrumb"},"inLanguage":"fr-FR","potentialAction":[{"@type":"ReadAction","target":["https:\/\/tipanierdeshauts.re\/index.php\/product\/ananas\/"]}]},{"@type":"BreadcrumbList","@id":"https:\/\/tipanierdeshauts.re\/index.php\/product\/ananas\/#breadcrumb","itemListElement":[{"@type":"ListItem","position":1,"name":"Accueil","item":"https:\/\/tipanierdeshauts.re\/"},{"@type":"ListItem","position":2,"name":"Products","item":"https:\/\/tipanierdeshauts.re\/index.php\/shop\/"},{"@type":"ListItem","position":3,"name":"Ananas"}]},{"@type":"WebSite","@id":"https:\/\/tipanierdeshauts.re\/#website","url":"https:\/\/tipanierdeshauts.re\/","name":"Ti panier des hauts","description":"Fruits, L\u00e9gumes frais et charcuterie","publisher":{"@id":"https:\/\/tipanierdeshauts.re\/#organization"},"potentialAction":[{"@type":"SearchAction","target":{"@type":"EntryPoint","urlTemplate":"https:\/\/tipanierdeshauts.re\/?s={search_term_string}"},"query-input":"required name=search_term_string"}],"inLanguage":"fr-FR"},{"@type":"Organization","@id":"https:\/\/tipanierdeshauts.re\/#organization","name":"Ti panier des hauts","url":"https:\/\/tipanierdeshauts.re\/","logo":{"@type":"ImageObject","inLanguage":"fr-FR","@id":"https:\/\/tipanierdeshauts.re\/#\/schema\/logo\/image\/","url":"https:\/\/tipanierdeshauts.re\/wp-content\/uploads\/2023\/03\/Ti-panier-des-hauts-logo-1.png","contentUrl":"https:\/\/tipanierdeshauts.re\/wp-content\/uploads\/2023\/03\/Ti-panier-des-hauts-logo-1.png","width":1834,"height":962,"caption":"Ti panier des hauts"},"image":{"@id":"https:\/\/tipanierdeshauts.re\/#\/schema\/logo\/image\/"}}]}},"_links":{"self":[{"href":"https:\/\/tipanierdeshauts.re\/index.php\/wp-json\/wp\/v2\/product\/198","targetHints":{"allow":["GET"]}}],"collection":[{"href":"https:\/\/tipanierdeshauts.re\/index.php\/wp-json\/wp\/v2\/product"}],"about":[{"href":"https:\/\/tipanierdeshauts.re\/index.php\/wp-json\/wp\/v2\/types\/product"}],"replies":[{"embeddable":true,"href":"https:\/\/tipanierdeshauts.re\/index.php\/wp-json\/wp\/v2\/comments?post=198"}],"version-history":[{"count":4,"href":"https:\/\/tipanierdeshauts.re\/index.php\/wp-json\/wp\/v2\/product\/198\/revisions"}],"predecessor-version":[{"id":1046,"href":"https:\/\/tipanierdeshauts.re\/index.php\/wp-json\/wp\/v2\/product\/198\/revisions\/1046"}],"wp:featuredmedia":[{"embeddable":true,"href":"https:\/\/tipanierdeshauts.re\/index.php\/wp-json\/wp\/v2\/media\/199"}],"wp:attachment":[{"href":"https:\/\/tipanierdeshauts.re\/index.php\/wp-json\/wp\/v2\/media?parent=198"}],"wp:term":[{"taxonomy":"product_cat","embeddable":true,"href":"https:\/\/tipanierdeshauts.re\/index.php\/wp-json\/wp\/v2\/product_cat?post=198"},{"taxonomy":"product_tag","embeddable":true,"href":"https:\/\/tipanierdeshauts.re\/index.php\/wp-json\/wp\/v2\/product_tag?post=198"}],"curies":[{"name":"wp","href":"https:\/\/api.w.org\/{rel}","templated":true}]}}