{"id":286,"date":"2023-03-13T15:04:46","date_gmt":"2023-03-13T11:04:46","guid":{"rendered":"http:\/\/tipanierdeshauts.re\/?post_type=product&#038;p=286"},"modified":"2024-02-22T14:56:20","modified_gmt":"2024-02-22T10:56:20","slug":"betterave","status":"publish","type":"product","link":"https:\/\/tipanierdeshauts.re\/index.php\/product\/betterave\/","title":{"rendered":"Betterave"},"content":{"rendered":"<p>La betterave est un l\u00e9gume \u00ab\u00a0racine\u00a0\u00bb polyvalent qui peut \u00eatre consomm\u00e9 de diff\u00e9rentes fa\u00e7ons. Elle peut \u00eatre consomm\u00e9e crue ou cuite et ses feuilles, qu\u2019on peut consommer \u00e9galement crues ou cuites comme les \u00e9pinards, sont particuli\u00e8rement riches en vitamines et min\u00e9raux.<\/p>\n<p>Une autre fa\u00e7on de la consommer est d&rsquo;en faire un jus, les bienfaits du jus de betterave sur le foie s\u2019av\u00e8rent d\u2019une grande aide en cas d\u2019intoxication, d\u2019h\u00e9patite, de diarrh\u00e9e, de jaunisse ou encore, de vomissements ou d\u2019empoisonnement alimentaire. On consid\u00e8re ce jus de racine comme un alli\u00e9 sant\u00e9, et comme un soutien pour le foie.<\/p>\n<p>Chez Ti Panier Des Hauts, nous proposons des betteraves fra\u00eeches et savoureuses qui sont parfaites pour ajouter de la couleur\u00a0 \u00e0 vos repas. Ajoutez les betteraves \u00e0 votre r\u00e9gime alimentaire d\u00e8s aujourd&rsquo;hui pour un coup de pouce sain et savoureux !<\/p>\n<p>&nbsp;<\/p>\n<p>&nbsp;<\/p>\n<p>&nbsp;<\/p>\n","protected":false},"excerpt":{"rendered":"<p>La betterave est un l\u00e9gume \u00ab\u00a0racine\u00a0\u00bb polyvalent qui peut \u00eatre consomm\u00e9 de diff\u00e9rentes fa\u00e7ons. Elle peut \u00eatre consomm\u00e9e crue ou cuite et ses feuilles, qu\u2019on peut consommer \u00e9galement crues ou cuites comme les \u00e9pinards, sont particuli\u00e8rement riches en vitamines et min\u00e9raux. Une autre fa\u00e7on de la consommer est d&rsquo;en faire un jus, les bienfaits du [&hellip;]<\/p>\n","protected":false},"featured_media":822,"comment_status":"open","ping_status":"closed","template":"","meta":[],"product_cat":[19],"product_tag":[],"class_list":["post-286","product","type-product","status-publish","has-post-thumbnail","hentry","product_cat-legumes"],"yoast_head":"<!-- This site is optimized with the Yoast SEO plugin v20.4 - https:\/\/yoast.com\/wordpress\/plugins\/seo\/ -->\n<title>Betterave - Ti panier des hauts<\/title>\n<meta name=\"robots\" content=\"index, follow, max-snippet:-1, max-image-preview:large, max-video-preview:-1\" \/>\n<link rel=\"canonical\" href=\"https:\/\/tipanierdeshauts.re\/index.php\/product\/betterave\/\" \/>\n<meta property=\"og:locale\" content=\"fr_FR\" \/>\n<meta property=\"og:type\" content=\"article\" \/>\n<meta property=\"og:title\" content=\"Betterave - Ti panier des hauts\" \/>\n<meta property=\"og:description\" content=\"La betterave est un l\u00e9gume \u00ab\u00a0racine\u00a0\u00bb polyvalent qui peut \u00eatre consomm\u00e9 de diff\u00e9rentes fa\u00e7ons. Elle peut \u00eatre consomm\u00e9e crue ou cuite et ses feuilles, qu\u2019on peut consommer \u00e9galement crues ou cuites comme les \u00e9pinards, sont particuli\u00e8rement riches en vitamines et min\u00e9raux. Une autre fa\u00e7on de la consommer est d&rsquo;en faire un jus, les bienfaits du [&hellip;]\" \/>\n<meta property=\"og:url\" content=\"https:\/\/tipanierdeshauts.re\/index.php\/product\/betterave\/\" \/>\n<meta property=\"og:site_name\" content=\"Ti panier des hauts\" \/>\n<meta property=\"article:modified_time\" content=\"2024-02-22T10:56:20+00:00\" \/>\n<meta property=\"og:image\" content=\"https:\/\/tipanierdeshauts.re\/wp-content\/uploads\/2023\/03\/fresh-organic-beets-2022-10-27-03-15-08-utc-2-removebg-preview.png\" \/>\n\t<meta property=\"og:image:width\" content=\"612\" \/>\n\t<meta property=\"og:image:height\" content=\"408\" \/>\n\t<meta property=\"og:image:type\" content=\"image\/png\" \/>\n<meta name=\"twitter:card\" content=\"summary_large_image\" \/>\n<meta name=\"twitter:label1\" content=\"Dur\u00e9e de lecture estim\u00e9e\" \/>\n\t<meta name=\"twitter:data1\" content=\"1 minute\" \/>\n<script type=\"application\/ld+json\" class=\"yoast-schema-graph\">{\"@context\":\"https:\/\/schema.org\",\"@graph\":[{\"@type\":\"WebPage\",\"@id\":\"https:\/\/tipanierdeshauts.re\/index.php\/product\/betterave\/\",\"url\":\"https:\/\/tipanierdeshauts.re\/index.php\/product\/betterave\/\",\"name\":\"Betterave - Ti panier des hauts\",\"isPartOf\":{\"@id\":\"https:\/\/tipanierdeshauts.re\/#website\"},\"datePublished\":\"2023-03-13T11:04:46+00:00\",\"dateModified\":\"2024-02-22T10:56:20+00:00\",\"breadcrumb\":{\"@id\":\"https:\/\/tipanierdeshauts.re\/index.php\/product\/betterave\/#breadcrumb\"},\"inLanguage\":\"fr-FR\",\"potentialAction\":[{\"@type\":\"ReadAction\",\"target\":[\"https:\/\/tipanierdeshauts.re\/index.php\/product\/betterave\/\"]}]},{\"@type\":\"BreadcrumbList\",\"@id\":\"https:\/\/tipanierdeshauts.re\/index.php\/product\/betterave\/#breadcrumb\",\"itemListElement\":[{\"@type\":\"ListItem\",\"position\":1,\"name\":\"Accueil\",\"item\":\"https:\/\/tipanierdeshauts.re\/\"},{\"@type\":\"ListItem\",\"position\":2,\"name\":\"Products\",\"item\":\"https:\/\/tipanierdeshauts.re\/index.php\/shop\/\"},{\"@type\":\"ListItem\",\"position\":3,\"name\":\"Betterave\"}]},{\"@type\":\"WebSite\",\"@id\":\"https:\/\/tipanierdeshauts.re\/#website\",\"url\":\"https:\/\/tipanierdeshauts.re\/\",\"name\":\"Ti panier des hauts\",\"description\":\"Fruits, L\u00e9gumes frais et charcuterie\",\"publisher\":{\"@id\":\"https:\/\/tipanierdeshauts.re\/#organization\"},\"potentialAction\":[{\"@type\":\"SearchAction\",\"target\":{\"@type\":\"EntryPoint\",\"urlTemplate\":\"https:\/\/tipanierdeshauts.re\/?s={search_term_string}\"},\"query-input\":\"required name=search_term_string\"}],\"inLanguage\":\"fr-FR\"},{\"@type\":\"Organization\",\"@id\":\"https:\/\/tipanierdeshauts.re\/#organization\",\"name\":\"Ti panier des hauts\",\"url\":\"https:\/\/tipanierdeshauts.re\/\",\"logo\":{\"@type\":\"ImageObject\",\"inLanguage\":\"fr-FR\",\"@id\":\"https:\/\/tipanierdeshauts.re\/#\/schema\/logo\/image\/\",\"url\":\"https:\/\/tipanierdeshauts.re\/wp-content\/uploads\/2023\/03\/Ti-panier-des-hauts-logo-1.png\",\"contentUrl\":\"https:\/\/tipanierdeshauts.re\/wp-content\/uploads\/2023\/03\/Ti-panier-des-hauts-logo-1.png\",\"width\":1834,\"height\":962,\"caption\":\"Ti panier des hauts\"},\"image\":{\"@id\":\"https:\/\/tipanierdeshauts.re\/#\/schema\/logo\/image\/\"}}]}<\/script>\n<!-- \/ Yoast SEO plugin. -->","yoast_head_json":{"title":"Betterave - Ti panier des hauts","robots":{"index":"index","follow":"follow","max-snippet":"max-snippet:-1","max-image-preview":"max-image-preview:large","max-video-preview":"max-video-preview:-1"},"canonical":"https:\/\/tipanierdeshauts.re\/index.php\/product\/betterave\/","og_locale":"fr_FR","og_type":"article","og_title":"Betterave - Ti panier des hauts","og_description":"La betterave est un l\u00e9gume \u00ab\u00a0racine\u00a0\u00bb polyvalent qui peut \u00eatre consomm\u00e9 de diff\u00e9rentes fa\u00e7ons. Elle peut \u00eatre consomm\u00e9e crue ou cuite et ses feuilles, qu\u2019on peut consommer \u00e9galement crues ou cuites comme les \u00e9pinards, sont particuli\u00e8rement riches en vitamines et min\u00e9raux. Une autre fa\u00e7on de la consommer est d&rsquo;en faire un jus, les bienfaits du [&hellip;]","og_url":"https:\/\/tipanierdeshauts.re\/index.php\/product\/betterave\/","og_site_name":"Ti panier des hauts","article_modified_time":"2024-02-22T10:56:20+00:00","og_image":[{"width":612,"height":408,"url":"https:\/\/tipanierdeshauts.re\/wp-content\/uploads\/2023\/03\/fresh-organic-beets-2022-10-27-03-15-08-utc-2-removebg-preview.png","type":"image\/png"}],"twitter_card":"summary_large_image","twitter_misc":{"Dur\u00e9e de lecture estim\u00e9e":"1 minute"},"schema":{"@context":"https:\/\/schema.org","@graph":[{"@type":"WebPage","@id":"https:\/\/tipanierdeshauts.re\/index.php\/product\/betterave\/","url":"https:\/\/tipanierdeshauts.re\/index.php\/product\/betterave\/","name":"Betterave - Ti panier des hauts","isPartOf":{"@id":"https:\/\/tipanierdeshauts.re\/#website"},"datePublished":"2023-03-13T11:04:46+00:00","dateModified":"2024-02-22T10:56:20+00:00","breadcrumb":{"@id":"https:\/\/tipanierdeshauts.re\/index.php\/product\/betterave\/#breadcrumb"},"inLanguage":"fr-FR","potentialAction":[{"@type":"ReadAction","target":["https:\/\/tipanierdeshauts.re\/index.php\/product\/betterave\/"]}]},{"@type":"BreadcrumbList","@id":"https:\/\/tipanierdeshauts.re\/index.php\/product\/betterave\/#breadcrumb","itemListElement":[{"@type":"ListItem","position":1,"name":"Accueil","item":"https:\/\/tipanierdeshauts.re\/"},{"@type":"ListItem","position":2,"name":"Products","item":"https:\/\/tipanierdeshauts.re\/index.php\/shop\/"},{"@type":"ListItem","position":3,"name":"Betterave"}]},{"@type":"WebSite","@id":"https:\/\/tipanierdeshauts.re\/#website","url":"https:\/\/tipanierdeshauts.re\/","name":"Ti panier des hauts","description":"Fruits, L\u00e9gumes frais et charcuterie","publisher":{"@id":"https:\/\/tipanierdeshauts.re\/#organization"},"potentialAction":[{"@type":"SearchAction","target":{"@type":"EntryPoint","urlTemplate":"https:\/\/tipanierdeshauts.re\/?s={search_term_string}"},"query-input":"required name=search_term_string"}],"inLanguage":"fr-FR"},{"@type":"Organization","@id":"https:\/\/tipanierdeshauts.re\/#organization","name":"Ti panier des hauts","url":"https:\/\/tipanierdeshauts.re\/","logo":{"@type":"ImageObject","inLanguage":"fr-FR","@id":"https:\/\/tipanierdeshauts.re\/#\/schema\/logo\/image\/","url":"https:\/\/tipanierdeshauts.re\/wp-content\/uploads\/2023\/03\/Ti-panier-des-hauts-logo-1.png","contentUrl":"https:\/\/tipanierdeshauts.re\/wp-content\/uploads\/2023\/03\/Ti-panier-des-hauts-logo-1.png","width":1834,"height":962,"caption":"Ti panier des hauts"},"image":{"@id":"https:\/\/tipanierdeshauts.re\/#\/schema\/logo\/image\/"}}]}},"_links":{"self":[{"href":"https:\/\/tipanierdeshauts.re\/index.php\/wp-json\/wp\/v2\/product\/286","targetHints":{"allow":["GET"]}}],"collection":[{"href":"https:\/\/tipanierdeshauts.re\/index.php\/wp-json\/wp\/v2\/product"}],"about":[{"href":"https:\/\/tipanierdeshauts.re\/index.php\/wp-json\/wp\/v2\/types\/product"}],"replies":[{"embeddable":true,"href":"https:\/\/tipanierdeshauts.re\/index.php\/wp-json\/wp\/v2\/comments?post=286"}],"version-history":[{"count":3,"href":"https:\/\/tipanierdeshauts.re\/index.php\/wp-json\/wp\/v2\/product\/286\/revisions"}],"predecessor-version":[{"id":1043,"href":"https:\/\/tipanierdeshauts.re\/index.php\/wp-json\/wp\/v2\/product\/286\/revisions\/1043"}],"wp:featuredmedia":[{"embeddable":true,"href":"https:\/\/tipanierdeshauts.re\/index.php\/wp-json\/wp\/v2\/media\/822"}],"wp:attachment":[{"href":"https:\/\/tipanierdeshauts.re\/index.php\/wp-json\/wp\/v2\/media?parent=286"}],"wp:term":[{"taxonomy":"product_cat","embeddable":true,"href":"https:\/\/tipanierdeshauts.re\/index.php\/wp-json\/wp\/v2\/product_cat?post=286"},{"taxonomy":"product_tag","embeddable":true,"href":"https:\/\/tipanierdeshauts.re\/index.php\/wp-json\/wp\/v2\/product_tag?post=286"}],"curies":[{"name":"wp","href":"https:\/\/api.w.org\/{rel}","templated":true}]}}