{"id":412,"date":"2023-03-14T10:07:59","date_gmt":"2023-03-14T06:07:59","guid":{"rendered":"http:\/\/tipanierdeshauts.re\/?post_type=product&#038;p=412"},"modified":"2024-02-22T14:55:36","modified_gmt":"2024-02-22T10:55:36","slug":"salade-feuille-de-chene-rouge","status":"publish","type":"product","link":"https:\/\/tipanierdeshauts.re\/index.php\/product\/salade-feuille-de-chene-rouge\/","title":{"rendered":"Salade feuille de ch\u00eane rouge"},"content":{"rendered":"<p>La salade de feuilles de ch\u00eane rouge est une vari\u00e9t\u00e9 de laitue avec des feuilles en forme de ch\u00eane et une couleur rouge profond. Cette laitue est tr\u00e8s croquante, l\u00e9g\u00e8rement sucr\u00e9e et a une saveur l\u00e9g\u00e8rement noisette. Elle est souvent utilis\u00e9e dans les salades m\u00e9lang\u00e9es pour ajouter de la couleur et de la texture. Elle est \u00e9galement une excellente source de vitamines A, C et K, de folate et de potassium.<\/p>\n<p>Essayez cette recette de salade de feuilles de ch\u00eane rouge simple et d\u00e9licieuse: m\u00e9langez des feuilles de ch\u00eane rouge avec des tranches de pomme, du fromage de ch\u00e8vre, des noix grill\u00e9es et une vinaigrette \u00e0 base de vinaigre balsamique et d&rsquo;huile d&rsquo;olive. Cette salade est saine, savoureuse et facile \u00e0 pr\u00e9parer.<\/p>\n","protected":false},"excerpt":{"rendered":"<p>La salade de feuilles de ch\u00eane rouge est une vari\u00e9t\u00e9 de laitue avec des feuilles en forme de ch\u00eane et une couleur rouge profond. Cette laitue est tr\u00e8s croquante, l\u00e9g\u00e8rement sucr\u00e9e et a une saveur l\u00e9g\u00e8rement noisette. Elle est souvent utilis\u00e9e dans les salades m\u00e9lang\u00e9es pour ajouter de la couleur et de la texture. Elle [&hellip;]<\/p>\n","protected":false},"featured_media":413,"comment_status":"open","ping_status":"closed","template":"","meta":[],"product_cat":[19],"product_tag":[],"class_list":["post-412","product","type-product","status-publish","has-post-thumbnail","hentry","product_cat-legumes"],"yoast_head":"<!-- This site is optimized with the Yoast SEO plugin v20.4 - https:\/\/yoast.com\/wordpress\/plugins\/seo\/ -->\n<title>Salade feuille de ch\u00eane rouge - Ti panier des hauts<\/title>\n<meta name=\"robots\" content=\"index, follow, max-snippet:-1, max-image-preview:large, max-video-preview:-1\" \/>\n<link rel=\"canonical\" href=\"https:\/\/tipanierdeshauts.re\/index.php\/product\/salade-feuille-de-chene-rouge\/\" \/>\n<meta property=\"og:locale\" content=\"fr_FR\" \/>\n<meta property=\"og:type\" content=\"article\" \/>\n<meta property=\"og:title\" content=\"Salade feuille de ch\u00eane rouge - Ti panier des hauts\" \/>\n<meta property=\"og:description\" content=\"La salade de feuilles de ch\u00eane rouge est une vari\u00e9t\u00e9 de laitue avec des feuilles en forme de ch\u00eane et une couleur rouge profond. Cette laitue est tr\u00e8s croquante, l\u00e9g\u00e8rement sucr\u00e9e et a une saveur l\u00e9g\u00e8rement noisette. Elle est souvent utilis\u00e9e dans les salades m\u00e9lang\u00e9es pour ajouter de la couleur et de la texture. Elle [&hellip;]\" \/>\n<meta property=\"og:url\" content=\"https:\/\/tipanierdeshauts.re\/index.php\/product\/salade-feuille-de-chene-rouge\/\" \/>\n<meta property=\"og:site_name\" content=\"Ti panier des hauts\" \/>\n<meta property=\"article:modified_time\" content=\"2024-02-22T10:55:36+00:00\" \/>\n<meta property=\"og:image\" content=\"https:\/\/tipanierdeshauts.re\/wp-content\/uploads\/2023\/03\/lettuce-variety-oak-leaf-whole-with-water-dropl-2021-08-26-18-28-44-utc-removebg-preview.png\" \/>\n\t<meta property=\"og:image:width\" content=\"500\" \/>\n\t<meta property=\"og:image:height\" content=\"500\" \/>\n\t<meta property=\"og:image:type\" content=\"image\/png\" \/>\n<meta name=\"twitter:card\" content=\"summary_large_image\" \/>\n<meta name=\"twitter:label1\" content=\"Dur\u00e9e de lecture estim\u00e9e\" \/>\n\t<meta name=\"twitter:data1\" content=\"1 minute\" \/>\n<script type=\"application\/ld+json\" class=\"yoast-schema-graph\">{\"@context\":\"https:\/\/schema.org\",\"@graph\":[{\"@type\":\"WebPage\",\"@id\":\"https:\/\/tipanierdeshauts.re\/index.php\/product\/salade-feuille-de-chene-rouge\/\",\"url\":\"https:\/\/tipanierdeshauts.re\/index.php\/product\/salade-feuille-de-chene-rouge\/\",\"name\":\"Salade feuille de ch\u00eane rouge - Ti panier des hauts\",\"isPartOf\":{\"@id\":\"https:\/\/tipanierdeshauts.re\/#website\"},\"datePublished\":\"2023-03-14T06:07:59+00:00\",\"dateModified\":\"2024-02-22T10:55:36+00:00\",\"breadcrumb\":{\"@id\":\"https:\/\/tipanierdeshauts.re\/index.php\/product\/salade-feuille-de-chene-rouge\/#breadcrumb\"},\"inLanguage\":\"fr-FR\",\"potentialAction\":[{\"@type\":\"ReadAction\",\"target\":[\"https:\/\/tipanierdeshauts.re\/index.php\/product\/salade-feuille-de-chene-rouge\/\"]}]},{\"@type\":\"BreadcrumbList\",\"@id\":\"https:\/\/tipanierdeshauts.re\/index.php\/product\/salade-feuille-de-chene-rouge\/#breadcrumb\",\"itemListElement\":[{\"@type\":\"ListItem\",\"position\":1,\"name\":\"Accueil\",\"item\":\"https:\/\/tipanierdeshauts.re\/\"},{\"@type\":\"ListItem\",\"position\":2,\"name\":\"Products\",\"item\":\"https:\/\/tipanierdeshauts.re\/index.php\/shop\/\"},{\"@type\":\"ListItem\",\"position\":3,\"name\":\"Salade feuille de ch\u00eane rouge\"}]},{\"@type\":\"WebSite\",\"@id\":\"https:\/\/tipanierdeshauts.re\/#website\",\"url\":\"https:\/\/tipanierdeshauts.re\/\",\"name\":\"Ti panier des hauts\",\"description\":\"Fruits, L\u00e9gumes frais et charcuterie\",\"publisher\":{\"@id\":\"https:\/\/tipanierdeshauts.re\/#organization\"},\"potentialAction\":[{\"@type\":\"SearchAction\",\"target\":{\"@type\":\"EntryPoint\",\"urlTemplate\":\"https:\/\/tipanierdeshauts.re\/?s={search_term_string}\"},\"query-input\":\"required name=search_term_string\"}],\"inLanguage\":\"fr-FR\"},{\"@type\":\"Organization\",\"@id\":\"https:\/\/tipanierdeshauts.re\/#organization\",\"name\":\"Ti panier des hauts\",\"url\":\"https:\/\/tipanierdeshauts.re\/\",\"logo\":{\"@type\":\"ImageObject\",\"inLanguage\":\"fr-FR\",\"@id\":\"https:\/\/tipanierdeshauts.re\/#\/schema\/logo\/image\/\",\"url\":\"https:\/\/tipanierdeshauts.re\/wp-content\/uploads\/2023\/03\/Ti-panier-des-hauts-logo-1.png\",\"contentUrl\":\"https:\/\/tipanierdeshauts.re\/wp-content\/uploads\/2023\/03\/Ti-panier-des-hauts-logo-1.png\",\"width\":1834,\"height\":962,\"caption\":\"Ti panier des hauts\"},\"image\":{\"@id\":\"https:\/\/tipanierdeshauts.re\/#\/schema\/logo\/image\/\"}}]}<\/script>\n<!-- \/ Yoast SEO plugin. -->","yoast_head_json":{"title":"Salade feuille de ch\u00eane rouge - Ti panier des hauts","robots":{"index":"index","follow":"follow","max-snippet":"max-snippet:-1","max-image-preview":"max-image-preview:large","max-video-preview":"max-video-preview:-1"},"canonical":"https:\/\/tipanierdeshauts.re\/index.php\/product\/salade-feuille-de-chene-rouge\/","og_locale":"fr_FR","og_type":"article","og_title":"Salade feuille de ch\u00eane rouge - Ti panier des hauts","og_description":"La salade de feuilles de ch\u00eane rouge est une vari\u00e9t\u00e9 de laitue avec des feuilles en forme de ch\u00eane et une couleur rouge profond. Cette laitue est tr\u00e8s croquante, l\u00e9g\u00e8rement sucr\u00e9e et a une saveur l\u00e9g\u00e8rement noisette. Elle est souvent utilis\u00e9e dans les salades m\u00e9lang\u00e9es pour ajouter de la couleur et de la texture. Elle [&hellip;]","og_url":"https:\/\/tipanierdeshauts.re\/index.php\/product\/salade-feuille-de-chene-rouge\/","og_site_name":"Ti panier des hauts","article_modified_time":"2024-02-22T10:55:36+00:00","og_image":[{"width":500,"height":500,"url":"https:\/\/tipanierdeshauts.re\/wp-content\/uploads\/2023\/03\/lettuce-variety-oak-leaf-whole-with-water-dropl-2021-08-26-18-28-44-utc-removebg-preview.png","type":"image\/png"}],"twitter_card":"summary_large_image","twitter_misc":{"Dur\u00e9e de lecture estim\u00e9e":"1 minute"},"schema":{"@context":"https:\/\/schema.org","@graph":[{"@type":"WebPage","@id":"https:\/\/tipanierdeshauts.re\/index.php\/product\/salade-feuille-de-chene-rouge\/","url":"https:\/\/tipanierdeshauts.re\/index.php\/product\/salade-feuille-de-chene-rouge\/","name":"Salade feuille de ch\u00eane rouge - Ti panier des hauts","isPartOf":{"@id":"https:\/\/tipanierdeshauts.re\/#website"},"datePublished":"2023-03-14T06:07:59+00:00","dateModified":"2024-02-22T10:55:36+00:00","breadcrumb":{"@id":"https:\/\/tipanierdeshauts.re\/index.php\/product\/salade-feuille-de-chene-rouge\/#breadcrumb"},"inLanguage":"fr-FR","potentialAction":[{"@type":"ReadAction","target":["https:\/\/tipanierdeshauts.re\/index.php\/product\/salade-feuille-de-chene-rouge\/"]}]},{"@type":"BreadcrumbList","@id":"https:\/\/tipanierdeshauts.re\/index.php\/product\/salade-feuille-de-chene-rouge\/#breadcrumb","itemListElement":[{"@type":"ListItem","position":1,"name":"Accueil","item":"https:\/\/tipanierdeshauts.re\/"},{"@type":"ListItem","position":2,"name":"Products","item":"https:\/\/tipanierdeshauts.re\/index.php\/shop\/"},{"@type":"ListItem","position":3,"name":"Salade feuille de ch\u00eane rouge"}]},{"@type":"WebSite","@id":"https:\/\/tipanierdeshauts.re\/#website","url":"https:\/\/tipanierdeshauts.re\/","name":"Ti panier des hauts","description":"Fruits, L\u00e9gumes frais et charcuterie","publisher":{"@id":"https:\/\/tipanierdeshauts.re\/#organization"},"potentialAction":[{"@type":"SearchAction","target":{"@type":"EntryPoint","urlTemplate":"https:\/\/tipanierdeshauts.re\/?s={search_term_string}"},"query-input":"required name=search_term_string"}],"inLanguage":"fr-FR"},{"@type":"Organization","@id":"https:\/\/tipanierdeshauts.re\/#organization","name":"Ti panier des hauts","url":"https:\/\/tipanierdeshauts.re\/","logo":{"@type":"ImageObject","inLanguage":"fr-FR","@id":"https:\/\/tipanierdeshauts.re\/#\/schema\/logo\/image\/","url":"https:\/\/tipanierdeshauts.re\/wp-content\/uploads\/2023\/03\/Ti-panier-des-hauts-logo-1.png","contentUrl":"https:\/\/tipanierdeshauts.re\/wp-content\/uploads\/2023\/03\/Ti-panier-des-hauts-logo-1.png","width":1834,"height":962,"caption":"Ti panier des hauts"},"image":{"@id":"https:\/\/tipanierdeshauts.re\/#\/schema\/logo\/image\/"}}]}},"_links":{"self":[{"href":"https:\/\/tipanierdeshauts.re\/index.php\/wp-json\/wp\/v2\/product\/412","targetHints":{"allow":["GET"]}}],"collection":[{"href":"https:\/\/tipanierdeshauts.re\/index.php\/wp-json\/wp\/v2\/product"}],"about":[{"href":"https:\/\/tipanierdeshauts.re\/index.php\/wp-json\/wp\/v2\/types\/product"}],"replies":[{"embeddable":true,"href":"https:\/\/tipanierdeshauts.re\/index.php\/wp-json\/wp\/v2\/comments?post=412"}],"version-history":[{"count":3,"href":"https:\/\/tipanierdeshauts.re\/index.php\/wp-json\/wp\/v2\/product\/412\/revisions"}],"predecessor-version":[{"id":1036,"href":"https:\/\/tipanierdeshauts.re\/index.php\/wp-json\/wp\/v2\/product\/412\/revisions\/1036"}],"wp:featuredmedia":[{"embeddable":true,"href":"https:\/\/tipanierdeshauts.re\/index.php\/wp-json\/wp\/v2\/media\/413"}],"wp:attachment":[{"href":"https:\/\/tipanierdeshauts.re\/index.php\/wp-json\/wp\/v2\/media?parent=412"}],"wp:term":[{"taxonomy":"product_cat","embeddable":true,"href":"https:\/\/tipanierdeshauts.re\/index.php\/wp-json\/wp\/v2\/product_cat?post=412"},{"taxonomy":"product_tag","embeddable":true,"href":"https:\/\/tipanierdeshauts.re\/index.php\/wp-json\/wp\/v2\/product_tag?post=412"}],"curies":[{"name":"wp","href":"https:\/\/api.w.org\/{rel}","templated":true}]}}