{"id":425,"date":"2023-03-14T10:33:22","date_gmt":"2023-03-14T06:33:22","guid":{"rendered":"http:\/\/tipanierdeshauts.re\/?post_type=product&#038;p=425"},"modified":"2024-02-22T14:55:25","modified_gmt":"2024-02-22T10:55:25","slug":"haricots-verts","status":"publish","type":"product","link":"https:\/\/tipanierdeshauts.re\/index.php\/product\/haricots-verts\/","title":{"rendered":"Haricots verts"},"content":{"rendered":"<p>Les haricots verts sont des l\u00e9gumes verts et croquants qui sont riches en nutriments. Ils sont une excellente source de fibres, de vitamine C et de vitamine K. Les haricots verts sont \u00e9galement faibles en calories, ce qui en fait un excellent aliment pour ceux qui cherchent \u00e0 perdre du poids. Ils peuvent \u00eatre consomm\u00e9s crus, cuits \u00e0 la vapeur, saut\u00e9s ou r\u00f4tis. En accompagnement ou en plat principal, les haricots verts offrent de nombreuses possibilit\u00e9 de recettes, une recette simple est de faire sauter des haricots verts avec de l&rsquo;ail et de l&rsquo;huile d&rsquo;olive. Ils peuvent \u00e9galement \u00eatre utilis\u00e9s dans des salades, des soupes et des plats d&rsquo;accompagnement, tel notre fameux achard de l\u00e9gumes.<\/p>\n","protected":false},"excerpt":{"rendered":"<p>Les haricots verts sont des l\u00e9gumes verts et croquants qui sont riches en nutriments. Ils sont une excellente source de fibres, de vitamine C et de vitamine K. Les haricots verts sont \u00e9galement faibles en calories, ce qui en fait un excellent aliment pour ceux qui cherchent \u00e0 perdre du poids. Ils peuvent \u00eatre consomm\u00e9s [&hellip;]<\/p>\n","protected":false},"featured_media":427,"comment_status":"open","ping_status":"closed","template":"","meta":[],"product_cat":[19],"product_tag":[],"class_list":["post-425","product","type-product","status-publish","has-post-thumbnail","hentry","product_cat-legumes"],"yoast_head":"<!-- This site is optimized with the Yoast SEO plugin v20.4 - https:\/\/yoast.com\/wordpress\/plugins\/seo\/ -->\n<title>Haricots verts - Ti panier des hauts<\/title>\n<meta name=\"robots\" content=\"index, follow, max-snippet:-1, max-image-preview:large, max-video-preview:-1\" \/>\n<link rel=\"canonical\" href=\"https:\/\/tipanierdeshauts.re\/index.php\/product\/haricots-verts\/\" \/>\n<meta property=\"og:locale\" content=\"fr_FR\" \/>\n<meta property=\"og:type\" content=\"article\" \/>\n<meta property=\"og:title\" content=\"Haricots verts - Ti panier des hauts\" \/>\n<meta property=\"og:description\" content=\"Les haricots verts sont des l\u00e9gumes verts et croquants qui sont riches en nutriments. Ils sont une excellente source de fibres, de vitamine C et de vitamine K. Les haricots verts sont \u00e9galement faibles en calories, ce qui en fait un excellent aliment pour ceux qui cherchent \u00e0 perdre du poids. Ils peuvent \u00eatre consomm\u00e9s [&hellip;]\" \/>\n<meta property=\"og:url\" content=\"https:\/\/tipanierdeshauts.re\/index.php\/product\/haricots-verts\/\" \/>\n<meta property=\"og:site_name\" content=\"Ti panier des hauts\" \/>\n<meta property=\"article:modified_time\" content=\"2024-02-22T10:55:25+00:00\" \/>\n<meta property=\"og:image\" content=\"https:\/\/tipanierdeshauts.re\/wp-content\/uploads\/2023\/03\/green-beans-2021-08-26-17-20-48-utc-removebg-preview.png\" \/>\n\t<meta property=\"og:image:width\" content=\"408\" \/>\n\t<meta property=\"og:image:height\" content=\"612\" \/>\n\t<meta property=\"og:image:type\" content=\"image\/png\" \/>\n<meta name=\"twitter:card\" content=\"summary_large_image\" \/>\n<meta name=\"twitter:label1\" content=\"Dur\u00e9e de lecture estim\u00e9e\" \/>\n\t<meta name=\"twitter:data1\" content=\"1 minute\" \/>\n<script type=\"application\/ld+json\" class=\"yoast-schema-graph\">{\"@context\":\"https:\/\/schema.org\",\"@graph\":[{\"@type\":\"WebPage\",\"@id\":\"https:\/\/tipanierdeshauts.re\/index.php\/product\/haricots-verts\/\",\"url\":\"https:\/\/tipanierdeshauts.re\/index.php\/product\/haricots-verts\/\",\"name\":\"Haricots verts - Ti panier des hauts\",\"isPartOf\":{\"@id\":\"https:\/\/tipanierdeshauts.re\/#website\"},\"datePublished\":\"2023-03-14T06:33:22+00:00\",\"dateModified\":\"2024-02-22T10:55:25+00:00\",\"breadcrumb\":{\"@id\":\"https:\/\/tipanierdeshauts.re\/index.php\/product\/haricots-verts\/#breadcrumb\"},\"inLanguage\":\"fr-FR\",\"potentialAction\":[{\"@type\":\"ReadAction\",\"target\":[\"https:\/\/tipanierdeshauts.re\/index.php\/product\/haricots-verts\/\"]}]},{\"@type\":\"BreadcrumbList\",\"@id\":\"https:\/\/tipanierdeshauts.re\/index.php\/product\/haricots-verts\/#breadcrumb\",\"itemListElement\":[{\"@type\":\"ListItem\",\"position\":1,\"name\":\"Accueil\",\"item\":\"https:\/\/tipanierdeshauts.re\/\"},{\"@type\":\"ListItem\",\"position\":2,\"name\":\"Products\",\"item\":\"https:\/\/tipanierdeshauts.re\/index.php\/shop\/\"},{\"@type\":\"ListItem\",\"position\":3,\"name\":\"Haricots verts\"}]},{\"@type\":\"WebSite\",\"@id\":\"https:\/\/tipanierdeshauts.re\/#website\",\"url\":\"https:\/\/tipanierdeshauts.re\/\",\"name\":\"Ti panier des hauts\",\"description\":\"Fruits, L\u00e9gumes frais et charcuterie\",\"publisher\":{\"@id\":\"https:\/\/tipanierdeshauts.re\/#organization\"},\"potentialAction\":[{\"@type\":\"SearchAction\",\"target\":{\"@type\":\"EntryPoint\",\"urlTemplate\":\"https:\/\/tipanierdeshauts.re\/?s={search_term_string}\"},\"query-input\":\"required name=search_term_string\"}],\"inLanguage\":\"fr-FR\"},{\"@type\":\"Organization\",\"@id\":\"https:\/\/tipanierdeshauts.re\/#organization\",\"name\":\"Ti panier des hauts\",\"url\":\"https:\/\/tipanierdeshauts.re\/\",\"logo\":{\"@type\":\"ImageObject\",\"inLanguage\":\"fr-FR\",\"@id\":\"https:\/\/tipanierdeshauts.re\/#\/schema\/logo\/image\/\",\"url\":\"https:\/\/tipanierdeshauts.re\/wp-content\/uploads\/2023\/03\/Ti-panier-des-hauts-logo-1.png\",\"contentUrl\":\"https:\/\/tipanierdeshauts.re\/wp-content\/uploads\/2023\/03\/Ti-panier-des-hauts-logo-1.png\",\"width\":1834,\"height\":962,\"caption\":\"Ti panier des hauts\"},\"image\":{\"@id\":\"https:\/\/tipanierdeshauts.re\/#\/schema\/logo\/image\/\"}}]}<\/script>\n<!-- \/ Yoast SEO plugin. -->","yoast_head_json":{"title":"Haricots verts - Ti panier des hauts","robots":{"index":"index","follow":"follow","max-snippet":"max-snippet:-1","max-image-preview":"max-image-preview:large","max-video-preview":"max-video-preview:-1"},"canonical":"https:\/\/tipanierdeshauts.re\/index.php\/product\/haricots-verts\/","og_locale":"fr_FR","og_type":"article","og_title":"Haricots verts - Ti panier des hauts","og_description":"Les haricots verts sont des l\u00e9gumes verts et croquants qui sont riches en nutriments. Ils sont une excellente source de fibres, de vitamine C et de vitamine K. Les haricots verts sont \u00e9galement faibles en calories, ce qui en fait un excellent aliment pour ceux qui cherchent \u00e0 perdre du poids. Ils peuvent \u00eatre consomm\u00e9s [&hellip;]","og_url":"https:\/\/tipanierdeshauts.re\/index.php\/product\/haricots-verts\/","og_site_name":"Ti panier des hauts","article_modified_time":"2024-02-22T10:55:25+00:00","og_image":[{"width":408,"height":612,"url":"https:\/\/tipanierdeshauts.re\/wp-content\/uploads\/2023\/03\/green-beans-2021-08-26-17-20-48-utc-removebg-preview.png","type":"image\/png"}],"twitter_card":"summary_large_image","twitter_misc":{"Dur\u00e9e de lecture estim\u00e9e":"1 minute"},"schema":{"@context":"https:\/\/schema.org","@graph":[{"@type":"WebPage","@id":"https:\/\/tipanierdeshauts.re\/index.php\/product\/haricots-verts\/","url":"https:\/\/tipanierdeshauts.re\/index.php\/product\/haricots-verts\/","name":"Haricots verts - Ti panier des hauts","isPartOf":{"@id":"https:\/\/tipanierdeshauts.re\/#website"},"datePublished":"2023-03-14T06:33:22+00:00","dateModified":"2024-02-22T10:55:25+00:00","breadcrumb":{"@id":"https:\/\/tipanierdeshauts.re\/index.php\/product\/haricots-verts\/#breadcrumb"},"inLanguage":"fr-FR","potentialAction":[{"@type":"ReadAction","target":["https:\/\/tipanierdeshauts.re\/index.php\/product\/haricots-verts\/"]}]},{"@type":"BreadcrumbList","@id":"https:\/\/tipanierdeshauts.re\/index.php\/product\/haricots-verts\/#breadcrumb","itemListElement":[{"@type":"ListItem","position":1,"name":"Accueil","item":"https:\/\/tipanierdeshauts.re\/"},{"@type":"ListItem","position":2,"name":"Products","item":"https:\/\/tipanierdeshauts.re\/index.php\/shop\/"},{"@type":"ListItem","position":3,"name":"Haricots verts"}]},{"@type":"WebSite","@id":"https:\/\/tipanierdeshauts.re\/#website","url":"https:\/\/tipanierdeshauts.re\/","name":"Ti panier des hauts","description":"Fruits, L\u00e9gumes frais et charcuterie","publisher":{"@id":"https:\/\/tipanierdeshauts.re\/#organization"},"potentialAction":[{"@type":"SearchAction","target":{"@type":"EntryPoint","urlTemplate":"https:\/\/tipanierdeshauts.re\/?s={search_term_string}"},"query-input":"required name=search_term_string"}],"inLanguage":"fr-FR"},{"@type":"Organization","@id":"https:\/\/tipanierdeshauts.re\/#organization","name":"Ti panier des hauts","url":"https:\/\/tipanierdeshauts.re\/","logo":{"@type":"ImageObject","inLanguage":"fr-FR","@id":"https:\/\/tipanierdeshauts.re\/#\/schema\/logo\/image\/","url":"https:\/\/tipanierdeshauts.re\/wp-content\/uploads\/2023\/03\/Ti-panier-des-hauts-logo-1.png","contentUrl":"https:\/\/tipanierdeshauts.re\/wp-content\/uploads\/2023\/03\/Ti-panier-des-hauts-logo-1.png","width":1834,"height":962,"caption":"Ti panier des hauts"},"image":{"@id":"https:\/\/tipanierdeshauts.re\/#\/schema\/logo\/image\/"}}]}},"_links":{"self":[{"href":"https:\/\/tipanierdeshauts.re\/index.php\/wp-json\/wp\/v2\/product\/425","targetHints":{"allow":["GET"]}}],"collection":[{"href":"https:\/\/tipanierdeshauts.re\/index.php\/wp-json\/wp\/v2\/product"}],"about":[{"href":"https:\/\/tipanierdeshauts.re\/index.php\/wp-json\/wp\/v2\/types\/product"}],"replies":[{"embeddable":true,"href":"https:\/\/tipanierdeshauts.re\/index.php\/wp-json\/wp\/v2\/comments?post=425"}],"version-history":[{"count":3,"href":"https:\/\/tipanierdeshauts.re\/index.php\/wp-json\/wp\/v2\/product\/425\/revisions"}],"predecessor-version":[{"id":1034,"href":"https:\/\/tipanierdeshauts.re\/index.php\/wp-json\/wp\/v2\/product\/425\/revisions\/1034"}],"wp:featuredmedia":[{"embeddable":true,"href":"https:\/\/tipanierdeshauts.re\/index.php\/wp-json\/wp\/v2\/media\/427"}],"wp:attachment":[{"href":"https:\/\/tipanierdeshauts.re\/index.php\/wp-json\/wp\/v2\/media?parent=425"}],"wp:term":[{"taxonomy":"product_cat","embeddable":true,"href":"https:\/\/tipanierdeshauts.re\/index.php\/wp-json\/wp\/v2\/product_cat?post=425"},{"taxonomy":"product_tag","embeddable":true,"href":"https:\/\/tipanierdeshauts.re\/index.php\/wp-json\/wp\/v2\/product_tag?post=425"}],"curies":[{"name":"wp","href":"https:\/\/api.w.org\/{rel}","templated":true}]}}