{"id":431,"date":"2023-03-14T10:45:12","date_gmt":"2023-03-14T06:45:12","guid":{"rendered":"http:\/\/tipanierdeshauts.re\/?post_type=product&#038;p=431"},"modified":"2024-02-22T14:55:15","modified_gmt":"2024-02-22T10:55:15","slug":"mini-concombre","status":"publish","type":"product","link":"https:\/\/tipanierdeshauts.re\/index.php\/product\/mini-concombre\/","title":{"rendered":"Mini-Concombre"},"content":{"rendered":"<p>Les mini-concombres sont des l\u00e9gumes de petite taille, croquants et rafra\u00eechissants, parfaits pour \u00eatre grignot\u00e9s ou ajout\u00e9s aux salades. Ils sont peu caloriques et riches en vitamine K, qui contribue \u00e0 la sant\u00e9 des os. Les mini-concombres contiennent \u00e9galement de la vitamine C, qui soutient le syst\u00e8me immunitaire, et du potassium, qui aide \u00e0 r\u00e9guler la tension art\u00e9rielle.<\/p>\n<p>Pour savourer les mini-concombres, coupez-les en rondelles et ajoutez-les \u00e0 votre salade pr\u00e9f\u00e9r\u00e9e, ou grignotez-les comme en-cas sain avec du houmous ou du tzatziki. Pour une recette simple et rafra\u00eechissante, m\u00e9langez des mini-concombres tranch\u00e9s avec de la menthe hach\u00e9e, de l&rsquo;huile d&rsquo;olive et du jus de citron pour obtenir une salade d\u00e9licieuse et facile \u00e0 pr\u00e9parer.<\/p>\n","protected":false},"excerpt":{"rendered":"<p>Les mini-concombres sont des l\u00e9gumes de petite taille, croquants et rafra\u00eechissants, parfaits pour \u00eatre grignot\u00e9s ou ajout\u00e9s aux salades. Ils sont peu caloriques et riches en vitamine K, qui contribue \u00e0 la sant\u00e9 des os. Les mini-concombres contiennent \u00e9galement de la vitamine C, qui soutient le syst\u00e8me immunitaire, et du potassium, qui aide \u00e0 r\u00e9guler [&hellip;]<\/p>\n","protected":false},"featured_media":432,"comment_status":"open","ping_status":"closed","template":"","meta":[],"product_cat":[19],"product_tag":[],"class_list":["post-431","product","type-product","status-publish","has-post-thumbnail","hentry","product_cat-legumes"],"yoast_head":"<!-- This site is optimized with the Yoast SEO plugin v20.4 - https:\/\/yoast.com\/wordpress\/plugins\/seo\/ -->\n<title>Mini-Concombre - Ti panier des hauts<\/title>\n<meta name=\"robots\" content=\"index, follow, max-snippet:-1, max-image-preview:large, max-video-preview:-1\" \/>\n<link rel=\"canonical\" href=\"https:\/\/tipanierdeshauts.re\/index.php\/product\/mini-concombre\/\" \/>\n<meta property=\"og:locale\" content=\"fr_FR\" \/>\n<meta property=\"og:type\" content=\"article\" \/>\n<meta property=\"og:title\" content=\"Mini-Concombre - Ti panier des hauts\" \/>\n<meta property=\"og:description\" content=\"Les mini-concombres sont des l\u00e9gumes de petite taille, croquants et rafra\u00eechissants, parfaits pour \u00eatre grignot\u00e9s ou ajout\u00e9s aux salades. Ils sont peu caloriques et riches en vitamine K, qui contribue \u00e0 la sant\u00e9 des os. Les mini-concombres contiennent \u00e9galement de la vitamine C, qui soutient le syst\u00e8me immunitaire, et du potassium, qui aide \u00e0 r\u00e9guler [&hellip;]\" \/>\n<meta property=\"og:url\" content=\"https:\/\/tipanierdeshauts.re\/index.php\/product\/mini-concombre\/\" \/>\n<meta property=\"og:site_name\" content=\"Ti panier des hauts\" \/>\n<meta property=\"article:modified_time\" content=\"2024-02-22T10:55:15+00:00\" \/>\n<meta property=\"og:image\" content=\"https:\/\/tipanierdeshauts.re\/wp-content\/uploads\/2023\/03\/mini-cucumbers-on-white-marble-ready-to-cook-and-2022-10-20-19-52-26-utc__2_-removebg-preview-1.png\" \/>\n\t<meta property=\"og:image:width\" content=\"612\" \/>\n\t<meta property=\"og:image:height\" content=\"408\" \/>\n\t<meta property=\"og:image:type\" content=\"image\/png\" \/>\n<meta name=\"twitter:card\" content=\"summary_large_image\" \/>\n<meta name=\"twitter:label1\" content=\"Dur\u00e9e de lecture estim\u00e9e\" \/>\n\t<meta name=\"twitter:data1\" content=\"1 minute\" \/>\n<script type=\"application\/ld+json\" class=\"yoast-schema-graph\">{\"@context\":\"https:\/\/schema.org\",\"@graph\":[{\"@type\":\"WebPage\",\"@id\":\"https:\/\/tipanierdeshauts.re\/index.php\/product\/mini-concombre\/\",\"url\":\"https:\/\/tipanierdeshauts.re\/index.php\/product\/mini-concombre\/\",\"name\":\"Mini-Concombre - Ti panier des hauts\",\"isPartOf\":{\"@id\":\"https:\/\/tipanierdeshauts.re\/#website\"},\"datePublished\":\"2023-03-14T06:45:12+00:00\",\"dateModified\":\"2024-02-22T10:55:15+00:00\",\"breadcrumb\":{\"@id\":\"https:\/\/tipanierdeshauts.re\/index.php\/product\/mini-concombre\/#breadcrumb\"},\"inLanguage\":\"fr-FR\",\"potentialAction\":[{\"@type\":\"ReadAction\",\"target\":[\"https:\/\/tipanierdeshauts.re\/index.php\/product\/mini-concombre\/\"]}]},{\"@type\":\"BreadcrumbList\",\"@id\":\"https:\/\/tipanierdeshauts.re\/index.php\/product\/mini-concombre\/#breadcrumb\",\"itemListElement\":[{\"@type\":\"ListItem\",\"position\":1,\"name\":\"Accueil\",\"item\":\"https:\/\/tipanierdeshauts.re\/\"},{\"@type\":\"ListItem\",\"position\":2,\"name\":\"Products\",\"item\":\"https:\/\/tipanierdeshauts.re\/index.php\/shop\/\"},{\"@type\":\"ListItem\",\"position\":3,\"name\":\"Mini-Concombre\"}]},{\"@type\":\"WebSite\",\"@id\":\"https:\/\/tipanierdeshauts.re\/#website\",\"url\":\"https:\/\/tipanierdeshauts.re\/\",\"name\":\"Ti panier des hauts\",\"description\":\"Fruits, L\u00e9gumes frais et charcuterie\",\"publisher\":{\"@id\":\"https:\/\/tipanierdeshauts.re\/#organization\"},\"potentialAction\":[{\"@type\":\"SearchAction\",\"target\":{\"@type\":\"EntryPoint\",\"urlTemplate\":\"https:\/\/tipanierdeshauts.re\/?s={search_term_string}\"},\"query-input\":\"required name=search_term_string\"}],\"inLanguage\":\"fr-FR\"},{\"@type\":\"Organization\",\"@id\":\"https:\/\/tipanierdeshauts.re\/#organization\",\"name\":\"Ti panier des hauts\",\"url\":\"https:\/\/tipanierdeshauts.re\/\",\"logo\":{\"@type\":\"ImageObject\",\"inLanguage\":\"fr-FR\",\"@id\":\"https:\/\/tipanierdeshauts.re\/#\/schema\/logo\/image\/\",\"url\":\"https:\/\/tipanierdeshauts.re\/wp-content\/uploads\/2023\/03\/Ti-panier-des-hauts-logo-1.png\",\"contentUrl\":\"https:\/\/tipanierdeshauts.re\/wp-content\/uploads\/2023\/03\/Ti-panier-des-hauts-logo-1.png\",\"width\":1834,\"height\":962,\"caption\":\"Ti panier des hauts\"},\"image\":{\"@id\":\"https:\/\/tipanierdeshauts.re\/#\/schema\/logo\/image\/\"}}]}<\/script>\n<!-- \/ Yoast SEO plugin. -->","yoast_head_json":{"title":"Mini-Concombre - Ti panier des hauts","robots":{"index":"index","follow":"follow","max-snippet":"max-snippet:-1","max-image-preview":"max-image-preview:large","max-video-preview":"max-video-preview:-1"},"canonical":"https:\/\/tipanierdeshauts.re\/index.php\/product\/mini-concombre\/","og_locale":"fr_FR","og_type":"article","og_title":"Mini-Concombre - Ti panier des hauts","og_description":"Les mini-concombres sont des l\u00e9gumes de petite taille, croquants et rafra\u00eechissants, parfaits pour \u00eatre grignot\u00e9s ou ajout\u00e9s aux salades. Ils sont peu caloriques et riches en vitamine K, qui contribue \u00e0 la sant\u00e9 des os. Les mini-concombres contiennent \u00e9galement de la vitamine C, qui soutient le syst\u00e8me immunitaire, et du potassium, qui aide \u00e0 r\u00e9guler [&hellip;]","og_url":"https:\/\/tipanierdeshauts.re\/index.php\/product\/mini-concombre\/","og_site_name":"Ti panier des hauts","article_modified_time":"2024-02-22T10:55:15+00:00","og_image":[{"width":612,"height":408,"url":"https:\/\/tipanierdeshauts.re\/wp-content\/uploads\/2023\/03\/mini-cucumbers-on-white-marble-ready-to-cook-and-2022-10-20-19-52-26-utc__2_-removebg-preview-1.png","type":"image\/png"}],"twitter_card":"summary_large_image","twitter_misc":{"Dur\u00e9e de lecture estim\u00e9e":"1 minute"},"schema":{"@context":"https:\/\/schema.org","@graph":[{"@type":"WebPage","@id":"https:\/\/tipanierdeshauts.re\/index.php\/product\/mini-concombre\/","url":"https:\/\/tipanierdeshauts.re\/index.php\/product\/mini-concombre\/","name":"Mini-Concombre - Ti panier des hauts","isPartOf":{"@id":"https:\/\/tipanierdeshauts.re\/#website"},"datePublished":"2023-03-14T06:45:12+00:00","dateModified":"2024-02-22T10:55:15+00:00","breadcrumb":{"@id":"https:\/\/tipanierdeshauts.re\/index.php\/product\/mini-concombre\/#breadcrumb"},"inLanguage":"fr-FR","potentialAction":[{"@type":"ReadAction","target":["https:\/\/tipanierdeshauts.re\/index.php\/product\/mini-concombre\/"]}]},{"@type":"BreadcrumbList","@id":"https:\/\/tipanierdeshauts.re\/index.php\/product\/mini-concombre\/#breadcrumb","itemListElement":[{"@type":"ListItem","position":1,"name":"Accueil","item":"https:\/\/tipanierdeshauts.re\/"},{"@type":"ListItem","position":2,"name":"Products","item":"https:\/\/tipanierdeshauts.re\/index.php\/shop\/"},{"@type":"ListItem","position":3,"name":"Mini-Concombre"}]},{"@type":"WebSite","@id":"https:\/\/tipanierdeshauts.re\/#website","url":"https:\/\/tipanierdeshauts.re\/","name":"Ti panier des hauts","description":"Fruits, L\u00e9gumes frais et charcuterie","publisher":{"@id":"https:\/\/tipanierdeshauts.re\/#organization"},"potentialAction":[{"@type":"SearchAction","target":{"@type":"EntryPoint","urlTemplate":"https:\/\/tipanierdeshauts.re\/?s={search_term_string}"},"query-input":"required name=search_term_string"}],"inLanguage":"fr-FR"},{"@type":"Organization","@id":"https:\/\/tipanierdeshauts.re\/#organization","name":"Ti panier des hauts","url":"https:\/\/tipanierdeshauts.re\/","logo":{"@type":"ImageObject","inLanguage":"fr-FR","@id":"https:\/\/tipanierdeshauts.re\/#\/schema\/logo\/image\/","url":"https:\/\/tipanierdeshauts.re\/wp-content\/uploads\/2023\/03\/Ti-panier-des-hauts-logo-1.png","contentUrl":"https:\/\/tipanierdeshauts.re\/wp-content\/uploads\/2023\/03\/Ti-panier-des-hauts-logo-1.png","width":1834,"height":962,"caption":"Ti panier des hauts"},"image":{"@id":"https:\/\/tipanierdeshauts.re\/#\/schema\/logo\/image\/"}}]}},"_links":{"self":[{"href":"https:\/\/tipanierdeshauts.re\/index.php\/wp-json\/wp\/v2\/product\/431","targetHints":{"allow":["GET"]}}],"collection":[{"href":"https:\/\/tipanierdeshauts.re\/index.php\/wp-json\/wp\/v2\/product"}],"about":[{"href":"https:\/\/tipanierdeshauts.re\/index.php\/wp-json\/wp\/v2\/types\/product"}],"replies":[{"embeddable":true,"href":"https:\/\/tipanierdeshauts.re\/index.php\/wp-json\/wp\/v2\/comments?post=431"}],"version-history":[{"count":2,"href":"https:\/\/tipanierdeshauts.re\/index.php\/wp-json\/wp\/v2\/product\/431\/revisions"}],"predecessor-version":[{"id":1068,"href":"https:\/\/tipanierdeshauts.re\/index.php\/wp-json\/wp\/v2\/product\/431\/revisions\/1068"}],"wp:featuredmedia":[{"embeddable":true,"href":"https:\/\/tipanierdeshauts.re\/index.php\/wp-json\/wp\/v2\/media\/432"}],"wp:attachment":[{"href":"https:\/\/tipanierdeshauts.re\/index.php\/wp-json\/wp\/v2\/media?parent=431"}],"wp:term":[{"taxonomy":"product_cat","embeddable":true,"href":"https:\/\/tipanierdeshauts.re\/index.php\/wp-json\/wp\/v2\/product_cat?post=431"},{"taxonomy":"product_tag","embeddable":true,"href":"https:\/\/tipanierdeshauts.re\/index.php\/wp-json\/wp\/v2\/product_tag?post=431"}],"curies":[{"name":"wp","href":"https:\/\/api.w.org\/{rel}","templated":true}]}}