{"id":434,"date":"2023-03-14T10:49:48","date_gmt":"2023-03-14T06:49:48","guid":{"rendered":"http:\/\/tipanierdeshauts.re\/?post_type=product&#038;p=434"},"modified":"2024-02-22T14:55:06","modified_gmt":"2024-02-22T10:55:06","slug":"navet","status":"publish","type":"product","link":"https:\/\/tipanierdeshauts.re\/index.php\/product\/navet\/","title":{"rendered":"Navet"},"content":{"rendered":"<p>Le navet est un l\u00e9gume-racine au go\u00fbt l\u00e9g\u00e8rement sucr\u00e9 et poivr\u00e9. Il constitue une excellente source de vitamine C, de fibres et d&rsquo;antioxydants qui contribuent \u00e0 renforcer l&rsquo;immunit\u00e9, \u00e0 am\u00e9liorer la digestion et \u00e0 favoriser la sant\u00e9 de la peau. Les navets peuvent \u00eatre consomm\u00e9s crus, r\u00f4tis, bouillis, \u00e9cras\u00e9s ou utilis\u00e9s dans les couscous et les soupes.<\/p>\n<p>Une recette simple et d\u00e9licieuse de navet est celle des frites de navet r\u00f4ti. Coupez les navets en forme de frites, m\u00e9langez-les \u00e0 de l&rsquo;huile d&rsquo;olive et \u00e0 vos \u00e9pices pr\u00e9f\u00e9r\u00e9es, et faites-les r\u00f4tir au four pendant 20 \u00e0 25 minutes jusqu&rsquo;\u00e0 ce qu&rsquo;elles soient croustillantes. Cet en-cas savoureux est une alternative saine aux frites traditionnelles et un excellent moyen d&rsquo;int\u00e9grer davantage de navets dans votre alimentation.<\/p>\n<p>Chaque semaine, Ti Panier des hauts vous propose des navets frais et croquants \u00e0 ajouter \u00e0 votre panier.<\/p>\n","protected":false},"excerpt":{"rendered":"<p>Le navet est un l\u00e9gume-racine au go\u00fbt l\u00e9g\u00e8rement sucr\u00e9 et poivr\u00e9. Il constitue une excellente source de vitamine C, de fibres et d&rsquo;antioxydants qui contribuent \u00e0 renforcer l&rsquo;immunit\u00e9, \u00e0 am\u00e9liorer la digestion et \u00e0 favoriser la sant\u00e9 de la peau. Les navets peuvent \u00eatre consomm\u00e9s crus, r\u00f4tis, bouillis, \u00e9cras\u00e9s ou utilis\u00e9s dans les couscous et [&hellip;]<\/p>\n","protected":false},"featured_media":435,"comment_status":"open","ping_status":"closed","template":"","meta":[],"product_cat":[19],"product_tag":[],"class_list":["post-434","product","type-product","status-publish","has-post-thumbnail","hentry","product_cat-legumes"],"yoast_head":"<!-- This site is optimized with the Yoast SEO plugin v20.4 - https:\/\/yoast.com\/wordpress\/plugins\/seo\/ -->\n<title>Navet - Ti panier des hauts<\/title>\n<meta name=\"robots\" content=\"index, follow, max-snippet:-1, max-image-preview:large, max-video-preview:-1\" \/>\n<link rel=\"canonical\" href=\"https:\/\/tipanierdeshauts.re\/index.php\/product\/navet\/\" \/>\n<meta property=\"og:locale\" content=\"fr_FR\" \/>\n<meta property=\"og:type\" content=\"article\" \/>\n<meta property=\"og:title\" content=\"Navet - Ti panier des hauts\" \/>\n<meta property=\"og:description\" content=\"Le navet est un l\u00e9gume-racine au go\u00fbt l\u00e9g\u00e8rement sucr\u00e9 et poivr\u00e9. Il constitue une excellente source de vitamine C, de fibres et d&rsquo;antioxydants qui contribuent \u00e0 renforcer l&rsquo;immunit\u00e9, \u00e0 am\u00e9liorer la digestion et \u00e0 favoriser la sant\u00e9 de la peau. Les navets peuvent \u00eatre consomm\u00e9s crus, r\u00f4tis, bouillis, \u00e9cras\u00e9s ou utilis\u00e9s dans les couscous et [&hellip;]\" \/>\n<meta property=\"og:url\" content=\"https:\/\/tipanierdeshauts.re\/index.php\/product\/navet\/\" \/>\n<meta property=\"og:site_name\" content=\"Ti panier des hauts\" \/>\n<meta property=\"article:modified_time\" content=\"2024-02-22T10:55:06+00:00\" \/>\n<meta property=\"og:image\" content=\"https:\/\/tipanierdeshauts.re\/wp-content\/uploads\/2023\/03\/Navet-scaled.jpg\" \/>\n\t<meta property=\"og:image:width\" content=\"1920\" \/>\n\t<meta property=\"og:image:height\" content=\"2560\" \/>\n\t<meta property=\"og:image:type\" content=\"image\/jpeg\" \/>\n<meta name=\"twitter:card\" content=\"summary_large_image\" \/>\n<meta name=\"twitter:label1\" content=\"Dur\u00e9e de lecture estim\u00e9e\" \/>\n\t<meta name=\"twitter:data1\" content=\"1 minute\" \/>\n<script type=\"application\/ld+json\" class=\"yoast-schema-graph\">{\"@context\":\"https:\/\/schema.org\",\"@graph\":[{\"@type\":\"WebPage\",\"@id\":\"https:\/\/tipanierdeshauts.re\/index.php\/product\/navet\/\",\"url\":\"https:\/\/tipanierdeshauts.re\/index.php\/product\/navet\/\",\"name\":\"Navet - Ti panier des hauts\",\"isPartOf\":{\"@id\":\"https:\/\/tipanierdeshauts.re\/#website\"},\"datePublished\":\"2023-03-14T06:49:48+00:00\",\"dateModified\":\"2024-02-22T10:55:06+00:00\",\"breadcrumb\":{\"@id\":\"https:\/\/tipanierdeshauts.re\/index.php\/product\/navet\/#breadcrumb\"},\"inLanguage\":\"fr-FR\",\"potentialAction\":[{\"@type\":\"ReadAction\",\"target\":[\"https:\/\/tipanierdeshauts.re\/index.php\/product\/navet\/\"]}]},{\"@type\":\"BreadcrumbList\",\"@id\":\"https:\/\/tipanierdeshauts.re\/index.php\/product\/navet\/#breadcrumb\",\"itemListElement\":[{\"@type\":\"ListItem\",\"position\":1,\"name\":\"Accueil\",\"item\":\"https:\/\/tipanierdeshauts.re\/\"},{\"@type\":\"ListItem\",\"position\":2,\"name\":\"Products\",\"item\":\"https:\/\/tipanierdeshauts.re\/index.php\/shop\/\"},{\"@type\":\"ListItem\",\"position\":3,\"name\":\"Navet\"}]},{\"@type\":\"WebSite\",\"@id\":\"https:\/\/tipanierdeshauts.re\/#website\",\"url\":\"https:\/\/tipanierdeshauts.re\/\",\"name\":\"Ti panier des hauts\",\"description\":\"Fruits, L\u00e9gumes frais et charcuterie\",\"publisher\":{\"@id\":\"https:\/\/tipanierdeshauts.re\/#organization\"},\"potentialAction\":[{\"@type\":\"SearchAction\",\"target\":{\"@type\":\"EntryPoint\",\"urlTemplate\":\"https:\/\/tipanierdeshauts.re\/?s={search_term_string}\"},\"query-input\":\"required name=search_term_string\"}],\"inLanguage\":\"fr-FR\"},{\"@type\":\"Organization\",\"@id\":\"https:\/\/tipanierdeshauts.re\/#organization\",\"name\":\"Ti panier des hauts\",\"url\":\"https:\/\/tipanierdeshauts.re\/\",\"logo\":{\"@type\":\"ImageObject\",\"inLanguage\":\"fr-FR\",\"@id\":\"https:\/\/tipanierdeshauts.re\/#\/schema\/logo\/image\/\",\"url\":\"https:\/\/tipanierdeshauts.re\/wp-content\/uploads\/2023\/03\/Ti-panier-des-hauts-logo-1.png\",\"contentUrl\":\"https:\/\/tipanierdeshauts.re\/wp-content\/uploads\/2023\/03\/Ti-panier-des-hauts-logo-1.png\",\"width\":1834,\"height\":962,\"caption\":\"Ti panier des hauts\"},\"image\":{\"@id\":\"https:\/\/tipanierdeshauts.re\/#\/schema\/logo\/image\/\"}}]}<\/script>\n<!-- \/ Yoast SEO plugin. -->","yoast_head_json":{"title":"Navet - Ti panier des hauts","robots":{"index":"index","follow":"follow","max-snippet":"max-snippet:-1","max-image-preview":"max-image-preview:large","max-video-preview":"max-video-preview:-1"},"canonical":"https:\/\/tipanierdeshauts.re\/index.php\/product\/navet\/","og_locale":"fr_FR","og_type":"article","og_title":"Navet - Ti panier des hauts","og_description":"Le navet est un l\u00e9gume-racine au go\u00fbt l\u00e9g\u00e8rement sucr\u00e9 et poivr\u00e9. Il constitue une excellente source de vitamine C, de fibres et d&rsquo;antioxydants qui contribuent \u00e0 renforcer l&rsquo;immunit\u00e9, \u00e0 am\u00e9liorer la digestion et \u00e0 favoriser la sant\u00e9 de la peau. Les navets peuvent \u00eatre consomm\u00e9s crus, r\u00f4tis, bouillis, \u00e9cras\u00e9s ou utilis\u00e9s dans les couscous et [&hellip;]","og_url":"https:\/\/tipanierdeshauts.re\/index.php\/product\/navet\/","og_site_name":"Ti panier des hauts","article_modified_time":"2024-02-22T10:55:06+00:00","og_image":[{"width":1920,"height":2560,"url":"https:\/\/tipanierdeshauts.re\/wp-content\/uploads\/2023\/03\/Navet-scaled.jpg","type":"image\/jpeg"}],"twitter_card":"summary_large_image","twitter_misc":{"Dur\u00e9e de lecture estim\u00e9e":"1 minute"},"schema":{"@context":"https:\/\/schema.org","@graph":[{"@type":"WebPage","@id":"https:\/\/tipanierdeshauts.re\/index.php\/product\/navet\/","url":"https:\/\/tipanierdeshauts.re\/index.php\/product\/navet\/","name":"Navet - Ti panier des hauts","isPartOf":{"@id":"https:\/\/tipanierdeshauts.re\/#website"},"datePublished":"2023-03-14T06:49:48+00:00","dateModified":"2024-02-22T10:55:06+00:00","breadcrumb":{"@id":"https:\/\/tipanierdeshauts.re\/index.php\/product\/navet\/#breadcrumb"},"inLanguage":"fr-FR","potentialAction":[{"@type":"ReadAction","target":["https:\/\/tipanierdeshauts.re\/index.php\/product\/navet\/"]}]},{"@type":"BreadcrumbList","@id":"https:\/\/tipanierdeshauts.re\/index.php\/product\/navet\/#breadcrumb","itemListElement":[{"@type":"ListItem","position":1,"name":"Accueil","item":"https:\/\/tipanierdeshauts.re\/"},{"@type":"ListItem","position":2,"name":"Products","item":"https:\/\/tipanierdeshauts.re\/index.php\/shop\/"},{"@type":"ListItem","position":3,"name":"Navet"}]},{"@type":"WebSite","@id":"https:\/\/tipanierdeshauts.re\/#website","url":"https:\/\/tipanierdeshauts.re\/","name":"Ti panier des hauts","description":"Fruits, L\u00e9gumes frais et charcuterie","publisher":{"@id":"https:\/\/tipanierdeshauts.re\/#organization"},"potentialAction":[{"@type":"SearchAction","target":{"@type":"EntryPoint","urlTemplate":"https:\/\/tipanierdeshauts.re\/?s={search_term_string}"},"query-input":"required name=search_term_string"}],"inLanguage":"fr-FR"},{"@type":"Organization","@id":"https:\/\/tipanierdeshauts.re\/#organization","name":"Ti panier des hauts","url":"https:\/\/tipanierdeshauts.re\/","logo":{"@type":"ImageObject","inLanguage":"fr-FR","@id":"https:\/\/tipanierdeshauts.re\/#\/schema\/logo\/image\/","url":"https:\/\/tipanierdeshauts.re\/wp-content\/uploads\/2023\/03\/Ti-panier-des-hauts-logo-1.png","contentUrl":"https:\/\/tipanierdeshauts.re\/wp-content\/uploads\/2023\/03\/Ti-panier-des-hauts-logo-1.png","width":1834,"height":962,"caption":"Ti panier des hauts"},"image":{"@id":"https:\/\/tipanierdeshauts.re\/#\/schema\/logo\/image\/"}}]}},"_links":{"self":[{"href":"https:\/\/tipanierdeshauts.re\/index.php\/wp-json\/wp\/v2\/product\/434","targetHints":{"allow":["GET"]}}],"collection":[{"href":"https:\/\/tipanierdeshauts.re\/index.php\/wp-json\/wp\/v2\/product"}],"about":[{"href":"https:\/\/tipanierdeshauts.re\/index.php\/wp-json\/wp\/v2\/types\/product"}],"replies":[{"embeddable":true,"href":"https:\/\/tipanierdeshauts.re\/index.php\/wp-json\/wp\/v2\/comments?post=434"}],"version-history":[{"count":3,"href":"https:\/\/tipanierdeshauts.re\/index.php\/wp-json\/wp\/v2\/product\/434\/revisions"}],"predecessor-version":[{"id":1070,"href":"https:\/\/tipanierdeshauts.re\/index.php\/wp-json\/wp\/v2\/product\/434\/revisions\/1070"}],"wp:featuredmedia":[{"embeddable":true,"href":"https:\/\/tipanierdeshauts.re\/index.php\/wp-json\/wp\/v2\/media\/435"}],"wp:attachment":[{"href":"https:\/\/tipanierdeshauts.re\/index.php\/wp-json\/wp\/v2\/media?parent=434"}],"wp:term":[{"taxonomy":"product_cat","embeddable":true,"href":"https:\/\/tipanierdeshauts.re\/index.php\/wp-json\/wp\/v2\/product_cat?post=434"},{"taxonomy":"product_tag","embeddable":true,"href":"https:\/\/tipanierdeshauts.re\/index.php\/wp-json\/wp\/v2\/product_tag?post=434"}],"curies":[{"name":"wp","href":"https:\/\/api.w.org\/{rel}","templated":true}]}}