{"id":437,"date":"2023-03-14T11:08:27","date_gmt":"2023-03-14T07:08:27","guid":{"rendered":"http:\/\/tipanierdeshauts.re\/?post_type=product&#038;p=437"},"modified":"2024-02-22T14:54:52","modified_gmt":"2024-02-22T10:54:52","slug":"patate-douce-blanche","status":"publish","type":"product","link":"https:\/\/tipanierdeshauts.re\/index.php\/product\/patate-douce-blanche\/","title":{"rendered":"Patate douce blanche"},"content":{"rendered":"<p>La patate douce blanche est un l\u00e9gume-racine nutritif avec un go\u00fbt l\u00e9g\u00e8rement sucr\u00e9. La qualit\u00e9 de leurs nutriments rend les patates douces b\u00e9n\u00e9fiques \u00e0 notre organisme. Du fait de la pr\u00e9sence en grande quantit\u00e9 de fibres, elles sont tr\u00e8s bonnes pour le transit et permettent d\u2019emprisonner les graisses et, ainsi, participer au contr\u00f4le du cholest\u00e9rol, elles sont un excellent compl\u00e9ment \u00e0 un r\u00e9gime alimentaire sain.<\/p>\n<p>De mani\u00e8re g\u00e9n\u00e9rale, la patate douce peut remplacer la pomme de terre (en quantit\u00e9 \u00e9quivalente et type de cuisson similaire) dans bon nombre de recettes\u00a0: soupes\/velout\u00e9s, pur\u00e9e, frites, chips, gratin\u2026<\/p>\n<p>N&rsquo;h\u00e9sitez pas \u00e0 commander de la patate douce dans vos paniers pour des recettes vari\u00e9es, en plat, accompagnement ou p\u00e2tisseries (un bon g\u00e2teau patate! ), elles vous fourniront l&rsquo;avantage d&rsquo;une \u00e9nergie durable tout en favorisant votre sant\u00e9 en g\u00e9n\u00e9ral.<\/p>\n<p>&nbsp;<\/p>\n<p>&nbsp;<\/p>\n","protected":false},"excerpt":{"rendered":"<p>La patate douce blanche est un l\u00e9gume-racine nutritif avec un go\u00fbt l\u00e9g\u00e8rement sucr\u00e9. La qualit\u00e9 de leurs nutriments rend les patates douces b\u00e9n\u00e9fiques \u00e0 notre organisme. Du fait de la pr\u00e9sence en grande quantit\u00e9 de fibres, elles sont tr\u00e8s bonnes pour le transit et permettent d\u2019emprisonner les graisses et, ainsi, participer au contr\u00f4le du cholest\u00e9rol, [&hellip;]<\/p>\n","protected":false},"featured_media":440,"comment_status":"open","ping_status":"closed","template":"","meta":[],"product_cat":[19],"product_tag":[],"class_list":["post-437","product","type-product","status-publish","has-post-thumbnail","hentry","product_cat-legumes"],"yoast_head":"<!-- This site is optimized with the Yoast SEO plugin v20.4 - https:\/\/yoast.com\/wordpress\/plugins\/seo\/ -->\n<title>Patate douce blanche - Ti panier des hauts<\/title>\n<meta name=\"robots\" content=\"index, follow, max-snippet:-1, max-image-preview:large, max-video-preview:-1\" \/>\n<link rel=\"canonical\" href=\"https:\/\/tipanierdeshauts.re\/index.php\/product\/patate-douce-blanche\/\" \/>\n<meta property=\"og:locale\" content=\"fr_FR\" \/>\n<meta property=\"og:type\" content=\"article\" \/>\n<meta property=\"og:title\" content=\"Patate douce blanche - Ti panier des hauts\" \/>\n<meta property=\"og:description\" content=\"La patate douce blanche est un l\u00e9gume-racine nutritif avec un go\u00fbt l\u00e9g\u00e8rement sucr\u00e9. La qualit\u00e9 de leurs nutriments rend les patates douces b\u00e9n\u00e9fiques \u00e0 notre organisme. Du fait de la pr\u00e9sence en grande quantit\u00e9 de fibres, elles sont tr\u00e8s bonnes pour le transit et permettent d\u2019emprisonner les graisses et, ainsi, participer au contr\u00f4le du cholest\u00e9rol, [&hellip;]\" \/>\n<meta property=\"og:url\" content=\"https:\/\/tipanierdeshauts.re\/index.php\/product\/patate-douce-blanche\/\" \/>\n<meta property=\"og:site_name\" content=\"Ti panier des hauts\" \/>\n<meta property=\"article:modified_time\" content=\"2024-02-22T10:54:52+00:00\" \/>\n<meta property=\"og:image\" content=\"https:\/\/tipanierdeshauts.re\/wp-content\/uploads\/2023\/03\/white-sweet-potatoes-2021-08-26-16-56-19-utc-removebg-preview.png\" \/>\n\t<meta property=\"og:image:width\" content=\"612\" \/>\n\t<meta property=\"og:image:height\" content=\"408\" \/>\n\t<meta property=\"og:image:type\" content=\"image\/png\" \/>\n<meta name=\"twitter:card\" content=\"summary_large_image\" \/>\n<meta name=\"twitter:label1\" content=\"Dur\u00e9e de lecture estim\u00e9e\" \/>\n\t<meta name=\"twitter:data1\" content=\"1 minute\" \/>\n<script type=\"application\/ld+json\" class=\"yoast-schema-graph\">{\"@context\":\"https:\/\/schema.org\",\"@graph\":[{\"@type\":\"WebPage\",\"@id\":\"https:\/\/tipanierdeshauts.re\/index.php\/product\/patate-douce-blanche\/\",\"url\":\"https:\/\/tipanierdeshauts.re\/index.php\/product\/patate-douce-blanche\/\",\"name\":\"Patate douce blanche - Ti panier des hauts\",\"isPartOf\":{\"@id\":\"https:\/\/tipanierdeshauts.re\/#website\"},\"datePublished\":\"2023-03-14T07:08:27+00:00\",\"dateModified\":\"2024-02-22T10:54:52+00:00\",\"breadcrumb\":{\"@id\":\"https:\/\/tipanierdeshauts.re\/index.php\/product\/patate-douce-blanche\/#breadcrumb\"},\"inLanguage\":\"fr-FR\",\"potentialAction\":[{\"@type\":\"ReadAction\",\"target\":[\"https:\/\/tipanierdeshauts.re\/index.php\/product\/patate-douce-blanche\/\"]}]},{\"@type\":\"BreadcrumbList\",\"@id\":\"https:\/\/tipanierdeshauts.re\/index.php\/product\/patate-douce-blanche\/#breadcrumb\",\"itemListElement\":[{\"@type\":\"ListItem\",\"position\":1,\"name\":\"Accueil\",\"item\":\"https:\/\/tipanierdeshauts.re\/\"},{\"@type\":\"ListItem\",\"position\":2,\"name\":\"Products\",\"item\":\"https:\/\/tipanierdeshauts.re\/index.php\/shop\/\"},{\"@type\":\"ListItem\",\"position\":3,\"name\":\"Patate douce blanche\"}]},{\"@type\":\"WebSite\",\"@id\":\"https:\/\/tipanierdeshauts.re\/#website\",\"url\":\"https:\/\/tipanierdeshauts.re\/\",\"name\":\"Ti panier des hauts\",\"description\":\"Fruits, L\u00e9gumes frais et charcuterie\",\"publisher\":{\"@id\":\"https:\/\/tipanierdeshauts.re\/#organization\"},\"potentialAction\":[{\"@type\":\"SearchAction\",\"target\":{\"@type\":\"EntryPoint\",\"urlTemplate\":\"https:\/\/tipanierdeshauts.re\/?s={search_term_string}\"},\"query-input\":\"required name=search_term_string\"}],\"inLanguage\":\"fr-FR\"},{\"@type\":\"Organization\",\"@id\":\"https:\/\/tipanierdeshauts.re\/#organization\",\"name\":\"Ti panier des hauts\",\"url\":\"https:\/\/tipanierdeshauts.re\/\",\"logo\":{\"@type\":\"ImageObject\",\"inLanguage\":\"fr-FR\",\"@id\":\"https:\/\/tipanierdeshauts.re\/#\/schema\/logo\/image\/\",\"url\":\"https:\/\/tipanierdeshauts.re\/wp-content\/uploads\/2023\/03\/Ti-panier-des-hauts-logo-1.png\",\"contentUrl\":\"https:\/\/tipanierdeshauts.re\/wp-content\/uploads\/2023\/03\/Ti-panier-des-hauts-logo-1.png\",\"width\":1834,\"height\":962,\"caption\":\"Ti panier des hauts\"},\"image\":{\"@id\":\"https:\/\/tipanierdeshauts.re\/#\/schema\/logo\/image\/\"}}]}<\/script>\n<!-- \/ Yoast SEO plugin. -->","yoast_head_json":{"title":"Patate douce blanche - Ti panier des hauts","robots":{"index":"index","follow":"follow","max-snippet":"max-snippet:-1","max-image-preview":"max-image-preview:large","max-video-preview":"max-video-preview:-1"},"canonical":"https:\/\/tipanierdeshauts.re\/index.php\/product\/patate-douce-blanche\/","og_locale":"fr_FR","og_type":"article","og_title":"Patate douce blanche - Ti panier des hauts","og_description":"La patate douce blanche est un l\u00e9gume-racine nutritif avec un go\u00fbt l\u00e9g\u00e8rement sucr\u00e9. La qualit\u00e9 de leurs nutriments rend les patates douces b\u00e9n\u00e9fiques \u00e0 notre organisme. Du fait de la pr\u00e9sence en grande quantit\u00e9 de fibres, elles sont tr\u00e8s bonnes pour le transit et permettent d\u2019emprisonner les graisses et, ainsi, participer au contr\u00f4le du cholest\u00e9rol, [&hellip;]","og_url":"https:\/\/tipanierdeshauts.re\/index.php\/product\/patate-douce-blanche\/","og_site_name":"Ti panier des hauts","article_modified_time":"2024-02-22T10:54:52+00:00","og_image":[{"width":612,"height":408,"url":"https:\/\/tipanierdeshauts.re\/wp-content\/uploads\/2023\/03\/white-sweet-potatoes-2021-08-26-16-56-19-utc-removebg-preview.png","type":"image\/png"}],"twitter_card":"summary_large_image","twitter_misc":{"Dur\u00e9e de lecture estim\u00e9e":"1 minute"},"schema":{"@context":"https:\/\/schema.org","@graph":[{"@type":"WebPage","@id":"https:\/\/tipanierdeshauts.re\/index.php\/product\/patate-douce-blanche\/","url":"https:\/\/tipanierdeshauts.re\/index.php\/product\/patate-douce-blanche\/","name":"Patate douce blanche - Ti panier des hauts","isPartOf":{"@id":"https:\/\/tipanierdeshauts.re\/#website"},"datePublished":"2023-03-14T07:08:27+00:00","dateModified":"2024-02-22T10:54:52+00:00","breadcrumb":{"@id":"https:\/\/tipanierdeshauts.re\/index.php\/product\/patate-douce-blanche\/#breadcrumb"},"inLanguage":"fr-FR","potentialAction":[{"@type":"ReadAction","target":["https:\/\/tipanierdeshauts.re\/index.php\/product\/patate-douce-blanche\/"]}]},{"@type":"BreadcrumbList","@id":"https:\/\/tipanierdeshauts.re\/index.php\/product\/patate-douce-blanche\/#breadcrumb","itemListElement":[{"@type":"ListItem","position":1,"name":"Accueil","item":"https:\/\/tipanierdeshauts.re\/"},{"@type":"ListItem","position":2,"name":"Products","item":"https:\/\/tipanierdeshauts.re\/index.php\/shop\/"},{"@type":"ListItem","position":3,"name":"Patate douce blanche"}]},{"@type":"WebSite","@id":"https:\/\/tipanierdeshauts.re\/#website","url":"https:\/\/tipanierdeshauts.re\/","name":"Ti panier des hauts","description":"Fruits, L\u00e9gumes frais et charcuterie","publisher":{"@id":"https:\/\/tipanierdeshauts.re\/#organization"},"potentialAction":[{"@type":"SearchAction","target":{"@type":"EntryPoint","urlTemplate":"https:\/\/tipanierdeshauts.re\/?s={search_term_string}"},"query-input":"required name=search_term_string"}],"inLanguage":"fr-FR"},{"@type":"Organization","@id":"https:\/\/tipanierdeshauts.re\/#organization","name":"Ti panier des hauts","url":"https:\/\/tipanierdeshauts.re\/","logo":{"@type":"ImageObject","inLanguage":"fr-FR","@id":"https:\/\/tipanierdeshauts.re\/#\/schema\/logo\/image\/","url":"https:\/\/tipanierdeshauts.re\/wp-content\/uploads\/2023\/03\/Ti-panier-des-hauts-logo-1.png","contentUrl":"https:\/\/tipanierdeshauts.re\/wp-content\/uploads\/2023\/03\/Ti-panier-des-hauts-logo-1.png","width":1834,"height":962,"caption":"Ti panier des hauts"},"image":{"@id":"https:\/\/tipanierdeshauts.re\/#\/schema\/logo\/image\/"}}]}},"_links":{"self":[{"href":"https:\/\/tipanierdeshauts.re\/index.php\/wp-json\/wp\/v2\/product\/437","targetHints":{"allow":["GET"]}}],"collection":[{"href":"https:\/\/tipanierdeshauts.re\/index.php\/wp-json\/wp\/v2\/product"}],"about":[{"href":"https:\/\/tipanierdeshauts.re\/index.php\/wp-json\/wp\/v2\/types\/product"}],"replies":[{"embeddable":true,"href":"https:\/\/tipanierdeshauts.re\/index.php\/wp-json\/wp\/v2\/comments?post=437"}],"version-history":[{"count":3,"href":"https:\/\/tipanierdeshauts.re\/index.php\/wp-json\/wp\/v2\/product\/437\/revisions"}],"predecessor-version":[{"id":1072,"href":"https:\/\/tipanierdeshauts.re\/index.php\/wp-json\/wp\/v2\/product\/437\/revisions\/1072"}],"wp:featuredmedia":[{"embeddable":true,"href":"https:\/\/tipanierdeshauts.re\/index.php\/wp-json\/wp\/v2\/media\/440"}],"wp:attachment":[{"href":"https:\/\/tipanierdeshauts.re\/index.php\/wp-json\/wp\/v2\/media?parent=437"}],"wp:term":[{"taxonomy":"product_cat","embeddable":true,"href":"https:\/\/tipanierdeshauts.re\/index.php\/wp-json\/wp\/v2\/product_cat?post=437"},{"taxonomy":"product_tag","embeddable":true,"href":"https:\/\/tipanierdeshauts.re\/index.php\/wp-json\/wp\/v2\/product_tag?post=437"}],"curies":[{"name":"wp","href":"https:\/\/api.w.org\/{rel}","templated":true}]}}