{"id":448,"date":"2023-03-14T11:30:12","date_gmt":"2023-03-14T07:30:12","guid":{"rendered":"http:\/\/tipanierdeshauts.re\/?post_type=product&#038;p=448"},"modified":"2024-02-22T14:54:39","modified_gmt":"2024-02-22T10:54:39","slug":"poivron-colore","status":"publish","type":"product","link":"https:\/\/tipanierdeshauts.re\/index.php\/product\/poivron-colore\/","title":{"rendered":"Poivron color\u00e9"},"content":{"rendered":"<p>Le poivron est un l\u00e9gume color\u00e9 au go\u00fbt doux et sucr\u00e9. Il existe en diff\u00e9rentes couleurs, notamment rouge, jaune et orange, et constitue une riche source de vitamine C, d&rsquo;antioxydants et de fibres alimentaires. Les poivrons peuvent \u00eatre consomm\u00e9s crus ou cuits et constituent un ingr\u00e9dient majeur dans de nombreux plats.<\/p>\n<p>On peut consommer le poivron cru dans des salades compos\u00e9es car il rel\u00e8vera l\u00e9g\u00e8rement le go\u00fbt des autres aliments. Ce l\u00e9gume est id\u00e9al pour concocter de d\u00e9licieuses sauces aigres-douces typiques des plats asiatiques ! Cuit, on peut le d\u00e9guster farci avec des l\u00e9gumes, du fromage, des f\u00e9culents tels que le riz ou le quinoa ou avec de la viande hach\u00e9e. Il agr\u00e9mente tr\u00e8s bien les tartes, pizzas, gratins, omelettes, p\u00e2tes\u2026 Il est indispensable dans certaines sp\u00e9cialit\u00e9s comme \u00a0la ratatouille ou la paella .<\/p>\n<p>Incontournable dans de nombreuses recettes, ajouter des poivrons dans votre panier apportera du soleil dans vos assiettes !<\/p>\n","protected":false},"excerpt":{"rendered":"<p>Le poivron est un l\u00e9gume color\u00e9 au go\u00fbt doux et sucr\u00e9. Il existe en diff\u00e9rentes couleurs, notamment rouge, jaune et orange, et constitue une riche source de vitamine C, d&rsquo;antioxydants et de fibres alimentaires. Les poivrons peuvent \u00eatre consomm\u00e9s crus ou cuits et constituent un ingr\u00e9dient majeur dans de nombreux plats. On peut consommer le [&hellip;]<\/p>\n","protected":false},"featured_media":450,"comment_status":"open","ping_status":"closed","template":"","meta":[],"product_cat":[19],"product_tag":[],"class_list":["post-448","product","type-product","status-publish","has-post-thumbnail","hentry","product_cat-legumes"],"yoast_head":"<!-- This site is optimized with the Yoast SEO plugin v20.4 - https:\/\/yoast.com\/wordpress\/plugins\/seo\/ -->\n<title>Poivron color\u00e9 - Ti panier des hauts<\/title>\n<meta name=\"robots\" content=\"index, follow, max-snippet:-1, max-image-preview:large, max-video-preview:-1\" \/>\n<link rel=\"canonical\" href=\"https:\/\/tipanierdeshauts.re\/index.php\/product\/poivron-colore\/\" \/>\n<meta property=\"og:locale\" content=\"fr_FR\" \/>\n<meta property=\"og:type\" content=\"article\" \/>\n<meta property=\"og:title\" content=\"Poivron color\u00e9 - Ti panier des hauts\" \/>\n<meta property=\"og:description\" content=\"Le poivron est un l\u00e9gume color\u00e9 au go\u00fbt doux et sucr\u00e9. Il existe en diff\u00e9rentes couleurs, notamment rouge, jaune et orange, et constitue une riche source de vitamine C, d&rsquo;antioxydants et de fibres alimentaires. Les poivrons peuvent \u00eatre consomm\u00e9s crus ou cuits et constituent un ingr\u00e9dient majeur dans de nombreux plats. On peut consommer le [&hellip;]\" \/>\n<meta property=\"og:url\" content=\"https:\/\/tipanierdeshauts.re\/index.php\/product\/poivron-colore\/\" \/>\n<meta property=\"og:site_name\" content=\"Ti panier des hauts\" \/>\n<meta property=\"article:modified_time\" content=\"2024-02-22T10:54:39+00:00\" \/>\n<meta property=\"og:image\" content=\"https:\/\/tipanierdeshauts.re\/wp-content\/uploads\/2023\/03\/sweet-pepper-2022-11-29-19-26-51-utc__1_-removebg-preview.png\" \/>\n\t<meta property=\"og:image:width\" content=\"568\" \/>\n\t<meta property=\"og:image:height\" content=\"439\" \/>\n\t<meta property=\"og:image:type\" content=\"image\/png\" \/>\n<meta name=\"twitter:card\" content=\"summary_large_image\" \/>\n<meta name=\"twitter:label1\" content=\"Dur\u00e9e de lecture estim\u00e9e\" \/>\n\t<meta name=\"twitter:data1\" content=\"1 minute\" \/>\n<script type=\"application\/ld+json\" class=\"yoast-schema-graph\">{\"@context\":\"https:\/\/schema.org\",\"@graph\":[{\"@type\":\"WebPage\",\"@id\":\"https:\/\/tipanierdeshauts.re\/index.php\/product\/poivron-colore\/\",\"url\":\"https:\/\/tipanierdeshauts.re\/index.php\/product\/poivron-colore\/\",\"name\":\"Poivron color\u00e9 - Ti panier des hauts\",\"isPartOf\":{\"@id\":\"https:\/\/tipanierdeshauts.re\/#website\"},\"datePublished\":\"2023-03-14T07:30:12+00:00\",\"dateModified\":\"2024-02-22T10:54:39+00:00\",\"breadcrumb\":{\"@id\":\"https:\/\/tipanierdeshauts.re\/index.php\/product\/poivron-colore\/#breadcrumb\"},\"inLanguage\":\"fr-FR\",\"potentialAction\":[{\"@type\":\"ReadAction\",\"target\":[\"https:\/\/tipanierdeshauts.re\/index.php\/product\/poivron-colore\/\"]}]},{\"@type\":\"BreadcrumbList\",\"@id\":\"https:\/\/tipanierdeshauts.re\/index.php\/product\/poivron-colore\/#breadcrumb\",\"itemListElement\":[{\"@type\":\"ListItem\",\"position\":1,\"name\":\"Accueil\",\"item\":\"https:\/\/tipanierdeshauts.re\/\"},{\"@type\":\"ListItem\",\"position\":2,\"name\":\"Products\",\"item\":\"https:\/\/tipanierdeshauts.re\/index.php\/shop\/\"},{\"@type\":\"ListItem\",\"position\":3,\"name\":\"Poivron color\u00e9\"}]},{\"@type\":\"WebSite\",\"@id\":\"https:\/\/tipanierdeshauts.re\/#website\",\"url\":\"https:\/\/tipanierdeshauts.re\/\",\"name\":\"Ti panier des hauts\",\"description\":\"Fruits, L\u00e9gumes frais et charcuterie\",\"publisher\":{\"@id\":\"https:\/\/tipanierdeshauts.re\/#organization\"},\"potentialAction\":[{\"@type\":\"SearchAction\",\"target\":{\"@type\":\"EntryPoint\",\"urlTemplate\":\"https:\/\/tipanierdeshauts.re\/?s={search_term_string}\"},\"query-input\":\"required name=search_term_string\"}],\"inLanguage\":\"fr-FR\"},{\"@type\":\"Organization\",\"@id\":\"https:\/\/tipanierdeshauts.re\/#organization\",\"name\":\"Ti panier des hauts\",\"url\":\"https:\/\/tipanierdeshauts.re\/\",\"logo\":{\"@type\":\"ImageObject\",\"inLanguage\":\"fr-FR\",\"@id\":\"https:\/\/tipanierdeshauts.re\/#\/schema\/logo\/image\/\",\"url\":\"https:\/\/tipanierdeshauts.re\/wp-content\/uploads\/2023\/03\/Ti-panier-des-hauts-logo-1.png\",\"contentUrl\":\"https:\/\/tipanierdeshauts.re\/wp-content\/uploads\/2023\/03\/Ti-panier-des-hauts-logo-1.png\",\"width\":1834,\"height\":962,\"caption\":\"Ti panier des hauts\"},\"image\":{\"@id\":\"https:\/\/tipanierdeshauts.re\/#\/schema\/logo\/image\/\"}}]}<\/script>\n<!-- \/ Yoast SEO plugin. -->","yoast_head_json":{"title":"Poivron color\u00e9 - Ti panier des hauts","robots":{"index":"index","follow":"follow","max-snippet":"max-snippet:-1","max-image-preview":"max-image-preview:large","max-video-preview":"max-video-preview:-1"},"canonical":"https:\/\/tipanierdeshauts.re\/index.php\/product\/poivron-colore\/","og_locale":"fr_FR","og_type":"article","og_title":"Poivron color\u00e9 - Ti panier des hauts","og_description":"Le poivron est un l\u00e9gume color\u00e9 au go\u00fbt doux et sucr\u00e9. Il existe en diff\u00e9rentes couleurs, notamment rouge, jaune et orange, et constitue une riche source de vitamine C, d&rsquo;antioxydants et de fibres alimentaires. Les poivrons peuvent \u00eatre consomm\u00e9s crus ou cuits et constituent un ingr\u00e9dient majeur dans de nombreux plats. On peut consommer le [&hellip;]","og_url":"https:\/\/tipanierdeshauts.re\/index.php\/product\/poivron-colore\/","og_site_name":"Ti panier des hauts","article_modified_time":"2024-02-22T10:54:39+00:00","og_image":[{"width":568,"height":439,"url":"https:\/\/tipanierdeshauts.re\/wp-content\/uploads\/2023\/03\/sweet-pepper-2022-11-29-19-26-51-utc__1_-removebg-preview.png","type":"image\/png"}],"twitter_card":"summary_large_image","twitter_misc":{"Dur\u00e9e de lecture estim\u00e9e":"1 minute"},"schema":{"@context":"https:\/\/schema.org","@graph":[{"@type":"WebPage","@id":"https:\/\/tipanierdeshauts.re\/index.php\/product\/poivron-colore\/","url":"https:\/\/tipanierdeshauts.re\/index.php\/product\/poivron-colore\/","name":"Poivron color\u00e9 - Ti panier des hauts","isPartOf":{"@id":"https:\/\/tipanierdeshauts.re\/#website"},"datePublished":"2023-03-14T07:30:12+00:00","dateModified":"2024-02-22T10:54:39+00:00","breadcrumb":{"@id":"https:\/\/tipanierdeshauts.re\/index.php\/product\/poivron-colore\/#breadcrumb"},"inLanguage":"fr-FR","potentialAction":[{"@type":"ReadAction","target":["https:\/\/tipanierdeshauts.re\/index.php\/product\/poivron-colore\/"]}]},{"@type":"BreadcrumbList","@id":"https:\/\/tipanierdeshauts.re\/index.php\/product\/poivron-colore\/#breadcrumb","itemListElement":[{"@type":"ListItem","position":1,"name":"Accueil","item":"https:\/\/tipanierdeshauts.re\/"},{"@type":"ListItem","position":2,"name":"Products","item":"https:\/\/tipanierdeshauts.re\/index.php\/shop\/"},{"@type":"ListItem","position":3,"name":"Poivron color\u00e9"}]},{"@type":"WebSite","@id":"https:\/\/tipanierdeshauts.re\/#website","url":"https:\/\/tipanierdeshauts.re\/","name":"Ti panier des hauts","description":"Fruits, L\u00e9gumes frais et charcuterie","publisher":{"@id":"https:\/\/tipanierdeshauts.re\/#organization"},"potentialAction":[{"@type":"SearchAction","target":{"@type":"EntryPoint","urlTemplate":"https:\/\/tipanierdeshauts.re\/?s={search_term_string}"},"query-input":"required name=search_term_string"}],"inLanguage":"fr-FR"},{"@type":"Organization","@id":"https:\/\/tipanierdeshauts.re\/#organization","name":"Ti panier des hauts","url":"https:\/\/tipanierdeshauts.re\/","logo":{"@type":"ImageObject","inLanguage":"fr-FR","@id":"https:\/\/tipanierdeshauts.re\/#\/schema\/logo\/image\/","url":"https:\/\/tipanierdeshauts.re\/wp-content\/uploads\/2023\/03\/Ti-panier-des-hauts-logo-1.png","contentUrl":"https:\/\/tipanierdeshauts.re\/wp-content\/uploads\/2023\/03\/Ti-panier-des-hauts-logo-1.png","width":1834,"height":962,"caption":"Ti panier des hauts"},"image":{"@id":"https:\/\/tipanierdeshauts.re\/#\/schema\/logo\/image\/"}}]}},"_links":{"self":[{"href":"https:\/\/tipanierdeshauts.re\/index.php\/wp-json\/wp\/v2\/product\/448","targetHints":{"allow":["GET"]}}],"collection":[{"href":"https:\/\/tipanierdeshauts.re\/index.php\/wp-json\/wp\/v2\/product"}],"about":[{"href":"https:\/\/tipanierdeshauts.re\/index.php\/wp-json\/wp\/v2\/types\/product"}],"replies":[{"embeddable":true,"href":"https:\/\/tipanierdeshauts.re\/index.php\/wp-json\/wp\/v2\/comments?post=448"}],"version-history":[{"count":4,"href":"https:\/\/tipanierdeshauts.re\/index.php\/wp-json\/wp\/v2\/product\/448\/revisions"}],"predecessor-version":[{"id":1077,"href":"https:\/\/tipanierdeshauts.re\/index.php\/wp-json\/wp\/v2\/product\/448\/revisions\/1077"}],"wp:featuredmedia":[{"embeddable":true,"href":"https:\/\/tipanierdeshauts.re\/index.php\/wp-json\/wp\/v2\/media\/450"}],"wp:attachment":[{"href":"https:\/\/tipanierdeshauts.re\/index.php\/wp-json\/wp\/v2\/media?parent=448"}],"wp:term":[{"taxonomy":"product_cat","embeddable":true,"href":"https:\/\/tipanierdeshauts.re\/index.php\/wp-json\/wp\/v2\/product_cat?post=448"},{"taxonomy":"product_tag","embeddable":true,"href":"https:\/\/tipanierdeshauts.re\/index.php\/wp-json\/wp\/v2\/product_tag?post=448"}],"curies":[{"name":"wp","href":"https:\/\/api.w.org\/{rel}","templated":true}]}}