{"id":452,"date":"2023-03-14T11:35:02","date_gmt":"2023-03-14T07:35:02","guid":{"rendered":"http:\/\/tipanierdeshauts.re\/?post_type=product&#038;p=452"},"modified":"2024-02-22T14:54:28","modified_gmt":"2024-02-22T10:54:28","slug":"poivron-vert","status":"publish","type":"product","link":"https:\/\/tipanierdeshauts.re\/index.php\/product\/poivron-vert\/","title":{"rendered":"Poivron vert"},"content":{"rendered":"<p>Les poivrons verts sont croquants et ont une saveur l\u00e9g\u00e8rement am\u00e8re. Ils sont couramment utilis\u00e9s dans diverses cuisines. D&rsquo;un point de vue nutritionnel, le\u00a0poivron vert est particuli\u00e8rement int\u00e9ressant. Il est riche en fibres, en vitamines A et C mais aussi en fer, en magn\u00e9sium, en calcium et en antioxydants. En plus de favoriser le transit, le poivron vert est \u00e9galement peu calorique. Pour profiter pleinement de ses vitamines et min\u00e9raux, il est pr\u00e9f\u00e9rable de le consommer cru.<\/p>\n<p>Le poivron vert peut \u00e9galement \u00eatre cuit avec d&rsquo;autres l\u00e9gumes, grill\u00e9 ou r\u00f4ti. Il se retrouve dans de nombreuses recettes comme la ratatouille dans laquelle il cohabite avec d&rsquo;autres l\u00e9gumes\u00a0 dont la tomate et la courgette, le poivron farci ou encore la piperade. Le poivron vert trouve aussi sa place sur les pizzas, dans les\u00a0cakes sal\u00e9s\u00a0et sur les\u00a0brochettes\u00a0lors des barbecues.<\/p>\n<p>Cru ou cuit, le poivron vert s\u00e9duit avec ses atouts gustatifs et nutritionnels.<\/p>\n","protected":false},"excerpt":{"rendered":"<p>Les poivrons verts sont croquants et ont une saveur l\u00e9g\u00e8rement am\u00e8re. Ils sont couramment utilis\u00e9s dans diverses cuisines. D&rsquo;un point de vue nutritionnel, le\u00a0poivron vert est particuli\u00e8rement int\u00e9ressant. Il est riche en fibres, en vitamines A et C mais aussi en fer, en magn\u00e9sium, en calcium et en antioxydants. En plus de favoriser le transit, [&hellip;]<\/p>\n","protected":false},"featured_media":454,"comment_status":"open","ping_status":"closed","template":"","meta":[],"product_cat":[19],"product_tag":[],"class_list":["post-452","product","type-product","status-publish","has-post-thumbnail","hentry","product_cat-legumes"],"yoast_head":"<!-- This site is optimized with the Yoast SEO plugin v20.4 - https:\/\/yoast.com\/wordpress\/plugins\/seo\/ -->\n<title>Poivron vert - Ti panier des hauts<\/title>\n<meta name=\"robots\" content=\"index, follow, max-snippet:-1, max-image-preview:large, max-video-preview:-1\" \/>\n<link rel=\"canonical\" href=\"https:\/\/tipanierdeshauts.re\/index.php\/product\/poivron-vert\/\" \/>\n<meta property=\"og:locale\" content=\"fr_FR\" \/>\n<meta property=\"og:type\" content=\"article\" \/>\n<meta property=\"og:title\" content=\"Poivron vert - Ti panier des hauts\" \/>\n<meta property=\"og:description\" content=\"Les poivrons verts sont croquants et ont une saveur l\u00e9g\u00e8rement am\u00e8re. Ils sont couramment utilis\u00e9s dans diverses cuisines. D&rsquo;un point de vue nutritionnel, le\u00a0poivron vert est particuli\u00e8rement int\u00e9ressant. Il est riche en fibres, en vitamines A et C mais aussi en fer, en magn\u00e9sium, en calcium et en antioxydants. En plus de favoriser le transit, [&hellip;]\" \/>\n<meta property=\"og:url\" content=\"https:\/\/tipanierdeshauts.re\/index.php\/product\/poivron-vert\/\" \/>\n<meta property=\"og:site_name\" content=\"Ti panier des hauts\" \/>\n<meta property=\"article:modified_time\" content=\"2024-02-22T10:54:28+00:00\" \/>\n<meta property=\"og:image\" content=\"https:\/\/tipanierdeshauts.re\/wp-content\/uploads\/2023\/03\/green-pepper-full-depth-of-field-on-white-2021-09-03-13-42-38-utc-removebg-preview.png\" \/>\n\t<meta property=\"og:image:width\" content=\"607\" \/>\n\t<meta property=\"og:image:height\" content=\"411\" \/>\n\t<meta property=\"og:image:type\" content=\"image\/png\" \/>\n<meta name=\"twitter:card\" content=\"summary_large_image\" \/>\n<meta name=\"twitter:label1\" content=\"Dur\u00e9e de lecture estim\u00e9e\" \/>\n\t<meta name=\"twitter:data1\" content=\"1 minute\" \/>\n<script type=\"application\/ld+json\" class=\"yoast-schema-graph\">{\"@context\":\"https:\/\/schema.org\",\"@graph\":[{\"@type\":\"WebPage\",\"@id\":\"https:\/\/tipanierdeshauts.re\/index.php\/product\/poivron-vert\/\",\"url\":\"https:\/\/tipanierdeshauts.re\/index.php\/product\/poivron-vert\/\",\"name\":\"Poivron vert - Ti panier des hauts\",\"isPartOf\":{\"@id\":\"https:\/\/tipanierdeshauts.re\/#website\"},\"datePublished\":\"2023-03-14T07:35:02+00:00\",\"dateModified\":\"2024-02-22T10:54:28+00:00\",\"breadcrumb\":{\"@id\":\"https:\/\/tipanierdeshauts.re\/index.php\/product\/poivron-vert\/#breadcrumb\"},\"inLanguage\":\"fr-FR\",\"potentialAction\":[{\"@type\":\"ReadAction\",\"target\":[\"https:\/\/tipanierdeshauts.re\/index.php\/product\/poivron-vert\/\"]}]},{\"@type\":\"BreadcrumbList\",\"@id\":\"https:\/\/tipanierdeshauts.re\/index.php\/product\/poivron-vert\/#breadcrumb\",\"itemListElement\":[{\"@type\":\"ListItem\",\"position\":1,\"name\":\"Accueil\",\"item\":\"https:\/\/tipanierdeshauts.re\/\"},{\"@type\":\"ListItem\",\"position\":2,\"name\":\"Products\",\"item\":\"https:\/\/tipanierdeshauts.re\/index.php\/shop\/\"},{\"@type\":\"ListItem\",\"position\":3,\"name\":\"Poivron vert\"}]},{\"@type\":\"WebSite\",\"@id\":\"https:\/\/tipanierdeshauts.re\/#website\",\"url\":\"https:\/\/tipanierdeshauts.re\/\",\"name\":\"Ti panier des hauts\",\"description\":\"Fruits, L\u00e9gumes frais et charcuterie\",\"publisher\":{\"@id\":\"https:\/\/tipanierdeshauts.re\/#organization\"},\"potentialAction\":[{\"@type\":\"SearchAction\",\"target\":{\"@type\":\"EntryPoint\",\"urlTemplate\":\"https:\/\/tipanierdeshauts.re\/?s={search_term_string}\"},\"query-input\":\"required name=search_term_string\"}],\"inLanguage\":\"fr-FR\"},{\"@type\":\"Organization\",\"@id\":\"https:\/\/tipanierdeshauts.re\/#organization\",\"name\":\"Ti panier des hauts\",\"url\":\"https:\/\/tipanierdeshauts.re\/\",\"logo\":{\"@type\":\"ImageObject\",\"inLanguage\":\"fr-FR\",\"@id\":\"https:\/\/tipanierdeshauts.re\/#\/schema\/logo\/image\/\",\"url\":\"https:\/\/tipanierdeshauts.re\/wp-content\/uploads\/2023\/03\/Ti-panier-des-hauts-logo-1.png\",\"contentUrl\":\"https:\/\/tipanierdeshauts.re\/wp-content\/uploads\/2023\/03\/Ti-panier-des-hauts-logo-1.png\",\"width\":1834,\"height\":962,\"caption\":\"Ti panier des hauts\"},\"image\":{\"@id\":\"https:\/\/tipanierdeshauts.re\/#\/schema\/logo\/image\/\"}}]}<\/script>\n<!-- \/ Yoast SEO plugin. -->","yoast_head_json":{"title":"Poivron vert - Ti panier des hauts","robots":{"index":"index","follow":"follow","max-snippet":"max-snippet:-1","max-image-preview":"max-image-preview:large","max-video-preview":"max-video-preview:-1"},"canonical":"https:\/\/tipanierdeshauts.re\/index.php\/product\/poivron-vert\/","og_locale":"fr_FR","og_type":"article","og_title":"Poivron vert - Ti panier des hauts","og_description":"Les poivrons verts sont croquants et ont une saveur l\u00e9g\u00e8rement am\u00e8re. Ils sont couramment utilis\u00e9s dans diverses cuisines. D&rsquo;un point de vue nutritionnel, le\u00a0poivron vert est particuli\u00e8rement int\u00e9ressant. Il est riche en fibres, en vitamines A et C mais aussi en fer, en magn\u00e9sium, en calcium et en antioxydants. En plus de favoriser le transit, [&hellip;]","og_url":"https:\/\/tipanierdeshauts.re\/index.php\/product\/poivron-vert\/","og_site_name":"Ti panier des hauts","article_modified_time":"2024-02-22T10:54:28+00:00","og_image":[{"width":607,"height":411,"url":"https:\/\/tipanierdeshauts.re\/wp-content\/uploads\/2023\/03\/green-pepper-full-depth-of-field-on-white-2021-09-03-13-42-38-utc-removebg-preview.png","type":"image\/png"}],"twitter_card":"summary_large_image","twitter_misc":{"Dur\u00e9e de lecture estim\u00e9e":"1 minute"},"schema":{"@context":"https:\/\/schema.org","@graph":[{"@type":"WebPage","@id":"https:\/\/tipanierdeshauts.re\/index.php\/product\/poivron-vert\/","url":"https:\/\/tipanierdeshauts.re\/index.php\/product\/poivron-vert\/","name":"Poivron vert - Ti panier des hauts","isPartOf":{"@id":"https:\/\/tipanierdeshauts.re\/#website"},"datePublished":"2023-03-14T07:35:02+00:00","dateModified":"2024-02-22T10:54:28+00:00","breadcrumb":{"@id":"https:\/\/tipanierdeshauts.re\/index.php\/product\/poivron-vert\/#breadcrumb"},"inLanguage":"fr-FR","potentialAction":[{"@type":"ReadAction","target":["https:\/\/tipanierdeshauts.re\/index.php\/product\/poivron-vert\/"]}]},{"@type":"BreadcrumbList","@id":"https:\/\/tipanierdeshauts.re\/index.php\/product\/poivron-vert\/#breadcrumb","itemListElement":[{"@type":"ListItem","position":1,"name":"Accueil","item":"https:\/\/tipanierdeshauts.re\/"},{"@type":"ListItem","position":2,"name":"Products","item":"https:\/\/tipanierdeshauts.re\/index.php\/shop\/"},{"@type":"ListItem","position":3,"name":"Poivron vert"}]},{"@type":"WebSite","@id":"https:\/\/tipanierdeshauts.re\/#website","url":"https:\/\/tipanierdeshauts.re\/","name":"Ti panier des hauts","description":"Fruits, L\u00e9gumes frais et charcuterie","publisher":{"@id":"https:\/\/tipanierdeshauts.re\/#organization"},"potentialAction":[{"@type":"SearchAction","target":{"@type":"EntryPoint","urlTemplate":"https:\/\/tipanierdeshauts.re\/?s={search_term_string}"},"query-input":"required name=search_term_string"}],"inLanguage":"fr-FR"},{"@type":"Organization","@id":"https:\/\/tipanierdeshauts.re\/#organization","name":"Ti panier des hauts","url":"https:\/\/tipanierdeshauts.re\/","logo":{"@type":"ImageObject","inLanguage":"fr-FR","@id":"https:\/\/tipanierdeshauts.re\/#\/schema\/logo\/image\/","url":"https:\/\/tipanierdeshauts.re\/wp-content\/uploads\/2023\/03\/Ti-panier-des-hauts-logo-1.png","contentUrl":"https:\/\/tipanierdeshauts.re\/wp-content\/uploads\/2023\/03\/Ti-panier-des-hauts-logo-1.png","width":1834,"height":962,"caption":"Ti panier des hauts"},"image":{"@id":"https:\/\/tipanierdeshauts.re\/#\/schema\/logo\/image\/"}}]}},"_links":{"self":[{"href":"https:\/\/tipanierdeshauts.re\/index.php\/wp-json\/wp\/v2\/product\/452","targetHints":{"allow":["GET"]}}],"collection":[{"href":"https:\/\/tipanierdeshauts.re\/index.php\/wp-json\/wp\/v2\/product"}],"about":[{"href":"https:\/\/tipanierdeshauts.re\/index.php\/wp-json\/wp\/v2\/types\/product"}],"replies":[{"embeddable":true,"href":"https:\/\/tipanierdeshauts.re\/index.php\/wp-json\/wp\/v2\/comments?post=452"}],"version-history":[{"count":3,"href":"https:\/\/tipanierdeshauts.re\/index.php\/wp-json\/wp\/v2\/product\/452\/revisions"}],"predecessor-version":[{"id":1079,"href":"https:\/\/tipanierdeshauts.re\/index.php\/wp-json\/wp\/v2\/product\/452\/revisions\/1079"}],"wp:featuredmedia":[{"embeddable":true,"href":"https:\/\/tipanierdeshauts.re\/index.php\/wp-json\/wp\/v2\/media\/454"}],"wp:attachment":[{"href":"https:\/\/tipanierdeshauts.re\/index.php\/wp-json\/wp\/v2\/media?parent=452"}],"wp:term":[{"taxonomy":"product_cat","embeddable":true,"href":"https:\/\/tipanierdeshauts.re\/index.php\/wp-json\/wp\/v2\/product_cat?post=452"},{"taxonomy":"product_tag","embeddable":true,"href":"https:\/\/tipanierdeshauts.re\/index.php\/wp-json\/wp\/v2\/product_tag?post=452"}],"curies":[{"name":"wp","href":"https:\/\/api.w.org\/{rel}","templated":true}]}}