{"id":459,"date":"2023-03-14T11:51:09","date_gmt":"2023-03-14T07:51:09","guid":{"rendered":"http:\/\/tipanierdeshauts.re\/?post_type=product&#038;p=459"},"modified":"2024-02-22T14:54:16","modified_gmt":"2024-02-22T10:54:16","slug":"tomate","status":"publish","type":"product","link":"https:\/\/tipanierdeshauts.re\/index.php\/product\/tomate\/","title":{"rendered":"Tomate"},"content":{"rendered":"<p>Les tomates sont des fruits juteux et d\u00e9licieux, largement utilis\u00e9s dans la cuisine r\u00e9unionnaise. Rafra\u00eechissante, savoureuse et \u00e0 consommer sans mod\u00e9ration, la tomate joue un r\u00f4le \u00e9quilibrant dans l\u2019alimentation et regorge d\u2019atouts nutritionnels. Elle \u00e0 des propri\u00e9t\u00e9s antioxydant, elle est excellente pour le foie car elle attaque les mauvaises graisses et les \u00e9liminent plus facilement, riche en vitamine C, elle contribue \u00e0 une meilleure assimilation du fer et du calcium et elle a la propri\u00e9t\u00e9 de diminuer l&rsquo;hypertension gr\u00e2ce \u00e0 sa richesse en potassium.<\/p>\n<p>Les tomates peuvent \u00eatre utilis\u00e9es dans de nombreuses recettes, telles que les salades, les sauces, les soupes, les carry, en condiment, en jus mais aussi en confiture. la tomate se pr\u00eate \u00e0 toutes les pr\u00e9parations et toutes les recettes chaudes ou froides.<\/p>\n<div>\n<p>Peu calorique la tomate est vraiment un aliment de choix dans nos paniers<\/p>\n<\/div>\n","protected":false},"excerpt":{"rendered":"<p>Les tomates sont des fruits juteux et d\u00e9licieux, largement utilis\u00e9s dans la cuisine r\u00e9unionnaise. Rafra\u00eechissante, savoureuse et \u00e0 consommer sans mod\u00e9ration, la tomate joue un r\u00f4le \u00e9quilibrant dans l\u2019alimentation et regorge d\u2019atouts nutritionnels. Elle \u00e0 des propri\u00e9t\u00e9s antioxydant, elle est excellente pour le foie car elle attaque les mauvaises graisses et les \u00e9liminent plus facilement, [&hellip;]<\/p>\n","protected":false},"featured_media":460,"comment_status":"open","ping_status":"closed","template":"","meta":[],"product_cat":[20,19],"product_tag":[],"class_list":["post-459","product","type-product","status-publish","has-post-thumbnail","hentry","product_cat-fruits","product_cat-legumes"],"yoast_head":"<!-- This site is optimized with the Yoast SEO plugin v20.4 - https:\/\/yoast.com\/wordpress\/plugins\/seo\/ -->\n<title>Tomate - Ti panier des hauts<\/title>\n<meta name=\"robots\" content=\"index, follow, max-snippet:-1, max-image-preview:large, max-video-preview:-1\" \/>\n<link rel=\"canonical\" href=\"https:\/\/tipanierdeshauts.re\/index.php\/product\/tomate\/\" \/>\n<meta property=\"og:locale\" content=\"fr_FR\" \/>\n<meta property=\"og:type\" content=\"article\" \/>\n<meta property=\"og:title\" content=\"Tomate - Ti panier des hauts\" \/>\n<meta property=\"og:description\" content=\"Les tomates sont des fruits juteux et d\u00e9licieux, largement utilis\u00e9s dans la cuisine r\u00e9unionnaise. Rafra\u00eechissante, savoureuse et \u00e0 consommer sans mod\u00e9ration, la tomate joue un r\u00f4le \u00e9quilibrant dans l\u2019alimentation et regorge d\u2019atouts nutritionnels. Elle \u00e0 des propri\u00e9t\u00e9s antioxydant, elle est excellente pour le foie car elle attaque les mauvaises graisses et les \u00e9liminent plus facilement, [&hellip;]\" \/>\n<meta property=\"og:url\" content=\"https:\/\/tipanierdeshauts.re\/index.php\/product\/tomate\/\" \/>\n<meta property=\"og:site_name\" content=\"Ti panier des hauts\" \/>\n<meta property=\"article:modified_time\" content=\"2024-02-22T10:54:16+00:00\" \/>\n<meta property=\"og:image\" content=\"https:\/\/tipanierdeshauts.re\/wp-content\/uploads\/2023\/03\/small-red-tomatoes-on-white-background-2022-12-01-06-15-42-utc-removebg-preview.png\" \/>\n\t<meta property=\"og:image:width\" content=\"643\" \/>\n\t<meta property=\"og:image:height\" content=\"388\" \/>\n\t<meta property=\"og:image:type\" content=\"image\/png\" \/>\n<meta name=\"twitter:card\" content=\"summary_large_image\" \/>\n<meta name=\"twitter:label1\" content=\"Dur\u00e9e de lecture estim\u00e9e\" \/>\n\t<meta name=\"twitter:data1\" content=\"1 minute\" \/>\n<script type=\"application\/ld+json\" class=\"yoast-schema-graph\">{\"@context\":\"https:\/\/schema.org\",\"@graph\":[{\"@type\":\"WebPage\",\"@id\":\"https:\/\/tipanierdeshauts.re\/index.php\/product\/tomate\/\",\"url\":\"https:\/\/tipanierdeshauts.re\/index.php\/product\/tomate\/\",\"name\":\"Tomate - Ti panier des hauts\",\"isPartOf\":{\"@id\":\"https:\/\/tipanierdeshauts.re\/#website\"},\"datePublished\":\"2023-03-14T07:51:09+00:00\",\"dateModified\":\"2024-02-22T10:54:16+00:00\",\"breadcrumb\":{\"@id\":\"https:\/\/tipanierdeshauts.re\/index.php\/product\/tomate\/#breadcrumb\"},\"inLanguage\":\"fr-FR\",\"potentialAction\":[{\"@type\":\"ReadAction\",\"target\":[\"https:\/\/tipanierdeshauts.re\/index.php\/product\/tomate\/\"]}]},{\"@type\":\"BreadcrumbList\",\"@id\":\"https:\/\/tipanierdeshauts.re\/index.php\/product\/tomate\/#breadcrumb\",\"itemListElement\":[{\"@type\":\"ListItem\",\"position\":1,\"name\":\"Accueil\",\"item\":\"https:\/\/tipanierdeshauts.re\/\"},{\"@type\":\"ListItem\",\"position\":2,\"name\":\"Products\",\"item\":\"https:\/\/tipanierdeshauts.re\/index.php\/shop\/\"},{\"@type\":\"ListItem\",\"position\":3,\"name\":\"Tomate\"}]},{\"@type\":\"WebSite\",\"@id\":\"https:\/\/tipanierdeshauts.re\/#website\",\"url\":\"https:\/\/tipanierdeshauts.re\/\",\"name\":\"Ti panier des hauts\",\"description\":\"Fruits, L\u00e9gumes frais et charcuterie\",\"publisher\":{\"@id\":\"https:\/\/tipanierdeshauts.re\/#organization\"},\"potentialAction\":[{\"@type\":\"SearchAction\",\"target\":{\"@type\":\"EntryPoint\",\"urlTemplate\":\"https:\/\/tipanierdeshauts.re\/?s={search_term_string}\"},\"query-input\":\"required name=search_term_string\"}],\"inLanguage\":\"fr-FR\"},{\"@type\":\"Organization\",\"@id\":\"https:\/\/tipanierdeshauts.re\/#organization\",\"name\":\"Ti panier des hauts\",\"url\":\"https:\/\/tipanierdeshauts.re\/\",\"logo\":{\"@type\":\"ImageObject\",\"inLanguage\":\"fr-FR\",\"@id\":\"https:\/\/tipanierdeshauts.re\/#\/schema\/logo\/image\/\",\"url\":\"https:\/\/tipanierdeshauts.re\/wp-content\/uploads\/2023\/03\/Ti-panier-des-hauts-logo-1.png\",\"contentUrl\":\"https:\/\/tipanierdeshauts.re\/wp-content\/uploads\/2023\/03\/Ti-panier-des-hauts-logo-1.png\",\"width\":1834,\"height\":962,\"caption\":\"Ti panier des hauts\"},\"image\":{\"@id\":\"https:\/\/tipanierdeshauts.re\/#\/schema\/logo\/image\/\"}}]}<\/script>\n<!-- \/ Yoast SEO plugin. -->","yoast_head_json":{"title":"Tomate - Ti panier des hauts","robots":{"index":"index","follow":"follow","max-snippet":"max-snippet:-1","max-image-preview":"max-image-preview:large","max-video-preview":"max-video-preview:-1"},"canonical":"https:\/\/tipanierdeshauts.re\/index.php\/product\/tomate\/","og_locale":"fr_FR","og_type":"article","og_title":"Tomate - Ti panier des hauts","og_description":"Les tomates sont des fruits juteux et d\u00e9licieux, largement utilis\u00e9s dans la cuisine r\u00e9unionnaise. Rafra\u00eechissante, savoureuse et \u00e0 consommer sans mod\u00e9ration, la tomate joue un r\u00f4le \u00e9quilibrant dans l\u2019alimentation et regorge d\u2019atouts nutritionnels. Elle \u00e0 des propri\u00e9t\u00e9s antioxydant, elle est excellente pour le foie car elle attaque les mauvaises graisses et les \u00e9liminent plus facilement, [&hellip;]","og_url":"https:\/\/tipanierdeshauts.re\/index.php\/product\/tomate\/","og_site_name":"Ti panier des hauts","article_modified_time":"2024-02-22T10:54:16+00:00","og_image":[{"width":643,"height":388,"url":"https:\/\/tipanierdeshauts.re\/wp-content\/uploads\/2023\/03\/small-red-tomatoes-on-white-background-2022-12-01-06-15-42-utc-removebg-preview.png","type":"image\/png"}],"twitter_card":"summary_large_image","twitter_misc":{"Dur\u00e9e de lecture estim\u00e9e":"1 minute"},"schema":{"@context":"https:\/\/schema.org","@graph":[{"@type":"WebPage","@id":"https:\/\/tipanierdeshauts.re\/index.php\/product\/tomate\/","url":"https:\/\/tipanierdeshauts.re\/index.php\/product\/tomate\/","name":"Tomate - Ti panier des hauts","isPartOf":{"@id":"https:\/\/tipanierdeshauts.re\/#website"},"datePublished":"2023-03-14T07:51:09+00:00","dateModified":"2024-02-22T10:54:16+00:00","breadcrumb":{"@id":"https:\/\/tipanierdeshauts.re\/index.php\/product\/tomate\/#breadcrumb"},"inLanguage":"fr-FR","potentialAction":[{"@type":"ReadAction","target":["https:\/\/tipanierdeshauts.re\/index.php\/product\/tomate\/"]}]},{"@type":"BreadcrumbList","@id":"https:\/\/tipanierdeshauts.re\/index.php\/product\/tomate\/#breadcrumb","itemListElement":[{"@type":"ListItem","position":1,"name":"Accueil","item":"https:\/\/tipanierdeshauts.re\/"},{"@type":"ListItem","position":2,"name":"Products","item":"https:\/\/tipanierdeshauts.re\/index.php\/shop\/"},{"@type":"ListItem","position":3,"name":"Tomate"}]},{"@type":"WebSite","@id":"https:\/\/tipanierdeshauts.re\/#website","url":"https:\/\/tipanierdeshauts.re\/","name":"Ti panier des hauts","description":"Fruits, L\u00e9gumes frais et charcuterie","publisher":{"@id":"https:\/\/tipanierdeshauts.re\/#organization"},"potentialAction":[{"@type":"SearchAction","target":{"@type":"EntryPoint","urlTemplate":"https:\/\/tipanierdeshauts.re\/?s={search_term_string}"},"query-input":"required name=search_term_string"}],"inLanguage":"fr-FR"},{"@type":"Organization","@id":"https:\/\/tipanierdeshauts.re\/#organization","name":"Ti panier des hauts","url":"https:\/\/tipanierdeshauts.re\/","logo":{"@type":"ImageObject","inLanguage":"fr-FR","@id":"https:\/\/tipanierdeshauts.re\/#\/schema\/logo\/image\/","url":"https:\/\/tipanierdeshauts.re\/wp-content\/uploads\/2023\/03\/Ti-panier-des-hauts-logo-1.png","contentUrl":"https:\/\/tipanierdeshauts.re\/wp-content\/uploads\/2023\/03\/Ti-panier-des-hauts-logo-1.png","width":1834,"height":962,"caption":"Ti panier des hauts"},"image":{"@id":"https:\/\/tipanierdeshauts.re\/#\/schema\/logo\/image\/"}}]}},"_links":{"self":[{"href":"https:\/\/tipanierdeshauts.re\/index.php\/wp-json\/wp\/v2\/product\/459","targetHints":{"allow":["GET"]}}],"collection":[{"href":"https:\/\/tipanierdeshauts.re\/index.php\/wp-json\/wp\/v2\/product"}],"about":[{"href":"https:\/\/tipanierdeshauts.re\/index.php\/wp-json\/wp\/v2\/types\/product"}],"replies":[{"embeddable":true,"href":"https:\/\/tipanierdeshauts.re\/index.php\/wp-json\/wp\/v2\/comments?post=459"}],"version-history":[{"count":3,"href":"https:\/\/tipanierdeshauts.re\/index.php\/wp-json\/wp\/v2\/product\/459\/revisions"}],"predecessor-version":[{"id":1081,"href":"https:\/\/tipanierdeshauts.re\/index.php\/wp-json\/wp\/v2\/product\/459\/revisions\/1081"}],"wp:featuredmedia":[{"embeddable":true,"href":"https:\/\/tipanierdeshauts.re\/index.php\/wp-json\/wp\/v2\/media\/460"}],"wp:attachment":[{"href":"https:\/\/tipanierdeshauts.re\/index.php\/wp-json\/wp\/v2\/media?parent=459"}],"wp:term":[{"taxonomy":"product_cat","embeddable":true,"href":"https:\/\/tipanierdeshauts.re\/index.php\/wp-json\/wp\/v2\/product_cat?post=459"},{"taxonomy":"product_tag","embeddable":true,"href":"https:\/\/tipanierdeshauts.re\/index.php\/wp-json\/wp\/v2\/product_tag?post=459"}],"curies":[{"name":"wp","href":"https:\/\/api.w.org\/{rel}","templated":true}]}}