{"id":474,"date":"2023-03-14T12:17:31","date_gmt":"2023-03-14T08:17:31","guid":{"rendered":"http:\/\/tipanierdeshauts.re\/?post_type=product&#038;p=474"},"modified":"2024-02-22T14:53:25","modified_gmt":"2024-02-22T10:53:25","slug":"kiwi-vert","status":"publish","type":"product","link":"https:\/\/tipanierdeshauts.re\/index.php\/product\/kiwi-vert\/","title":{"rendered":"Kiwi vert"},"content":{"rendered":"<p>Le kiwi vert est un petit fruit \u00e0 la peau brune et \u00e0 la chair vert vif, il d\u00e9tient le record en vitamine C, la vitamine E est aussi tr\u00e8s pr\u00e9sente dans ce petit fruit.\u00a0 Ces deux vitamines associ\u00e9es, avec une bonne quantit\u00e9 de fibres et de potassium, font la richesse des anti-oxydants du kiwi. En effet, le kiwi serait le fruit ayant l&rsquo;activit\u00e9 anti-oxydant la plus \u00e9lev\u00e9e.<\/p>\n<p>Sa saveur acidul\u00e9 se marie avec les viandes, notamment le porc, et les poissons, \u00e9cras\u00e9 en pur\u00e9e, puis ajout\u00e9 \u00e0 la fin de la cuisson dans la sauce. En dessert, le kiwi se consomme nature ou cuit : brochette de fruits et fondue de chocolat, en sorbet ou granit\u00e9 ou tout simplement avec une petite cuill\u00e8re et directement \u00ab\u00a0dans la coque\u00a0\u00bb.<br \/>\nEn canap\u00e9, papillote et entr\u00e9e froide, on retrouve souvent le kiwi associ\u00e9 au poissons et aux crustac\u00e9s : tartare de poisson, salade de fruits sal\u00e9 et aux crevettes, pur\u00e9e et coulis citronn\u00e9s.<\/p>\n<p>Fruit de la forme et du tonus par excellence, le kiwi est un vrai concentr\u00e9 d&rsquo;\u00e9nergie \u00e0 ajouter \u00e0 nos paniers sans h\u00e9siter !<\/p>\n","protected":false},"excerpt":{"rendered":"<p>Le kiwi vert est un petit fruit \u00e0 la peau brune et \u00e0 la chair vert vif, il d\u00e9tient le record en vitamine C, la vitamine E est aussi tr\u00e8s pr\u00e9sente dans ce petit fruit.\u00a0 Ces deux vitamines associ\u00e9es, avec une bonne quantit\u00e9 de fibres et de potassium, font la richesse des anti-oxydants du kiwi. [&hellip;]<\/p>\n","protected":false},"featured_media":475,"comment_status":"open","ping_status":"closed","template":"","meta":[],"product_cat":[20],"product_tag":[],"class_list":["post-474","product","type-product","status-publish","has-post-thumbnail","hentry","product_cat-fruits"],"yoast_head":"<!-- This site is optimized with the Yoast SEO plugin v20.4 - https:\/\/yoast.com\/wordpress\/plugins\/seo\/ -->\n<title>Kiwi vert - Ti panier des hauts<\/title>\n<meta name=\"robots\" content=\"index, follow, max-snippet:-1, max-image-preview:large, max-video-preview:-1\" \/>\n<link rel=\"canonical\" href=\"https:\/\/tipanierdeshauts.re\/index.php\/product\/kiwi-vert\/\" \/>\n<meta property=\"og:locale\" content=\"fr_FR\" \/>\n<meta property=\"og:type\" content=\"article\" \/>\n<meta property=\"og:title\" content=\"Kiwi vert - Ti panier des hauts\" \/>\n<meta property=\"og:description\" content=\"Le kiwi vert est un petit fruit \u00e0 la peau brune et \u00e0 la chair vert vif, il d\u00e9tient le record en vitamine C, la vitamine E est aussi tr\u00e8s pr\u00e9sente dans ce petit fruit.\u00a0 Ces deux vitamines associ\u00e9es, avec une bonne quantit\u00e9 de fibres et de potassium, font la richesse des anti-oxydants du kiwi. [&hellip;]\" \/>\n<meta property=\"og:url\" content=\"https:\/\/tipanierdeshauts.re\/index.php\/product\/kiwi-vert\/\" \/>\n<meta property=\"og:site_name\" content=\"Ti panier des hauts\" \/>\n<meta property=\"article:modified_time\" content=\"2024-02-22T10:53:25+00:00\" \/>\n<meta property=\"og:image\" content=\"https:\/\/tipanierdeshauts.re\/wp-content\/uploads\/2023\/03\/kiwis-on-a-green-background-2022-11-11-21-07-28-utc-removebg-preview.png\" \/>\n\t<meta property=\"og:image:width\" content=\"500\" \/>\n\t<meta property=\"og:image:height\" content=\"499\" \/>\n\t<meta property=\"og:image:type\" content=\"image\/png\" \/>\n<meta name=\"twitter:card\" content=\"summary_large_image\" \/>\n<meta name=\"twitter:label1\" content=\"Dur\u00e9e de lecture estim\u00e9e\" \/>\n\t<meta name=\"twitter:data1\" content=\"1 minute\" \/>\n<script type=\"application\/ld+json\" class=\"yoast-schema-graph\">{\"@context\":\"https:\/\/schema.org\",\"@graph\":[{\"@type\":\"WebPage\",\"@id\":\"https:\/\/tipanierdeshauts.re\/index.php\/product\/kiwi-vert\/\",\"url\":\"https:\/\/tipanierdeshauts.re\/index.php\/product\/kiwi-vert\/\",\"name\":\"Kiwi vert - Ti panier des hauts\",\"isPartOf\":{\"@id\":\"https:\/\/tipanierdeshauts.re\/#website\"},\"datePublished\":\"2023-03-14T08:17:31+00:00\",\"dateModified\":\"2024-02-22T10:53:25+00:00\",\"breadcrumb\":{\"@id\":\"https:\/\/tipanierdeshauts.re\/index.php\/product\/kiwi-vert\/#breadcrumb\"},\"inLanguage\":\"fr-FR\",\"potentialAction\":[{\"@type\":\"ReadAction\",\"target\":[\"https:\/\/tipanierdeshauts.re\/index.php\/product\/kiwi-vert\/\"]}]},{\"@type\":\"BreadcrumbList\",\"@id\":\"https:\/\/tipanierdeshauts.re\/index.php\/product\/kiwi-vert\/#breadcrumb\",\"itemListElement\":[{\"@type\":\"ListItem\",\"position\":1,\"name\":\"Accueil\",\"item\":\"https:\/\/tipanierdeshauts.re\/\"},{\"@type\":\"ListItem\",\"position\":2,\"name\":\"Products\",\"item\":\"https:\/\/tipanierdeshauts.re\/index.php\/shop\/\"},{\"@type\":\"ListItem\",\"position\":3,\"name\":\"Kiwi vert\"}]},{\"@type\":\"WebSite\",\"@id\":\"https:\/\/tipanierdeshauts.re\/#website\",\"url\":\"https:\/\/tipanierdeshauts.re\/\",\"name\":\"Ti panier des hauts\",\"description\":\"Fruits, L\u00e9gumes frais et charcuterie\",\"publisher\":{\"@id\":\"https:\/\/tipanierdeshauts.re\/#organization\"},\"potentialAction\":[{\"@type\":\"SearchAction\",\"target\":{\"@type\":\"EntryPoint\",\"urlTemplate\":\"https:\/\/tipanierdeshauts.re\/?s={search_term_string}\"},\"query-input\":\"required name=search_term_string\"}],\"inLanguage\":\"fr-FR\"},{\"@type\":\"Organization\",\"@id\":\"https:\/\/tipanierdeshauts.re\/#organization\",\"name\":\"Ti panier des hauts\",\"url\":\"https:\/\/tipanierdeshauts.re\/\",\"logo\":{\"@type\":\"ImageObject\",\"inLanguage\":\"fr-FR\",\"@id\":\"https:\/\/tipanierdeshauts.re\/#\/schema\/logo\/image\/\",\"url\":\"https:\/\/tipanierdeshauts.re\/wp-content\/uploads\/2023\/03\/Ti-panier-des-hauts-logo-1.png\",\"contentUrl\":\"https:\/\/tipanierdeshauts.re\/wp-content\/uploads\/2023\/03\/Ti-panier-des-hauts-logo-1.png\",\"width\":1834,\"height\":962,\"caption\":\"Ti panier des hauts\"},\"image\":{\"@id\":\"https:\/\/tipanierdeshauts.re\/#\/schema\/logo\/image\/\"}}]}<\/script>\n<!-- \/ Yoast SEO plugin. -->","yoast_head_json":{"title":"Kiwi vert - Ti panier des hauts","robots":{"index":"index","follow":"follow","max-snippet":"max-snippet:-1","max-image-preview":"max-image-preview:large","max-video-preview":"max-video-preview:-1"},"canonical":"https:\/\/tipanierdeshauts.re\/index.php\/product\/kiwi-vert\/","og_locale":"fr_FR","og_type":"article","og_title":"Kiwi vert - Ti panier des hauts","og_description":"Le kiwi vert est un petit fruit \u00e0 la peau brune et \u00e0 la chair vert vif, il d\u00e9tient le record en vitamine C, la vitamine E est aussi tr\u00e8s pr\u00e9sente dans ce petit fruit.\u00a0 Ces deux vitamines associ\u00e9es, avec une bonne quantit\u00e9 de fibres et de potassium, font la richesse des anti-oxydants du kiwi. [&hellip;]","og_url":"https:\/\/tipanierdeshauts.re\/index.php\/product\/kiwi-vert\/","og_site_name":"Ti panier des hauts","article_modified_time":"2024-02-22T10:53:25+00:00","og_image":[{"width":500,"height":499,"url":"https:\/\/tipanierdeshauts.re\/wp-content\/uploads\/2023\/03\/kiwis-on-a-green-background-2022-11-11-21-07-28-utc-removebg-preview.png","type":"image\/png"}],"twitter_card":"summary_large_image","twitter_misc":{"Dur\u00e9e de lecture estim\u00e9e":"1 minute"},"schema":{"@context":"https:\/\/schema.org","@graph":[{"@type":"WebPage","@id":"https:\/\/tipanierdeshauts.re\/index.php\/product\/kiwi-vert\/","url":"https:\/\/tipanierdeshauts.re\/index.php\/product\/kiwi-vert\/","name":"Kiwi vert - Ti panier des hauts","isPartOf":{"@id":"https:\/\/tipanierdeshauts.re\/#website"},"datePublished":"2023-03-14T08:17:31+00:00","dateModified":"2024-02-22T10:53:25+00:00","breadcrumb":{"@id":"https:\/\/tipanierdeshauts.re\/index.php\/product\/kiwi-vert\/#breadcrumb"},"inLanguage":"fr-FR","potentialAction":[{"@type":"ReadAction","target":["https:\/\/tipanierdeshauts.re\/index.php\/product\/kiwi-vert\/"]}]},{"@type":"BreadcrumbList","@id":"https:\/\/tipanierdeshauts.re\/index.php\/product\/kiwi-vert\/#breadcrumb","itemListElement":[{"@type":"ListItem","position":1,"name":"Accueil","item":"https:\/\/tipanierdeshauts.re\/"},{"@type":"ListItem","position":2,"name":"Products","item":"https:\/\/tipanierdeshauts.re\/index.php\/shop\/"},{"@type":"ListItem","position":3,"name":"Kiwi vert"}]},{"@type":"WebSite","@id":"https:\/\/tipanierdeshauts.re\/#website","url":"https:\/\/tipanierdeshauts.re\/","name":"Ti panier des hauts","description":"Fruits, L\u00e9gumes frais et charcuterie","publisher":{"@id":"https:\/\/tipanierdeshauts.re\/#organization"},"potentialAction":[{"@type":"SearchAction","target":{"@type":"EntryPoint","urlTemplate":"https:\/\/tipanierdeshauts.re\/?s={search_term_string}"},"query-input":"required name=search_term_string"}],"inLanguage":"fr-FR"},{"@type":"Organization","@id":"https:\/\/tipanierdeshauts.re\/#organization","name":"Ti panier des hauts","url":"https:\/\/tipanierdeshauts.re\/","logo":{"@type":"ImageObject","inLanguage":"fr-FR","@id":"https:\/\/tipanierdeshauts.re\/#\/schema\/logo\/image\/","url":"https:\/\/tipanierdeshauts.re\/wp-content\/uploads\/2023\/03\/Ti-panier-des-hauts-logo-1.png","contentUrl":"https:\/\/tipanierdeshauts.re\/wp-content\/uploads\/2023\/03\/Ti-panier-des-hauts-logo-1.png","width":1834,"height":962,"caption":"Ti panier des hauts"},"image":{"@id":"https:\/\/tipanierdeshauts.re\/#\/schema\/logo\/image\/"}}]}},"_links":{"self":[{"href":"https:\/\/tipanierdeshauts.re\/index.php\/wp-json\/wp\/v2\/product\/474","targetHints":{"allow":["GET"]}}],"collection":[{"href":"https:\/\/tipanierdeshauts.re\/index.php\/wp-json\/wp\/v2\/product"}],"about":[{"href":"https:\/\/tipanierdeshauts.re\/index.php\/wp-json\/wp\/v2\/types\/product"}],"replies":[{"embeddable":true,"href":"https:\/\/tipanierdeshauts.re\/index.php\/wp-json\/wp\/v2\/comments?post=474"}],"version-history":[{"count":3,"href":"https:\/\/tipanierdeshauts.re\/index.php\/wp-json\/wp\/v2\/product\/474\/revisions"}],"predecessor-version":[{"id":1086,"href":"https:\/\/tipanierdeshauts.re\/index.php\/wp-json\/wp\/v2\/product\/474\/revisions\/1086"}],"wp:featuredmedia":[{"embeddable":true,"href":"https:\/\/tipanierdeshauts.re\/index.php\/wp-json\/wp\/v2\/media\/475"}],"wp:attachment":[{"href":"https:\/\/tipanierdeshauts.re\/index.php\/wp-json\/wp\/v2\/media?parent=474"}],"wp:term":[{"taxonomy":"product_cat","embeddable":true,"href":"https:\/\/tipanierdeshauts.re\/index.php\/wp-json\/wp\/v2\/product_cat?post=474"},{"taxonomy":"product_tag","embeddable":true,"href":"https:\/\/tipanierdeshauts.re\/index.php\/wp-json\/wp\/v2\/product_tag?post=474"}],"curies":[{"name":"wp","href":"https:\/\/api.w.org\/{rel}","templated":true}]}}