{"id":503,"date":"2023-03-14T13:26:02","date_gmt":"2023-03-14T09:26:02","guid":{"rendered":"http:\/\/tipanierdeshauts.re\/?post_type=product&#038;p=503"},"modified":"2024-02-22T14:52:53","modified_gmt":"2024-02-22T10:52:53","slug":"pomme-golden","status":"publish","type":"product","link":"https:\/\/tipanierdeshauts.re\/index.php\/product\/pomme-golden\/","title":{"rendered":"Pomme Golden"},"content":{"rendered":"<p>Les pommes Golden sont un type de pomme connu pour sa texture sucr\u00e9e, juteuse, croquante et \u00e0 la particularit\u00e9 d&rsquo;\u00eatre tr\u00e8s peu calorique. Gr\u00e2ce \u00e0 ses multiples nutriments, les pommes Golden vous feront profiter de leurs vertus. Le potassium qu\u2019il contient am\u00e9liorera votre sant\u00e9 car il aide \u00e0 transmettre l\u2019influx nerveux et \u00e0 \u00e9viter les crampes.<\/p>\n<p>Elles sont excellentes pour le grignotage, la cuisson et la cuisine. Les pommes Golden se marient bien dans des recettes sal\u00e9es: du poulet, du lapin ou du boudin blanc avec des pommes caram\u00e9lis\u00e9es et des recettes sucr\u00e9es en compote, en tarte, en crumble, en fondant, en g\u00e2teau, au four, r\u00f4tie avec de la cannelle ou plus simplement car la pomme Golden est d\u00e9licieuse \u00e0 croquer!<\/p>\n<p>&nbsp;<\/p>\n<p>&nbsp;<\/p>\n<p>&nbsp;<\/p>\n","protected":false},"excerpt":{"rendered":"<p>Les pommes Golden sont un type de pomme connu pour sa texture sucr\u00e9e, juteuse, croquante et \u00e0 la particularit\u00e9 d&rsquo;\u00eatre tr\u00e8s peu calorique. Gr\u00e2ce \u00e0 ses multiples nutriments, les pommes Golden vous feront profiter de leurs vertus. Le potassium qu\u2019il contient am\u00e9liorera votre sant\u00e9 car il aide \u00e0 transmettre l\u2019influx nerveux et \u00e0 \u00e9viter les [&hellip;]<\/p>\n","protected":false},"featured_media":505,"comment_status":"open","ping_status":"closed","template":"","meta":[],"product_cat":[20],"product_tag":[],"class_list":["post-503","product","type-product","status-publish","has-post-thumbnail","hentry","product_cat-fruits"],"yoast_head":"<!-- This site is optimized with the Yoast SEO plugin v20.4 - https:\/\/yoast.com\/wordpress\/plugins\/seo\/ -->\n<title>Pomme Golden - Ti panier des hauts<\/title>\n<meta name=\"robots\" content=\"index, follow, max-snippet:-1, max-image-preview:large, max-video-preview:-1\" \/>\n<link rel=\"canonical\" href=\"https:\/\/tipanierdeshauts.re\/index.php\/product\/pomme-golden\/\" \/>\n<meta property=\"og:locale\" content=\"fr_FR\" \/>\n<meta property=\"og:type\" content=\"article\" \/>\n<meta property=\"og:title\" content=\"Pomme Golden - Ti panier des hauts\" \/>\n<meta property=\"og:description\" content=\"Les pommes Golden sont un type de pomme connu pour sa texture sucr\u00e9e, juteuse, croquante et \u00e0 la particularit\u00e9 d&rsquo;\u00eatre tr\u00e8s peu calorique. Gr\u00e2ce \u00e0 ses multiples nutriments, les pommes Golden vous feront profiter de leurs vertus. Le potassium qu\u2019il contient am\u00e9liorera votre sant\u00e9 car il aide \u00e0 transmettre l\u2019influx nerveux et \u00e0 \u00e9viter les [&hellip;]\" \/>\n<meta property=\"og:url\" content=\"https:\/\/tipanierdeshauts.re\/index.php\/product\/pomme-golden\/\" \/>\n<meta property=\"og:site_name\" content=\"Ti panier des hauts\" \/>\n<meta property=\"article:modified_time\" content=\"2024-02-22T10:52:53+00:00\" \/>\n<meta property=\"og:image\" content=\"https:\/\/tipanierdeshauts.re\/wp-content\/uploads\/2023\/03\/golden-delicious-juicy-ripe-fresh-yellow-apples-o-2021-08-27-09-34-33-utc-removebg-preview.png\" \/>\n\t<meta property=\"og:image:width\" content=\"552\" \/>\n\t<meta property=\"og:image:height\" content=\"452\" \/>\n\t<meta property=\"og:image:type\" content=\"image\/png\" \/>\n<meta name=\"twitter:card\" content=\"summary_large_image\" \/>\n<meta name=\"twitter:label1\" content=\"Dur\u00e9e de lecture estim\u00e9e\" \/>\n\t<meta name=\"twitter:data1\" content=\"1 minute\" \/>\n<script type=\"application\/ld+json\" class=\"yoast-schema-graph\">{\"@context\":\"https:\/\/schema.org\",\"@graph\":[{\"@type\":\"WebPage\",\"@id\":\"https:\/\/tipanierdeshauts.re\/index.php\/product\/pomme-golden\/\",\"url\":\"https:\/\/tipanierdeshauts.re\/index.php\/product\/pomme-golden\/\",\"name\":\"Pomme Golden - Ti panier des hauts\",\"isPartOf\":{\"@id\":\"https:\/\/tipanierdeshauts.re\/#website\"},\"datePublished\":\"2023-03-14T09:26:02+00:00\",\"dateModified\":\"2024-02-22T10:52:53+00:00\",\"breadcrumb\":{\"@id\":\"https:\/\/tipanierdeshauts.re\/index.php\/product\/pomme-golden\/#breadcrumb\"},\"inLanguage\":\"fr-FR\",\"potentialAction\":[{\"@type\":\"ReadAction\",\"target\":[\"https:\/\/tipanierdeshauts.re\/index.php\/product\/pomme-golden\/\"]}]},{\"@type\":\"BreadcrumbList\",\"@id\":\"https:\/\/tipanierdeshauts.re\/index.php\/product\/pomme-golden\/#breadcrumb\",\"itemListElement\":[{\"@type\":\"ListItem\",\"position\":1,\"name\":\"Accueil\",\"item\":\"https:\/\/tipanierdeshauts.re\/\"},{\"@type\":\"ListItem\",\"position\":2,\"name\":\"Products\",\"item\":\"https:\/\/tipanierdeshauts.re\/index.php\/shop\/\"},{\"@type\":\"ListItem\",\"position\":3,\"name\":\"Pomme Golden\"}]},{\"@type\":\"WebSite\",\"@id\":\"https:\/\/tipanierdeshauts.re\/#website\",\"url\":\"https:\/\/tipanierdeshauts.re\/\",\"name\":\"Ti panier des hauts\",\"description\":\"Fruits, L\u00e9gumes frais et charcuterie\",\"publisher\":{\"@id\":\"https:\/\/tipanierdeshauts.re\/#organization\"},\"potentialAction\":[{\"@type\":\"SearchAction\",\"target\":{\"@type\":\"EntryPoint\",\"urlTemplate\":\"https:\/\/tipanierdeshauts.re\/?s={search_term_string}\"},\"query-input\":\"required name=search_term_string\"}],\"inLanguage\":\"fr-FR\"},{\"@type\":\"Organization\",\"@id\":\"https:\/\/tipanierdeshauts.re\/#organization\",\"name\":\"Ti panier des hauts\",\"url\":\"https:\/\/tipanierdeshauts.re\/\",\"logo\":{\"@type\":\"ImageObject\",\"inLanguage\":\"fr-FR\",\"@id\":\"https:\/\/tipanierdeshauts.re\/#\/schema\/logo\/image\/\",\"url\":\"https:\/\/tipanierdeshauts.re\/wp-content\/uploads\/2023\/03\/Ti-panier-des-hauts-logo-1.png\",\"contentUrl\":\"https:\/\/tipanierdeshauts.re\/wp-content\/uploads\/2023\/03\/Ti-panier-des-hauts-logo-1.png\",\"width\":1834,\"height\":962,\"caption\":\"Ti panier des hauts\"},\"image\":{\"@id\":\"https:\/\/tipanierdeshauts.re\/#\/schema\/logo\/image\/\"}}]}<\/script>\n<!-- \/ Yoast SEO plugin. -->","yoast_head_json":{"title":"Pomme Golden - Ti panier des hauts","robots":{"index":"index","follow":"follow","max-snippet":"max-snippet:-1","max-image-preview":"max-image-preview:large","max-video-preview":"max-video-preview:-1"},"canonical":"https:\/\/tipanierdeshauts.re\/index.php\/product\/pomme-golden\/","og_locale":"fr_FR","og_type":"article","og_title":"Pomme Golden - Ti panier des hauts","og_description":"Les pommes Golden sont un type de pomme connu pour sa texture sucr\u00e9e, juteuse, croquante et \u00e0 la particularit\u00e9 d&rsquo;\u00eatre tr\u00e8s peu calorique. Gr\u00e2ce \u00e0 ses multiples nutriments, les pommes Golden vous feront profiter de leurs vertus. Le potassium qu\u2019il contient am\u00e9liorera votre sant\u00e9 car il aide \u00e0 transmettre l\u2019influx nerveux et \u00e0 \u00e9viter les [&hellip;]","og_url":"https:\/\/tipanierdeshauts.re\/index.php\/product\/pomme-golden\/","og_site_name":"Ti panier des hauts","article_modified_time":"2024-02-22T10:52:53+00:00","og_image":[{"width":552,"height":452,"url":"https:\/\/tipanierdeshauts.re\/wp-content\/uploads\/2023\/03\/golden-delicious-juicy-ripe-fresh-yellow-apples-o-2021-08-27-09-34-33-utc-removebg-preview.png","type":"image\/png"}],"twitter_card":"summary_large_image","twitter_misc":{"Dur\u00e9e de lecture estim\u00e9e":"1 minute"},"schema":{"@context":"https:\/\/schema.org","@graph":[{"@type":"WebPage","@id":"https:\/\/tipanierdeshauts.re\/index.php\/product\/pomme-golden\/","url":"https:\/\/tipanierdeshauts.re\/index.php\/product\/pomme-golden\/","name":"Pomme Golden - Ti panier des hauts","isPartOf":{"@id":"https:\/\/tipanierdeshauts.re\/#website"},"datePublished":"2023-03-14T09:26:02+00:00","dateModified":"2024-02-22T10:52:53+00:00","breadcrumb":{"@id":"https:\/\/tipanierdeshauts.re\/index.php\/product\/pomme-golden\/#breadcrumb"},"inLanguage":"fr-FR","potentialAction":[{"@type":"ReadAction","target":["https:\/\/tipanierdeshauts.re\/index.php\/product\/pomme-golden\/"]}]},{"@type":"BreadcrumbList","@id":"https:\/\/tipanierdeshauts.re\/index.php\/product\/pomme-golden\/#breadcrumb","itemListElement":[{"@type":"ListItem","position":1,"name":"Accueil","item":"https:\/\/tipanierdeshauts.re\/"},{"@type":"ListItem","position":2,"name":"Products","item":"https:\/\/tipanierdeshauts.re\/index.php\/shop\/"},{"@type":"ListItem","position":3,"name":"Pomme Golden"}]},{"@type":"WebSite","@id":"https:\/\/tipanierdeshauts.re\/#website","url":"https:\/\/tipanierdeshauts.re\/","name":"Ti panier des hauts","description":"Fruits, L\u00e9gumes frais et charcuterie","publisher":{"@id":"https:\/\/tipanierdeshauts.re\/#organization"},"potentialAction":[{"@type":"SearchAction","target":{"@type":"EntryPoint","urlTemplate":"https:\/\/tipanierdeshauts.re\/?s={search_term_string}"},"query-input":"required name=search_term_string"}],"inLanguage":"fr-FR"},{"@type":"Organization","@id":"https:\/\/tipanierdeshauts.re\/#organization","name":"Ti panier des hauts","url":"https:\/\/tipanierdeshauts.re\/","logo":{"@type":"ImageObject","inLanguage":"fr-FR","@id":"https:\/\/tipanierdeshauts.re\/#\/schema\/logo\/image\/","url":"https:\/\/tipanierdeshauts.re\/wp-content\/uploads\/2023\/03\/Ti-panier-des-hauts-logo-1.png","contentUrl":"https:\/\/tipanierdeshauts.re\/wp-content\/uploads\/2023\/03\/Ti-panier-des-hauts-logo-1.png","width":1834,"height":962,"caption":"Ti panier des hauts"},"image":{"@id":"https:\/\/tipanierdeshauts.re\/#\/schema\/logo\/image\/"}}]}},"_links":{"self":[{"href":"https:\/\/tipanierdeshauts.re\/index.php\/wp-json\/wp\/v2\/product\/503","targetHints":{"allow":["GET"]}}],"collection":[{"href":"https:\/\/tipanierdeshauts.re\/index.php\/wp-json\/wp\/v2\/product"}],"about":[{"href":"https:\/\/tipanierdeshauts.re\/index.php\/wp-json\/wp\/v2\/types\/product"}],"replies":[{"embeddable":true,"href":"https:\/\/tipanierdeshauts.re\/index.php\/wp-json\/wp\/v2\/comments?post=503"}],"version-history":[{"count":3,"href":"https:\/\/tipanierdeshauts.re\/index.php\/wp-json\/wp\/v2\/product\/503\/revisions"}],"predecessor-version":[{"id":1091,"href":"https:\/\/tipanierdeshauts.re\/index.php\/wp-json\/wp\/v2\/product\/503\/revisions\/1091"}],"wp:featuredmedia":[{"embeddable":true,"href":"https:\/\/tipanierdeshauts.re\/index.php\/wp-json\/wp\/v2\/media\/505"}],"wp:attachment":[{"href":"https:\/\/tipanierdeshauts.re\/index.php\/wp-json\/wp\/v2\/media?parent=503"}],"wp:term":[{"taxonomy":"product_cat","embeddable":true,"href":"https:\/\/tipanierdeshauts.re\/index.php\/wp-json\/wp\/v2\/product_cat?post=503"},{"taxonomy":"product_tag","embeddable":true,"href":"https:\/\/tipanierdeshauts.re\/index.php\/wp-json\/wp\/v2\/product_tag?post=503"}],"curies":[{"name":"wp","href":"https:\/\/api.w.org\/{rel}","templated":true}]}}