{"id":518,"date":"2023-03-14T13:44:21","date_gmt":"2023-03-14T09:44:21","guid":{"rendered":"http:\/\/tipanierdeshauts.re\/?post_type=product&#038;p=518"},"modified":"2024-02-22T14:50:14","modified_gmt":"2024-02-22T10:50:14","slug":"raisin-noir","status":"publish","type":"product","link":"https:\/\/tipanierdeshauts.re\/index.php\/product\/raisin-noir\/","title":{"rendered":"Raisin noir"},"content":{"rendered":"<p>Le raisin noir est le fruit du tonus par excellence, le raisin est indiqu\u00e9 pour tous ceux dont les besoins \u00e9nerg\u00e9tiques sont importants, comme les enfants en pleine croissance ou les sportifs. Tr\u00e8s riche en polyph\u00e9nols, puissants antioxydants, le raisin poss\u00e8de des vertus protectrices qui agissent \u00e0 diff\u00e9rents niveaux. Il prot\u00e8ge le syst\u00e8me cardio-vasculaire en freinant son vieillissement, il limite la formation du mauvais cholest\u00e9rol, et am\u00e9liore la r\u00e9sistance des vaisseaux sanguins.<br \/>\nPar ailleurs, \u00a0par son action fluidifiante, elle draine les toxines et am\u00e9liore ainsi la circulation sanguine et r\u00e9duit les probl\u00e8mes de r\u00e9tention d&rsquo;eau. Ce qui en fait un excellent fruit pour la sant\u00e9.<\/p>\n<p>On aime d\u00e9guster le raisin noir tel quel en fin de repas mais il peut \u00eatre \u00e9galement utilis\u00e9 dans la confection de tartes, clafoutis et plats \u00e0 base de viande pour un repas en version sucr\u00e9 sal\u00e9.\u00a0Le raisin noir apporte du croquant et une touche acidul\u00e9e \u00e0 vos plats et desserts, il serait bien dommage de s&rsquo;en passer.<\/p>\n<p>Si consommer des fruits est bon pour la sant\u00e9, les bienfaits du raisin sont parmi les plus reconnus. Bien sucr\u00e9, gorg\u00e9 de soleil, en croquer c\u2019est s\u2019assurer la pleine forme et une mine resplendissante !<\/p>\n<p>&nbsp;<\/p>\n<p>&nbsp;<\/p>\n<p>&nbsp;<\/p>\n","protected":false},"excerpt":{"rendered":"<p>Le raisin noir est le fruit du tonus par excellence, le raisin est indiqu\u00e9 pour tous ceux dont les besoins \u00e9nerg\u00e9tiques sont importants, comme les enfants en pleine croissance ou les sportifs. Tr\u00e8s riche en polyph\u00e9nols, puissants antioxydants, le raisin poss\u00e8de des vertus protectrices qui agissent \u00e0 diff\u00e9rents niveaux. Il prot\u00e8ge le syst\u00e8me cardio-vasculaire en [&hellip;]<\/p>\n","protected":false},"featured_media":520,"comment_status":"open","ping_status":"closed","template":"","meta":[],"product_cat":[20],"product_tag":[],"class_list":["post-518","product","type-product","status-publish","has-post-thumbnail","hentry","product_cat-fruits"],"yoast_head":"<!-- This site is optimized with the Yoast SEO plugin v20.4 - https:\/\/yoast.com\/wordpress\/plugins\/seo\/ -->\n<title>Raisin noir - Ti panier des hauts<\/title>\n<meta name=\"robots\" content=\"index, follow, max-snippet:-1, max-image-preview:large, max-video-preview:-1\" \/>\n<link rel=\"canonical\" href=\"https:\/\/tipanierdeshauts.re\/index.php\/product\/raisin-noir\/\" \/>\n<meta property=\"og:locale\" content=\"fr_FR\" \/>\n<meta property=\"og:type\" content=\"article\" \/>\n<meta property=\"og:title\" content=\"Raisin noir - Ti panier des hauts\" \/>\n<meta property=\"og:description\" content=\"Le raisin noir est le fruit du tonus par excellence, le raisin est indiqu\u00e9 pour tous ceux dont les besoins \u00e9nerg\u00e9tiques sont importants, comme les enfants en pleine croissance ou les sportifs. Tr\u00e8s riche en polyph\u00e9nols, puissants antioxydants, le raisin poss\u00e8de des vertus protectrices qui agissent \u00e0 diff\u00e9rents niveaux. Il prot\u00e8ge le syst\u00e8me cardio-vasculaire en [&hellip;]\" \/>\n<meta property=\"og:url\" content=\"https:\/\/tipanierdeshauts.re\/index.php\/product\/raisin-noir\/\" \/>\n<meta property=\"og:site_name\" content=\"Ti panier des hauts\" \/>\n<meta property=\"article:modified_time\" content=\"2024-02-22T10:50:14+00:00\" \/>\n<meta property=\"og:image\" content=\"https:\/\/tipanierdeshauts.re\/wp-content\/uploads\/2023\/03\/fresh-dark-red-grapes-close-up-2023-03-02-17-55-36-utc-removebg-preview.png\" \/>\n\t<meta property=\"og:image:width\" content=\"612\" \/>\n\t<meta property=\"og:image:height\" content=\"408\" \/>\n\t<meta property=\"og:image:type\" content=\"image\/png\" \/>\n<meta name=\"twitter:card\" content=\"summary_large_image\" \/>\n<meta name=\"twitter:label1\" content=\"Dur\u00e9e de lecture estim\u00e9e\" \/>\n\t<meta name=\"twitter:data1\" content=\"2 minutes\" \/>\n<script type=\"application\/ld+json\" class=\"yoast-schema-graph\">{\"@context\":\"https:\/\/schema.org\",\"@graph\":[{\"@type\":\"WebPage\",\"@id\":\"https:\/\/tipanierdeshauts.re\/index.php\/product\/raisin-noir\/\",\"url\":\"https:\/\/tipanierdeshauts.re\/index.php\/product\/raisin-noir\/\",\"name\":\"Raisin noir - Ti panier des hauts\",\"isPartOf\":{\"@id\":\"https:\/\/tipanierdeshauts.re\/#website\"},\"datePublished\":\"2023-03-14T09:44:21+00:00\",\"dateModified\":\"2024-02-22T10:50:14+00:00\",\"breadcrumb\":{\"@id\":\"https:\/\/tipanierdeshauts.re\/index.php\/product\/raisin-noir\/#breadcrumb\"},\"inLanguage\":\"fr-FR\",\"potentialAction\":[{\"@type\":\"ReadAction\",\"target\":[\"https:\/\/tipanierdeshauts.re\/index.php\/product\/raisin-noir\/\"]}]},{\"@type\":\"BreadcrumbList\",\"@id\":\"https:\/\/tipanierdeshauts.re\/index.php\/product\/raisin-noir\/#breadcrumb\",\"itemListElement\":[{\"@type\":\"ListItem\",\"position\":1,\"name\":\"Accueil\",\"item\":\"https:\/\/tipanierdeshauts.re\/\"},{\"@type\":\"ListItem\",\"position\":2,\"name\":\"Products\",\"item\":\"https:\/\/tipanierdeshauts.re\/index.php\/shop\/\"},{\"@type\":\"ListItem\",\"position\":3,\"name\":\"Raisin noir\"}]},{\"@type\":\"WebSite\",\"@id\":\"https:\/\/tipanierdeshauts.re\/#website\",\"url\":\"https:\/\/tipanierdeshauts.re\/\",\"name\":\"Ti panier des hauts\",\"description\":\"Fruits, L\u00e9gumes frais et charcuterie\",\"publisher\":{\"@id\":\"https:\/\/tipanierdeshauts.re\/#organization\"},\"potentialAction\":[{\"@type\":\"SearchAction\",\"target\":{\"@type\":\"EntryPoint\",\"urlTemplate\":\"https:\/\/tipanierdeshauts.re\/?s={search_term_string}\"},\"query-input\":\"required name=search_term_string\"}],\"inLanguage\":\"fr-FR\"},{\"@type\":\"Organization\",\"@id\":\"https:\/\/tipanierdeshauts.re\/#organization\",\"name\":\"Ti panier des hauts\",\"url\":\"https:\/\/tipanierdeshauts.re\/\",\"logo\":{\"@type\":\"ImageObject\",\"inLanguage\":\"fr-FR\",\"@id\":\"https:\/\/tipanierdeshauts.re\/#\/schema\/logo\/image\/\",\"url\":\"https:\/\/tipanierdeshauts.re\/wp-content\/uploads\/2023\/03\/Ti-panier-des-hauts-logo-1.png\",\"contentUrl\":\"https:\/\/tipanierdeshauts.re\/wp-content\/uploads\/2023\/03\/Ti-panier-des-hauts-logo-1.png\",\"width\":1834,\"height\":962,\"caption\":\"Ti panier des hauts\"},\"image\":{\"@id\":\"https:\/\/tipanierdeshauts.re\/#\/schema\/logo\/image\/\"}}]}<\/script>\n<!-- \/ Yoast SEO plugin. -->","yoast_head_json":{"title":"Raisin noir - Ti panier des hauts","robots":{"index":"index","follow":"follow","max-snippet":"max-snippet:-1","max-image-preview":"max-image-preview:large","max-video-preview":"max-video-preview:-1"},"canonical":"https:\/\/tipanierdeshauts.re\/index.php\/product\/raisin-noir\/","og_locale":"fr_FR","og_type":"article","og_title":"Raisin noir - Ti panier des hauts","og_description":"Le raisin noir est le fruit du tonus par excellence, le raisin est indiqu\u00e9 pour tous ceux dont les besoins \u00e9nerg\u00e9tiques sont importants, comme les enfants en pleine croissance ou les sportifs. Tr\u00e8s riche en polyph\u00e9nols, puissants antioxydants, le raisin poss\u00e8de des vertus protectrices qui agissent \u00e0 diff\u00e9rents niveaux. Il prot\u00e8ge le syst\u00e8me cardio-vasculaire en [&hellip;]","og_url":"https:\/\/tipanierdeshauts.re\/index.php\/product\/raisin-noir\/","og_site_name":"Ti panier des hauts","article_modified_time":"2024-02-22T10:50:14+00:00","og_image":[{"width":612,"height":408,"url":"https:\/\/tipanierdeshauts.re\/wp-content\/uploads\/2023\/03\/fresh-dark-red-grapes-close-up-2023-03-02-17-55-36-utc-removebg-preview.png","type":"image\/png"}],"twitter_card":"summary_large_image","twitter_misc":{"Dur\u00e9e de lecture estim\u00e9e":"2 minutes"},"schema":{"@context":"https:\/\/schema.org","@graph":[{"@type":"WebPage","@id":"https:\/\/tipanierdeshauts.re\/index.php\/product\/raisin-noir\/","url":"https:\/\/tipanierdeshauts.re\/index.php\/product\/raisin-noir\/","name":"Raisin noir - Ti panier des hauts","isPartOf":{"@id":"https:\/\/tipanierdeshauts.re\/#website"},"datePublished":"2023-03-14T09:44:21+00:00","dateModified":"2024-02-22T10:50:14+00:00","breadcrumb":{"@id":"https:\/\/tipanierdeshauts.re\/index.php\/product\/raisin-noir\/#breadcrumb"},"inLanguage":"fr-FR","potentialAction":[{"@type":"ReadAction","target":["https:\/\/tipanierdeshauts.re\/index.php\/product\/raisin-noir\/"]}]},{"@type":"BreadcrumbList","@id":"https:\/\/tipanierdeshauts.re\/index.php\/product\/raisin-noir\/#breadcrumb","itemListElement":[{"@type":"ListItem","position":1,"name":"Accueil","item":"https:\/\/tipanierdeshauts.re\/"},{"@type":"ListItem","position":2,"name":"Products","item":"https:\/\/tipanierdeshauts.re\/index.php\/shop\/"},{"@type":"ListItem","position":3,"name":"Raisin noir"}]},{"@type":"WebSite","@id":"https:\/\/tipanierdeshauts.re\/#website","url":"https:\/\/tipanierdeshauts.re\/","name":"Ti panier des hauts","description":"Fruits, L\u00e9gumes frais et charcuterie","publisher":{"@id":"https:\/\/tipanierdeshauts.re\/#organization"},"potentialAction":[{"@type":"SearchAction","target":{"@type":"EntryPoint","urlTemplate":"https:\/\/tipanierdeshauts.re\/?s={search_term_string}"},"query-input":"required name=search_term_string"}],"inLanguage":"fr-FR"},{"@type":"Organization","@id":"https:\/\/tipanierdeshauts.re\/#organization","name":"Ti panier des hauts","url":"https:\/\/tipanierdeshauts.re\/","logo":{"@type":"ImageObject","inLanguage":"fr-FR","@id":"https:\/\/tipanierdeshauts.re\/#\/schema\/logo\/image\/","url":"https:\/\/tipanierdeshauts.re\/wp-content\/uploads\/2023\/03\/Ti-panier-des-hauts-logo-1.png","contentUrl":"https:\/\/tipanierdeshauts.re\/wp-content\/uploads\/2023\/03\/Ti-panier-des-hauts-logo-1.png","width":1834,"height":962,"caption":"Ti panier des hauts"},"image":{"@id":"https:\/\/tipanierdeshauts.re\/#\/schema\/logo\/image\/"}}]}},"_links":{"self":[{"href":"https:\/\/tipanierdeshauts.re\/index.php\/wp-json\/wp\/v2\/product\/518","targetHints":{"allow":["GET"]}}],"collection":[{"href":"https:\/\/tipanierdeshauts.re\/index.php\/wp-json\/wp\/v2\/product"}],"about":[{"href":"https:\/\/tipanierdeshauts.re\/index.php\/wp-json\/wp\/v2\/types\/product"}],"replies":[{"embeddable":true,"href":"https:\/\/tipanierdeshauts.re\/index.php\/wp-json\/wp\/v2\/comments?post=518"}],"version-history":[{"count":4,"href":"https:\/\/tipanierdeshauts.re\/index.php\/wp-json\/wp\/v2\/product\/518\/revisions"}],"predecessor-version":[{"id":1097,"href":"https:\/\/tipanierdeshauts.re\/index.php\/wp-json\/wp\/v2\/product\/518\/revisions\/1097"}],"wp:featuredmedia":[{"embeddable":true,"href":"https:\/\/tipanierdeshauts.re\/index.php\/wp-json\/wp\/v2\/media\/520"}],"wp:attachment":[{"href":"https:\/\/tipanierdeshauts.re\/index.php\/wp-json\/wp\/v2\/media?parent=518"}],"wp:term":[{"taxonomy":"product_cat","embeddable":true,"href":"https:\/\/tipanierdeshauts.re\/index.php\/wp-json\/wp\/v2\/product_cat?post=518"},{"taxonomy":"product_tag","embeddable":true,"href":"https:\/\/tipanierdeshauts.re\/index.php\/wp-json\/wp\/v2\/product_tag?post=518"}],"curies":[{"name":"wp","href":"https:\/\/api.w.org\/{rel}","templated":true}]}}