{"id":521,"date":"2023-03-14T13:51:00","date_gmt":"2023-03-14T09:51:00","guid":{"rendered":"http:\/\/tipanierdeshauts.re\/?post_type=product&#038;p=521"},"modified":"2024-02-22T14:49:59","modified_gmt":"2024-02-22T10:49:59","slug":"raisin-rose","status":"publish","type":"product","link":"https:\/\/tipanierdeshauts.re\/index.php\/product\/raisin-rose\/","title":{"rendered":"Raisin ros\u00e9"},"content":{"rendered":"<p>Les raisins ros\u00e9s sont une vari\u00e9t\u00e9 de raisins qui ont une teinte rose-rouge et une saveur sucr\u00e9e. Ils sont riches en antioxydants, qui peuvent contribuer \u00e0 r\u00e9duire le risque de maladies chroniques telles que le cancer et les maladies cardiaques. Ils constituent \u00e9galement une bonne source de vitamines C et K, ainsi que de potassium et de fibres alimentaires.<\/p>\n<p>On les consomment frais \u00e0 croquer cru en dessert, \u00e0 glisser dans des salades sucr\u00e9es-sal\u00e9es ou des salades de fruits, ou encore \u00e0 faire l\u00e9g\u00e8rement revenir \u00e0 la po\u00eale dans un peu d&rsquo;huile, pour accompagner des volailles. On peut aussi les d\u00e9guster en brochettes ap\u00e9ritives accompagn\u00e9s de fromage de poulet de chez Ti Panier des Hauts.<\/p>\n","protected":false},"excerpt":{"rendered":"<p>Les raisins ros\u00e9s sont une vari\u00e9t\u00e9 de raisins qui ont une teinte rose-rouge et une saveur sucr\u00e9e. Ils sont riches en antioxydants, qui peuvent contribuer \u00e0 r\u00e9duire le risque de maladies chroniques telles que le cancer et les maladies cardiaques. Ils constituent \u00e9galement une bonne source de vitamines C et K, ainsi que de potassium [&hellip;]<\/p>\n","protected":false},"featured_media":523,"comment_status":"open","ping_status":"closed","template":"","meta":[],"product_cat":[20],"product_tag":[],"class_list":["post-521","product","type-product","status-publish","has-post-thumbnail","hentry","product_cat-fruits"],"yoast_head":"<!-- This site is optimized with the Yoast SEO plugin v20.4 - https:\/\/yoast.com\/wordpress\/plugins\/seo\/ -->\n<title>Raisin ros\u00e9 - Ti panier des hauts<\/title>\n<meta name=\"robots\" content=\"index, follow, max-snippet:-1, max-image-preview:large, max-video-preview:-1\" \/>\n<link rel=\"canonical\" href=\"https:\/\/tipanierdeshauts.re\/index.php\/product\/raisin-rose\/\" \/>\n<meta property=\"og:locale\" content=\"fr_FR\" \/>\n<meta property=\"og:type\" content=\"article\" \/>\n<meta property=\"og:title\" content=\"Raisin ros\u00e9 - Ti panier des hauts\" \/>\n<meta property=\"og:description\" content=\"Les raisins ros\u00e9s sont une vari\u00e9t\u00e9 de raisins qui ont une teinte rose-rouge et une saveur sucr\u00e9e. Ils sont riches en antioxydants, qui peuvent contribuer \u00e0 r\u00e9duire le risque de maladies chroniques telles que le cancer et les maladies cardiaques. Ils constituent \u00e9galement une bonne source de vitamines C et K, ainsi que de potassium [&hellip;]\" \/>\n<meta property=\"og:url\" content=\"https:\/\/tipanierdeshauts.re\/index.php\/product\/raisin-rose\/\" \/>\n<meta property=\"og:site_name\" content=\"Ti panier des hauts\" \/>\n<meta property=\"article:modified_time\" content=\"2024-02-22T10:49:59+00:00\" \/>\n<meta property=\"og:image\" content=\"https:\/\/tipanierdeshauts.re\/wp-content\/uploads\/2023\/03\/yummy-treats-come-on-vines-shot-of-a-bunch-of-gra-2022-09-24-00-26-20-utc-removebg-preview.png\" \/>\n\t<meta property=\"og:image:width\" content=\"500\" \/>\n\t<meta property=\"og:image:height\" content=\"500\" \/>\n\t<meta property=\"og:image:type\" content=\"image\/png\" \/>\n<meta name=\"twitter:card\" content=\"summary_large_image\" \/>\n<meta name=\"twitter:label1\" content=\"Dur\u00e9e de lecture estim\u00e9e\" \/>\n\t<meta name=\"twitter:data1\" content=\"1 minute\" \/>\n<script type=\"application\/ld+json\" class=\"yoast-schema-graph\">{\"@context\":\"https:\/\/schema.org\",\"@graph\":[{\"@type\":\"WebPage\",\"@id\":\"https:\/\/tipanierdeshauts.re\/index.php\/product\/raisin-rose\/\",\"url\":\"https:\/\/tipanierdeshauts.re\/index.php\/product\/raisin-rose\/\",\"name\":\"Raisin ros\u00e9 - Ti panier des hauts\",\"isPartOf\":{\"@id\":\"https:\/\/tipanierdeshauts.re\/#website\"},\"datePublished\":\"2023-03-14T09:51:00+00:00\",\"dateModified\":\"2024-02-22T10:49:59+00:00\",\"breadcrumb\":{\"@id\":\"https:\/\/tipanierdeshauts.re\/index.php\/product\/raisin-rose\/#breadcrumb\"},\"inLanguage\":\"fr-FR\",\"potentialAction\":[{\"@type\":\"ReadAction\",\"target\":[\"https:\/\/tipanierdeshauts.re\/index.php\/product\/raisin-rose\/\"]}]},{\"@type\":\"BreadcrumbList\",\"@id\":\"https:\/\/tipanierdeshauts.re\/index.php\/product\/raisin-rose\/#breadcrumb\",\"itemListElement\":[{\"@type\":\"ListItem\",\"position\":1,\"name\":\"Accueil\",\"item\":\"https:\/\/tipanierdeshauts.re\/\"},{\"@type\":\"ListItem\",\"position\":2,\"name\":\"Products\",\"item\":\"https:\/\/tipanierdeshauts.re\/index.php\/shop\/\"},{\"@type\":\"ListItem\",\"position\":3,\"name\":\"Raisin ros\u00e9\"}]},{\"@type\":\"WebSite\",\"@id\":\"https:\/\/tipanierdeshauts.re\/#website\",\"url\":\"https:\/\/tipanierdeshauts.re\/\",\"name\":\"Ti panier des hauts\",\"description\":\"Fruits, L\u00e9gumes frais et charcuterie\",\"publisher\":{\"@id\":\"https:\/\/tipanierdeshauts.re\/#organization\"},\"potentialAction\":[{\"@type\":\"SearchAction\",\"target\":{\"@type\":\"EntryPoint\",\"urlTemplate\":\"https:\/\/tipanierdeshauts.re\/?s={search_term_string}\"},\"query-input\":\"required name=search_term_string\"}],\"inLanguage\":\"fr-FR\"},{\"@type\":\"Organization\",\"@id\":\"https:\/\/tipanierdeshauts.re\/#organization\",\"name\":\"Ti panier des hauts\",\"url\":\"https:\/\/tipanierdeshauts.re\/\",\"logo\":{\"@type\":\"ImageObject\",\"inLanguage\":\"fr-FR\",\"@id\":\"https:\/\/tipanierdeshauts.re\/#\/schema\/logo\/image\/\",\"url\":\"https:\/\/tipanierdeshauts.re\/wp-content\/uploads\/2023\/03\/Ti-panier-des-hauts-logo-1.png\",\"contentUrl\":\"https:\/\/tipanierdeshauts.re\/wp-content\/uploads\/2023\/03\/Ti-panier-des-hauts-logo-1.png\",\"width\":1834,\"height\":962,\"caption\":\"Ti panier des hauts\"},\"image\":{\"@id\":\"https:\/\/tipanierdeshauts.re\/#\/schema\/logo\/image\/\"}}]}<\/script>\n<!-- \/ Yoast SEO plugin. -->","yoast_head_json":{"title":"Raisin ros\u00e9 - Ti panier des hauts","robots":{"index":"index","follow":"follow","max-snippet":"max-snippet:-1","max-image-preview":"max-image-preview:large","max-video-preview":"max-video-preview:-1"},"canonical":"https:\/\/tipanierdeshauts.re\/index.php\/product\/raisin-rose\/","og_locale":"fr_FR","og_type":"article","og_title":"Raisin ros\u00e9 - Ti panier des hauts","og_description":"Les raisins ros\u00e9s sont une vari\u00e9t\u00e9 de raisins qui ont une teinte rose-rouge et une saveur sucr\u00e9e. Ils sont riches en antioxydants, qui peuvent contribuer \u00e0 r\u00e9duire le risque de maladies chroniques telles que le cancer et les maladies cardiaques. Ils constituent \u00e9galement une bonne source de vitamines C et K, ainsi que de potassium [&hellip;]","og_url":"https:\/\/tipanierdeshauts.re\/index.php\/product\/raisin-rose\/","og_site_name":"Ti panier des hauts","article_modified_time":"2024-02-22T10:49:59+00:00","og_image":[{"width":500,"height":500,"url":"https:\/\/tipanierdeshauts.re\/wp-content\/uploads\/2023\/03\/yummy-treats-come-on-vines-shot-of-a-bunch-of-gra-2022-09-24-00-26-20-utc-removebg-preview.png","type":"image\/png"}],"twitter_card":"summary_large_image","twitter_misc":{"Dur\u00e9e de lecture estim\u00e9e":"1 minute"},"schema":{"@context":"https:\/\/schema.org","@graph":[{"@type":"WebPage","@id":"https:\/\/tipanierdeshauts.re\/index.php\/product\/raisin-rose\/","url":"https:\/\/tipanierdeshauts.re\/index.php\/product\/raisin-rose\/","name":"Raisin ros\u00e9 - Ti panier des hauts","isPartOf":{"@id":"https:\/\/tipanierdeshauts.re\/#website"},"datePublished":"2023-03-14T09:51:00+00:00","dateModified":"2024-02-22T10:49:59+00:00","breadcrumb":{"@id":"https:\/\/tipanierdeshauts.re\/index.php\/product\/raisin-rose\/#breadcrumb"},"inLanguage":"fr-FR","potentialAction":[{"@type":"ReadAction","target":["https:\/\/tipanierdeshauts.re\/index.php\/product\/raisin-rose\/"]}]},{"@type":"BreadcrumbList","@id":"https:\/\/tipanierdeshauts.re\/index.php\/product\/raisin-rose\/#breadcrumb","itemListElement":[{"@type":"ListItem","position":1,"name":"Accueil","item":"https:\/\/tipanierdeshauts.re\/"},{"@type":"ListItem","position":2,"name":"Products","item":"https:\/\/tipanierdeshauts.re\/index.php\/shop\/"},{"@type":"ListItem","position":3,"name":"Raisin ros\u00e9"}]},{"@type":"WebSite","@id":"https:\/\/tipanierdeshauts.re\/#website","url":"https:\/\/tipanierdeshauts.re\/","name":"Ti panier des hauts","description":"Fruits, L\u00e9gumes frais et charcuterie","publisher":{"@id":"https:\/\/tipanierdeshauts.re\/#organization"},"potentialAction":[{"@type":"SearchAction","target":{"@type":"EntryPoint","urlTemplate":"https:\/\/tipanierdeshauts.re\/?s={search_term_string}"},"query-input":"required name=search_term_string"}],"inLanguage":"fr-FR"},{"@type":"Organization","@id":"https:\/\/tipanierdeshauts.re\/#organization","name":"Ti panier des hauts","url":"https:\/\/tipanierdeshauts.re\/","logo":{"@type":"ImageObject","inLanguage":"fr-FR","@id":"https:\/\/tipanierdeshauts.re\/#\/schema\/logo\/image\/","url":"https:\/\/tipanierdeshauts.re\/wp-content\/uploads\/2023\/03\/Ti-panier-des-hauts-logo-1.png","contentUrl":"https:\/\/tipanierdeshauts.re\/wp-content\/uploads\/2023\/03\/Ti-panier-des-hauts-logo-1.png","width":1834,"height":962,"caption":"Ti panier des hauts"},"image":{"@id":"https:\/\/tipanierdeshauts.re\/#\/schema\/logo\/image\/"}}]}},"_links":{"self":[{"href":"https:\/\/tipanierdeshauts.re\/index.php\/wp-json\/wp\/v2\/product\/521","targetHints":{"allow":["GET"]}}],"collection":[{"href":"https:\/\/tipanierdeshauts.re\/index.php\/wp-json\/wp\/v2\/product"}],"about":[{"href":"https:\/\/tipanierdeshauts.re\/index.php\/wp-json\/wp\/v2\/types\/product"}],"replies":[{"embeddable":true,"href":"https:\/\/tipanierdeshauts.re\/index.php\/wp-json\/wp\/v2\/comments?post=521"}],"version-history":[{"count":5,"href":"https:\/\/tipanierdeshauts.re\/index.php\/wp-json\/wp\/v2\/product\/521\/revisions"}],"predecessor-version":[{"id":1099,"href":"https:\/\/tipanierdeshauts.re\/index.php\/wp-json\/wp\/v2\/product\/521\/revisions\/1099"}],"wp:featuredmedia":[{"embeddable":true,"href":"https:\/\/tipanierdeshauts.re\/index.php\/wp-json\/wp\/v2\/media\/523"}],"wp:attachment":[{"href":"https:\/\/tipanierdeshauts.re\/index.php\/wp-json\/wp\/v2\/media?parent=521"}],"wp:term":[{"taxonomy":"product_cat","embeddable":true,"href":"https:\/\/tipanierdeshauts.re\/index.php\/wp-json\/wp\/v2\/product_cat?post=521"},{"taxonomy":"product_tag","embeddable":true,"href":"https:\/\/tipanierdeshauts.re\/index.php\/wp-json\/wp\/v2\/product_tag?post=521"}],"curies":[{"name":"wp","href":"https:\/\/api.w.org\/{rel}","templated":true}]}}