{"id":531,"date":"2023-03-14T23:11:17","date_gmt":"2023-03-14T19:11:17","guid":{"rendered":"http:\/\/tipanierdeshauts.re\/?post_type=product&#038;p=531"},"modified":"2024-02-22T14:49:33","modified_gmt":"2024-02-22T10:49:33","slug":"coriandre-en-bottte","status":"publish","type":"product","link":"https:\/\/tipanierdeshauts.re\/index.php\/product\/coriandre-en-bottte\/","title":{"rendered":"Coriandre (en bottte)"},"content":{"rendered":"<p>Vous cherchez une herbe savoureuse pour rehausser vos plats ? Ne cherchez pas plus loin que la coriandre !\u00a0 La coriandre n&rsquo;est pas seulement d\u00e9licieuse, elle est aussi pleine de bienfaits pour la sant\u00e9. Elle est riche en antioxydants et peut contribuer \u00e0 am\u00e9liorer la digestion, \u00e0 abaisser le taux de cholest\u00e9rol et \u00e0 r\u00e9duire l&rsquo;inflammation dans l&rsquo;organisme.<\/p>\n<p>Incorporez la coriandre dans des recettes telles que le rougail tomate, le guacamole ou comme garniture sur votre soupe ou carry pr\u00e9f\u00e9r\u00e9. Achetez de la coriandre fra\u00eeche d\u00e8s aujourd&rsquo;hui et parfumez vos recettes.<\/p>\n","protected":false},"excerpt":{"rendered":"<p>Vous cherchez une herbe savoureuse pour rehausser vos plats ? Ne cherchez pas plus loin que la coriandre !\u00a0 La coriandre n&rsquo;est pas seulement d\u00e9licieuse, elle est aussi pleine de bienfaits pour la sant\u00e9. Elle est riche en antioxydants et peut contribuer \u00e0 am\u00e9liorer la digestion, \u00e0 abaisser le taux de cholest\u00e9rol et \u00e0 r\u00e9duire [&hellip;]<\/p>\n","protected":false},"featured_media":532,"comment_status":"open","ping_status":"closed","template":"","meta":[],"product_cat":[26],"product_tag":[],"class_list":["post-531","product","type-product","status-publish","has-post-thumbnail","hentry","product_cat-aromate"],"yoast_head":"<!-- This site is optimized with the Yoast SEO plugin v20.4 - https:\/\/yoast.com\/wordpress\/plugins\/seo\/ -->\n<title>Coriandre (en bottte) - Ti panier des hauts<\/title>\n<meta name=\"robots\" content=\"index, follow, max-snippet:-1, max-image-preview:large, max-video-preview:-1\" \/>\n<link rel=\"canonical\" href=\"https:\/\/tipanierdeshauts.re\/index.php\/product\/coriandre-en-bottte\/\" \/>\n<meta property=\"og:locale\" content=\"fr_FR\" \/>\n<meta property=\"og:type\" content=\"article\" \/>\n<meta property=\"og:title\" content=\"Coriandre (en bottte) - Ti panier des hauts\" \/>\n<meta property=\"og:description\" content=\"Vous cherchez une herbe savoureuse pour rehausser vos plats ? Ne cherchez pas plus loin que la coriandre !\u00a0 La coriandre n&rsquo;est pas seulement d\u00e9licieuse, elle est aussi pleine de bienfaits pour la sant\u00e9. Elle est riche en antioxydants et peut contribuer \u00e0 am\u00e9liorer la digestion, \u00e0 abaisser le taux de cholest\u00e9rol et \u00e0 r\u00e9duire [&hellip;]\" \/>\n<meta property=\"og:url\" content=\"https:\/\/tipanierdeshauts.re\/index.php\/product\/coriandre-en-bottte\/\" \/>\n<meta property=\"og:site_name\" content=\"Ti panier des hauts\" \/>\n<meta property=\"article:modified_time\" content=\"2024-02-22T10:49:33+00:00\" \/>\n<meta property=\"og:image\" content=\"https:\/\/tipanierdeshauts.re\/wp-content\/uploads\/2023\/03\/fresh-cilantro-with-roots-2021-08-26-16-56-21-utc-removebg-preview.png\" \/>\n\t<meta property=\"og:image:width\" content=\"408\" \/>\n\t<meta property=\"og:image:height\" content=\"612\" \/>\n\t<meta property=\"og:image:type\" content=\"image\/png\" \/>\n<meta name=\"twitter:card\" content=\"summary_large_image\" \/>\n<meta name=\"twitter:label1\" content=\"Dur\u00e9e de lecture estim\u00e9e\" \/>\n\t<meta name=\"twitter:data1\" content=\"1 minute\" \/>\n<script type=\"application\/ld+json\" class=\"yoast-schema-graph\">{\"@context\":\"https:\/\/schema.org\",\"@graph\":[{\"@type\":\"WebPage\",\"@id\":\"https:\/\/tipanierdeshauts.re\/index.php\/product\/coriandre-en-bottte\/\",\"url\":\"https:\/\/tipanierdeshauts.re\/index.php\/product\/coriandre-en-bottte\/\",\"name\":\"Coriandre (en bottte) - Ti panier des hauts\",\"isPartOf\":{\"@id\":\"https:\/\/tipanierdeshauts.re\/#website\"},\"datePublished\":\"2023-03-14T19:11:17+00:00\",\"dateModified\":\"2024-02-22T10:49:33+00:00\",\"breadcrumb\":{\"@id\":\"https:\/\/tipanierdeshauts.re\/index.php\/product\/coriandre-en-bottte\/#breadcrumb\"},\"inLanguage\":\"fr-FR\",\"potentialAction\":[{\"@type\":\"ReadAction\",\"target\":[\"https:\/\/tipanierdeshauts.re\/index.php\/product\/coriandre-en-bottte\/\"]}]},{\"@type\":\"BreadcrumbList\",\"@id\":\"https:\/\/tipanierdeshauts.re\/index.php\/product\/coriandre-en-bottte\/#breadcrumb\",\"itemListElement\":[{\"@type\":\"ListItem\",\"position\":1,\"name\":\"Accueil\",\"item\":\"https:\/\/tipanierdeshauts.re\/\"},{\"@type\":\"ListItem\",\"position\":2,\"name\":\"Products\",\"item\":\"https:\/\/tipanierdeshauts.re\/index.php\/shop\/\"},{\"@type\":\"ListItem\",\"position\":3,\"name\":\"Coriandre (en bottte)\"}]},{\"@type\":\"WebSite\",\"@id\":\"https:\/\/tipanierdeshauts.re\/#website\",\"url\":\"https:\/\/tipanierdeshauts.re\/\",\"name\":\"Ti panier des hauts\",\"description\":\"Fruits, L\u00e9gumes frais et charcuterie\",\"publisher\":{\"@id\":\"https:\/\/tipanierdeshauts.re\/#organization\"},\"potentialAction\":[{\"@type\":\"SearchAction\",\"target\":{\"@type\":\"EntryPoint\",\"urlTemplate\":\"https:\/\/tipanierdeshauts.re\/?s={search_term_string}\"},\"query-input\":\"required name=search_term_string\"}],\"inLanguage\":\"fr-FR\"},{\"@type\":\"Organization\",\"@id\":\"https:\/\/tipanierdeshauts.re\/#organization\",\"name\":\"Ti panier des hauts\",\"url\":\"https:\/\/tipanierdeshauts.re\/\",\"logo\":{\"@type\":\"ImageObject\",\"inLanguage\":\"fr-FR\",\"@id\":\"https:\/\/tipanierdeshauts.re\/#\/schema\/logo\/image\/\",\"url\":\"https:\/\/tipanierdeshauts.re\/wp-content\/uploads\/2023\/03\/Ti-panier-des-hauts-logo-1.png\",\"contentUrl\":\"https:\/\/tipanierdeshauts.re\/wp-content\/uploads\/2023\/03\/Ti-panier-des-hauts-logo-1.png\",\"width\":1834,\"height\":962,\"caption\":\"Ti panier des hauts\"},\"image\":{\"@id\":\"https:\/\/tipanierdeshauts.re\/#\/schema\/logo\/image\/\"}}]}<\/script>\n<!-- \/ Yoast SEO plugin. -->","yoast_head_json":{"title":"Coriandre (en bottte) - Ti panier des hauts","robots":{"index":"index","follow":"follow","max-snippet":"max-snippet:-1","max-image-preview":"max-image-preview:large","max-video-preview":"max-video-preview:-1"},"canonical":"https:\/\/tipanierdeshauts.re\/index.php\/product\/coriandre-en-bottte\/","og_locale":"fr_FR","og_type":"article","og_title":"Coriandre (en bottte) - Ti panier des hauts","og_description":"Vous cherchez une herbe savoureuse pour rehausser vos plats ? Ne cherchez pas plus loin que la coriandre !\u00a0 La coriandre n&rsquo;est pas seulement d\u00e9licieuse, elle est aussi pleine de bienfaits pour la sant\u00e9. Elle est riche en antioxydants et peut contribuer \u00e0 am\u00e9liorer la digestion, \u00e0 abaisser le taux de cholest\u00e9rol et \u00e0 r\u00e9duire [&hellip;]","og_url":"https:\/\/tipanierdeshauts.re\/index.php\/product\/coriandre-en-bottte\/","og_site_name":"Ti panier des hauts","article_modified_time":"2024-02-22T10:49:33+00:00","og_image":[{"width":408,"height":612,"url":"https:\/\/tipanierdeshauts.re\/wp-content\/uploads\/2023\/03\/fresh-cilantro-with-roots-2021-08-26-16-56-21-utc-removebg-preview.png","type":"image\/png"}],"twitter_card":"summary_large_image","twitter_misc":{"Dur\u00e9e de lecture estim\u00e9e":"1 minute"},"schema":{"@context":"https:\/\/schema.org","@graph":[{"@type":"WebPage","@id":"https:\/\/tipanierdeshauts.re\/index.php\/product\/coriandre-en-bottte\/","url":"https:\/\/tipanierdeshauts.re\/index.php\/product\/coriandre-en-bottte\/","name":"Coriandre (en bottte) - Ti panier des hauts","isPartOf":{"@id":"https:\/\/tipanierdeshauts.re\/#website"},"datePublished":"2023-03-14T19:11:17+00:00","dateModified":"2024-02-22T10:49:33+00:00","breadcrumb":{"@id":"https:\/\/tipanierdeshauts.re\/index.php\/product\/coriandre-en-bottte\/#breadcrumb"},"inLanguage":"fr-FR","potentialAction":[{"@type":"ReadAction","target":["https:\/\/tipanierdeshauts.re\/index.php\/product\/coriandre-en-bottte\/"]}]},{"@type":"BreadcrumbList","@id":"https:\/\/tipanierdeshauts.re\/index.php\/product\/coriandre-en-bottte\/#breadcrumb","itemListElement":[{"@type":"ListItem","position":1,"name":"Accueil","item":"https:\/\/tipanierdeshauts.re\/"},{"@type":"ListItem","position":2,"name":"Products","item":"https:\/\/tipanierdeshauts.re\/index.php\/shop\/"},{"@type":"ListItem","position":3,"name":"Coriandre (en bottte)"}]},{"@type":"WebSite","@id":"https:\/\/tipanierdeshauts.re\/#website","url":"https:\/\/tipanierdeshauts.re\/","name":"Ti panier des hauts","description":"Fruits, L\u00e9gumes frais et charcuterie","publisher":{"@id":"https:\/\/tipanierdeshauts.re\/#organization"},"potentialAction":[{"@type":"SearchAction","target":{"@type":"EntryPoint","urlTemplate":"https:\/\/tipanierdeshauts.re\/?s={search_term_string}"},"query-input":"required name=search_term_string"}],"inLanguage":"fr-FR"},{"@type":"Organization","@id":"https:\/\/tipanierdeshauts.re\/#organization","name":"Ti panier des hauts","url":"https:\/\/tipanierdeshauts.re\/","logo":{"@type":"ImageObject","inLanguage":"fr-FR","@id":"https:\/\/tipanierdeshauts.re\/#\/schema\/logo\/image\/","url":"https:\/\/tipanierdeshauts.re\/wp-content\/uploads\/2023\/03\/Ti-panier-des-hauts-logo-1.png","contentUrl":"https:\/\/tipanierdeshauts.re\/wp-content\/uploads\/2023\/03\/Ti-panier-des-hauts-logo-1.png","width":1834,"height":962,"caption":"Ti panier des hauts"},"image":{"@id":"https:\/\/tipanierdeshauts.re\/#\/schema\/logo\/image\/"}}]}},"_links":{"self":[{"href":"https:\/\/tipanierdeshauts.re\/index.php\/wp-json\/wp\/v2\/product\/531","targetHints":{"allow":["GET"]}}],"collection":[{"href":"https:\/\/tipanierdeshauts.re\/index.php\/wp-json\/wp\/v2\/product"}],"about":[{"href":"https:\/\/tipanierdeshauts.re\/index.php\/wp-json\/wp\/v2\/types\/product"}],"replies":[{"embeddable":true,"href":"https:\/\/tipanierdeshauts.re\/index.php\/wp-json\/wp\/v2\/comments?post=531"}],"version-history":[{"count":4,"href":"https:\/\/tipanierdeshauts.re\/index.php\/wp-json\/wp\/v2\/product\/531\/revisions"}],"predecessor-version":[{"id":1103,"href":"https:\/\/tipanierdeshauts.re\/index.php\/wp-json\/wp\/v2\/product\/531\/revisions\/1103"}],"wp:featuredmedia":[{"embeddable":true,"href":"https:\/\/tipanierdeshauts.re\/index.php\/wp-json\/wp\/v2\/media\/532"}],"wp:attachment":[{"href":"https:\/\/tipanierdeshauts.re\/index.php\/wp-json\/wp\/v2\/media?parent=531"}],"wp:term":[{"taxonomy":"product_cat","embeddable":true,"href":"https:\/\/tipanierdeshauts.re\/index.php\/wp-json\/wp\/v2\/product_cat?post=531"},{"taxonomy":"product_tag","embeddable":true,"href":"https:\/\/tipanierdeshauts.re\/index.php\/wp-json\/wp\/v2\/product_tag?post=531"}],"curies":[{"name":"wp","href":"https:\/\/api.w.org\/{rel}","templated":true}]}}