{"id":538,"date":"2023-03-14T23:20:56","date_gmt":"2023-03-14T19:20:56","guid":{"rendered":"http:\/\/tipanierdeshauts.re\/?post_type=product&#038;p=538"},"modified":"2024-02-22T15:21:29","modified_gmt":"2024-02-22T11:21:29","slug":"menthe-en-botte","status":"publish","type":"product","link":"https:\/\/tipanierdeshauts.re\/index.php\/product\/menthe-en-botte\/","title":{"rendered":"Menthe (en botte)"},"content":{"rendered":"<p>D\u00e9couvrez le go\u00fbt rafra\u00eechissant et les bienfaits de la menthe pour la sant\u00e9 ! Cette herbe est un ingr\u00e9dient populaire dans les th\u00e9s, les cocktails et la cuisine du monde entier. La menthe est charg\u00e9e d&rsquo;antioxydants et il a \u00e9t\u00e9 d\u00e9montr\u00e9 qu&rsquo;elle am\u00e9liore la digestion, r\u00e9duit l&rsquo;inflammation et soulage les sympt\u00f4mes de naus\u00e9e et de maux de t\u00eate.<\/p>\n<p>Ajoutez de la fraicheur \u00e0 vos plats avec de la menthe, en l&rsquo;incorporant dans des recettes comme le taboul\u00e9, ou comme garniture sur votre dessert pr\u00e9f\u00e9r\u00e9. Vous pouvez \u00e9galement l&rsquo;utiliser pour pr\u00e9parer votre propre th\u00e9 maison, de l&rsquo;eau infus\u00e9e ou m\u00eame un mojito.<\/p>\n<p>La menthe est un aromate indispensable pour tout cuisinier amateur ou toute personne soucieuse de sa sant\u00e9. Achetez de la menthe fra\u00eeche d\u00e8s aujourd&rsquo;hui et commencez \u00e0 profiter de ses nombreux bienfaits dans votre cuisine et votre routine de bien-\u00eatre !<\/p>\n","protected":false},"excerpt":{"rendered":"<p>D\u00e9couvrez le go\u00fbt rafra\u00eechissant et les bienfaits de la menthe pour la sant\u00e9 ! Cette herbe est un ingr\u00e9dient populaire dans les th\u00e9s, les cocktails et la cuisine du monde entier. La menthe est charg\u00e9e d&rsquo;antioxydants et il a \u00e9t\u00e9 d\u00e9montr\u00e9 qu&rsquo;elle am\u00e9liore la digestion, r\u00e9duit l&rsquo;inflammation et soulage les sympt\u00f4mes de naus\u00e9e et de [&hellip;]<\/p>\n","protected":false},"featured_media":539,"comment_status":"open","ping_status":"closed","template":"","meta":[],"product_cat":[26],"product_tag":[],"class_list":["post-538","product","type-product","status-publish","has-post-thumbnail","hentry","product_cat-aromate"],"yoast_head":"<!-- This site is optimized with the Yoast SEO plugin v20.4 - https:\/\/yoast.com\/wordpress\/plugins\/seo\/ -->\n<title>Menthe (en botte) - Ti panier des hauts<\/title>\n<meta name=\"robots\" content=\"index, follow, max-snippet:-1, max-image-preview:large, max-video-preview:-1\" \/>\n<link rel=\"canonical\" href=\"https:\/\/tipanierdeshauts.re\/index.php\/product\/menthe-en-botte\/\" \/>\n<meta property=\"og:locale\" content=\"fr_FR\" \/>\n<meta property=\"og:type\" content=\"article\" \/>\n<meta property=\"og:title\" content=\"Menthe (en botte) - Ti panier des hauts\" \/>\n<meta property=\"og:description\" content=\"D\u00e9couvrez le go\u00fbt rafra\u00eechissant et les bienfaits de la menthe pour la sant\u00e9 ! Cette herbe est un ingr\u00e9dient populaire dans les th\u00e9s, les cocktails et la cuisine du monde entier. La menthe est charg\u00e9e d&rsquo;antioxydants et il a \u00e9t\u00e9 d\u00e9montr\u00e9 qu&rsquo;elle am\u00e9liore la digestion, r\u00e9duit l&rsquo;inflammation et soulage les sympt\u00f4mes de naus\u00e9e et de [&hellip;]\" \/>\n<meta property=\"og:url\" content=\"https:\/\/tipanierdeshauts.re\/index.php\/product\/menthe-en-botte\/\" \/>\n<meta property=\"og:site_name\" content=\"Ti panier des hauts\" \/>\n<meta property=\"article:modified_time\" content=\"2024-02-22T11:21:29+00:00\" \/>\n<meta property=\"og:image\" content=\"https:\/\/tipanierdeshauts.re\/wp-content\/uploads\/2023\/03\/bunch-of-green-mint-on-a-white-background-2022-07-12-04-56-16-utc-scaled.jpg\" \/>\n\t<meta property=\"og:image:width\" content=\"2560\" \/>\n\t<meta property=\"og:image:height\" content=\"1697\" \/>\n\t<meta property=\"og:image:type\" content=\"image\/jpeg\" \/>\n<meta name=\"twitter:card\" content=\"summary_large_image\" \/>\n<meta name=\"twitter:label1\" content=\"Dur\u00e9e de lecture estim\u00e9e\" \/>\n\t<meta name=\"twitter:data1\" content=\"1 minute\" \/>\n<script type=\"application\/ld+json\" class=\"yoast-schema-graph\">{\"@context\":\"https:\/\/schema.org\",\"@graph\":[{\"@type\":\"WebPage\",\"@id\":\"https:\/\/tipanierdeshauts.re\/index.php\/product\/menthe-en-botte\/\",\"url\":\"https:\/\/tipanierdeshauts.re\/index.php\/product\/menthe-en-botte\/\",\"name\":\"Menthe (en botte) - Ti panier des hauts\",\"isPartOf\":{\"@id\":\"https:\/\/tipanierdeshauts.re\/#website\"},\"datePublished\":\"2023-03-14T19:20:56+00:00\",\"dateModified\":\"2024-02-22T11:21:29+00:00\",\"breadcrumb\":{\"@id\":\"https:\/\/tipanierdeshauts.re\/index.php\/product\/menthe-en-botte\/#breadcrumb\"},\"inLanguage\":\"fr-FR\",\"potentialAction\":[{\"@type\":\"ReadAction\",\"target\":[\"https:\/\/tipanierdeshauts.re\/index.php\/product\/menthe-en-botte\/\"]}]},{\"@type\":\"BreadcrumbList\",\"@id\":\"https:\/\/tipanierdeshauts.re\/index.php\/product\/menthe-en-botte\/#breadcrumb\",\"itemListElement\":[{\"@type\":\"ListItem\",\"position\":1,\"name\":\"Accueil\",\"item\":\"https:\/\/tipanierdeshauts.re\/\"},{\"@type\":\"ListItem\",\"position\":2,\"name\":\"Products\",\"item\":\"https:\/\/tipanierdeshauts.re\/index.php\/shop\/\"},{\"@type\":\"ListItem\",\"position\":3,\"name\":\"Menthe (en botte)\"}]},{\"@type\":\"WebSite\",\"@id\":\"https:\/\/tipanierdeshauts.re\/#website\",\"url\":\"https:\/\/tipanierdeshauts.re\/\",\"name\":\"Ti panier des hauts\",\"description\":\"Fruits, L\u00e9gumes frais et charcuterie\",\"publisher\":{\"@id\":\"https:\/\/tipanierdeshauts.re\/#organization\"},\"potentialAction\":[{\"@type\":\"SearchAction\",\"target\":{\"@type\":\"EntryPoint\",\"urlTemplate\":\"https:\/\/tipanierdeshauts.re\/?s={search_term_string}\"},\"query-input\":\"required name=search_term_string\"}],\"inLanguage\":\"fr-FR\"},{\"@type\":\"Organization\",\"@id\":\"https:\/\/tipanierdeshauts.re\/#organization\",\"name\":\"Ti panier des hauts\",\"url\":\"https:\/\/tipanierdeshauts.re\/\",\"logo\":{\"@type\":\"ImageObject\",\"inLanguage\":\"fr-FR\",\"@id\":\"https:\/\/tipanierdeshauts.re\/#\/schema\/logo\/image\/\",\"url\":\"https:\/\/tipanierdeshauts.re\/wp-content\/uploads\/2023\/03\/Ti-panier-des-hauts-logo-1.png\",\"contentUrl\":\"https:\/\/tipanierdeshauts.re\/wp-content\/uploads\/2023\/03\/Ti-panier-des-hauts-logo-1.png\",\"width\":1834,\"height\":962,\"caption\":\"Ti panier des hauts\"},\"image\":{\"@id\":\"https:\/\/tipanierdeshauts.re\/#\/schema\/logo\/image\/\"}}]}<\/script>\n<!-- \/ Yoast SEO plugin. -->","yoast_head_json":{"title":"Menthe (en botte) - Ti panier des hauts","robots":{"index":"index","follow":"follow","max-snippet":"max-snippet:-1","max-image-preview":"max-image-preview:large","max-video-preview":"max-video-preview:-1"},"canonical":"https:\/\/tipanierdeshauts.re\/index.php\/product\/menthe-en-botte\/","og_locale":"fr_FR","og_type":"article","og_title":"Menthe (en botte) - Ti panier des hauts","og_description":"D\u00e9couvrez le go\u00fbt rafra\u00eechissant et les bienfaits de la menthe pour la sant\u00e9 ! Cette herbe est un ingr\u00e9dient populaire dans les th\u00e9s, les cocktails et la cuisine du monde entier. La menthe est charg\u00e9e d&rsquo;antioxydants et il a \u00e9t\u00e9 d\u00e9montr\u00e9 qu&rsquo;elle am\u00e9liore la digestion, r\u00e9duit l&rsquo;inflammation et soulage les sympt\u00f4mes de naus\u00e9e et de [&hellip;]","og_url":"https:\/\/tipanierdeshauts.re\/index.php\/product\/menthe-en-botte\/","og_site_name":"Ti panier des hauts","article_modified_time":"2024-02-22T11:21:29+00:00","og_image":[{"width":2560,"height":1697,"url":"https:\/\/tipanierdeshauts.re\/wp-content\/uploads\/2023\/03\/bunch-of-green-mint-on-a-white-background-2022-07-12-04-56-16-utc-scaled.jpg","type":"image\/jpeg"}],"twitter_card":"summary_large_image","twitter_misc":{"Dur\u00e9e de lecture estim\u00e9e":"1 minute"},"schema":{"@context":"https:\/\/schema.org","@graph":[{"@type":"WebPage","@id":"https:\/\/tipanierdeshauts.re\/index.php\/product\/menthe-en-botte\/","url":"https:\/\/tipanierdeshauts.re\/index.php\/product\/menthe-en-botte\/","name":"Menthe (en botte) - Ti panier des hauts","isPartOf":{"@id":"https:\/\/tipanierdeshauts.re\/#website"},"datePublished":"2023-03-14T19:20:56+00:00","dateModified":"2024-02-22T11:21:29+00:00","breadcrumb":{"@id":"https:\/\/tipanierdeshauts.re\/index.php\/product\/menthe-en-botte\/#breadcrumb"},"inLanguage":"fr-FR","potentialAction":[{"@type":"ReadAction","target":["https:\/\/tipanierdeshauts.re\/index.php\/product\/menthe-en-botte\/"]}]},{"@type":"BreadcrumbList","@id":"https:\/\/tipanierdeshauts.re\/index.php\/product\/menthe-en-botte\/#breadcrumb","itemListElement":[{"@type":"ListItem","position":1,"name":"Accueil","item":"https:\/\/tipanierdeshauts.re\/"},{"@type":"ListItem","position":2,"name":"Products","item":"https:\/\/tipanierdeshauts.re\/index.php\/shop\/"},{"@type":"ListItem","position":3,"name":"Menthe (en botte)"}]},{"@type":"WebSite","@id":"https:\/\/tipanierdeshauts.re\/#website","url":"https:\/\/tipanierdeshauts.re\/","name":"Ti panier des hauts","description":"Fruits, L\u00e9gumes frais et charcuterie","publisher":{"@id":"https:\/\/tipanierdeshauts.re\/#organization"},"potentialAction":[{"@type":"SearchAction","target":{"@type":"EntryPoint","urlTemplate":"https:\/\/tipanierdeshauts.re\/?s={search_term_string}"},"query-input":"required name=search_term_string"}],"inLanguage":"fr-FR"},{"@type":"Organization","@id":"https:\/\/tipanierdeshauts.re\/#organization","name":"Ti panier des hauts","url":"https:\/\/tipanierdeshauts.re\/","logo":{"@type":"ImageObject","inLanguage":"fr-FR","@id":"https:\/\/tipanierdeshauts.re\/#\/schema\/logo\/image\/","url":"https:\/\/tipanierdeshauts.re\/wp-content\/uploads\/2023\/03\/Ti-panier-des-hauts-logo-1.png","contentUrl":"https:\/\/tipanierdeshauts.re\/wp-content\/uploads\/2023\/03\/Ti-panier-des-hauts-logo-1.png","width":1834,"height":962,"caption":"Ti panier des hauts"},"image":{"@id":"https:\/\/tipanierdeshauts.re\/#\/schema\/logo\/image\/"}}]}},"_links":{"self":[{"href":"https:\/\/tipanierdeshauts.re\/index.php\/wp-json\/wp\/v2\/product\/538","targetHints":{"allow":["GET"]}}],"collection":[{"href":"https:\/\/tipanierdeshauts.re\/index.php\/wp-json\/wp\/v2\/product"}],"about":[{"href":"https:\/\/tipanierdeshauts.re\/index.php\/wp-json\/wp\/v2\/types\/product"}],"replies":[{"embeddable":true,"href":"https:\/\/tipanierdeshauts.re\/index.php\/wp-json\/wp\/v2\/comments?post=538"}],"version-history":[{"count":4,"href":"https:\/\/tipanierdeshauts.re\/index.php\/wp-json\/wp\/v2\/product\/538\/revisions"}],"predecessor-version":[{"id":1110,"href":"https:\/\/tipanierdeshauts.re\/index.php\/wp-json\/wp\/v2\/product\/538\/revisions\/1110"}],"wp:featuredmedia":[{"embeddable":true,"href":"https:\/\/tipanierdeshauts.re\/index.php\/wp-json\/wp\/v2\/media\/539"}],"wp:attachment":[{"href":"https:\/\/tipanierdeshauts.re\/index.php\/wp-json\/wp\/v2\/media?parent=538"}],"wp:term":[{"taxonomy":"product_cat","embeddable":true,"href":"https:\/\/tipanierdeshauts.re\/index.php\/wp-json\/wp\/v2\/product_cat?post=538"},{"taxonomy":"product_tag","embeddable":true,"href":"https:\/\/tipanierdeshauts.re\/index.php\/wp-json\/wp\/v2\/product_tag?post=538"}],"curies":[{"name":"wp","href":"https:\/\/api.w.org\/{rel}","templated":true}]}}