{"id":546,"date":"2023-03-14T23:28:53","date_gmt":"2023-03-14T19:28:53","guid":{"rendered":"http:\/\/tipanierdeshauts.re\/?post_type=product&#038;p=546"},"modified":"2024-02-22T15:21:06","modified_gmt":"2024-02-22T11:21:06","slug":"persil-en-botte","status":"publish","type":"product","link":"https:\/\/tipanierdeshauts.re\/index.php\/product\/persil-en-botte\/","title":{"rendered":"Persil (en botte)"},"content":{"rendered":"<p>Le persil est l&rsquo;herbe aromatique indispensable \u00e0 toute cuisine ! Avec ses feuilles d&rsquo;un vert \u00e9clatant et sa saveur d\u00e9licate, le persil donne de la profondeur \u00e0 une grande vari\u00e9t\u00e9 de plats. Non seulement le persil est d\u00e9licieux, mais ses feuilles fra\u00eeches sont riches en vitamines et en min\u00e9raux. Leur pouvoir antioxydant en font un excellent assaisonnement sant\u00e9, luttant contre l\u2019apparition des maladies cardiovasculaires, il est \u00e9galement reconnu pour ses vertus diur\u00e9tiques et offre une action b\u00e9n\u00e9fique sur le\u00a0foie, la\u00a0rate, les\u00a0intestins\u00a0et l\u2019ensemble du\u00a0syst\u00e8me digestif.<\/p>\n<p>Ajoutez du persil frais \u00e0 vos repas en le saupoudrant sur des l\u00e9gumes r\u00f4tis, en le m\u00e9langeant \u00e0 une salade ou en l&rsquo;utilisant comme garniture pour votre soupe ou votre carry pr\u00e9f\u00e9r\u00e9. Vous pouvez \u00e9galement l&rsquo;utiliser pour parfumer les marinades ou les vinaigrettes.<\/p>\n<p>Achetez du persil frais d\u00e8s aujourd&rsquo;hui et commencez \u00e0 utiliser cette herbe aux multiples bienfaits dans votre cuisine !<\/p>\n","protected":false},"excerpt":{"rendered":"<p>Le persil est l&rsquo;herbe aromatique indispensable \u00e0 toute cuisine ! Avec ses feuilles d&rsquo;un vert \u00e9clatant et sa saveur d\u00e9licate, le persil donne de la profondeur \u00e0 une grande vari\u00e9t\u00e9 de plats. Non seulement le persil est d\u00e9licieux, mais ses feuilles fra\u00eeches sont riches en vitamines et en min\u00e9raux. Leur pouvoir antioxydant en font un [&hellip;]<\/p>\n","protected":false},"featured_media":547,"comment_status":"open","ping_status":"closed","template":"","meta":[],"product_cat":[26],"product_tag":[],"class_list":["post-546","product","type-product","status-publish","has-post-thumbnail","hentry","product_cat-aromate"],"yoast_head":"<!-- This site is optimized with the Yoast SEO plugin v20.4 - https:\/\/yoast.com\/wordpress\/plugins\/seo\/ -->\n<title>Persil (en botte) - Ti panier des hauts<\/title>\n<meta name=\"robots\" content=\"index, follow, max-snippet:-1, max-image-preview:large, max-video-preview:-1\" \/>\n<link rel=\"canonical\" href=\"https:\/\/tipanierdeshauts.re\/index.php\/product\/persil-en-botte\/\" \/>\n<meta property=\"og:locale\" content=\"fr_FR\" \/>\n<meta property=\"og:type\" content=\"article\" \/>\n<meta property=\"og:title\" content=\"Persil (en botte) - Ti panier des hauts\" \/>\n<meta property=\"og:description\" content=\"Le persil est l&rsquo;herbe aromatique indispensable \u00e0 toute cuisine ! Avec ses feuilles d&rsquo;un vert \u00e9clatant et sa saveur d\u00e9licate, le persil donne de la profondeur \u00e0 une grande vari\u00e9t\u00e9 de plats. Non seulement le persil est d\u00e9licieux, mais ses feuilles fra\u00eeches sont riches en vitamines et en min\u00e9raux. Leur pouvoir antioxydant en font un [&hellip;]\" \/>\n<meta property=\"og:url\" content=\"https:\/\/tipanierdeshauts.re\/index.php\/product\/persil-en-botte\/\" \/>\n<meta property=\"og:site_name\" content=\"Ti panier des hauts\" \/>\n<meta property=\"article:modified_time\" content=\"2024-02-22T11:21:06+00:00\" \/>\n<meta property=\"og:image\" content=\"https:\/\/tipanierdeshauts.re\/wp-content\/uploads\/2023\/03\/bunch-of-parsley-isolated-on-a-white-background-2021-11-03-18-25-45-utc-scaled.jpg\" \/>\n\t<meta property=\"og:image:width\" content=\"2560\" \/>\n\t<meta property=\"og:image:height\" content=\"2048\" \/>\n\t<meta property=\"og:image:type\" content=\"image\/jpeg\" \/>\n<meta name=\"twitter:card\" content=\"summary_large_image\" \/>\n<meta name=\"twitter:label1\" content=\"Dur\u00e9e de lecture estim\u00e9e\" \/>\n\t<meta name=\"twitter:data1\" content=\"1 minute\" \/>\n<script type=\"application\/ld+json\" class=\"yoast-schema-graph\">{\"@context\":\"https:\/\/schema.org\",\"@graph\":[{\"@type\":\"WebPage\",\"@id\":\"https:\/\/tipanierdeshauts.re\/index.php\/product\/persil-en-botte\/\",\"url\":\"https:\/\/tipanierdeshauts.re\/index.php\/product\/persil-en-botte\/\",\"name\":\"Persil (en botte) - Ti panier des hauts\",\"isPartOf\":{\"@id\":\"https:\/\/tipanierdeshauts.re\/#website\"},\"datePublished\":\"2023-03-14T19:28:53+00:00\",\"dateModified\":\"2024-02-22T11:21:06+00:00\",\"breadcrumb\":{\"@id\":\"https:\/\/tipanierdeshauts.re\/index.php\/product\/persil-en-botte\/#breadcrumb\"},\"inLanguage\":\"fr-FR\",\"potentialAction\":[{\"@type\":\"ReadAction\",\"target\":[\"https:\/\/tipanierdeshauts.re\/index.php\/product\/persil-en-botte\/\"]}]},{\"@type\":\"BreadcrumbList\",\"@id\":\"https:\/\/tipanierdeshauts.re\/index.php\/product\/persil-en-botte\/#breadcrumb\",\"itemListElement\":[{\"@type\":\"ListItem\",\"position\":1,\"name\":\"Accueil\",\"item\":\"https:\/\/tipanierdeshauts.re\/\"},{\"@type\":\"ListItem\",\"position\":2,\"name\":\"Products\",\"item\":\"https:\/\/tipanierdeshauts.re\/index.php\/shop\/\"},{\"@type\":\"ListItem\",\"position\":3,\"name\":\"Persil (en botte)\"}]},{\"@type\":\"WebSite\",\"@id\":\"https:\/\/tipanierdeshauts.re\/#website\",\"url\":\"https:\/\/tipanierdeshauts.re\/\",\"name\":\"Ti panier des hauts\",\"description\":\"Fruits, L\u00e9gumes frais et charcuterie\",\"publisher\":{\"@id\":\"https:\/\/tipanierdeshauts.re\/#organization\"},\"potentialAction\":[{\"@type\":\"SearchAction\",\"target\":{\"@type\":\"EntryPoint\",\"urlTemplate\":\"https:\/\/tipanierdeshauts.re\/?s={search_term_string}\"},\"query-input\":\"required name=search_term_string\"}],\"inLanguage\":\"fr-FR\"},{\"@type\":\"Organization\",\"@id\":\"https:\/\/tipanierdeshauts.re\/#organization\",\"name\":\"Ti panier des hauts\",\"url\":\"https:\/\/tipanierdeshauts.re\/\",\"logo\":{\"@type\":\"ImageObject\",\"inLanguage\":\"fr-FR\",\"@id\":\"https:\/\/tipanierdeshauts.re\/#\/schema\/logo\/image\/\",\"url\":\"https:\/\/tipanierdeshauts.re\/wp-content\/uploads\/2023\/03\/Ti-panier-des-hauts-logo-1.png\",\"contentUrl\":\"https:\/\/tipanierdeshauts.re\/wp-content\/uploads\/2023\/03\/Ti-panier-des-hauts-logo-1.png\",\"width\":1834,\"height\":962,\"caption\":\"Ti panier des hauts\"},\"image\":{\"@id\":\"https:\/\/tipanierdeshauts.re\/#\/schema\/logo\/image\/\"}}]}<\/script>\n<!-- \/ Yoast SEO plugin. -->","yoast_head_json":{"title":"Persil (en botte) - Ti panier des hauts","robots":{"index":"index","follow":"follow","max-snippet":"max-snippet:-1","max-image-preview":"max-image-preview:large","max-video-preview":"max-video-preview:-1"},"canonical":"https:\/\/tipanierdeshauts.re\/index.php\/product\/persil-en-botte\/","og_locale":"fr_FR","og_type":"article","og_title":"Persil (en botte) - Ti panier des hauts","og_description":"Le persil est l&rsquo;herbe aromatique indispensable \u00e0 toute cuisine ! Avec ses feuilles d&rsquo;un vert \u00e9clatant et sa saveur d\u00e9licate, le persil donne de la profondeur \u00e0 une grande vari\u00e9t\u00e9 de plats. Non seulement le persil est d\u00e9licieux, mais ses feuilles fra\u00eeches sont riches en vitamines et en min\u00e9raux. Leur pouvoir antioxydant en font un [&hellip;]","og_url":"https:\/\/tipanierdeshauts.re\/index.php\/product\/persil-en-botte\/","og_site_name":"Ti panier des hauts","article_modified_time":"2024-02-22T11:21:06+00:00","og_image":[{"width":2560,"height":2048,"url":"https:\/\/tipanierdeshauts.re\/wp-content\/uploads\/2023\/03\/bunch-of-parsley-isolated-on-a-white-background-2021-11-03-18-25-45-utc-scaled.jpg","type":"image\/jpeg"}],"twitter_card":"summary_large_image","twitter_misc":{"Dur\u00e9e de lecture estim\u00e9e":"1 minute"},"schema":{"@context":"https:\/\/schema.org","@graph":[{"@type":"WebPage","@id":"https:\/\/tipanierdeshauts.re\/index.php\/product\/persil-en-botte\/","url":"https:\/\/tipanierdeshauts.re\/index.php\/product\/persil-en-botte\/","name":"Persil (en botte) - Ti panier des hauts","isPartOf":{"@id":"https:\/\/tipanierdeshauts.re\/#website"},"datePublished":"2023-03-14T19:28:53+00:00","dateModified":"2024-02-22T11:21:06+00:00","breadcrumb":{"@id":"https:\/\/tipanierdeshauts.re\/index.php\/product\/persil-en-botte\/#breadcrumb"},"inLanguage":"fr-FR","potentialAction":[{"@type":"ReadAction","target":["https:\/\/tipanierdeshauts.re\/index.php\/product\/persil-en-botte\/"]}]},{"@type":"BreadcrumbList","@id":"https:\/\/tipanierdeshauts.re\/index.php\/product\/persil-en-botte\/#breadcrumb","itemListElement":[{"@type":"ListItem","position":1,"name":"Accueil","item":"https:\/\/tipanierdeshauts.re\/"},{"@type":"ListItem","position":2,"name":"Products","item":"https:\/\/tipanierdeshauts.re\/index.php\/shop\/"},{"@type":"ListItem","position":3,"name":"Persil (en botte)"}]},{"@type":"WebSite","@id":"https:\/\/tipanierdeshauts.re\/#website","url":"https:\/\/tipanierdeshauts.re\/","name":"Ti panier des hauts","description":"Fruits, L\u00e9gumes frais et charcuterie","publisher":{"@id":"https:\/\/tipanierdeshauts.re\/#organization"},"potentialAction":[{"@type":"SearchAction","target":{"@type":"EntryPoint","urlTemplate":"https:\/\/tipanierdeshauts.re\/?s={search_term_string}"},"query-input":"required name=search_term_string"}],"inLanguage":"fr-FR"},{"@type":"Organization","@id":"https:\/\/tipanierdeshauts.re\/#organization","name":"Ti panier des hauts","url":"https:\/\/tipanierdeshauts.re\/","logo":{"@type":"ImageObject","inLanguage":"fr-FR","@id":"https:\/\/tipanierdeshauts.re\/#\/schema\/logo\/image\/","url":"https:\/\/tipanierdeshauts.re\/wp-content\/uploads\/2023\/03\/Ti-panier-des-hauts-logo-1.png","contentUrl":"https:\/\/tipanierdeshauts.re\/wp-content\/uploads\/2023\/03\/Ti-panier-des-hauts-logo-1.png","width":1834,"height":962,"caption":"Ti panier des hauts"},"image":{"@id":"https:\/\/tipanierdeshauts.re\/#\/schema\/logo\/image\/"}}]}},"_links":{"self":[{"href":"https:\/\/tipanierdeshauts.re\/index.php\/wp-json\/wp\/v2\/product\/546","targetHints":{"allow":["GET"]}}],"collection":[{"href":"https:\/\/tipanierdeshauts.re\/index.php\/wp-json\/wp\/v2\/product"}],"about":[{"href":"https:\/\/tipanierdeshauts.re\/index.php\/wp-json\/wp\/v2\/types\/product"}],"replies":[{"embeddable":true,"href":"https:\/\/tipanierdeshauts.re\/index.php\/wp-json\/wp\/v2\/comments?post=546"}],"version-history":[{"count":4,"href":"https:\/\/tipanierdeshauts.re\/index.php\/wp-json\/wp\/v2\/product\/546\/revisions"}],"predecessor-version":[{"id":1112,"href":"https:\/\/tipanierdeshauts.re\/index.php\/wp-json\/wp\/v2\/product\/546\/revisions\/1112"}],"wp:featuredmedia":[{"embeddable":true,"href":"https:\/\/tipanierdeshauts.re\/index.php\/wp-json\/wp\/v2\/media\/547"}],"wp:attachment":[{"href":"https:\/\/tipanierdeshauts.re\/index.php\/wp-json\/wp\/v2\/media?parent=546"}],"wp:term":[{"taxonomy":"product_cat","embeddable":true,"href":"https:\/\/tipanierdeshauts.re\/index.php\/wp-json\/wp\/v2\/product_cat?post=546"},{"taxonomy":"product_tag","embeddable":true,"href":"https:\/\/tipanierdeshauts.re\/index.php\/wp-json\/wp\/v2\/product_tag?post=546"}],"curies":[{"name":"wp","href":"https:\/\/api.w.org\/{rel}","templated":true}]}}