{"id":549,"date":"2023-03-14T23:38:32","date_gmt":"2023-03-14T19:38:32","guid":{"rendered":"http:\/\/tipanierdeshauts.re\/?post_type=product&#038;p=549"},"modified":"2024-02-22T15:20:50","modified_gmt":"2024-02-22T11:20:50","slug":"thym-en-botte","status":"publish","type":"product","link":"https:\/\/tipanierdeshauts.re\/index.php\/product\/thym-en-botte\/","title":{"rendered":"Thym (en botte)"},"content":{"rendered":"<p>D\u00e9couvrez la d\u00e9licieuse herbe aromatique qu&rsquo;est le thym ! Avec sa saveur chaude et l\u00e9g\u00e8rement menthol\u00e9e, le thym donne de la profondeur \u00e0 toute une s\u00e9rie de plats, des viandes r\u00f4ties, aux carry et aux sauces.<\/p>\n<p>Le thym n&rsquo;est pas seulement savoureux, il est \u00e9galement b\u00e9n\u00e9fique pour la sant\u00e9. Il contient des compos\u00e9s qui peuvent contribuer \u00e0 renforcer le syst\u00e8me immunitaire et \u00e0 r\u00e9duire l&rsquo;inflammation, ce qui en fait un excellent compl\u00e9ment \u00e0 un r\u00e9gime alimentaire sain.<\/p>\n<p>Am\u00e9liorez votre cuisine avec le thym en l&rsquo;utilisant pour assaisonner le poulet r\u00f4ti ou les l\u00e9gumes, parfumer les sauces et les marinades, ou ajouter une touche de fra\u00eecheur aux salades. Gr\u00e2ce \u00e0 sa polyvalence et \u00e0 ses bienfaits pour la sant\u00e9, le thym est indispensable dans la cuisine.<\/p>\n<p>Achetez du thym frais d\u00e8s aujourd&rsquo;hui et d\u00e9couvrez les nombreuses fa\u00e7ons d&rsquo;incorporer cette herbe d\u00e9licieuse et nutritive dans votre cuisine !<\/p>\n","protected":false},"excerpt":{"rendered":"<p>D\u00e9couvrez la d\u00e9licieuse herbe aromatique qu&rsquo;est le thym ! Avec sa saveur chaude et l\u00e9g\u00e8rement menthol\u00e9e, le thym donne de la profondeur \u00e0 toute une s\u00e9rie de plats, des viandes r\u00f4ties, aux carry et aux sauces. Le thym n&rsquo;est pas seulement savoureux, il est \u00e9galement b\u00e9n\u00e9fique pour la sant\u00e9. Il contient des compos\u00e9s qui peuvent [&hellip;]<\/p>\n","protected":false},"featured_media":550,"comment_status":"open","ping_status":"closed","template":"","meta":[],"product_cat":[26],"product_tag":[],"class_list":["post-549","product","type-product","status-publish","has-post-thumbnail","hentry","product_cat-aromate"],"yoast_head":"<!-- This site is optimized with the Yoast SEO plugin v20.4 - https:\/\/yoast.com\/wordpress\/plugins\/seo\/ -->\n<title>Thym (en botte) - Ti panier des hauts<\/title>\n<meta name=\"robots\" content=\"index, follow, max-snippet:-1, max-image-preview:large, max-video-preview:-1\" \/>\n<link rel=\"canonical\" href=\"https:\/\/tipanierdeshauts.re\/index.php\/product\/thym-en-botte\/\" \/>\n<meta property=\"og:locale\" content=\"fr_FR\" \/>\n<meta property=\"og:type\" content=\"article\" \/>\n<meta property=\"og:title\" content=\"Thym (en botte) - Ti panier des hauts\" \/>\n<meta property=\"og:description\" content=\"D\u00e9couvrez la d\u00e9licieuse herbe aromatique qu&rsquo;est le thym ! Avec sa saveur chaude et l\u00e9g\u00e8rement menthol\u00e9e, le thym donne de la profondeur \u00e0 toute une s\u00e9rie de plats, des viandes r\u00f4ties, aux carry et aux sauces. Le thym n&rsquo;est pas seulement savoureux, il est \u00e9galement b\u00e9n\u00e9fique pour la sant\u00e9. Il contient des compos\u00e9s qui peuvent [&hellip;]\" \/>\n<meta property=\"og:url\" content=\"https:\/\/tipanierdeshauts.re\/index.php\/product\/thym-en-botte\/\" \/>\n<meta property=\"og:site_name\" content=\"Ti panier des hauts\" \/>\n<meta property=\"article:modified_time\" content=\"2024-02-22T11:20:50+00:00\" \/>\n<meta property=\"og:image\" content=\"https:\/\/tipanierdeshauts.re\/wp-content\/uploads\/2023\/03\/thyme-2021-08-26-12-09-39-utc-removebg-preview-1.png\" \/>\n\t<meta property=\"og:image:width\" content=\"408\" \/>\n\t<meta property=\"og:image:height\" content=\"612\" \/>\n\t<meta property=\"og:image:type\" content=\"image\/png\" \/>\n<meta name=\"twitter:card\" content=\"summary_large_image\" \/>\n<meta name=\"twitter:label1\" content=\"Dur\u00e9e de lecture estim\u00e9e\" \/>\n\t<meta name=\"twitter:data1\" content=\"1 minute\" \/>\n<script type=\"application\/ld+json\" class=\"yoast-schema-graph\">{\"@context\":\"https:\/\/schema.org\",\"@graph\":[{\"@type\":\"WebPage\",\"@id\":\"https:\/\/tipanierdeshauts.re\/index.php\/product\/thym-en-botte\/\",\"url\":\"https:\/\/tipanierdeshauts.re\/index.php\/product\/thym-en-botte\/\",\"name\":\"Thym (en botte) - Ti panier des hauts\",\"isPartOf\":{\"@id\":\"https:\/\/tipanierdeshauts.re\/#website\"},\"datePublished\":\"2023-03-14T19:38:32+00:00\",\"dateModified\":\"2024-02-22T11:20:50+00:00\",\"breadcrumb\":{\"@id\":\"https:\/\/tipanierdeshauts.re\/index.php\/product\/thym-en-botte\/#breadcrumb\"},\"inLanguage\":\"fr-FR\",\"potentialAction\":[{\"@type\":\"ReadAction\",\"target\":[\"https:\/\/tipanierdeshauts.re\/index.php\/product\/thym-en-botte\/\"]}]},{\"@type\":\"BreadcrumbList\",\"@id\":\"https:\/\/tipanierdeshauts.re\/index.php\/product\/thym-en-botte\/#breadcrumb\",\"itemListElement\":[{\"@type\":\"ListItem\",\"position\":1,\"name\":\"Accueil\",\"item\":\"https:\/\/tipanierdeshauts.re\/\"},{\"@type\":\"ListItem\",\"position\":2,\"name\":\"Products\",\"item\":\"https:\/\/tipanierdeshauts.re\/index.php\/shop\/\"},{\"@type\":\"ListItem\",\"position\":3,\"name\":\"Thym (en botte)\"}]},{\"@type\":\"WebSite\",\"@id\":\"https:\/\/tipanierdeshauts.re\/#website\",\"url\":\"https:\/\/tipanierdeshauts.re\/\",\"name\":\"Ti panier des hauts\",\"description\":\"Fruits, L\u00e9gumes frais et charcuterie\",\"publisher\":{\"@id\":\"https:\/\/tipanierdeshauts.re\/#organization\"},\"potentialAction\":[{\"@type\":\"SearchAction\",\"target\":{\"@type\":\"EntryPoint\",\"urlTemplate\":\"https:\/\/tipanierdeshauts.re\/?s={search_term_string}\"},\"query-input\":\"required name=search_term_string\"}],\"inLanguage\":\"fr-FR\"},{\"@type\":\"Organization\",\"@id\":\"https:\/\/tipanierdeshauts.re\/#organization\",\"name\":\"Ti panier des hauts\",\"url\":\"https:\/\/tipanierdeshauts.re\/\",\"logo\":{\"@type\":\"ImageObject\",\"inLanguage\":\"fr-FR\",\"@id\":\"https:\/\/tipanierdeshauts.re\/#\/schema\/logo\/image\/\",\"url\":\"https:\/\/tipanierdeshauts.re\/wp-content\/uploads\/2023\/03\/Ti-panier-des-hauts-logo-1.png\",\"contentUrl\":\"https:\/\/tipanierdeshauts.re\/wp-content\/uploads\/2023\/03\/Ti-panier-des-hauts-logo-1.png\",\"width\":1834,\"height\":962,\"caption\":\"Ti panier des hauts\"},\"image\":{\"@id\":\"https:\/\/tipanierdeshauts.re\/#\/schema\/logo\/image\/\"}}]}<\/script>\n<!-- \/ Yoast SEO plugin. -->","yoast_head_json":{"title":"Thym (en botte) - Ti panier des hauts","robots":{"index":"index","follow":"follow","max-snippet":"max-snippet:-1","max-image-preview":"max-image-preview:large","max-video-preview":"max-video-preview:-1"},"canonical":"https:\/\/tipanierdeshauts.re\/index.php\/product\/thym-en-botte\/","og_locale":"fr_FR","og_type":"article","og_title":"Thym (en botte) - Ti panier des hauts","og_description":"D\u00e9couvrez la d\u00e9licieuse herbe aromatique qu&rsquo;est le thym ! Avec sa saveur chaude et l\u00e9g\u00e8rement menthol\u00e9e, le thym donne de la profondeur \u00e0 toute une s\u00e9rie de plats, des viandes r\u00f4ties, aux carry et aux sauces. Le thym n&rsquo;est pas seulement savoureux, il est \u00e9galement b\u00e9n\u00e9fique pour la sant\u00e9. Il contient des compos\u00e9s qui peuvent [&hellip;]","og_url":"https:\/\/tipanierdeshauts.re\/index.php\/product\/thym-en-botte\/","og_site_name":"Ti panier des hauts","article_modified_time":"2024-02-22T11:20:50+00:00","og_image":[{"width":408,"height":612,"url":"https:\/\/tipanierdeshauts.re\/wp-content\/uploads\/2023\/03\/thyme-2021-08-26-12-09-39-utc-removebg-preview-1.png","type":"image\/png"}],"twitter_card":"summary_large_image","twitter_misc":{"Dur\u00e9e de lecture estim\u00e9e":"1 minute"},"schema":{"@context":"https:\/\/schema.org","@graph":[{"@type":"WebPage","@id":"https:\/\/tipanierdeshauts.re\/index.php\/product\/thym-en-botte\/","url":"https:\/\/tipanierdeshauts.re\/index.php\/product\/thym-en-botte\/","name":"Thym (en botte) - Ti panier des hauts","isPartOf":{"@id":"https:\/\/tipanierdeshauts.re\/#website"},"datePublished":"2023-03-14T19:38:32+00:00","dateModified":"2024-02-22T11:20:50+00:00","breadcrumb":{"@id":"https:\/\/tipanierdeshauts.re\/index.php\/product\/thym-en-botte\/#breadcrumb"},"inLanguage":"fr-FR","potentialAction":[{"@type":"ReadAction","target":["https:\/\/tipanierdeshauts.re\/index.php\/product\/thym-en-botte\/"]}]},{"@type":"BreadcrumbList","@id":"https:\/\/tipanierdeshauts.re\/index.php\/product\/thym-en-botte\/#breadcrumb","itemListElement":[{"@type":"ListItem","position":1,"name":"Accueil","item":"https:\/\/tipanierdeshauts.re\/"},{"@type":"ListItem","position":2,"name":"Products","item":"https:\/\/tipanierdeshauts.re\/index.php\/shop\/"},{"@type":"ListItem","position":3,"name":"Thym (en botte)"}]},{"@type":"WebSite","@id":"https:\/\/tipanierdeshauts.re\/#website","url":"https:\/\/tipanierdeshauts.re\/","name":"Ti panier des hauts","description":"Fruits, L\u00e9gumes frais et charcuterie","publisher":{"@id":"https:\/\/tipanierdeshauts.re\/#organization"},"potentialAction":[{"@type":"SearchAction","target":{"@type":"EntryPoint","urlTemplate":"https:\/\/tipanierdeshauts.re\/?s={search_term_string}"},"query-input":"required name=search_term_string"}],"inLanguage":"fr-FR"},{"@type":"Organization","@id":"https:\/\/tipanierdeshauts.re\/#organization","name":"Ti panier des hauts","url":"https:\/\/tipanierdeshauts.re\/","logo":{"@type":"ImageObject","inLanguage":"fr-FR","@id":"https:\/\/tipanierdeshauts.re\/#\/schema\/logo\/image\/","url":"https:\/\/tipanierdeshauts.re\/wp-content\/uploads\/2023\/03\/Ti-panier-des-hauts-logo-1.png","contentUrl":"https:\/\/tipanierdeshauts.re\/wp-content\/uploads\/2023\/03\/Ti-panier-des-hauts-logo-1.png","width":1834,"height":962,"caption":"Ti panier des hauts"},"image":{"@id":"https:\/\/tipanierdeshauts.re\/#\/schema\/logo\/image\/"}}]}},"_links":{"self":[{"href":"https:\/\/tipanierdeshauts.re\/index.php\/wp-json\/wp\/v2\/product\/549","targetHints":{"allow":["GET"]}}],"collection":[{"href":"https:\/\/tipanierdeshauts.re\/index.php\/wp-json\/wp\/v2\/product"}],"about":[{"href":"https:\/\/tipanierdeshauts.re\/index.php\/wp-json\/wp\/v2\/types\/product"}],"replies":[{"embeddable":true,"href":"https:\/\/tipanierdeshauts.re\/index.php\/wp-json\/wp\/v2\/comments?post=549"}],"version-history":[{"count":4,"href":"https:\/\/tipanierdeshauts.re\/index.php\/wp-json\/wp\/v2\/product\/549\/revisions"}],"predecessor-version":[{"id":1114,"href":"https:\/\/tipanierdeshauts.re\/index.php\/wp-json\/wp\/v2\/product\/549\/revisions\/1114"}],"wp:featuredmedia":[{"embeddable":true,"href":"https:\/\/tipanierdeshauts.re\/index.php\/wp-json\/wp\/v2\/media\/550"}],"wp:attachment":[{"href":"https:\/\/tipanierdeshauts.re\/index.php\/wp-json\/wp\/v2\/media?parent=549"}],"wp:term":[{"taxonomy":"product_cat","embeddable":true,"href":"https:\/\/tipanierdeshauts.re\/index.php\/wp-json\/wp\/v2\/product_cat?post=549"},{"taxonomy":"product_tag","embeddable":true,"href":"https:\/\/tipanierdeshauts.re\/index.php\/wp-json\/wp\/v2\/product_tag?post=549"}],"curies":[{"name":"wp","href":"https:\/\/api.w.org\/{rel}","templated":true}]}}