{"id":868,"date":"2023-04-19T09:58:11","date_gmt":"2023-04-19T05:58:11","guid":{"rendered":"http:\/\/tipanierdeshauts.re\/?post_type=product&#038;p=868"},"modified":"2024-02-22T14:47:07","modified_gmt":"2024-02-22T10:47:07","slug":"saucisse-poulet-fraiche","status":"publish","type":"product","link":"https:\/\/tipanierdeshauts.re\/index.php\/product\/saucisse-poulet-fraiche\/","title":{"rendered":"Saucisse Poulet fra\u00eeche"},"content":{"rendered":"<p>Nos saucisses de poulet sont fabriqu\u00e9es dans la plus pure tradition cr\u00e9ole avec des \u00e9pices et condiments s\u00e9lectionn\u00e9s pour leurs qualit\u00e9s et leurs saveurs. Sans colorants ni conservateurs, la fraicheur et le go\u00fbt unique de nos saucisses de poulet raviront vos papilles.<\/p>\n<p>Comme nos saucisses de porc, nos saucisses de poulet se cuisinent aussi bien en rougail, frites, au four, ou grill\u00e9es pour vos barbecues.<\/p>\n","protected":false},"excerpt":{"rendered":"<p>Nos saucisses de poulet sont fabriqu\u00e9es dans la plus pure tradition cr\u00e9ole avec des \u00e9pices et condiments s\u00e9lectionn\u00e9s pour leurs qualit\u00e9s et leurs saveurs. Sans colorants ni conservateurs, la fraicheur et le go\u00fbt unique de nos saucisses de poulet raviront vos papilles. Comme nos saucisses de porc, nos saucisses de poulet se cuisinent aussi bien [&hellip;]<\/p>\n","protected":false},"featured_media":869,"comment_status":"open","ping_status":"closed","template":"","meta":[],"product_cat":[23],"product_tag":[],"class_list":["post-868","product","type-product","status-publish","has-post-thumbnail","hentry","product_cat-charcuterie"],"yoast_head":"<!-- This site is optimized with the Yoast SEO plugin v20.4 - https:\/\/yoast.com\/wordpress\/plugins\/seo\/ -->\n<title>Saucisse Poulet fra\u00eeche - Ti panier des hauts<\/title>\n<meta name=\"robots\" content=\"index, follow, max-snippet:-1, max-image-preview:large, max-video-preview:-1\" \/>\n<link rel=\"canonical\" href=\"https:\/\/tipanierdeshauts.re\/index.php\/product\/saucisse-poulet-fraiche\/\" \/>\n<meta property=\"og:locale\" content=\"fr_FR\" \/>\n<meta property=\"og:type\" content=\"article\" \/>\n<meta property=\"og:title\" content=\"Saucisse Poulet fra\u00eeche - Ti panier des hauts\" \/>\n<meta property=\"og:description\" content=\"Nos saucisses de poulet sont fabriqu\u00e9es dans la plus pure tradition cr\u00e9ole avec des \u00e9pices et condiments s\u00e9lectionn\u00e9s pour leurs qualit\u00e9s et leurs saveurs. Sans colorants ni conservateurs, la fraicheur et le go\u00fbt unique de nos saucisses de poulet raviront vos papilles. Comme nos saucisses de porc, nos saucisses de poulet se cuisinent aussi bien [&hellip;]\" \/>\n<meta property=\"og:url\" content=\"https:\/\/tipanierdeshauts.re\/index.php\/product\/saucisse-poulet-fraiche\/\" \/>\n<meta property=\"og:site_name\" content=\"Ti panier des hauts\" \/>\n<meta property=\"article:modified_time\" content=\"2024-02-22T10:47:07+00:00\" \/>\n<meta property=\"og:image\" content=\"https:\/\/tipanierdeshauts.re\/wp-content\/uploads\/2023\/04\/IMG_4942-1024x795.png\" \/>\n\t<meta property=\"og:image:width\" content=\"1024\" \/>\n\t<meta property=\"og:image:height\" content=\"795\" \/>\n\t<meta property=\"og:image:type\" content=\"image\/png\" \/>\n<meta name=\"twitter:card\" content=\"summary_large_image\" \/>\n<meta name=\"twitter:label1\" content=\"Dur\u00e9e de lecture estim\u00e9e\" \/>\n\t<meta name=\"twitter:data1\" content=\"1 minute\" \/>\n<script type=\"application\/ld+json\" class=\"yoast-schema-graph\">{\"@context\":\"https:\/\/schema.org\",\"@graph\":[{\"@type\":\"WebPage\",\"@id\":\"https:\/\/tipanierdeshauts.re\/index.php\/product\/saucisse-poulet-fraiche\/\",\"url\":\"https:\/\/tipanierdeshauts.re\/index.php\/product\/saucisse-poulet-fraiche\/\",\"name\":\"Saucisse Poulet fra\u00eeche - Ti panier des hauts\",\"isPartOf\":{\"@id\":\"https:\/\/tipanierdeshauts.re\/#website\"},\"datePublished\":\"2023-04-19T05:58:11+00:00\",\"dateModified\":\"2024-02-22T10:47:07+00:00\",\"breadcrumb\":{\"@id\":\"https:\/\/tipanierdeshauts.re\/index.php\/product\/saucisse-poulet-fraiche\/#breadcrumb\"},\"inLanguage\":\"fr-FR\",\"potentialAction\":[{\"@type\":\"ReadAction\",\"target\":[\"https:\/\/tipanierdeshauts.re\/index.php\/product\/saucisse-poulet-fraiche\/\"]}]},{\"@type\":\"BreadcrumbList\",\"@id\":\"https:\/\/tipanierdeshauts.re\/index.php\/product\/saucisse-poulet-fraiche\/#breadcrumb\",\"itemListElement\":[{\"@type\":\"ListItem\",\"position\":1,\"name\":\"Accueil\",\"item\":\"https:\/\/tipanierdeshauts.re\/\"},{\"@type\":\"ListItem\",\"position\":2,\"name\":\"Products\",\"item\":\"https:\/\/tipanierdeshauts.re\/index.php\/shop\/\"},{\"@type\":\"ListItem\",\"position\":3,\"name\":\"Saucisse Poulet fra\u00eeche\"}]},{\"@type\":\"WebSite\",\"@id\":\"https:\/\/tipanierdeshauts.re\/#website\",\"url\":\"https:\/\/tipanierdeshauts.re\/\",\"name\":\"Ti panier des hauts\",\"description\":\"Fruits, L\u00e9gumes frais et charcuterie\",\"publisher\":{\"@id\":\"https:\/\/tipanierdeshauts.re\/#organization\"},\"potentialAction\":[{\"@type\":\"SearchAction\",\"target\":{\"@type\":\"EntryPoint\",\"urlTemplate\":\"https:\/\/tipanierdeshauts.re\/?s={search_term_string}\"},\"query-input\":\"required name=search_term_string\"}],\"inLanguage\":\"fr-FR\"},{\"@type\":\"Organization\",\"@id\":\"https:\/\/tipanierdeshauts.re\/#organization\",\"name\":\"Ti panier des hauts\",\"url\":\"https:\/\/tipanierdeshauts.re\/\",\"logo\":{\"@type\":\"ImageObject\",\"inLanguage\":\"fr-FR\",\"@id\":\"https:\/\/tipanierdeshauts.re\/#\/schema\/logo\/image\/\",\"url\":\"https:\/\/tipanierdeshauts.re\/wp-content\/uploads\/2023\/03\/Ti-panier-des-hauts-logo-1.png\",\"contentUrl\":\"https:\/\/tipanierdeshauts.re\/wp-content\/uploads\/2023\/03\/Ti-panier-des-hauts-logo-1.png\",\"width\":1834,\"height\":962,\"caption\":\"Ti panier des hauts\"},\"image\":{\"@id\":\"https:\/\/tipanierdeshauts.re\/#\/schema\/logo\/image\/\"}}]}<\/script>\n<!-- \/ Yoast SEO plugin. -->","yoast_head_json":{"title":"Saucisse Poulet fra\u00eeche - Ti panier des hauts","robots":{"index":"index","follow":"follow","max-snippet":"max-snippet:-1","max-image-preview":"max-image-preview:large","max-video-preview":"max-video-preview:-1"},"canonical":"https:\/\/tipanierdeshauts.re\/index.php\/product\/saucisse-poulet-fraiche\/","og_locale":"fr_FR","og_type":"article","og_title":"Saucisse Poulet fra\u00eeche - Ti panier des hauts","og_description":"Nos saucisses de poulet sont fabriqu\u00e9es dans la plus pure tradition cr\u00e9ole avec des \u00e9pices et condiments s\u00e9lectionn\u00e9s pour leurs qualit\u00e9s et leurs saveurs. Sans colorants ni conservateurs, la fraicheur et le go\u00fbt unique de nos saucisses de poulet raviront vos papilles. Comme nos saucisses de porc, nos saucisses de poulet se cuisinent aussi bien [&hellip;]","og_url":"https:\/\/tipanierdeshauts.re\/index.php\/product\/saucisse-poulet-fraiche\/","og_site_name":"Ti panier des hauts","article_modified_time":"2024-02-22T10:47:07+00:00","og_image":[{"width":1024,"height":795,"url":"https:\/\/tipanierdeshauts.re\/wp-content\/uploads\/2023\/04\/IMG_4942-1024x795.png","type":"image\/png"}],"twitter_card":"summary_large_image","twitter_misc":{"Dur\u00e9e de lecture estim\u00e9e":"1 minute"},"schema":{"@context":"https:\/\/schema.org","@graph":[{"@type":"WebPage","@id":"https:\/\/tipanierdeshauts.re\/index.php\/product\/saucisse-poulet-fraiche\/","url":"https:\/\/tipanierdeshauts.re\/index.php\/product\/saucisse-poulet-fraiche\/","name":"Saucisse Poulet fra\u00eeche - Ti panier des hauts","isPartOf":{"@id":"https:\/\/tipanierdeshauts.re\/#website"},"datePublished":"2023-04-19T05:58:11+00:00","dateModified":"2024-02-22T10:47:07+00:00","breadcrumb":{"@id":"https:\/\/tipanierdeshauts.re\/index.php\/product\/saucisse-poulet-fraiche\/#breadcrumb"},"inLanguage":"fr-FR","potentialAction":[{"@type":"ReadAction","target":["https:\/\/tipanierdeshauts.re\/index.php\/product\/saucisse-poulet-fraiche\/"]}]},{"@type":"BreadcrumbList","@id":"https:\/\/tipanierdeshauts.re\/index.php\/product\/saucisse-poulet-fraiche\/#breadcrumb","itemListElement":[{"@type":"ListItem","position":1,"name":"Accueil","item":"https:\/\/tipanierdeshauts.re\/"},{"@type":"ListItem","position":2,"name":"Products","item":"https:\/\/tipanierdeshauts.re\/index.php\/shop\/"},{"@type":"ListItem","position":3,"name":"Saucisse Poulet fra\u00eeche"}]},{"@type":"WebSite","@id":"https:\/\/tipanierdeshauts.re\/#website","url":"https:\/\/tipanierdeshauts.re\/","name":"Ti panier des hauts","description":"Fruits, L\u00e9gumes frais et charcuterie","publisher":{"@id":"https:\/\/tipanierdeshauts.re\/#organization"},"potentialAction":[{"@type":"SearchAction","target":{"@type":"EntryPoint","urlTemplate":"https:\/\/tipanierdeshauts.re\/?s={search_term_string}"},"query-input":"required name=search_term_string"}],"inLanguage":"fr-FR"},{"@type":"Organization","@id":"https:\/\/tipanierdeshauts.re\/#organization","name":"Ti panier des hauts","url":"https:\/\/tipanierdeshauts.re\/","logo":{"@type":"ImageObject","inLanguage":"fr-FR","@id":"https:\/\/tipanierdeshauts.re\/#\/schema\/logo\/image\/","url":"https:\/\/tipanierdeshauts.re\/wp-content\/uploads\/2023\/03\/Ti-panier-des-hauts-logo-1.png","contentUrl":"https:\/\/tipanierdeshauts.re\/wp-content\/uploads\/2023\/03\/Ti-panier-des-hauts-logo-1.png","width":1834,"height":962,"caption":"Ti panier des hauts"},"image":{"@id":"https:\/\/tipanierdeshauts.re\/#\/schema\/logo\/image\/"}}]}},"_links":{"self":[{"href":"https:\/\/tipanierdeshauts.re\/index.php\/wp-json\/wp\/v2\/product\/868","targetHints":{"allow":["GET"]}}],"collection":[{"href":"https:\/\/tipanierdeshauts.re\/index.php\/wp-json\/wp\/v2\/product"}],"about":[{"href":"https:\/\/tipanierdeshauts.re\/index.php\/wp-json\/wp\/v2\/types\/product"}],"replies":[{"embeddable":true,"href":"https:\/\/tipanierdeshauts.re\/index.php\/wp-json\/wp\/v2\/comments?post=868"}],"version-history":[{"count":3,"href":"https:\/\/tipanierdeshauts.re\/index.php\/wp-json\/wp\/v2\/product\/868\/revisions"}],"predecessor-version":[{"id":1129,"href":"https:\/\/tipanierdeshauts.re\/index.php\/wp-json\/wp\/v2\/product\/868\/revisions\/1129"}],"wp:featuredmedia":[{"embeddable":true,"href":"https:\/\/tipanierdeshauts.re\/index.php\/wp-json\/wp\/v2\/media\/869"}],"wp:attachment":[{"href":"https:\/\/tipanierdeshauts.re\/index.php\/wp-json\/wp\/v2\/media?parent=868"}],"wp:term":[{"taxonomy":"product_cat","embeddable":true,"href":"https:\/\/tipanierdeshauts.re\/index.php\/wp-json\/wp\/v2\/product_cat?post=868"},{"taxonomy":"product_tag","embeddable":true,"href":"https:\/\/tipanierdeshauts.re\/index.php\/wp-json\/wp\/v2\/product_tag?post=868"}],"curies":[{"name":"wp","href":"https:\/\/api.w.org\/{rel}","templated":true}]}}