{"id":889,"date":"2023-04-19T10:44:44","date_gmt":"2023-04-19T06:44:44","guid":{"rendered":"http:\/\/tipanierdeshauts.re\/?post_type=product&#038;p=889"},"modified":"2024-02-22T14:46:55","modified_gmt":"2024-02-22T10:46:55","slug":"saucisse-fraiche-porc","status":"publish","type":"product","link":"https:\/\/tipanierdeshauts.re\/index.php\/product\/saucisse-fraiche-porc\/","title":{"rendered":"Saucisse fra\u00eeche Porc"},"content":{"rendered":"<p>La saucisse de porc est un voire m\u00eame LE produit phare de la cuisine r\u00e9unionnaise, qui n&rsquo;a jamais gout\u00e9 \u00e0 notre fameux rougail saucisse?<\/p>\n<p>Chez Ti Panier nous vous proposons des saucisses fabriqu\u00e9es \u00ab\u00a0\u00e0 la mode longtemps\u00a0\u00bb, sans colorant ni conservateur, nous utilisons une viande de qualit\u00e9 associ\u00e9 \u00e0 des \u00e9pices choisis avec soins pour vous offrir des saucisses \u00e0 la saveur incomparable.<\/p>\n","protected":false},"excerpt":{"rendered":"<p>La saucisse de porc est un voire m\u00eame LE produit phare de la cuisine r\u00e9unionnaise, qui n&rsquo;a jamais gout\u00e9 \u00e0 notre fameux rougail saucisse? Chez Ti Panier nous vous proposons des saucisses fabriqu\u00e9es \u00ab\u00a0\u00e0 la mode longtemps\u00a0\u00bb, sans colorant ni conservateur, nous utilisons une viande de qualit\u00e9 associ\u00e9 \u00e0 des \u00e9pices choisis avec soins pour [&hellip;]<\/p>\n","protected":false},"featured_media":890,"comment_status":"open","ping_status":"closed","template":"","meta":[],"product_cat":[23,27],"product_tag":[],"class_list":["post-889","product","type-product","status-publish","has-post-thumbnail","hentry","product_cat-charcuterie","product_cat-porc"],"yoast_head":"<!-- This site is optimized with the Yoast SEO plugin v20.4 - https:\/\/yoast.com\/wordpress\/plugins\/seo\/ -->\n<title>Saucisse fra\u00eeche Porc - Ti panier des hauts<\/title>\n<meta name=\"robots\" content=\"index, follow, max-snippet:-1, max-image-preview:large, max-video-preview:-1\" \/>\n<link rel=\"canonical\" href=\"https:\/\/tipanierdeshauts.re\/index.php\/product\/saucisse-fraiche-porc\/\" \/>\n<meta property=\"og:locale\" content=\"fr_FR\" \/>\n<meta property=\"og:type\" content=\"article\" \/>\n<meta property=\"og:title\" content=\"Saucisse fra\u00eeche Porc - Ti panier des hauts\" \/>\n<meta property=\"og:description\" content=\"La saucisse de porc est un voire m\u00eame LE produit phare de la cuisine r\u00e9unionnaise, qui n&rsquo;a jamais gout\u00e9 \u00e0 notre fameux rougail saucisse? Chez Ti Panier nous vous proposons des saucisses fabriqu\u00e9es \u00ab\u00a0\u00e0 la mode longtemps\u00a0\u00bb, sans colorant ni conservateur, nous utilisons une viande de qualit\u00e9 associ\u00e9 \u00e0 des \u00e9pices choisis avec soins pour [&hellip;]\" \/>\n<meta property=\"og:url\" content=\"https:\/\/tipanierdeshauts.re\/index.php\/product\/saucisse-fraiche-porc\/\" \/>\n<meta property=\"og:site_name\" content=\"Ti panier des hauts\" \/>\n<meta property=\"article:modified_time\" content=\"2024-02-22T10:46:55+00:00\" \/>\n<meta property=\"og:image\" content=\"https:\/\/tipanierdeshauts.re\/wp-content\/uploads\/2023\/04\/IMG_5085-removebg-preview.png\" \/>\n\t<meta property=\"og:image:width\" content=\"577\" \/>\n\t<meta property=\"og:image:height\" content=\"433\" \/>\n\t<meta property=\"og:image:type\" content=\"image\/png\" \/>\n<meta name=\"twitter:card\" content=\"summary_large_image\" \/>\n<meta name=\"twitter:label1\" content=\"Dur\u00e9e de lecture estim\u00e9e\" \/>\n\t<meta name=\"twitter:data1\" content=\"1 minute\" \/>\n<script type=\"application\/ld+json\" class=\"yoast-schema-graph\">{\"@context\":\"https:\/\/schema.org\",\"@graph\":[{\"@type\":\"WebPage\",\"@id\":\"https:\/\/tipanierdeshauts.re\/index.php\/product\/saucisse-fraiche-porc\/\",\"url\":\"https:\/\/tipanierdeshauts.re\/index.php\/product\/saucisse-fraiche-porc\/\",\"name\":\"Saucisse fra\u00eeche Porc - Ti panier des hauts\",\"isPartOf\":{\"@id\":\"https:\/\/tipanierdeshauts.re\/#website\"},\"datePublished\":\"2023-04-19T06:44:44+00:00\",\"dateModified\":\"2024-02-22T10:46:55+00:00\",\"breadcrumb\":{\"@id\":\"https:\/\/tipanierdeshauts.re\/index.php\/product\/saucisse-fraiche-porc\/#breadcrumb\"},\"inLanguage\":\"fr-FR\",\"potentialAction\":[{\"@type\":\"ReadAction\",\"target\":[\"https:\/\/tipanierdeshauts.re\/index.php\/product\/saucisse-fraiche-porc\/\"]}]},{\"@type\":\"BreadcrumbList\",\"@id\":\"https:\/\/tipanierdeshauts.re\/index.php\/product\/saucisse-fraiche-porc\/#breadcrumb\",\"itemListElement\":[{\"@type\":\"ListItem\",\"position\":1,\"name\":\"Accueil\",\"item\":\"https:\/\/tipanierdeshauts.re\/\"},{\"@type\":\"ListItem\",\"position\":2,\"name\":\"Products\",\"item\":\"https:\/\/tipanierdeshauts.re\/index.php\/shop\/\"},{\"@type\":\"ListItem\",\"position\":3,\"name\":\"Saucisse fra\u00eeche Porc\"}]},{\"@type\":\"WebSite\",\"@id\":\"https:\/\/tipanierdeshauts.re\/#website\",\"url\":\"https:\/\/tipanierdeshauts.re\/\",\"name\":\"Ti panier des hauts\",\"description\":\"Fruits, L\u00e9gumes frais et charcuterie\",\"publisher\":{\"@id\":\"https:\/\/tipanierdeshauts.re\/#organization\"},\"potentialAction\":[{\"@type\":\"SearchAction\",\"target\":{\"@type\":\"EntryPoint\",\"urlTemplate\":\"https:\/\/tipanierdeshauts.re\/?s={search_term_string}\"},\"query-input\":\"required name=search_term_string\"}],\"inLanguage\":\"fr-FR\"},{\"@type\":\"Organization\",\"@id\":\"https:\/\/tipanierdeshauts.re\/#organization\",\"name\":\"Ti panier des hauts\",\"url\":\"https:\/\/tipanierdeshauts.re\/\",\"logo\":{\"@type\":\"ImageObject\",\"inLanguage\":\"fr-FR\",\"@id\":\"https:\/\/tipanierdeshauts.re\/#\/schema\/logo\/image\/\",\"url\":\"https:\/\/tipanierdeshauts.re\/wp-content\/uploads\/2023\/03\/Ti-panier-des-hauts-logo-1.png\",\"contentUrl\":\"https:\/\/tipanierdeshauts.re\/wp-content\/uploads\/2023\/03\/Ti-panier-des-hauts-logo-1.png\",\"width\":1834,\"height\":962,\"caption\":\"Ti panier des hauts\"},\"image\":{\"@id\":\"https:\/\/tipanierdeshauts.re\/#\/schema\/logo\/image\/\"}}]}<\/script>\n<!-- \/ Yoast SEO plugin. -->","yoast_head_json":{"title":"Saucisse fra\u00eeche Porc - Ti panier des hauts","robots":{"index":"index","follow":"follow","max-snippet":"max-snippet:-1","max-image-preview":"max-image-preview:large","max-video-preview":"max-video-preview:-1"},"canonical":"https:\/\/tipanierdeshauts.re\/index.php\/product\/saucisse-fraiche-porc\/","og_locale":"fr_FR","og_type":"article","og_title":"Saucisse fra\u00eeche Porc - Ti panier des hauts","og_description":"La saucisse de porc est un voire m\u00eame LE produit phare de la cuisine r\u00e9unionnaise, qui n&rsquo;a jamais gout\u00e9 \u00e0 notre fameux rougail saucisse? Chez Ti Panier nous vous proposons des saucisses fabriqu\u00e9es \u00ab\u00a0\u00e0 la mode longtemps\u00a0\u00bb, sans colorant ni conservateur, nous utilisons une viande de qualit\u00e9 associ\u00e9 \u00e0 des \u00e9pices choisis avec soins pour [&hellip;]","og_url":"https:\/\/tipanierdeshauts.re\/index.php\/product\/saucisse-fraiche-porc\/","og_site_name":"Ti panier des hauts","article_modified_time":"2024-02-22T10:46:55+00:00","og_image":[{"width":577,"height":433,"url":"https:\/\/tipanierdeshauts.re\/wp-content\/uploads\/2023\/04\/IMG_5085-removebg-preview.png","type":"image\/png"}],"twitter_card":"summary_large_image","twitter_misc":{"Dur\u00e9e de lecture estim\u00e9e":"1 minute"},"schema":{"@context":"https:\/\/schema.org","@graph":[{"@type":"WebPage","@id":"https:\/\/tipanierdeshauts.re\/index.php\/product\/saucisse-fraiche-porc\/","url":"https:\/\/tipanierdeshauts.re\/index.php\/product\/saucisse-fraiche-porc\/","name":"Saucisse fra\u00eeche Porc - Ti panier des hauts","isPartOf":{"@id":"https:\/\/tipanierdeshauts.re\/#website"},"datePublished":"2023-04-19T06:44:44+00:00","dateModified":"2024-02-22T10:46:55+00:00","breadcrumb":{"@id":"https:\/\/tipanierdeshauts.re\/index.php\/product\/saucisse-fraiche-porc\/#breadcrumb"},"inLanguage":"fr-FR","potentialAction":[{"@type":"ReadAction","target":["https:\/\/tipanierdeshauts.re\/index.php\/product\/saucisse-fraiche-porc\/"]}]},{"@type":"BreadcrumbList","@id":"https:\/\/tipanierdeshauts.re\/index.php\/product\/saucisse-fraiche-porc\/#breadcrumb","itemListElement":[{"@type":"ListItem","position":1,"name":"Accueil","item":"https:\/\/tipanierdeshauts.re\/"},{"@type":"ListItem","position":2,"name":"Products","item":"https:\/\/tipanierdeshauts.re\/index.php\/shop\/"},{"@type":"ListItem","position":3,"name":"Saucisse fra\u00eeche Porc"}]},{"@type":"WebSite","@id":"https:\/\/tipanierdeshauts.re\/#website","url":"https:\/\/tipanierdeshauts.re\/","name":"Ti panier des hauts","description":"Fruits, L\u00e9gumes frais et charcuterie","publisher":{"@id":"https:\/\/tipanierdeshauts.re\/#organization"},"potentialAction":[{"@type":"SearchAction","target":{"@type":"EntryPoint","urlTemplate":"https:\/\/tipanierdeshauts.re\/?s={search_term_string}"},"query-input":"required name=search_term_string"}],"inLanguage":"fr-FR"},{"@type":"Organization","@id":"https:\/\/tipanierdeshauts.re\/#organization","name":"Ti panier des hauts","url":"https:\/\/tipanierdeshauts.re\/","logo":{"@type":"ImageObject","inLanguage":"fr-FR","@id":"https:\/\/tipanierdeshauts.re\/#\/schema\/logo\/image\/","url":"https:\/\/tipanierdeshauts.re\/wp-content\/uploads\/2023\/03\/Ti-panier-des-hauts-logo-1.png","contentUrl":"https:\/\/tipanierdeshauts.re\/wp-content\/uploads\/2023\/03\/Ti-panier-des-hauts-logo-1.png","width":1834,"height":962,"caption":"Ti panier des hauts"},"image":{"@id":"https:\/\/tipanierdeshauts.re\/#\/schema\/logo\/image\/"}}]}},"_links":{"self":[{"href":"https:\/\/tipanierdeshauts.re\/index.php\/wp-json\/wp\/v2\/product\/889","targetHints":{"allow":["GET"]}}],"collection":[{"href":"https:\/\/tipanierdeshauts.re\/index.php\/wp-json\/wp\/v2\/product"}],"about":[{"href":"https:\/\/tipanierdeshauts.re\/index.php\/wp-json\/wp\/v2\/types\/product"}],"replies":[{"embeddable":true,"href":"https:\/\/tipanierdeshauts.re\/index.php\/wp-json\/wp\/v2\/comments?post=889"}],"version-history":[{"count":3,"href":"https:\/\/tipanierdeshauts.re\/index.php\/wp-json\/wp\/v2\/product\/889\/revisions"}],"predecessor-version":[{"id":1131,"href":"https:\/\/tipanierdeshauts.re\/index.php\/wp-json\/wp\/v2\/product\/889\/revisions\/1131"}],"wp:featuredmedia":[{"embeddable":true,"href":"https:\/\/tipanierdeshauts.re\/index.php\/wp-json\/wp\/v2\/media\/890"}],"wp:attachment":[{"href":"https:\/\/tipanierdeshauts.re\/index.php\/wp-json\/wp\/v2\/media?parent=889"}],"wp:term":[{"taxonomy":"product_cat","embeddable":true,"href":"https:\/\/tipanierdeshauts.re\/index.php\/wp-json\/wp\/v2\/product_cat?post=889"},{"taxonomy":"product_tag","embeddable":true,"href":"https:\/\/tipanierdeshauts.re\/index.php\/wp-json\/wp\/v2\/product_tag?post=889"}],"curies":[{"name":"wp","href":"https:\/\/api.w.org\/{rel}","templated":true}]}}