{"id":912,"date":"2023-04-19T14:01:53","date_gmt":"2023-04-19T10:01:53","guid":{"rendered":"http:\/\/tipanierdeshauts.re\/?post_type=product&#038;p=912"},"modified":"2024-02-22T14:46:12","modified_gmt":"2024-02-22T10:46:12","slug":"fromage-de-tete-nature-porc","status":"publish","type":"product","link":"https:\/\/tipanierdeshauts.re\/index.php\/product\/fromage-de-tete-nature-porc\/","title":{"rendered":"Fromage de t\u00eate Nature &#8211; Porc"},"content":{"rendered":"<p>Tr\u00e8s appr\u00e9ci\u00e9, le fromage de t\u00eate sait s\u00e9duire par son go\u00fbt exquis et \u00e9pic\u00e9. Consomm\u00e9 nature en ap\u00e9ritif ou pour un en cas dans du pain, il peut aussi \u00eatre d\u00e9clin\u00e9 en salade accompagn\u00e9 de l\u00e9gumes et servi en entr\u00e9e, sa saveur saura s\u00e9duire petits et grands.<\/p>\n","protected":false},"excerpt":{"rendered":"<p>Tr\u00e8s appr\u00e9ci\u00e9, le fromage de t\u00eate sait s\u00e9duire par son go\u00fbt exquis et \u00e9pic\u00e9. Consomm\u00e9 nature en ap\u00e9ritif ou pour un en cas dans du pain, il peut aussi \u00eatre d\u00e9clin\u00e9 en salade accompagn\u00e9 de l\u00e9gumes et servi en entr\u00e9e, sa saveur saura s\u00e9duire petits et grands.<\/p>\n","protected":false},"featured_media":913,"comment_status":"open","ping_status":"closed","template":"","meta":[],"product_cat":[23,27],"product_tag":[],"class_list":["post-912","product","type-product","status-publish","has-post-thumbnail","hentry","product_cat-charcuterie","product_cat-porc"],"yoast_head":"<!-- This site is optimized with the Yoast SEO plugin v20.4 - https:\/\/yoast.com\/wordpress\/plugins\/seo\/ -->\n<title>Fromage de t\u00eate Nature - Porc - Ti panier des hauts<\/title>\n<meta name=\"robots\" content=\"index, follow, max-snippet:-1, max-image-preview:large, max-video-preview:-1\" \/>\n<link rel=\"canonical\" href=\"https:\/\/tipanierdeshauts.re\/index.php\/product\/fromage-de-tete-nature-porc\/\" \/>\n<meta property=\"og:locale\" content=\"fr_FR\" \/>\n<meta property=\"og:type\" content=\"article\" \/>\n<meta property=\"og:title\" content=\"Fromage de t\u00eate Nature - Porc - Ti panier des hauts\" \/>\n<meta property=\"og:description\" content=\"Tr\u00e8s appr\u00e9ci\u00e9, le fromage de t\u00eate sait s\u00e9duire par son go\u00fbt exquis et \u00e9pic\u00e9. Consomm\u00e9 nature en ap\u00e9ritif ou pour un en cas dans du pain, il peut aussi \u00eatre d\u00e9clin\u00e9 en salade accompagn\u00e9 de l\u00e9gumes et servi en entr\u00e9e, sa saveur saura s\u00e9duire petits et grands.\" \/>\n<meta property=\"og:url\" content=\"https:\/\/tipanierdeshauts.re\/index.php\/product\/fromage-de-tete-nature-porc\/\" \/>\n<meta property=\"og:site_name\" content=\"Ti panier des hauts\" \/>\n<meta property=\"article:modified_time\" content=\"2024-02-22T10:46:12+00:00\" \/>\n<meta property=\"og:image\" content=\"https:\/\/tipanierdeshauts.re\/wp-content\/uploads\/2023\/04\/modif-ps.png\" \/>\n\t<meta property=\"og:image:width\" content=\"433\" \/>\n\t<meta property=\"og:image:height\" content=\"577\" \/>\n\t<meta property=\"og:image:type\" content=\"image\/png\" \/>\n<meta name=\"twitter:card\" content=\"summary_large_image\" \/>\n<meta name=\"twitter:label1\" content=\"Dur\u00e9e de lecture estim\u00e9e\" \/>\n\t<meta name=\"twitter:data1\" content=\"1 minute\" \/>\n<script type=\"application\/ld+json\" class=\"yoast-schema-graph\">{\"@context\":\"https:\/\/schema.org\",\"@graph\":[{\"@type\":\"WebPage\",\"@id\":\"https:\/\/tipanierdeshauts.re\/index.php\/product\/fromage-de-tete-nature-porc\/\",\"url\":\"https:\/\/tipanierdeshauts.re\/index.php\/product\/fromage-de-tete-nature-porc\/\",\"name\":\"Fromage de t\u00eate Nature - Porc - Ti panier des hauts\",\"isPartOf\":{\"@id\":\"https:\/\/tipanierdeshauts.re\/#website\"},\"datePublished\":\"2023-04-19T10:01:53+00:00\",\"dateModified\":\"2024-02-22T10:46:12+00:00\",\"breadcrumb\":{\"@id\":\"https:\/\/tipanierdeshauts.re\/index.php\/product\/fromage-de-tete-nature-porc\/#breadcrumb\"},\"inLanguage\":\"fr-FR\",\"potentialAction\":[{\"@type\":\"ReadAction\",\"target\":[\"https:\/\/tipanierdeshauts.re\/index.php\/product\/fromage-de-tete-nature-porc\/\"]}]},{\"@type\":\"BreadcrumbList\",\"@id\":\"https:\/\/tipanierdeshauts.re\/index.php\/product\/fromage-de-tete-nature-porc\/#breadcrumb\",\"itemListElement\":[{\"@type\":\"ListItem\",\"position\":1,\"name\":\"Accueil\",\"item\":\"https:\/\/tipanierdeshauts.re\/\"},{\"@type\":\"ListItem\",\"position\":2,\"name\":\"Products\",\"item\":\"https:\/\/tipanierdeshauts.re\/index.php\/shop\/\"},{\"@type\":\"ListItem\",\"position\":3,\"name\":\"Fromage de t\u00eate Nature &#8211; Porc\"}]},{\"@type\":\"WebSite\",\"@id\":\"https:\/\/tipanierdeshauts.re\/#website\",\"url\":\"https:\/\/tipanierdeshauts.re\/\",\"name\":\"Ti panier des hauts\",\"description\":\"Fruits, L\u00e9gumes frais et charcuterie\",\"publisher\":{\"@id\":\"https:\/\/tipanierdeshauts.re\/#organization\"},\"potentialAction\":[{\"@type\":\"SearchAction\",\"target\":{\"@type\":\"EntryPoint\",\"urlTemplate\":\"https:\/\/tipanierdeshauts.re\/?s={search_term_string}\"},\"query-input\":\"required name=search_term_string\"}],\"inLanguage\":\"fr-FR\"},{\"@type\":\"Organization\",\"@id\":\"https:\/\/tipanierdeshauts.re\/#organization\",\"name\":\"Ti panier des hauts\",\"url\":\"https:\/\/tipanierdeshauts.re\/\",\"logo\":{\"@type\":\"ImageObject\",\"inLanguage\":\"fr-FR\",\"@id\":\"https:\/\/tipanierdeshauts.re\/#\/schema\/logo\/image\/\",\"url\":\"https:\/\/tipanierdeshauts.re\/wp-content\/uploads\/2023\/03\/Ti-panier-des-hauts-logo-1.png\",\"contentUrl\":\"https:\/\/tipanierdeshauts.re\/wp-content\/uploads\/2023\/03\/Ti-panier-des-hauts-logo-1.png\",\"width\":1834,\"height\":962,\"caption\":\"Ti panier des hauts\"},\"image\":{\"@id\":\"https:\/\/tipanierdeshauts.re\/#\/schema\/logo\/image\/\"}}]}<\/script>\n<!-- \/ Yoast SEO plugin. -->","yoast_head_json":{"title":"Fromage de t\u00eate Nature - Porc - Ti panier des hauts","robots":{"index":"index","follow":"follow","max-snippet":"max-snippet:-1","max-image-preview":"max-image-preview:large","max-video-preview":"max-video-preview:-1"},"canonical":"https:\/\/tipanierdeshauts.re\/index.php\/product\/fromage-de-tete-nature-porc\/","og_locale":"fr_FR","og_type":"article","og_title":"Fromage de t\u00eate Nature - Porc - Ti panier des hauts","og_description":"Tr\u00e8s appr\u00e9ci\u00e9, le fromage de t\u00eate sait s\u00e9duire par son go\u00fbt exquis et \u00e9pic\u00e9. Consomm\u00e9 nature en ap\u00e9ritif ou pour un en cas dans du pain, il peut aussi \u00eatre d\u00e9clin\u00e9 en salade accompagn\u00e9 de l\u00e9gumes et servi en entr\u00e9e, sa saveur saura s\u00e9duire petits et grands.","og_url":"https:\/\/tipanierdeshauts.re\/index.php\/product\/fromage-de-tete-nature-porc\/","og_site_name":"Ti panier des hauts","article_modified_time":"2024-02-22T10:46:12+00:00","og_image":[{"width":433,"height":577,"url":"https:\/\/tipanierdeshauts.re\/wp-content\/uploads\/2023\/04\/modif-ps.png","type":"image\/png"}],"twitter_card":"summary_large_image","twitter_misc":{"Dur\u00e9e de lecture estim\u00e9e":"1 minute"},"schema":{"@context":"https:\/\/schema.org","@graph":[{"@type":"WebPage","@id":"https:\/\/tipanierdeshauts.re\/index.php\/product\/fromage-de-tete-nature-porc\/","url":"https:\/\/tipanierdeshauts.re\/index.php\/product\/fromage-de-tete-nature-porc\/","name":"Fromage de t\u00eate Nature - Porc - Ti panier des hauts","isPartOf":{"@id":"https:\/\/tipanierdeshauts.re\/#website"},"datePublished":"2023-04-19T10:01:53+00:00","dateModified":"2024-02-22T10:46:12+00:00","breadcrumb":{"@id":"https:\/\/tipanierdeshauts.re\/index.php\/product\/fromage-de-tete-nature-porc\/#breadcrumb"},"inLanguage":"fr-FR","potentialAction":[{"@type":"ReadAction","target":["https:\/\/tipanierdeshauts.re\/index.php\/product\/fromage-de-tete-nature-porc\/"]}]},{"@type":"BreadcrumbList","@id":"https:\/\/tipanierdeshauts.re\/index.php\/product\/fromage-de-tete-nature-porc\/#breadcrumb","itemListElement":[{"@type":"ListItem","position":1,"name":"Accueil","item":"https:\/\/tipanierdeshauts.re\/"},{"@type":"ListItem","position":2,"name":"Products","item":"https:\/\/tipanierdeshauts.re\/index.php\/shop\/"},{"@type":"ListItem","position":3,"name":"Fromage de t\u00eate Nature &#8211; Porc"}]},{"@type":"WebSite","@id":"https:\/\/tipanierdeshauts.re\/#website","url":"https:\/\/tipanierdeshauts.re\/","name":"Ti panier des hauts","description":"Fruits, L\u00e9gumes frais et charcuterie","publisher":{"@id":"https:\/\/tipanierdeshauts.re\/#organization"},"potentialAction":[{"@type":"SearchAction","target":{"@type":"EntryPoint","urlTemplate":"https:\/\/tipanierdeshauts.re\/?s={search_term_string}"},"query-input":"required name=search_term_string"}],"inLanguage":"fr-FR"},{"@type":"Organization","@id":"https:\/\/tipanierdeshauts.re\/#organization","name":"Ti panier des hauts","url":"https:\/\/tipanierdeshauts.re\/","logo":{"@type":"ImageObject","inLanguage":"fr-FR","@id":"https:\/\/tipanierdeshauts.re\/#\/schema\/logo\/image\/","url":"https:\/\/tipanierdeshauts.re\/wp-content\/uploads\/2023\/03\/Ti-panier-des-hauts-logo-1.png","contentUrl":"https:\/\/tipanierdeshauts.re\/wp-content\/uploads\/2023\/03\/Ti-panier-des-hauts-logo-1.png","width":1834,"height":962,"caption":"Ti panier des hauts"},"image":{"@id":"https:\/\/tipanierdeshauts.re\/#\/schema\/logo\/image\/"}}]}},"_links":{"self":[{"href":"https:\/\/tipanierdeshauts.re\/index.php\/wp-json\/wp\/v2\/product\/912","targetHints":{"allow":["GET"]}}],"collection":[{"href":"https:\/\/tipanierdeshauts.re\/index.php\/wp-json\/wp\/v2\/product"}],"about":[{"href":"https:\/\/tipanierdeshauts.re\/index.php\/wp-json\/wp\/v2\/types\/product"}],"replies":[{"embeddable":true,"href":"https:\/\/tipanierdeshauts.re\/index.php\/wp-json\/wp\/v2\/comments?post=912"}],"version-history":[{"count":3,"href":"https:\/\/tipanierdeshauts.re\/index.php\/wp-json\/wp\/v2\/product\/912\/revisions"}],"predecessor-version":[{"id":1139,"href":"https:\/\/tipanierdeshauts.re\/index.php\/wp-json\/wp\/v2\/product\/912\/revisions\/1139"}],"wp:featuredmedia":[{"embeddable":true,"href":"https:\/\/tipanierdeshauts.re\/index.php\/wp-json\/wp\/v2\/media\/913"}],"wp:attachment":[{"href":"https:\/\/tipanierdeshauts.re\/index.php\/wp-json\/wp\/v2\/media?parent=912"}],"wp:term":[{"taxonomy":"product_cat","embeddable":true,"href":"https:\/\/tipanierdeshauts.re\/index.php\/wp-json\/wp\/v2\/product_cat?post=912"},{"taxonomy":"product_tag","embeddable":true,"href":"https:\/\/tipanierdeshauts.re\/index.php\/wp-json\/wp\/v2\/product_tag?post=912"}],"curies":[{"name":"wp","href":"https:\/\/api.w.org\/{rel}","templated":true}]}}