{"id":915,"date":"2023-04-19T14:11:30","date_gmt":"2023-04-19T10:11:30","guid":{"rendered":"http:\/\/tipanierdeshauts.re\/?post_type=product&#038;p=915"},"modified":"2024-02-22T14:46:01","modified_gmt":"2024-02-22T10:46:01","slug":"echine-de-porc-tranchee","status":"publish","type":"product","link":"https:\/\/tipanierdeshauts.re\/index.php\/product\/echine-de-porc-tranchee\/","title":{"rendered":"Echine de Porc tranch\u00e9e"},"content":{"rendered":"<p>Cette partie de l\u2019animal qu&rsquo;est l&rsquo;\u00e9chine offre une viande moelleuse, tendre et tr\u00e8s go\u00fbteuse. L\u2019\u00e9chine de porc sert pour de nombreuses pr\u00e9parations et peut \u00eatre cuite de diff\u00e9rentes fa\u00e7ons. L\u2019\u00e9chine de porc se grille et peut \u00e9galement \u00eatre po\u00eal\u00e9e dans de l\u2019huile afin de pr\u00e9parer des saut\u00e9s de porc au go\u00fbt sans pareil. Avec l\u2019assaisonnement ad\u00e9quat, le go\u00fbt de votre plat sera plus que d\u00e9licieux et parfum\u00e9. Privil\u00e9giez cependant une cuisson douce afin d&rsquo;en pr\u00e9server toute la tendret\u00e9.<\/p>\n","protected":false},"excerpt":{"rendered":"<p>Cette partie de l\u2019animal qu&rsquo;est l&rsquo;\u00e9chine offre une viande moelleuse, tendre et tr\u00e8s go\u00fbteuse. L\u2019\u00e9chine de porc sert pour de nombreuses pr\u00e9parations et peut \u00eatre cuite de diff\u00e9rentes fa\u00e7ons. L\u2019\u00e9chine de porc se grille et peut \u00e9galement \u00eatre po\u00eal\u00e9e dans de l\u2019huile afin de pr\u00e9parer des saut\u00e9s de porc au go\u00fbt sans pareil. Avec l\u2019assaisonnement [&hellip;]<\/p>\n","protected":false},"featured_media":916,"comment_status":"open","ping_status":"closed","template":"","meta":[],"product_cat":[23,27],"product_tag":[],"class_list":["post-915","product","type-product","status-publish","has-post-thumbnail","hentry","product_cat-charcuterie","product_cat-porc"],"yoast_head":"<!-- This site is optimized with the Yoast SEO plugin v20.4 - https:\/\/yoast.com\/wordpress\/plugins\/seo\/ -->\n<title>Echine de Porc tranch\u00e9e - Ti panier des hauts<\/title>\n<meta name=\"robots\" content=\"index, follow, max-snippet:-1, max-image-preview:large, max-video-preview:-1\" \/>\n<link rel=\"canonical\" href=\"https:\/\/tipanierdeshauts.re\/index.php\/product\/echine-de-porc-tranchee\/\" \/>\n<meta property=\"og:locale\" content=\"fr_FR\" \/>\n<meta property=\"og:type\" content=\"article\" \/>\n<meta property=\"og:title\" content=\"Echine de Porc tranch\u00e9e - Ti panier des hauts\" \/>\n<meta property=\"og:description\" content=\"Cette partie de l\u2019animal qu&rsquo;est l&rsquo;\u00e9chine offre une viande moelleuse, tendre et tr\u00e8s go\u00fbteuse. L\u2019\u00e9chine de porc sert pour de nombreuses pr\u00e9parations et peut \u00eatre cuite de diff\u00e9rentes fa\u00e7ons. L\u2019\u00e9chine de porc se grille et peut \u00e9galement \u00eatre po\u00eal\u00e9e dans de l\u2019huile afin de pr\u00e9parer des saut\u00e9s de porc au go\u00fbt sans pareil. Avec l\u2019assaisonnement [&hellip;]\" \/>\n<meta property=\"og:url\" content=\"https:\/\/tipanierdeshauts.re\/index.php\/product\/echine-de-porc-tranchee\/\" \/>\n<meta property=\"og:site_name\" content=\"Ti panier des hauts\" \/>\n<meta property=\"article:modified_time\" content=\"2024-02-22T10:46:01+00:00\" \/>\n<meta property=\"og:image\" content=\"https:\/\/tipanierdeshauts.re\/wp-content\/uploads\/2023\/04\/IMG_5166-removebg-preview.png\" \/>\n\t<meta property=\"og:image:width\" content=\"474\" \/>\n\t<meta property=\"og:image:height\" content=\"375\" \/>\n\t<meta property=\"og:image:type\" content=\"image\/png\" \/>\n<meta name=\"twitter:card\" content=\"summary_large_image\" \/>\n<meta name=\"twitter:label1\" content=\"Dur\u00e9e de lecture estim\u00e9e\" \/>\n\t<meta name=\"twitter:data1\" content=\"1 minute\" \/>\n<script type=\"application\/ld+json\" class=\"yoast-schema-graph\">{\"@context\":\"https:\/\/schema.org\",\"@graph\":[{\"@type\":\"WebPage\",\"@id\":\"https:\/\/tipanierdeshauts.re\/index.php\/product\/echine-de-porc-tranchee\/\",\"url\":\"https:\/\/tipanierdeshauts.re\/index.php\/product\/echine-de-porc-tranchee\/\",\"name\":\"Echine de Porc tranch\u00e9e - Ti panier des hauts\",\"isPartOf\":{\"@id\":\"https:\/\/tipanierdeshauts.re\/#website\"},\"datePublished\":\"2023-04-19T10:11:30+00:00\",\"dateModified\":\"2024-02-22T10:46:01+00:00\",\"breadcrumb\":{\"@id\":\"https:\/\/tipanierdeshauts.re\/index.php\/product\/echine-de-porc-tranchee\/#breadcrumb\"},\"inLanguage\":\"fr-FR\",\"potentialAction\":[{\"@type\":\"ReadAction\",\"target\":[\"https:\/\/tipanierdeshauts.re\/index.php\/product\/echine-de-porc-tranchee\/\"]}]},{\"@type\":\"BreadcrumbList\",\"@id\":\"https:\/\/tipanierdeshauts.re\/index.php\/product\/echine-de-porc-tranchee\/#breadcrumb\",\"itemListElement\":[{\"@type\":\"ListItem\",\"position\":1,\"name\":\"Accueil\",\"item\":\"https:\/\/tipanierdeshauts.re\/\"},{\"@type\":\"ListItem\",\"position\":2,\"name\":\"Products\",\"item\":\"https:\/\/tipanierdeshauts.re\/index.php\/shop\/\"},{\"@type\":\"ListItem\",\"position\":3,\"name\":\"Echine de Porc tranch\u00e9e\"}]},{\"@type\":\"WebSite\",\"@id\":\"https:\/\/tipanierdeshauts.re\/#website\",\"url\":\"https:\/\/tipanierdeshauts.re\/\",\"name\":\"Ti panier des hauts\",\"description\":\"Fruits, L\u00e9gumes frais et charcuterie\",\"publisher\":{\"@id\":\"https:\/\/tipanierdeshauts.re\/#organization\"},\"potentialAction\":[{\"@type\":\"SearchAction\",\"target\":{\"@type\":\"EntryPoint\",\"urlTemplate\":\"https:\/\/tipanierdeshauts.re\/?s={search_term_string}\"},\"query-input\":\"required name=search_term_string\"}],\"inLanguage\":\"fr-FR\"},{\"@type\":\"Organization\",\"@id\":\"https:\/\/tipanierdeshauts.re\/#organization\",\"name\":\"Ti panier des hauts\",\"url\":\"https:\/\/tipanierdeshauts.re\/\",\"logo\":{\"@type\":\"ImageObject\",\"inLanguage\":\"fr-FR\",\"@id\":\"https:\/\/tipanierdeshauts.re\/#\/schema\/logo\/image\/\",\"url\":\"https:\/\/tipanierdeshauts.re\/wp-content\/uploads\/2023\/03\/Ti-panier-des-hauts-logo-1.png\",\"contentUrl\":\"https:\/\/tipanierdeshauts.re\/wp-content\/uploads\/2023\/03\/Ti-panier-des-hauts-logo-1.png\",\"width\":1834,\"height\":962,\"caption\":\"Ti panier des hauts\"},\"image\":{\"@id\":\"https:\/\/tipanierdeshauts.re\/#\/schema\/logo\/image\/\"}}]}<\/script>\n<!-- \/ Yoast SEO plugin. -->","yoast_head_json":{"title":"Echine de Porc tranch\u00e9e - Ti panier des hauts","robots":{"index":"index","follow":"follow","max-snippet":"max-snippet:-1","max-image-preview":"max-image-preview:large","max-video-preview":"max-video-preview:-1"},"canonical":"https:\/\/tipanierdeshauts.re\/index.php\/product\/echine-de-porc-tranchee\/","og_locale":"fr_FR","og_type":"article","og_title":"Echine de Porc tranch\u00e9e - Ti panier des hauts","og_description":"Cette partie de l\u2019animal qu&rsquo;est l&rsquo;\u00e9chine offre une viande moelleuse, tendre et tr\u00e8s go\u00fbteuse. L\u2019\u00e9chine de porc sert pour de nombreuses pr\u00e9parations et peut \u00eatre cuite de diff\u00e9rentes fa\u00e7ons. L\u2019\u00e9chine de porc se grille et peut \u00e9galement \u00eatre po\u00eal\u00e9e dans de l\u2019huile afin de pr\u00e9parer des saut\u00e9s de porc au go\u00fbt sans pareil. Avec l\u2019assaisonnement [&hellip;]","og_url":"https:\/\/tipanierdeshauts.re\/index.php\/product\/echine-de-porc-tranchee\/","og_site_name":"Ti panier des hauts","article_modified_time":"2024-02-22T10:46:01+00:00","og_image":[{"width":474,"height":375,"url":"https:\/\/tipanierdeshauts.re\/wp-content\/uploads\/2023\/04\/IMG_5166-removebg-preview.png","type":"image\/png"}],"twitter_card":"summary_large_image","twitter_misc":{"Dur\u00e9e de lecture estim\u00e9e":"1 minute"},"schema":{"@context":"https:\/\/schema.org","@graph":[{"@type":"WebPage","@id":"https:\/\/tipanierdeshauts.re\/index.php\/product\/echine-de-porc-tranchee\/","url":"https:\/\/tipanierdeshauts.re\/index.php\/product\/echine-de-porc-tranchee\/","name":"Echine de Porc tranch\u00e9e - Ti panier des hauts","isPartOf":{"@id":"https:\/\/tipanierdeshauts.re\/#website"},"datePublished":"2023-04-19T10:11:30+00:00","dateModified":"2024-02-22T10:46:01+00:00","breadcrumb":{"@id":"https:\/\/tipanierdeshauts.re\/index.php\/product\/echine-de-porc-tranchee\/#breadcrumb"},"inLanguage":"fr-FR","potentialAction":[{"@type":"ReadAction","target":["https:\/\/tipanierdeshauts.re\/index.php\/product\/echine-de-porc-tranchee\/"]}]},{"@type":"BreadcrumbList","@id":"https:\/\/tipanierdeshauts.re\/index.php\/product\/echine-de-porc-tranchee\/#breadcrumb","itemListElement":[{"@type":"ListItem","position":1,"name":"Accueil","item":"https:\/\/tipanierdeshauts.re\/"},{"@type":"ListItem","position":2,"name":"Products","item":"https:\/\/tipanierdeshauts.re\/index.php\/shop\/"},{"@type":"ListItem","position":3,"name":"Echine de Porc tranch\u00e9e"}]},{"@type":"WebSite","@id":"https:\/\/tipanierdeshauts.re\/#website","url":"https:\/\/tipanierdeshauts.re\/","name":"Ti panier des hauts","description":"Fruits, L\u00e9gumes frais et charcuterie","publisher":{"@id":"https:\/\/tipanierdeshauts.re\/#organization"},"potentialAction":[{"@type":"SearchAction","target":{"@type":"EntryPoint","urlTemplate":"https:\/\/tipanierdeshauts.re\/?s={search_term_string}"},"query-input":"required name=search_term_string"}],"inLanguage":"fr-FR"},{"@type":"Organization","@id":"https:\/\/tipanierdeshauts.re\/#organization","name":"Ti panier des hauts","url":"https:\/\/tipanierdeshauts.re\/","logo":{"@type":"ImageObject","inLanguage":"fr-FR","@id":"https:\/\/tipanierdeshauts.re\/#\/schema\/logo\/image\/","url":"https:\/\/tipanierdeshauts.re\/wp-content\/uploads\/2023\/03\/Ti-panier-des-hauts-logo-1.png","contentUrl":"https:\/\/tipanierdeshauts.re\/wp-content\/uploads\/2023\/03\/Ti-panier-des-hauts-logo-1.png","width":1834,"height":962,"caption":"Ti panier des hauts"},"image":{"@id":"https:\/\/tipanierdeshauts.re\/#\/schema\/logo\/image\/"}}]}},"_links":{"self":[{"href":"https:\/\/tipanierdeshauts.re\/index.php\/wp-json\/wp\/v2\/product\/915","targetHints":{"allow":["GET"]}}],"collection":[{"href":"https:\/\/tipanierdeshauts.re\/index.php\/wp-json\/wp\/v2\/product"}],"about":[{"href":"https:\/\/tipanierdeshauts.re\/index.php\/wp-json\/wp\/v2\/types\/product"}],"replies":[{"embeddable":true,"href":"https:\/\/tipanierdeshauts.re\/index.php\/wp-json\/wp\/v2\/comments?post=915"}],"version-history":[{"count":4,"href":"https:\/\/tipanierdeshauts.re\/index.php\/wp-json\/wp\/v2\/product\/915\/revisions"}],"predecessor-version":[{"id":1140,"href":"https:\/\/tipanierdeshauts.re\/index.php\/wp-json\/wp\/v2\/product\/915\/revisions\/1140"}],"wp:featuredmedia":[{"embeddable":true,"href":"https:\/\/tipanierdeshauts.re\/index.php\/wp-json\/wp\/v2\/media\/916"}],"wp:attachment":[{"href":"https:\/\/tipanierdeshauts.re\/index.php\/wp-json\/wp\/v2\/media?parent=915"}],"wp:term":[{"taxonomy":"product_cat","embeddable":true,"href":"https:\/\/tipanierdeshauts.re\/index.php\/wp-json\/wp\/v2\/product_cat?post=915"},{"taxonomy":"product_tag","embeddable":true,"href":"https:\/\/tipanierdeshauts.re\/index.php\/wp-json\/wp\/v2\/product_tag?post=915"}],"curies":[{"name":"wp","href":"https:\/\/api.w.org\/{rel}","templated":true}]}}