{"id":920,"date":"2023-04-19T14:17:10","date_gmt":"2023-04-19T10:17:10","guid":{"rendered":"http:\/\/tipanierdeshauts.re\/?post_type=product&#038;p=920"},"modified":"2024-02-22T14:45:45","modified_gmt":"2024-02-22T10:45:45","slug":"cotelette-de-porc","status":"publish","type":"product","link":"https:\/\/tipanierdeshauts.re\/index.php\/product\/cotelette-de-porc\/","title":{"rendered":"C\u00f4telette de Porc"},"content":{"rendered":"<p>La c\u00f4telette de porc est une viande ferme, son bord de gras permet de maintenir la viande humide au cours de la cuisson et donc d\u2019\u00e9viter qu\u2019elle ne s\u00e8che, si vous effectuez quelques entailles dans la couenne cela \u00e9vitera qu\u2019elle se r\u00e9tracte. R\u00e9sultat, vous obtiendrez une c\u00f4te de porc tendre, juteuse et tr\u00e8s savoureuse. Notre porc, \u00e9lev\u00e9 en plein air vous assurera d&rsquo;avoir des c\u00f4telettes toujours fraiches, n&rsquo;h\u00e9sitez pas \u00e0 passer vos commandes.<\/p>\n","protected":false},"excerpt":{"rendered":"<p>La c\u00f4telette de porc est une viande ferme, son bord de gras permet de maintenir la viande humide au cours de la cuisson et donc d\u2019\u00e9viter qu\u2019elle ne s\u00e8che, si vous effectuez quelques entailles dans la couenne cela \u00e9vitera qu\u2019elle se r\u00e9tracte. R\u00e9sultat, vous obtiendrez une c\u00f4te de porc tendre, juteuse et tr\u00e8s savoureuse. Notre [&hellip;]<\/p>\n","protected":false},"featured_media":921,"comment_status":"open","ping_status":"closed","template":"","meta":[],"product_cat":[23,27],"product_tag":[],"class_list":["post-920","product","type-product","status-publish","has-post-thumbnail","hentry","product_cat-charcuterie","product_cat-porc"],"yoast_head":"<!-- This site is optimized with the Yoast SEO plugin v20.4 - https:\/\/yoast.com\/wordpress\/plugins\/seo\/ -->\n<title>C\u00f4telette de Porc - Ti panier des hauts<\/title>\n<meta name=\"robots\" content=\"index, follow, max-snippet:-1, max-image-preview:large, max-video-preview:-1\" \/>\n<link rel=\"canonical\" href=\"https:\/\/tipanierdeshauts.re\/index.php\/product\/cotelette-de-porc\/\" \/>\n<meta property=\"og:locale\" content=\"fr_FR\" \/>\n<meta property=\"og:type\" content=\"article\" \/>\n<meta property=\"og:title\" content=\"C\u00f4telette de Porc - Ti panier des hauts\" \/>\n<meta property=\"og:description\" content=\"La c\u00f4telette de porc est une viande ferme, son bord de gras permet de maintenir la viande humide au cours de la cuisson et donc d\u2019\u00e9viter qu\u2019elle ne s\u00e8che, si vous effectuez quelques entailles dans la couenne cela \u00e9vitera qu\u2019elle se r\u00e9tracte. R\u00e9sultat, vous obtiendrez une c\u00f4te de porc tendre, juteuse et tr\u00e8s savoureuse. Notre [&hellip;]\" \/>\n<meta property=\"og:url\" content=\"https:\/\/tipanierdeshauts.re\/index.php\/product\/cotelette-de-porc\/\" \/>\n<meta property=\"og:site_name\" content=\"Ti panier des hauts\" \/>\n<meta property=\"article:modified_time\" content=\"2024-02-22T10:45:45+00:00\" \/>\n<meta property=\"og:image\" content=\"https:\/\/tipanierdeshauts.re\/wp-content\/uploads\/2023\/04\/IMG_5095-removebg-preview.png\" \/>\n\t<meta property=\"og:image:width\" content=\"577\" \/>\n\t<meta property=\"og:image:height\" content=\"433\" \/>\n\t<meta property=\"og:image:type\" content=\"image\/png\" \/>\n<meta name=\"twitter:card\" content=\"summary_large_image\" \/>\n<meta name=\"twitter:label1\" content=\"Dur\u00e9e de lecture estim\u00e9e\" \/>\n\t<meta name=\"twitter:data1\" content=\"1 minute\" \/>\n<script type=\"application\/ld+json\" class=\"yoast-schema-graph\">{\"@context\":\"https:\/\/schema.org\",\"@graph\":[{\"@type\":\"WebPage\",\"@id\":\"https:\/\/tipanierdeshauts.re\/index.php\/product\/cotelette-de-porc\/\",\"url\":\"https:\/\/tipanierdeshauts.re\/index.php\/product\/cotelette-de-porc\/\",\"name\":\"C\u00f4telette de Porc - Ti panier des hauts\",\"isPartOf\":{\"@id\":\"https:\/\/tipanierdeshauts.re\/#website\"},\"datePublished\":\"2023-04-19T10:17:10+00:00\",\"dateModified\":\"2024-02-22T10:45:45+00:00\",\"breadcrumb\":{\"@id\":\"https:\/\/tipanierdeshauts.re\/index.php\/product\/cotelette-de-porc\/#breadcrumb\"},\"inLanguage\":\"fr-FR\",\"potentialAction\":[{\"@type\":\"ReadAction\",\"target\":[\"https:\/\/tipanierdeshauts.re\/index.php\/product\/cotelette-de-porc\/\"]}]},{\"@type\":\"BreadcrumbList\",\"@id\":\"https:\/\/tipanierdeshauts.re\/index.php\/product\/cotelette-de-porc\/#breadcrumb\",\"itemListElement\":[{\"@type\":\"ListItem\",\"position\":1,\"name\":\"Accueil\",\"item\":\"https:\/\/tipanierdeshauts.re\/\"},{\"@type\":\"ListItem\",\"position\":2,\"name\":\"Products\",\"item\":\"https:\/\/tipanierdeshauts.re\/index.php\/shop\/\"},{\"@type\":\"ListItem\",\"position\":3,\"name\":\"C\u00f4telette de Porc\"}]},{\"@type\":\"WebSite\",\"@id\":\"https:\/\/tipanierdeshauts.re\/#website\",\"url\":\"https:\/\/tipanierdeshauts.re\/\",\"name\":\"Ti panier des hauts\",\"description\":\"Fruits, L\u00e9gumes frais et charcuterie\",\"publisher\":{\"@id\":\"https:\/\/tipanierdeshauts.re\/#organization\"},\"potentialAction\":[{\"@type\":\"SearchAction\",\"target\":{\"@type\":\"EntryPoint\",\"urlTemplate\":\"https:\/\/tipanierdeshauts.re\/?s={search_term_string}\"},\"query-input\":\"required name=search_term_string\"}],\"inLanguage\":\"fr-FR\"},{\"@type\":\"Organization\",\"@id\":\"https:\/\/tipanierdeshauts.re\/#organization\",\"name\":\"Ti panier des hauts\",\"url\":\"https:\/\/tipanierdeshauts.re\/\",\"logo\":{\"@type\":\"ImageObject\",\"inLanguage\":\"fr-FR\",\"@id\":\"https:\/\/tipanierdeshauts.re\/#\/schema\/logo\/image\/\",\"url\":\"https:\/\/tipanierdeshauts.re\/wp-content\/uploads\/2023\/03\/Ti-panier-des-hauts-logo-1.png\",\"contentUrl\":\"https:\/\/tipanierdeshauts.re\/wp-content\/uploads\/2023\/03\/Ti-panier-des-hauts-logo-1.png\",\"width\":1834,\"height\":962,\"caption\":\"Ti panier des hauts\"},\"image\":{\"@id\":\"https:\/\/tipanierdeshauts.re\/#\/schema\/logo\/image\/\"}}]}<\/script>\n<!-- \/ Yoast SEO plugin. -->","yoast_head_json":{"title":"C\u00f4telette de Porc - Ti panier des hauts","robots":{"index":"index","follow":"follow","max-snippet":"max-snippet:-1","max-image-preview":"max-image-preview:large","max-video-preview":"max-video-preview:-1"},"canonical":"https:\/\/tipanierdeshauts.re\/index.php\/product\/cotelette-de-porc\/","og_locale":"fr_FR","og_type":"article","og_title":"C\u00f4telette de Porc - Ti panier des hauts","og_description":"La c\u00f4telette de porc est une viande ferme, son bord de gras permet de maintenir la viande humide au cours de la cuisson et donc d\u2019\u00e9viter qu\u2019elle ne s\u00e8che, si vous effectuez quelques entailles dans la couenne cela \u00e9vitera qu\u2019elle se r\u00e9tracte. R\u00e9sultat, vous obtiendrez une c\u00f4te de porc tendre, juteuse et tr\u00e8s savoureuse. Notre [&hellip;]","og_url":"https:\/\/tipanierdeshauts.re\/index.php\/product\/cotelette-de-porc\/","og_site_name":"Ti panier des hauts","article_modified_time":"2024-02-22T10:45:45+00:00","og_image":[{"width":577,"height":433,"url":"https:\/\/tipanierdeshauts.re\/wp-content\/uploads\/2023\/04\/IMG_5095-removebg-preview.png","type":"image\/png"}],"twitter_card":"summary_large_image","twitter_misc":{"Dur\u00e9e de lecture estim\u00e9e":"1 minute"},"schema":{"@context":"https:\/\/schema.org","@graph":[{"@type":"WebPage","@id":"https:\/\/tipanierdeshauts.re\/index.php\/product\/cotelette-de-porc\/","url":"https:\/\/tipanierdeshauts.re\/index.php\/product\/cotelette-de-porc\/","name":"C\u00f4telette de Porc - Ti panier des hauts","isPartOf":{"@id":"https:\/\/tipanierdeshauts.re\/#website"},"datePublished":"2023-04-19T10:17:10+00:00","dateModified":"2024-02-22T10:45:45+00:00","breadcrumb":{"@id":"https:\/\/tipanierdeshauts.re\/index.php\/product\/cotelette-de-porc\/#breadcrumb"},"inLanguage":"fr-FR","potentialAction":[{"@type":"ReadAction","target":["https:\/\/tipanierdeshauts.re\/index.php\/product\/cotelette-de-porc\/"]}]},{"@type":"BreadcrumbList","@id":"https:\/\/tipanierdeshauts.re\/index.php\/product\/cotelette-de-porc\/#breadcrumb","itemListElement":[{"@type":"ListItem","position":1,"name":"Accueil","item":"https:\/\/tipanierdeshauts.re\/"},{"@type":"ListItem","position":2,"name":"Products","item":"https:\/\/tipanierdeshauts.re\/index.php\/shop\/"},{"@type":"ListItem","position":3,"name":"C\u00f4telette de Porc"}]},{"@type":"WebSite","@id":"https:\/\/tipanierdeshauts.re\/#website","url":"https:\/\/tipanierdeshauts.re\/","name":"Ti panier des hauts","description":"Fruits, L\u00e9gumes frais et charcuterie","publisher":{"@id":"https:\/\/tipanierdeshauts.re\/#organization"},"potentialAction":[{"@type":"SearchAction","target":{"@type":"EntryPoint","urlTemplate":"https:\/\/tipanierdeshauts.re\/?s={search_term_string}"},"query-input":"required name=search_term_string"}],"inLanguage":"fr-FR"},{"@type":"Organization","@id":"https:\/\/tipanierdeshauts.re\/#organization","name":"Ti panier des hauts","url":"https:\/\/tipanierdeshauts.re\/","logo":{"@type":"ImageObject","inLanguage":"fr-FR","@id":"https:\/\/tipanierdeshauts.re\/#\/schema\/logo\/image\/","url":"https:\/\/tipanierdeshauts.re\/wp-content\/uploads\/2023\/03\/Ti-panier-des-hauts-logo-1.png","contentUrl":"https:\/\/tipanierdeshauts.re\/wp-content\/uploads\/2023\/03\/Ti-panier-des-hauts-logo-1.png","width":1834,"height":962,"caption":"Ti panier des hauts"},"image":{"@id":"https:\/\/tipanierdeshauts.re\/#\/schema\/logo\/image\/"}}]}},"_links":{"self":[{"href":"https:\/\/tipanierdeshauts.re\/index.php\/wp-json\/wp\/v2\/product\/920","targetHints":{"allow":["GET"]}}],"collection":[{"href":"https:\/\/tipanierdeshauts.re\/index.php\/wp-json\/wp\/v2\/product"}],"about":[{"href":"https:\/\/tipanierdeshauts.re\/index.php\/wp-json\/wp\/v2\/types\/product"}],"replies":[{"embeddable":true,"href":"https:\/\/tipanierdeshauts.re\/index.php\/wp-json\/wp\/v2\/comments?post=920"}],"version-history":[{"count":3,"href":"https:\/\/tipanierdeshauts.re\/index.php\/wp-json\/wp\/v2\/product\/920\/revisions"}],"predecessor-version":[{"id":1142,"href":"https:\/\/tipanierdeshauts.re\/index.php\/wp-json\/wp\/v2\/product\/920\/revisions\/1142"}],"wp:featuredmedia":[{"embeddable":true,"href":"https:\/\/tipanierdeshauts.re\/index.php\/wp-json\/wp\/v2\/media\/921"}],"wp:attachment":[{"href":"https:\/\/tipanierdeshauts.re\/index.php\/wp-json\/wp\/v2\/media?parent=920"}],"wp:term":[{"taxonomy":"product_cat","embeddable":true,"href":"https:\/\/tipanierdeshauts.re\/index.php\/wp-json\/wp\/v2\/product_cat?post=920"},{"taxonomy":"product_tag","embeddable":true,"href":"https:\/\/tipanierdeshauts.re\/index.php\/wp-json\/wp\/v2\/product_tag?post=920"}],"curies":[{"name":"wp","href":"https:\/\/api.w.org\/{rel}","templated":true}]}}