{"id":946,"date":"2023-05-17T16:31:58","date_gmt":"2023-05-17T12:31:58","guid":{"rendered":"http:\/\/tipanierdeshauts.re\/?post_type=product&#038;p=946"},"modified":"2024-02-22T14:43:05","modified_gmt":"2024-02-22T10:43:05","slug":"tomate-coeur-de-boeuf","status":"publish","type":"product","link":"https:\/\/tipanierdeshauts.re\/index.php\/product\/tomate-coeur-de-boeuf\/","title":{"rendered":"Tomate C\u0153ur de B\u0153uf"},"content":{"rendered":"<p>La tomate C\u0153ur de B\u0153uf est plut\u00f4t sucr\u00e9e et contient peu de p\u00e9pins. Elle est l\u00e9g\u00e8rement pointue, en forme de c\u0153ur et sa peau est toute lisse. Il existe d&rsquo;ailleurs plusieurs couleurs chez la tomate C\u0153ur de B\u0153uf : jaune, orange et rose !<br \/>\nVue de l\u2019int\u00e9rieur, on ne lui retrouve pas les larges cavit\u00e9s des tomates rondes. Il y a beaucoup de chair, peu de graines et peu d\u2019eau si on la presse.\u00a0\u00a0Elles sont id\u00e9ales pour des salades de tomates savoureuses (au naturel \u00e9videmment !) avec un filet d\u2019huile d\u2019olive et quelques feuilles de basilic.<\/p>\n<p>&nbsp;<\/p>\n","protected":false},"excerpt":{"rendered":"<p>La tomate C\u0153ur de B\u0153uf est plut\u00f4t sucr\u00e9e et contient peu de p\u00e9pins. Elle est l\u00e9g\u00e8rement pointue, en forme de c\u0153ur et sa peau est toute lisse. Il existe d&rsquo;ailleurs plusieurs couleurs chez la tomate C\u0153ur de B\u0153uf : jaune, orange et rose ! Vue de l\u2019int\u00e9rieur, on ne lui retrouve pas les larges cavit\u00e9s [&hellip;]<\/p>\n","protected":false},"featured_media":0,"comment_status":"open","ping_status":"closed","template":"","meta":[],"product_cat":[20,19],"product_tag":[],"class_list":["post-946","product","type-product","status-publish","hentry","product_cat-fruits","product_cat-legumes"],"yoast_head":"<!-- This site is optimized with the Yoast SEO plugin v20.4 - https:\/\/yoast.com\/wordpress\/plugins\/seo\/ -->\n<title>Tomate C\u0153ur de B\u0153uf - Ti panier des hauts<\/title>\n<meta name=\"robots\" content=\"index, follow, max-snippet:-1, max-image-preview:large, max-video-preview:-1\" \/>\n<link rel=\"canonical\" href=\"https:\/\/tipanierdeshauts.re\/index.php\/product\/tomate-coeur-de-boeuf\/\" \/>\n<meta property=\"og:locale\" content=\"fr_FR\" \/>\n<meta property=\"og:type\" content=\"article\" \/>\n<meta property=\"og:title\" content=\"Tomate C\u0153ur de B\u0153uf - Ti panier des hauts\" \/>\n<meta property=\"og:description\" content=\"La tomate C\u0153ur de B\u0153uf est plut\u00f4t sucr\u00e9e et contient peu de p\u00e9pins. Elle est l\u00e9g\u00e8rement pointue, en forme de c\u0153ur et sa peau est toute lisse. Il existe d&rsquo;ailleurs plusieurs couleurs chez la tomate C\u0153ur de B\u0153uf : jaune, orange et rose ! Vue de l\u2019int\u00e9rieur, on ne lui retrouve pas les larges cavit\u00e9s [&hellip;]\" \/>\n<meta property=\"og:url\" content=\"https:\/\/tipanierdeshauts.re\/index.php\/product\/tomate-coeur-de-boeuf\/\" \/>\n<meta property=\"og:site_name\" content=\"Ti panier des hauts\" \/>\n<meta property=\"article:modified_time\" content=\"2024-02-22T10:43:05+00:00\" \/>\n<meta name=\"twitter:card\" content=\"summary_large_image\" \/>\n<meta name=\"twitter:label1\" content=\"Dur\u00e9e de lecture estim\u00e9e\" \/>\n\t<meta name=\"twitter:data1\" content=\"1 minute\" \/>\n<script type=\"application\/ld+json\" class=\"yoast-schema-graph\">{\"@context\":\"https:\/\/schema.org\",\"@graph\":[{\"@type\":\"WebPage\",\"@id\":\"https:\/\/tipanierdeshauts.re\/index.php\/product\/tomate-coeur-de-boeuf\/\",\"url\":\"https:\/\/tipanierdeshauts.re\/index.php\/product\/tomate-coeur-de-boeuf\/\",\"name\":\"Tomate C\u0153ur de B\u0153uf - Ti panier des hauts\",\"isPartOf\":{\"@id\":\"https:\/\/tipanierdeshauts.re\/#website\"},\"datePublished\":\"2023-05-17T12:31:58+00:00\",\"dateModified\":\"2024-02-22T10:43:05+00:00\",\"breadcrumb\":{\"@id\":\"https:\/\/tipanierdeshauts.re\/index.php\/product\/tomate-coeur-de-boeuf\/#breadcrumb\"},\"inLanguage\":\"fr-FR\",\"potentialAction\":[{\"@type\":\"ReadAction\",\"target\":[\"https:\/\/tipanierdeshauts.re\/index.php\/product\/tomate-coeur-de-boeuf\/\"]}]},{\"@type\":\"BreadcrumbList\",\"@id\":\"https:\/\/tipanierdeshauts.re\/index.php\/product\/tomate-coeur-de-boeuf\/#breadcrumb\",\"itemListElement\":[{\"@type\":\"ListItem\",\"position\":1,\"name\":\"Accueil\",\"item\":\"https:\/\/tipanierdeshauts.re\/\"},{\"@type\":\"ListItem\",\"position\":2,\"name\":\"Products\",\"item\":\"https:\/\/tipanierdeshauts.re\/index.php\/shop\/\"},{\"@type\":\"ListItem\",\"position\":3,\"name\":\"Tomate C\u0153ur de B\u0153uf\"}]},{\"@type\":\"WebSite\",\"@id\":\"https:\/\/tipanierdeshauts.re\/#website\",\"url\":\"https:\/\/tipanierdeshauts.re\/\",\"name\":\"Ti panier des hauts\",\"description\":\"Fruits, L\u00e9gumes frais et charcuterie\",\"publisher\":{\"@id\":\"https:\/\/tipanierdeshauts.re\/#organization\"},\"potentialAction\":[{\"@type\":\"SearchAction\",\"target\":{\"@type\":\"EntryPoint\",\"urlTemplate\":\"https:\/\/tipanierdeshauts.re\/?s={search_term_string}\"},\"query-input\":\"required name=search_term_string\"}],\"inLanguage\":\"fr-FR\"},{\"@type\":\"Organization\",\"@id\":\"https:\/\/tipanierdeshauts.re\/#organization\",\"name\":\"Ti panier des hauts\",\"url\":\"https:\/\/tipanierdeshauts.re\/\",\"logo\":{\"@type\":\"ImageObject\",\"inLanguage\":\"fr-FR\",\"@id\":\"https:\/\/tipanierdeshauts.re\/#\/schema\/logo\/image\/\",\"url\":\"https:\/\/tipanierdeshauts.re\/wp-content\/uploads\/2023\/03\/Ti-panier-des-hauts-logo-1.png\",\"contentUrl\":\"https:\/\/tipanierdeshauts.re\/wp-content\/uploads\/2023\/03\/Ti-panier-des-hauts-logo-1.png\",\"width\":1834,\"height\":962,\"caption\":\"Ti panier des hauts\"},\"image\":{\"@id\":\"https:\/\/tipanierdeshauts.re\/#\/schema\/logo\/image\/\"}}]}<\/script>\n<!-- \/ Yoast SEO plugin. -->","yoast_head_json":{"title":"Tomate C\u0153ur de B\u0153uf - Ti panier des hauts","robots":{"index":"index","follow":"follow","max-snippet":"max-snippet:-1","max-image-preview":"max-image-preview:large","max-video-preview":"max-video-preview:-1"},"canonical":"https:\/\/tipanierdeshauts.re\/index.php\/product\/tomate-coeur-de-boeuf\/","og_locale":"fr_FR","og_type":"article","og_title":"Tomate C\u0153ur de B\u0153uf - Ti panier des hauts","og_description":"La tomate C\u0153ur de B\u0153uf est plut\u00f4t sucr\u00e9e et contient peu de p\u00e9pins. Elle est l\u00e9g\u00e8rement pointue, en forme de c\u0153ur et sa peau est toute lisse. Il existe d&rsquo;ailleurs plusieurs couleurs chez la tomate C\u0153ur de B\u0153uf : jaune, orange et rose ! Vue de l\u2019int\u00e9rieur, on ne lui retrouve pas les larges cavit\u00e9s [&hellip;]","og_url":"https:\/\/tipanierdeshauts.re\/index.php\/product\/tomate-coeur-de-boeuf\/","og_site_name":"Ti panier des hauts","article_modified_time":"2024-02-22T10:43:05+00:00","twitter_card":"summary_large_image","twitter_misc":{"Dur\u00e9e de lecture estim\u00e9e":"1 minute"},"schema":{"@context":"https:\/\/schema.org","@graph":[{"@type":"WebPage","@id":"https:\/\/tipanierdeshauts.re\/index.php\/product\/tomate-coeur-de-boeuf\/","url":"https:\/\/tipanierdeshauts.re\/index.php\/product\/tomate-coeur-de-boeuf\/","name":"Tomate C\u0153ur de B\u0153uf - Ti panier des hauts","isPartOf":{"@id":"https:\/\/tipanierdeshauts.re\/#website"},"datePublished":"2023-05-17T12:31:58+00:00","dateModified":"2024-02-22T10:43:05+00:00","breadcrumb":{"@id":"https:\/\/tipanierdeshauts.re\/index.php\/product\/tomate-coeur-de-boeuf\/#breadcrumb"},"inLanguage":"fr-FR","potentialAction":[{"@type":"ReadAction","target":["https:\/\/tipanierdeshauts.re\/index.php\/product\/tomate-coeur-de-boeuf\/"]}]},{"@type":"BreadcrumbList","@id":"https:\/\/tipanierdeshauts.re\/index.php\/product\/tomate-coeur-de-boeuf\/#breadcrumb","itemListElement":[{"@type":"ListItem","position":1,"name":"Accueil","item":"https:\/\/tipanierdeshauts.re\/"},{"@type":"ListItem","position":2,"name":"Products","item":"https:\/\/tipanierdeshauts.re\/index.php\/shop\/"},{"@type":"ListItem","position":3,"name":"Tomate C\u0153ur de B\u0153uf"}]},{"@type":"WebSite","@id":"https:\/\/tipanierdeshauts.re\/#website","url":"https:\/\/tipanierdeshauts.re\/","name":"Ti panier des hauts","description":"Fruits, L\u00e9gumes frais et charcuterie","publisher":{"@id":"https:\/\/tipanierdeshauts.re\/#organization"},"potentialAction":[{"@type":"SearchAction","target":{"@type":"EntryPoint","urlTemplate":"https:\/\/tipanierdeshauts.re\/?s={search_term_string}"},"query-input":"required name=search_term_string"}],"inLanguage":"fr-FR"},{"@type":"Organization","@id":"https:\/\/tipanierdeshauts.re\/#organization","name":"Ti panier des hauts","url":"https:\/\/tipanierdeshauts.re\/","logo":{"@type":"ImageObject","inLanguage":"fr-FR","@id":"https:\/\/tipanierdeshauts.re\/#\/schema\/logo\/image\/","url":"https:\/\/tipanierdeshauts.re\/wp-content\/uploads\/2023\/03\/Ti-panier-des-hauts-logo-1.png","contentUrl":"https:\/\/tipanierdeshauts.re\/wp-content\/uploads\/2023\/03\/Ti-panier-des-hauts-logo-1.png","width":1834,"height":962,"caption":"Ti panier des hauts"},"image":{"@id":"https:\/\/tipanierdeshauts.re\/#\/schema\/logo\/image\/"}}]}},"_links":{"self":[{"href":"https:\/\/tipanierdeshauts.re\/index.php\/wp-json\/wp\/v2\/product\/946","targetHints":{"allow":["GET"]}}],"collection":[{"href":"https:\/\/tipanierdeshauts.re\/index.php\/wp-json\/wp\/v2\/product"}],"about":[{"href":"https:\/\/tipanierdeshauts.re\/index.php\/wp-json\/wp\/v2\/types\/product"}],"replies":[{"embeddable":true,"href":"https:\/\/tipanierdeshauts.re\/index.php\/wp-json\/wp\/v2\/comments?post=946"}],"version-history":[{"count":4,"href":"https:\/\/tipanierdeshauts.re\/index.php\/wp-json\/wp\/v2\/product\/946\/revisions"}],"predecessor-version":[{"id":1151,"href":"https:\/\/tipanierdeshauts.re\/index.php\/wp-json\/wp\/v2\/product\/946\/revisions\/1151"}],"wp:attachment":[{"href":"https:\/\/tipanierdeshauts.re\/index.php\/wp-json\/wp\/v2\/media?parent=946"}],"wp:term":[{"taxonomy":"product_cat","embeddable":true,"href":"https:\/\/tipanierdeshauts.re\/index.php\/wp-json\/wp\/v2\/product_cat?post=946"},{"taxonomy":"product_tag","embeddable":true,"href":"https:\/\/tipanierdeshauts.re\/index.php\/wp-json\/wp\/v2\/product_tag?post=946"}],"curies":[{"name":"wp","href":"https:\/\/api.w.org\/{rel}","templated":true}]}}