{"id":958,"date":"2023-05-17T16:39:37","date_gmt":"2023-05-17T12:39:37","guid":{"rendered":"http:\/\/tipanierdeshauts.re\/?post_type=product&#038;p=958"},"modified":"2024-02-22T14:41:30","modified_gmt":"2024-02-22T10:41:30","slug":"rouelle","status":"publish","type":"product","link":"https:\/\/tipanierdeshauts.re\/index.php\/product\/rouelle\/","title":{"rendered":"Rouelle"},"content":{"rendered":"<p>La rouelle est une tranche \u00e9paisse et de forme ronde avec en son centre un os. Pr\u00e9lev\u00e9e sur la partie large de la cuisse du porc, juste au-dessus du jarret, ou l&rsquo;\u00e9paule, il s&rsquo;agit d&rsquo;une pi\u00e8ce qui doit mijoter lentement. Entour\u00e9e d\u2019une couche de couenne, sa viande est tendre, maigre et juteuse. Apr\u00e8s avoir incis\u00e9 la couenne, \u00e9tape importante pour \u00e9viter que la viande ne se r\u00e9tracte durant la cuisson, il est essentiel de saisir la rouelle sur les deux faces directement dans votre marmite ou avant de la d\u00e9poser dans votre four. Caram\u00e9lis\u00e9e \u00e0 l&rsquo;ananas, marin\u00e9e dans une sauce soja et ses \u00e9pices ou en r\u00f4ti \u00e0 la cr\u00e9ole, la rouelle est id\u00e9ale pour un repas familial et \u00e9conomique.<\/p>\n","protected":false},"excerpt":{"rendered":"<p>La rouelle est une tranche \u00e9paisse et de forme ronde avec en son centre un os. Pr\u00e9lev\u00e9e sur la partie large de la cuisse du porc, juste au-dessus du jarret, ou l&rsquo;\u00e9paule, il s&rsquo;agit d&rsquo;une pi\u00e8ce qui doit mijoter lentement. Entour\u00e9e d\u2019une couche de couenne, sa viande est tendre, maigre et juteuse. Apr\u00e8s avoir incis\u00e9 [&hellip;]<\/p>\n","protected":false},"featured_media":0,"comment_status":"open","ping_status":"closed","template":"","meta":[],"product_cat":[23,27],"product_tag":[],"class_list":["post-958","product","type-product","status-publish","hentry","product_cat-charcuterie","product_cat-porc"],"yoast_head":"<!-- This site is optimized with the Yoast SEO plugin v20.4 - https:\/\/yoast.com\/wordpress\/plugins\/seo\/ -->\n<title>Rouelle - Ti panier des hauts<\/title>\n<meta name=\"robots\" content=\"index, follow, max-snippet:-1, max-image-preview:large, max-video-preview:-1\" \/>\n<link rel=\"canonical\" href=\"https:\/\/tipanierdeshauts.re\/index.php\/product\/rouelle\/\" \/>\n<meta property=\"og:locale\" content=\"fr_FR\" \/>\n<meta property=\"og:type\" content=\"article\" \/>\n<meta property=\"og:title\" content=\"Rouelle - Ti panier des hauts\" \/>\n<meta property=\"og:description\" content=\"La rouelle est une tranche \u00e9paisse et de forme ronde avec en son centre un os. Pr\u00e9lev\u00e9e sur la partie large de la cuisse du porc, juste au-dessus du jarret, ou l&rsquo;\u00e9paule, il s&rsquo;agit d&rsquo;une pi\u00e8ce qui doit mijoter lentement. Entour\u00e9e d\u2019une couche de couenne, sa viande est tendre, maigre et juteuse. Apr\u00e8s avoir incis\u00e9 [&hellip;]\" \/>\n<meta property=\"og:url\" content=\"https:\/\/tipanierdeshauts.re\/index.php\/product\/rouelle\/\" \/>\n<meta property=\"og:site_name\" content=\"Ti panier des hauts\" \/>\n<meta property=\"article:modified_time\" content=\"2024-02-22T10:41:30+00:00\" \/>\n<meta name=\"twitter:card\" content=\"summary_large_image\" \/>\n<meta name=\"twitter:label1\" content=\"Dur\u00e9e de lecture estim\u00e9e\" \/>\n\t<meta name=\"twitter:data1\" content=\"1 minute\" \/>\n<script type=\"application\/ld+json\" class=\"yoast-schema-graph\">{\"@context\":\"https:\/\/schema.org\",\"@graph\":[{\"@type\":\"WebPage\",\"@id\":\"https:\/\/tipanierdeshauts.re\/index.php\/product\/rouelle\/\",\"url\":\"https:\/\/tipanierdeshauts.re\/index.php\/product\/rouelle\/\",\"name\":\"Rouelle - Ti panier des hauts\",\"isPartOf\":{\"@id\":\"https:\/\/tipanierdeshauts.re\/#website\"},\"datePublished\":\"2023-05-17T12:39:37+00:00\",\"dateModified\":\"2024-02-22T10:41:30+00:00\",\"breadcrumb\":{\"@id\":\"https:\/\/tipanierdeshauts.re\/index.php\/product\/rouelle\/#breadcrumb\"},\"inLanguage\":\"fr-FR\",\"potentialAction\":[{\"@type\":\"ReadAction\",\"target\":[\"https:\/\/tipanierdeshauts.re\/index.php\/product\/rouelle\/\"]}]},{\"@type\":\"BreadcrumbList\",\"@id\":\"https:\/\/tipanierdeshauts.re\/index.php\/product\/rouelle\/#breadcrumb\",\"itemListElement\":[{\"@type\":\"ListItem\",\"position\":1,\"name\":\"Accueil\",\"item\":\"https:\/\/tipanierdeshauts.re\/\"},{\"@type\":\"ListItem\",\"position\":2,\"name\":\"Products\",\"item\":\"https:\/\/tipanierdeshauts.re\/index.php\/shop\/\"},{\"@type\":\"ListItem\",\"position\":3,\"name\":\"Rouelle\"}]},{\"@type\":\"WebSite\",\"@id\":\"https:\/\/tipanierdeshauts.re\/#website\",\"url\":\"https:\/\/tipanierdeshauts.re\/\",\"name\":\"Ti panier des hauts\",\"description\":\"Fruits, L\u00e9gumes frais et charcuterie\",\"publisher\":{\"@id\":\"https:\/\/tipanierdeshauts.re\/#organization\"},\"potentialAction\":[{\"@type\":\"SearchAction\",\"target\":{\"@type\":\"EntryPoint\",\"urlTemplate\":\"https:\/\/tipanierdeshauts.re\/?s={search_term_string}\"},\"query-input\":\"required name=search_term_string\"}],\"inLanguage\":\"fr-FR\"},{\"@type\":\"Organization\",\"@id\":\"https:\/\/tipanierdeshauts.re\/#organization\",\"name\":\"Ti panier des hauts\",\"url\":\"https:\/\/tipanierdeshauts.re\/\",\"logo\":{\"@type\":\"ImageObject\",\"inLanguage\":\"fr-FR\",\"@id\":\"https:\/\/tipanierdeshauts.re\/#\/schema\/logo\/image\/\",\"url\":\"https:\/\/tipanierdeshauts.re\/wp-content\/uploads\/2023\/03\/Ti-panier-des-hauts-logo-1.png\",\"contentUrl\":\"https:\/\/tipanierdeshauts.re\/wp-content\/uploads\/2023\/03\/Ti-panier-des-hauts-logo-1.png\",\"width\":1834,\"height\":962,\"caption\":\"Ti panier des hauts\"},\"image\":{\"@id\":\"https:\/\/tipanierdeshauts.re\/#\/schema\/logo\/image\/\"}}]}<\/script>\n<!-- \/ Yoast SEO plugin. -->","yoast_head_json":{"title":"Rouelle - Ti panier des hauts","robots":{"index":"index","follow":"follow","max-snippet":"max-snippet:-1","max-image-preview":"max-image-preview:large","max-video-preview":"max-video-preview:-1"},"canonical":"https:\/\/tipanierdeshauts.re\/index.php\/product\/rouelle\/","og_locale":"fr_FR","og_type":"article","og_title":"Rouelle - Ti panier des hauts","og_description":"La rouelle est une tranche \u00e9paisse et de forme ronde avec en son centre un os. Pr\u00e9lev\u00e9e sur la partie large de la cuisse du porc, juste au-dessus du jarret, ou l&rsquo;\u00e9paule, il s&rsquo;agit d&rsquo;une pi\u00e8ce qui doit mijoter lentement. Entour\u00e9e d\u2019une couche de couenne, sa viande est tendre, maigre et juteuse. Apr\u00e8s avoir incis\u00e9 [&hellip;]","og_url":"https:\/\/tipanierdeshauts.re\/index.php\/product\/rouelle\/","og_site_name":"Ti panier des hauts","article_modified_time":"2024-02-22T10:41:30+00:00","twitter_card":"summary_large_image","twitter_misc":{"Dur\u00e9e de lecture estim\u00e9e":"1 minute"},"schema":{"@context":"https:\/\/schema.org","@graph":[{"@type":"WebPage","@id":"https:\/\/tipanierdeshauts.re\/index.php\/product\/rouelle\/","url":"https:\/\/tipanierdeshauts.re\/index.php\/product\/rouelle\/","name":"Rouelle - Ti panier des hauts","isPartOf":{"@id":"https:\/\/tipanierdeshauts.re\/#website"},"datePublished":"2023-05-17T12:39:37+00:00","dateModified":"2024-02-22T10:41:30+00:00","breadcrumb":{"@id":"https:\/\/tipanierdeshauts.re\/index.php\/product\/rouelle\/#breadcrumb"},"inLanguage":"fr-FR","potentialAction":[{"@type":"ReadAction","target":["https:\/\/tipanierdeshauts.re\/index.php\/product\/rouelle\/"]}]},{"@type":"BreadcrumbList","@id":"https:\/\/tipanierdeshauts.re\/index.php\/product\/rouelle\/#breadcrumb","itemListElement":[{"@type":"ListItem","position":1,"name":"Accueil","item":"https:\/\/tipanierdeshauts.re\/"},{"@type":"ListItem","position":2,"name":"Products","item":"https:\/\/tipanierdeshauts.re\/index.php\/shop\/"},{"@type":"ListItem","position":3,"name":"Rouelle"}]},{"@type":"WebSite","@id":"https:\/\/tipanierdeshauts.re\/#website","url":"https:\/\/tipanierdeshauts.re\/","name":"Ti panier des hauts","description":"Fruits, L\u00e9gumes frais et charcuterie","publisher":{"@id":"https:\/\/tipanierdeshauts.re\/#organization"},"potentialAction":[{"@type":"SearchAction","target":{"@type":"EntryPoint","urlTemplate":"https:\/\/tipanierdeshauts.re\/?s={search_term_string}"},"query-input":"required name=search_term_string"}],"inLanguage":"fr-FR"},{"@type":"Organization","@id":"https:\/\/tipanierdeshauts.re\/#organization","name":"Ti panier des hauts","url":"https:\/\/tipanierdeshauts.re\/","logo":{"@type":"ImageObject","inLanguage":"fr-FR","@id":"https:\/\/tipanierdeshauts.re\/#\/schema\/logo\/image\/","url":"https:\/\/tipanierdeshauts.re\/wp-content\/uploads\/2023\/03\/Ti-panier-des-hauts-logo-1.png","contentUrl":"https:\/\/tipanierdeshauts.re\/wp-content\/uploads\/2023\/03\/Ti-panier-des-hauts-logo-1.png","width":1834,"height":962,"caption":"Ti panier des hauts"},"image":{"@id":"https:\/\/tipanierdeshauts.re\/#\/schema\/logo\/image\/"}}]}},"_links":{"self":[{"href":"https:\/\/tipanierdeshauts.re\/index.php\/wp-json\/wp\/v2\/product\/958","targetHints":{"allow":["GET"]}}],"collection":[{"href":"https:\/\/tipanierdeshauts.re\/index.php\/wp-json\/wp\/v2\/product"}],"about":[{"href":"https:\/\/tipanierdeshauts.re\/index.php\/wp-json\/wp\/v2\/types\/product"}],"replies":[{"embeddable":true,"href":"https:\/\/tipanierdeshauts.re\/index.php\/wp-json\/wp\/v2\/comments?post=958"}],"version-history":[{"count":4,"href":"https:\/\/tipanierdeshauts.re\/index.php\/wp-json\/wp\/v2\/product\/958\/revisions"}],"predecessor-version":[{"id":1145,"href":"https:\/\/tipanierdeshauts.re\/index.php\/wp-json\/wp\/v2\/product\/958\/revisions\/1145"}],"wp:attachment":[{"href":"https:\/\/tipanierdeshauts.re\/index.php\/wp-json\/wp\/v2\/media?parent=958"}],"wp:term":[{"taxonomy":"product_cat","embeddable":true,"href":"https:\/\/tipanierdeshauts.re\/index.php\/wp-json\/wp\/v2\/product_cat?post=958"},{"taxonomy":"product_tag","embeddable":true,"href":"https:\/\/tipanierdeshauts.re\/index.php\/wp-json\/wp\/v2\/product_tag?post=958"}],"curies":[{"name":"wp","href":"https:\/\/api.w.org\/{rel}","templated":true}]}}