{"id":960,"date":"2023-05-17T16:40:40","date_gmt":"2023-05-17T12:40:40","guid":{"rendered":"http:\/\/tipanierdeshauts.re\/?post_type=product&#038;p=960"},"modified":"2024-02-22T14:41:11","modified_gmt":"2024-02-22T10:41:11","slug":"saucisse-fumee-porc","status":"publish","type":"product","link":"https:\/\/tipanierdeshauts.re\/index.php\/product\/saucisse-fumee-porc\/","title":{"rendered":"Saucisse fum\u00e9e Porc"},"content":{"rendered":"<p>Nos succulentes saucisses fum\u00e9es de porc r\u00e9galeront les petits comme les grands. Star des tabl\u00e9es familiales, elles font saliver d\u2019envie, avec leur go\u00fbt unique marqu\u00e9 de notes poivr\u00e9es. D\u00e9licatement fum\u00e9es \u00ab\u00a0\u00e0 l&rsquo;ancienne\u00a0\u00bb, elles s\u2019adaptent ainsi \u00e0 toutes les envies. En effet, vous pourrez r\u00e9aliser toutes sortes de recettes, du classique rougail saucisse en passant par les saucisses aux lentilles. Servies avec une salade de pommes de terre ou en soupe,\u00a0vous retrouverez toute la gourmandise de nos saucisses fum\u00e9es autour de repas conviviaux.<\/p>\n","protected":false},"excerpt":{"rendered":"<p>Nos succulentes saucisses fum\u00e9es de porc r\u00e9galeront les petits comme les grands. Star des tabl\u00e9es familiales, elles font saliver d\u2019envie, avec leur go\u00fbt unique marqu\u00e9 de notes poivr\u00e9es. D\u00e9licatement fum\u00e9es \u00ab\u00a0\u00e0 l&rsquo;ancienne\u00a0\u00bb, elles s\u2019adaptent ainsi \u00e0 toutes les envies. En effet, vous pourrez r\u00e9aliser toutes sortes de recettes, du classique rougail saucisse en passant par [&hellip;]<\/p>\n","protected":false},"featured_media":880,"comment_status":"open","ping_status":"closed","template":"","meta":[],"product_cat":[23,27],"product_tag":[],"class_list":["post-960","product","type-product","status-publish","has-post-thumbnail","hentry","product_cat-charcuterie","product_cat-porc"],"yoast_head":"<!-- This site is optimized with the Yoast SEO plugin v20.4 - https:\/\/yoast.com\/wordpress\/plugins\/seo\/ -->\n<title>Saucisse fum\u00e9e Porc - Ti panier des hauts<\/title>\n<meta name=\"robots\" content=\"index, follow, max-snippet:-1, max-image-preview:large, max-video-preview:-1\" \/>\n<link rel=\"canonical\" href=\"https:\/\/tipanierdeshauts.re\/index.php\/product\/saucisse-fumee-porc\/\" \/>\n<meta property=\"og:locale\" content=\"fr_FR\" \/>\n<meta property=\"og:type\" content=\"article\" \/>\n<meta property=\"og:title\" content=\"Saucisse fum\u00e9e Porc - Ti panier des hauts\" \/>\n<meta property=\"og:description\" content=\"Nos succulentes saucisses fum\u00e9es de porc r\u00e9galeront les petits comme les grands. Star des tabl\u00e9es familiales, elles font saliver d\u2019envie, avec leur go\u00fbt unique marqu\u00e9 de notes poivr\u00e9es. D\u00e9licatement fum\u00e9es \u00ab\u00a0\u00e0 l&rsquo;ancienne\u00a0\u00bb, elles s\u2019adaptent ainsi \u00e0 toutes les envies. En effet, vous pourrez r\u00e9aliser toutes sortes de recettes, du classique rougail saucisse en passant par [&hellip;]\" \/>\n<meta property=\"og:url\" content=\"https:\/\/tipanierdeshauts.re\/index.php\/product\/saucisse-fumee-porc\/\" \/>\n<meta property=\"og:site_name\" content=\"Ti panier des hauts\" \/>\n<meta property=\"article:modified_time\" content=\"2024-02-22T10:41:11+00:00\" \/>\n<meta property=\"og:image\" content=\"https:\/\/tipanierdeshauts.re\/wp-content\/uploads\/2023\/04\/IMG_5025-scaled.jpg\" \/>\n\t<meta property=\"og:image:width\" content=\"1920\" \/>\n\t<meta property=\"og:image:height\" content=\"2560\" \/>\n\t<meta property=\"og:image:type\" content=\"image\/jpeg\" \/>\n<meta name=\"twitter:card\" content=\"summary_large_image\" \/>\n<meta name=\"twitter:label1\" content=\"Dur\u00e9e de lecture estim\u00e9e\" \/>\n\t<meta name=\"twitter:data1\" content=\"1 minute\" \/>\n<script type=\"application\/ld+json\" class=\"yoast-schema-graph\">{\"@context\":\"https:\/\/schema.org\",\"@graph\":[{\"@type\":\"WebPage\",\"@id\":\"https:\/\/tipanierdeshauts.re\/index.php\/product\/saucisse-fumee-porc\/\",\"url\":\"https:\/\/tipanierdeshauts.re\/index.php\/product\/saucisse-fumee-porc\/\",\"name\":\"Saucisse fum\u00e9e Porc - Ti panier des hauts\",\"isPartOf\":{\"@id\":\"https:\/\/tipanierdeshauts.re\/#website\"},\"datePublished\":\"2023-05-17T12:40:40+00:00\",\"dateModified\":\"2024-02-22T10:41:11+00:00\",\"breadcrumb\":{\"@id\":\"https:\/\/tipanierdeshauts.re\/index.php\/product\/saucisse-fumee-porc\/#breadcrumb\"},\"inLanguage\":\"fr-FR\",\"potentialAction\":[{\"@type\":\"ReadAction\",\"target\":[\"https:\/\/tipanierdeshauts.re\/index.php\/product\/saucisse-fumee-porc\/\"]}]},{\"@type\":\"BreadcrumbList\",\"@id\":\"https:\/\/tipanierdeshauts.re\/index.php\/product\/saucisse-fumee-porc\/#breadcrumb\",\"itemListElement\":[{\"@type\":\"ListItem\",\"position\":1,\"name\":\"Accueil\",\"item\":\"https:\/\/tipanierdeshauts.re\/\"},{\"@type\":\"ListItem\",\"position\":2,\"name\":\"Products\",\"item\":\"https:\/\/tipanierdeshauts.re\/index.php\/shop\/\"},{\"@type\":\"ListItem\",\"position\":3,\"name\":\"Saucisse fum\u00e9e Porc\"}]},{\"@type\":\"WebSite\",\"@id\":\"https:\/\/tipanierdeshauts.re\/#website\",\"url\":\"https:\/\/tipanierdeshauts.re\/\",\"name\":\"Ti panier des hauts\",\"description\":\"Fruits, L\u00e9gumes frais et charcuterie\",\"publisher\":{\"@id\":\"https:\/\/tipanierdeshauts.re\/#organization\"},\"potentialAction\":[{\"@type\":\"SearchAction\",\"target\":{\"@type\":\"EntryPoint\",\"urlTemplate\":\"https:\/\/tipanierdeshauts.re\/?s={search_term_string}\"},\"query-input\":\"required name=search_term_string\"}],\"inLanguage\":\"fr-FR\"},{\"@type\":\"Organization\",\"@id\":\"https:\/\/tipanierdeshauts.re\/#organization\",\"name\":\"Ti panier des hauts\",\"url\":\"https:\/\/tipanierdeshauts.re\/\",\"logo\":{\"@type\":\"ImageObject\",\"inLanguage\":\"fr-FR\",\"@id\":\"https:\/\/tipanierdeshauts.re\/#\/schema\/logo\/image\/\",\"url\":\"https:\/\/tipanierdeshauts.re\/wp-content\/uploads\/2023\/03\/Ti-panier-des-hauts-logo-1.png\",\"contentUrl\":\"https:\/\/tipanierdeshauts.re\/wp-content\/uploads\/2023\/03\/Ti-panier-des-hauts-logo-1.png\",\"width\":1834,\"height\":962,\"caption\":\"Ti panier des hauts\"},\"image\":{\"@id\":\"https:\/\/tipanierdeshauts.re\/#\/schema\/logo\/image\/\"}}]}<\/script>\n<!-- \/ Yoast SEO plugin. -->","yoast_head_json":{"title":"Saucisse fum\u00e9e Porc - Ti panier des hauts","robots":{"index":"index","follow":"follow","max-snippet":"max-snippet:-1","max-image-preview":"max-image-preview:large","max-video-preview":"max-video-preview:-1"},"canonical":"https:\/\/tipanierdeshauts.re\/index.php\/product\/saucisse-fumee-porc\/","og_locale":"fr_FR","og_type":"article","og_title":"Saucisse fum\u00e9e Porc - Ti panier des hauts","og_description":"Nos succulentes saucisses fum\u00e9es de porc r\u00e9galeront les petits comme les grands. Star des tabl\u00e9es familiales, elles font saliver d\u2019envie, avec leur go\u00fbt unique marqu\u00e9 de notes poivr\u00e9es. D\u00e9licatement fum\u00e9es \u00ab\u00a0\u00e0 l&rsquo;ancienne\u00a0\u00bb, elles s\u2019adaptent ainsi \u00e0 toutes les envies. En effet, vous pourrez r\u00e9aliser toutes sortes de recettes, du classique rougail saucisse en passant par [&hellip;]","og_url":"https:\/\/tipanierdeshauts.re\/index.php\/product\/saucisse-fumee-porc\/","og_site_name":"Ti panier des hauts","article_modified_time":"2024-02-22T10:41:11+00:00","og_image":[{"width":1920,"height":2560,"url":"https:\/\/tipanierdeshauts.re\/wp-content\/uploads\/2023\/04\/IMG_5025-scaled.jpg","type":"image\/jpeg"}],"twitter_card":"summary_large_image","twitter_misc":{"Dur\u00e9e de lecture estim\u00e9e":"1 minute"},"schema":{"@context":"https:\/\/schema.org","@graph":[{"@type":"WebPage","@id":"https:\/\/tipanierdeshauts.re\/index.php\/product\/saucisse-fumee-porc\/","url":"https:\/\/tipanierdeshauts.re\/index.php\/product\/saucisse-fumee-porc\/","name":"Saucisse fum\u00e9e Porc - Ti panier des hauts","isPartOf":{"@id":"https:\/\/tipanierdeshauts.re\/#website"},"datePublished":"2023-05-17T12:40:40+00:00","dateModified":"2024-02-22T10:41:11+00:00","breadcrumb":{"@id":"https:\/\/tipanierdeshauts.re\/index.php\/product\/saucisse-fumee-porc\/#breadcrumb"},"inLanguage":"fr-FR","potentialAction":[{"@type":"ReadAction","target":["https:\/\/tipanierdeshauts.re\/index.php\/product\/saucisse-fumee-porc\/"]}]},{"@type":"BreadcrumbList","@id":"https:\/\/tipanierdeshauts.re\/index.php\/product\/saucisse-fumee-porc\/#breadcrumb","itemListElement":[{"@type":"ListItem","position":1,"name":"Accueil","item":"https:\/\/tipanierdeshauts.re\/"},{"@type":"ListItem","position":2,"name":"Products","item":"https:\/\/tipanierdeshauts.re\/index.php\/shop\/"},{"@type":"ListItem","position":3,"name":"Saucisse fum\u00e9e Porc"}]},{"@type":"WebSite","@id":"https:\/\/tipanierdeshauts.re\/#website","url":"https:\/\/tipanierdeshauts.re\/","name":"Ti panier des hauts","description":"Fruits, L\u00e9gumes frais et charcuterie","publisher":{"@id":"https:\/\/tipanierdeshauts.re\/#organization"},"potentialAction":[{"@type":"SearchAction","target":{"@type":"EntryPoint","urlTemplate":"https:\/\/tipanierdeshauts.re\/?s={search_term_string}"},"query-input":"required name=search_term_string"}],"inLanguage":"fr-FR"},{"@type":"Organization","@id":"https:\/\/tipanierdeshauts.re\/#organization","name":"Ti panier des hauts","url":"https:\/\/tipanierdeshauts.re\/","logo":{"@type":"ImageObject","inLanguage":"fr-FR","@id":"https:\/\/tipanierdeshauts.re\/#\/schema\/logo\/image\/","url":"https:\/\/tipanierdeshauts.re\/wp-content\/uploads\/2023\/03\/Ti-panier-des-hauts-logo-1.png","contentUrl":"https:\/\/tipanierdeshauts.re\/wp-content\/uploads\/2023\/03\/Ti-panier-des-hauts-logo-1.png","width":1834,"height":962,"caption":"Ti panier des hauts"},"image":{"@id":"https:\/\/tipanierdeshauts.re\/#\/schema\/logo\/image\/"}}]}},"_links":{"self":[{"href":"https:\/\/tipanierdeshauts.re\/index.php\/wp-json\/wp\/v2\/product\/960","targetHints":{"allow":["GET"]}}],"collection":[{"href":"https:\/\/tipanierdeshauts.re\/index.php\/wp-json\/wp\/v2\/product"}],"about":[{"href":"https:\/\/tipanierdeshauts.re\/index.php\/wp-json\/wp\/v2\/types\/product"}],"replies":[{"embeddable":true,"href":"https:\/\/tipanierdeshauts.re\/index.php\/wp-json\/wp\/v2\/comments?post=960"}],"version-history":[{"count":4,"href":"https:\/\/tipanierdeshauts.re\/index.php\/wp-json\/wp\/v2\/product\/960\/revisions"}],"predecessor-version":[{"id":1144,"href":"https:\/\/tipanierdeshauts.re\/index.php\/wp-json\/wp\/v2\/product\/960\/revisions\/1144"}],"wp:featuredmedia":[{"embeddable":true,"href":"https:\/\/tipanierdeshauts.re\/index.php\/wp-json\/wp\/v2\/media\/880"}],"wp:attachment":[{"href":"https:\/\/tipanierdeshauts.re\/index.php\/wp-json\/wp\/v2\/media?parent=960"}],"wp:term":[{"taxonomy":"product_cat","embeddable":true,"href":"https:\/\/tipanierdeshauts.re\/index.php\/wp-json\/wp\/v2\/product_cat?post=960"},{"taxonomy":"product_tag","embeddable":true,"href":"https:\/\/tipanierdeshauts.re\/index.php\/wp-json\/wp\/v2\/product_tag?post=960"}],"curies":[{"name":"wp","href":"https:\/\/api.w.org\/{rel}","templated":true}]}}